{"id":220,"date":"2025-02-13T00:20:57","date_gmt":"2025-02-13T00:20:57","guid":{"rendered":"https:\/\/twkumc.org\/?page_id=220"},"modified":"2025-08-21T11:15:53","modified_gmt":"2025-08-21T17:15:53","slug":"districts","status":"publish","type":"page","link":"https:\/\/twkumc.org\/es\/districts\/","title":{"rendered":"Distritos"},"content":{"rendered":"<div data-elementor-type=\"wp-page\" data-elementor-id=\"220\" class=\"elementor elementor-220\" data-elementor-post-type=\"page\">\n\t\t\t\t<div class=\"elementor-element elementor-element-883cb01 e-flex e-con-boxed e-con e-parent\" data-id=\"883cb01\" data-element_type=\"container\" data-e-type=\"container\">\n\t\t\t\t\t<div class=\"e-con-inner\">\n\t\t<div class=\"elementor-element elementor-element-9b1d6a7 e-con-full e-flex e-con e-child\" data-id=\"9b1d6a7\" data-element_type=\"container\" data-e-type=\"container\" data-settings=\"{&quot;background_background&quot;:&quot;classic&quot;}\">\n\t\t<div class=\"elementor-element elementor-element-be7741d e-con-full e-flex e-con e-child\" data-id=\"be7741d\" data-element_type=\"container\" data-e-type=\"container\">\n\t\t\t\t<div class=\"elementor-element elementor-element-8e79ce3 elementor-widget elementor-widget-heading\" data-id=\"8e79ce3\" data-element_type=\"widget\" data-e-type=\"widget\" data-widget_type=\"heading.default\">\n\t\t\t\t<div class=\"elementor-widget-container\">\n\t\t\t\t\t<h2 class=\"elementor-heading-title elementor-size-default\">Distritos de Tennessee y Kentucky occidental<\/h2>\t\t\t\t<\/div>\n\t\t\t\t<\/div>\n\t\t\t\t<\/div>\n\t\t\t\t<div class=\"elementor-element elementor-element-88820e4 elementor-widget__width-initial elementor-widget-tablet__width-inherit elementor-widget elementor-widget-image\" data-id=\"88820e4\" data-element_type=\"widget\" data-e-type=\"widget\" data-widget_type=\"image.default\">\n\t\t\t\t<div class=\"elementor-widget-container\">\n\t\t\t\t\t\t\t\t\t\t\t\t\t\t\t<img fetchpriority=\"high\" decoding=\"async\" width=\"800\" height=\"409\" src=\"https:\/\/twkumc.org\/wp-content\/uploads\/2022\/02\/TWK-Districts-2022-1024x524.png\" class=\"attachment-large size-large wp-image-22614\" alt=\"\" srcset=\"https:\/\/twkumc.org\/wp-content\/uploads\/2022\/02\/TWK-Districts-2022-1024x524.png 1024w, https:\/\/twkumc.org\/wp-content\/uploads\/2022\/02\/TWK-Districts-2022-300x153.png 300w, https:\/\/twkumc.org\/wp-content\/uploads\/2022\/02\/TWK-Districts-2022-768x393.png 768w, https:\/\/twkumc.org\/wp-content\/uploads\/2022\/02\/TWK-Districts-2022-1536x785.png 1536w, https:\/\/twkumc.org\/wp-content\/uploads\/2022\/02\/TWK-Districts-2022.png 1643w\" sizes=\"(max-width: 800px) 100vw, 800px\" \/>\t\t\t\t\t\t\t\t\t\t\t\t\t\t\t<\/div>\n\t\t\t\t<\/div>\n\t\t\t\t<\/div>\n\t\t\t\t\t<\/div>\n\t\t\t\t<\/div>\n\t\t<div class=\"elementor-element elementor-element-563efb3 e-flex e-con-boxed e-con e-parent\" data-id=\"563efb3\" data-element_type=\"container\" data-e-type=\"container\">\n\t\t\t\t\t<div class=\"e-con-inner\">\n\t\t\t\t<div class=\"elementor-element elementor-element-ebc7552 elementor-widget elementor-widget-text-editor\" data-id=\"ebc7552\" data-element_type=\"widget\" data-e-type=\"widget\" data-widget_type=\"text-editor.default\">\n\t\t\t\t<div class=\"elementor-widget-container\">\n\t\t\t\t\t\t\t\t\t<h4><a href=\"https:\/\/twkumc.org\/es\/districts\/caney-fork-river-district\/\">Distrito del r\u00edo Caney Fork<\/a><\/h4><h4><a href=\"https:\/\/twkumc.org\/es\/districts\/cumberland-river-district\/\">Distrito del r\u00edo Cumberland<\/a><\/h4><h4><a href=\"https:\/\/twkumc.org\/es\/districts\/harpeth-river-district\/\">Distrito del r\u00edo Harpeth<\/a><\/h4><h4><a href=\"https:\/\/twkumc.org\/es\/districts\/metro-district\/\">Distrito metropolitano<\/a><\/h4><h4><a href=\"https:\/\/twkumc.org\/es\/districts\/mississippi-river-district\/\">Distrito del r\u00edo Misisip\u00ed<\/a><\/h4><h4><a href=\"https:\/\/twkumc.org\/es\/districts\/purchase-district\/\">Distrito de compras<\/a><\/h4><h4><a href=\"https:\/\/twkumc.org\/es\/districts\/red-river-district\/\">Distrito del R\u00edo Rojo<\/a><\/h4><h4><a href=\"https:\/\/twkumc.org\/es\/districts\/stones-river-district\/\">Distrito de Stones River<\/a><\/h4><h4><a href=\"https:\/\/twkumc.org\/es\/districts\/tennessee-river-district\/\">Distrito del r\u00edo Tennessee<\/a><\/h4>\t\t\t\t\t\t\t\t<\/div>\n\t\t\t\t<\/div>\n\t\t\t\t\t<\/div>\n\t\t\t\t<\/div>\n\t\t\t\t<\/div>","protected":false},"excerpt":{"rendered":"<p>Distritos de Tennessee y Kentucky occidental Distrito del r\u00edo Caney Fork Distrito del r\u00edo Cumberland Distrito del r\u00edo Harpeth Distrito Metro Distrito del r\u00edo Mississippi Distrito Purchase Distrito del r\u00edo Red Distrito del r\u00edo Stones Distrito del r\u00edo Tennessee<\/p>","protected":false},"author":1,"featured_media":0,"parent":0,"menu_order":0,"comment_status":"closed","ping_status":"closed","template":"","meta":{"_acf_changed":false,"footnotes":""},"tags":[],"class_list":["post-220","page","type-page","status-publish","hentry"],"acf":[],"yoast_head":"<!-- This site is optimized with the Yoast SEO plugin v27.1.1 - https:\/\/yoast.com\/product\/yoast-seo-wordpress\/ -->\n<title>Districts - TWKUMC<\/title>\n<meta name=\"robots\" content=\"index, follow, max-snippet:-1, max-image-preview:large, max-video-preview:-1\" \/>\n<link rel=\"canonical\" href=\"https:\/\/twkumc.org\/es\/districts\/\" \/>\n<meta property=\"og:locale\" content=\"es_MX\" \/>\n<meta property=\"og:type\" content=\"article\" \/>\n<meta property=\"og:title\" content=\"Districts - TWKUMC\" \/>\n<meta property=\"og:description\" content=\"Tennessee-Western Kentucky Districts Caney Fork River District Cumberland River District Harpeth River District Metro District Mississippi River District Purchase District Red River District Stones River District Tennessee River District\" \/>\n<meta property=\"og:url\" content=\"https:\/\/twkumc.org\/es\/districts\/\" \/>\n<meta property=\"og:site_name\" content=\"TWKUMC\" \/>\n<meta property=\"article:modified_time\" content=\"2025-08-21T17:15:53+00:00\" \/>\n<meta property=\"og:image\" content=\"https:\/\/twkumc.org\/wp-content\/uploads\/2022\/02\/TWK-Districts-2022-1024x524.png\" \/>\n<meta name=\"twitter:card\" content=\"summary_large_image\" \/>\n<meta name=\"twitter:label1\" content=\"Tiempo de lectura\" \/>\n\t<meta name=\"twitter:data1\" content=\"1 minuto\" \/>\n<script type=\"application\/ld+json\" class=\"yoast-schema-graph\">{\"@context\":\"https:\/\/schema.org\",\"@graph\":[{\"@type\":\"WebPage\",\"@id\":\"https:\/\/twkumc.org\/districts\/\",\"url\":\"https:\/\/twkumc.org\/districts\/\",\"name\":\"Districts - TWKUMC\",\"isPartOf\":{\"@id\":\"https:\/\/twkumc.org\/#website\"},\"primaryImageOfPage\":{\"@id\":\"https:\/\/twkumc.org\/districts\/#primaryimage\"},\"image\":{\"@id\":\"https:\/\/twkumc.org\/districts\/#primaryimage\"},\"thumbnailUrl\":\"https:\/\/twkumc.org\/wp-content\/uploads\/2022\/02\/TWK-Districts-2022-1024x524.png\",\"datePublished\":\"2025-02-13T00:20:57+00:00\",\"dateModified\":\"2025-08-21T17:15:53+00:00\",\"breadcrumb\":{\"@id\":\"https:\/\/twkumc.org\/districts\/#breadcrumb\"},\"inLanguage\":\"es\",\"potentialAction\":[{\"@type\":\"ReadAction\",\"target\":[\"https:\/\/twkumc.org\/districts\/\"]}]},{\"@type\":\"ImageObject\",\"inLanguage\":\"es\",\"@id\":\"https:\/\/twkumc.org\/districts\/#primaryimage\",\"url\":\"https:\/\/twkumc.org\/wp-content\/uploads\/2022\/02\/TWK-Districts-2022-1024x524.png\",\"contentUrl\":\"https:\/\/twkumc.org\/wp-content\/uploads\/2022\/02\/TWK-Districts-2022-1024x524.png\"},{\"@type\":\"BreadcrumbList\",\"@id\":\"https:\/\/twkumc.org\/districts\/#breadcrumb\",\"itemListElement\":[{\"@type\":\"ListItem\",\"position\":1,\"name\":\"Home\",\"item\":\"https:\/\/twkumc.org\/\"},{\"@type\":\"ListItem\",\"position\":2,\"name\":\"Districts\"}]},{\"@type\":\"WebSite\",\"@id\":\"https:\/\/twkumc.org\/#website\",\"url\":\"https:\/\/twkumc.org\/\",\"name\":\"TWKUMC\",\"description\":\"\",\"publisher\":{\"@id\":\"https:\/\/twkumc.org\/#organization\"},\"potentialAction\":[{\"@type\":\"SearchAction\",\"target\":{\"@type\":\"EntryPoint\",\"urlTemplate\":\"https:\/\/twkumc.org\/?s={search_term_string}\"},\"query-input\":{\"@type\":\"PropertyValueSpecification\",\"valueRequired\":true,\"valueName\":\"search_term_string\"}}],\"inLanguage\":\"es\"},{\"@type\":\"Organization\",\"@id\":\"https:\/\/twkumc.org\/#organization\",\"name\":\"TWKUMC\",\"url\":\"https:\/\/twkumc.org\/\",\"logo\":{\"@type\":\"ImageObject\",\"inLanguage\":\"es\",\"@id\":\"https:\/\/twkumc.org\/#\/schema\/logo\/image\/\",\"url\":\"https:\/\/twkumc.org\/wp-content\/uploads\/2025\/02\/TWK-Full_ColorBlack.webp\",\"contentUrl\":\"https:\/\/twkumc.org\/wp-content\/uploads\/2025\/02\/TWK-Full_ColorBlack.webp\",\"width\":2340,\"height\":478,\"caption\":\"TWKUMC\"},\"image\":{\"@id\":\"https:\/\/twkumc.org\/#\/schema\/logo\/image\/\"}}]}<\/script>\n<!-- \/ Yoast SEO plugin. -->","yoast_head_json":{"title":"Distritos - TWKUMC","robots":{"index":"index","follow":"follow","max-snippet":"max-snippet:-1","max-image-preview":"max-image-preview:large","max-video-preview":"max-video-preview:-1"},"canonical":"https:\/\/twkumc.org\/es\/districts\/","og_locale":"es_MX","og_type":"article","og_title":"Districts - TWKUMC","og_description":"Tennessee-Western Kentucky Districts Caney Fork River District Cumberland River District Harpeth River District Metro District Mississippi River District Purchase District Red River District Stones River District Tennessee River District","og_url":"https:\/\/twkumc.org\/es\/districts\/","og_site_name":"TWKUMC","article_modified_time":"2025-08-21T17:15:53+00:00","og_image":[{"url":"https:\/\/twkumc.org\/wp-content\/uploads\/2022\/02\/TWK-Districts-2022-1024x524.png","type":"","width":"","height":""}],"twitter_card":"summary_large_image","twitter_misc":{"Tiempo de lectura":"1 minuto"},"schema":{"@context":"https:\/\/schema.org","@graph":[{"@type":"WebPage","@id":"https:\/\/twkumc.org\/districts\/","url":"https:\/\/twkumc.org\/districts\/","name":"Distritos - TWKUMC","isPartOf":{"@id":"https:\/\/twkumc.org\/#website"},"primaryImageOfPage":{"@id":"https:\/\/twkumc.org\/districts\/#primaryimage"},"image":{"@id":"https:\/\/twkumc.org\/districts\/#primaryimage"},"thumbnailUrl":"https:\/\/twkumc.org\/wp-content\/uploads\/2022\/02\/TWK-Districts-2022-1024x524.png","datePublished":"2025-02-13T00:20:57+00:00","dateModified":"2025-08-21T17:15:53+00:00","breadcrumb":{"@id":"https:\/\/twkumc.org\/districts\/#breadcrumb"},"inLanguage":"es","potentialAction":[{"@type":"ReadAction","target":["https:\/\/twkumc.org\/districts\/"]}]},{"@type":"ImageObject","inLanguage":"es","@id":"https:\/\/twkumc.org\/districts\/#primaryimage","url":"https:\/\/twkumc.org\/wp-content\/uploads\/2022\/02\/TWK-Districts-2022-1024x524.png","contentUrl":"https:\/\/twkumc.org\/wp-content\/uploads\/2022\/02\/TWK-Districts-2022-1024x524.png"},{"@type":"BreadcrumbList","@id":"https:\/\/twkumc.org\/districts\/#breadcrumb","itemListElement":[{"@type":"ListItem","position":1,"name":"Home","item":"https:\/\/twkumc.org\/"},{"@type":"ListItem","position":2,"name":"Districts"}]},{"@type":"WebSite","@id":"https:\/\/twkumc.org\/#website","url":"https:\/\/twkumc.org\/","name":"TWKUMC","description":"","publisher":{"@id":"https:\/\/twkumc.org\/#organization"},"potentialAction":[{"@type":"SearchAction","target":{"@type":"EntryPoint","urlTemplate":"https:\/\/twkumc.org\/?s={search_term_string}"},"query-input":{"@type":"PropertyValueSpecification","valueRequired":true,"valueName":"search_term_string"}}],"inLanguage":"es"},{"@type":"Organization","@id":"https:\/\/twkumc.org\/#organization","name":"TWKUMC","url":"https:\/\/twkumc.org\/","logo":{"@type":"ImageObject","inLanguage":"es","@id":"https:\/\/twkumc.org\/#\/schema\/logo\/image\/","url":"https:\/\/twkumc.org\/wp-content\/uploads\/2025\/02\/TWK-Full_ColorBlack.webp","contentUrl":"https:\/\/twkumc.org\/wp-content\/uploads\/2025\/02\/TWK-Full_ColorBlack.webp","width":2340,"height":478,"caption":"TWKUMC"},"image":{"@id":"https:\/\/twkumc.org\/#\/schema\/logo\/image\/"}}]}},"publishpress_future_action":{"enabled":false,"date":"2026-04-18 19:43:07","action":"change-status","newStatus":"draft","terms":[],"taxonomy":"post_tag","extraData":[]},"publishpress_future_workflow_manual_trigger":{"enabledWorkflows":[]},"_links":{"self":[{"href":"https:\/\/twkumc.org\/es\/wp-json\/wp\/v2\/pages\/220","targetHints":{"allow":["GET"]}}],"collection":[{"href":"https:\/\/twkumc.org\/es\/wp-json\/wp\/v2\/pages"}],"about":[{"href":"https:\/\/twkumc.org\/es\/wp-json\/wp\/v2\/types\/page"}],"author":[{"embeddable":true,"href":"https:\/\/twkumc.org\/es\/wp-json\/wp\/v2\/users\/1"}],"replies":[{"embeddable":true,"href":"https:\/\/twkumc.org\/es\/wp-json\/wp\/v2\/comments?post=220"}],"version-history":[{"count":187,"href":"https:\/\/twkumc.org\/es\/wp-json\/wp\/v2\/pages\/220\/revisions"}],"predecessor-version":[{"id":31259,"href":"https:\/\/twkumc.org\/es\/wp-json\/wp\/v2\/pages\/220\/revisions\/31259"}],"wp:attachment":[{"href":"https:\/\/twkumc.org\/es\/wp-json\/wp\/v2\/media?parent=220"}],"wp:term":[{"taxonomy":"post_tag","embeddable":true,"href":"https:\/\/twkumc.org\/es\/wp-json\/wp\/v2\/tags?post=220"}],"curies":[{"name":"wp","href":"https:\/\/api.w.org\/{rel}","templated":true}]}}