{"id":232,"date":"2025-02-13T00:26:19","date_gmt":"2025-02-13T00:26:19","guid":{"rendered":"https:\/\/twkumc.org\/?page_id=232"},"modified":"2026-03-26T11:57:20","modified_gmt":"2026-03-26T17:57:20","slug":"purchase-district","status":"publish","type":"page","link":"https:\/\/twkumc.org\/es\/districts\/purchase-district\/","title":{"rendered":"Distrito de compras"},"content":{"rendered":"<div data-elementor-type=\"wp-page\" data-elementor-id=\"232\" class=\"elementor elementor-232\" data-elementor-post-type=\"page\">\n\t\t\t\t<div class=\"elementor-element elementor-element-bd1b973 e-con-full e-flex e-con e-parent\" data-id=\"bd1b973\" data-element_type=\"container\" data-e-type=\"container\" data-settings=\"{&quot;background_background&quot;:&quot;classic&quot;}\">\n\t\t<div class=\"elementor-element elementor-element-f9f89e2 e-con-full e-flex e-con e-child\" data-id=\"f9f89e2\" data-element_type=\"container\" data-e-type=\"container\" data-settings=\"{&quot;background_background&quot;:&quot;classic&quot;}\">\n\t\t\t\t<div class=\"elementor-element elementor-element-4f66d2b elementor-widget elementor-widget-image\" data-id=\"4f66d2b\" data-element_type=\"widget\" data-e-type=\"widget\" data-widget_type=\"image.default\">\n\t\t\t\t<div class=\"elementor-widget-container\">\n\t\t\t\t\t\t\t\t\t\t\t\t\t\t\t<img fetchpriority=\"high\" decoding=\"async\" width=\"768\" height=\"206\" src=\"https:\/\/twkumc.org\/wp-content\/uploads\/2025\/06\/District_TWKUMC_LOGO_Horizontal_PD-768x206.png\" class=\"attachment-medium_large size-medium_large wp-image-24842\" alt=\"\" srcset=\"https:\/\/twkumc.org\/wp-content\/uploads\/2025\/06\/District_TWKUMC_LOGO_Horizontal_PD-768x206.png 768w, https:\/\/twkumc.org\/wp-content\/uploads\/2025\/06\/District_TWKUMC_LOGO_Horizontal_PD-300x80.png 300w, https:\/\/twkumc.org\/wp-content\/uploads\/2025\/06\/District_TWKUMC_LOGO_Horizontal_PD-1024x274.png 1024w, https:\/\/twkumc.org\/wp-content\/uploads\/2025\/06\/District_TWKUMC_LOGO_Horizontal_PD.png 1449w\" sizes=\"(max-width: 768px) 100vw, 768px\" \/>\t\t\t\t\t\t\t\t\t\t\t\t\t\t\t<\/div>\n\t\t\t\t<\/div>\n\t\t<div class=\"elementor-element elementor-element-a1d7e77 e-con-full e-flex e-con e-child\" data-id=\"a1d7e77\" data-element_type=\"container\" data-e-type=\"container\">\n\t\t<div class=\"elementor-element elementor-element-b2accb7 e-con-full e-flex e-con e-child\" data-id=\"b2accb7\" data-element_type=\"container\" data-e-type=\"container\">\n\t\t\t\t<div class=\"elementor-element elementor-element-d2cbfb9 elementor-widget elementor-widget-heading\" data-id=\"d2cbfb9\" data-element_type=\"widget\" data-e-type=\"widget\" data-widget_type=\"heading.default\">\n\t\t\t\t<div class=\"elementor-widget-container\">\n\t\t\t\t\t<h2 class=\"elementor-heading-title elementor-size-default\">2285 Jack Treas Rd, Kirksey, KY 42054<\/h2>\t\t\t\t<\/div>\n\t\t\t\t<\/div>\n\t\t\t\t<\/div>\n\t\t<div class=\"elementor-element elementor-element-5d78dc6 e-con-full e-flex e-con e-child\" data-id=\"5d78dc6\" data-element_type=\"container\" data-e-type=\"container\">\n\t\t\t\t<div class=\"elementor-element elementor-element-784bd1e elementor-widget elementor-widget-heading\" data-id=\"784bd1e\" data-element_type=\"widget\" data-e-type=\"widget\" data-widget_type=\"heading.default\">\n\t\t\t\t<div class=\"elementor-widget-container\">\n\t\t\t\t\t<h2 class=\"elementor-heading-title elementor-size-default\">(270) 527-8282<\/h2>\t\t\t\t<\/div>\n\t\t\t\t<\/div>\n\t\t\t\t<\/div>\n\t\t<div class=\"elementor-element elementor-element-d3fd1d2 e-con-full e-flex e-con e-child\" data-id=\"d3fd1d2\" data-element_type=\"container\" data-e-type=\"container\">\n\t\t\t\t<div class=\"elementor-element elementor-element-ac033ca elementor-align-justify elementor-mobile-align-center elementor-tablet-align-center elementor-widget__width-inherit elementor-widget elementor-widget-button\" data-id=\"ac033ca\" data-element_type=\"widget\" data-e-type=\"widget\" data-widget_type=\"button.default\">\n\t\t\t\t<div class=\"elementor-widget-container\">\n\t\t\t\t\t\t\t\t\t<div class=\"elementor-button-wrapper\">\n\t\t\t\t\t<a class=\"elementor-button elementor-button-link elementor-size-sm\" href=\"https:\/\/twkumc.org\/es\/resource\/district-contact-form\/\">\n\t\t\t\t\t\t<span class=\"elementor-button-content-wrapper\">\n\t\t\t\t\t\t\t\t\t<span class=\"elementor-button-text\">P\u00f3ngase en contacto con<\/span>\n\t\t\t\t\t<\/span>\n\t\t\t\t\t<\/a>\n\t\t\t\t<\/div>\n\t\t\t\t\t\t\t\t<\/div>\n\t\t\t\t<\/div>\n\t\t<div class=\"elementor-element elementor-element-ba904ae e-con-full e-flex e-con e-child\" data-id=\"ba904ae\" data-element_type=\"container\" data-e-type=\"container\">\n\t\t<div class=\"elementor-element elementor-element-1006394 e-con-full e-flex e-con e-child\" data-id=\"1006394\" data-element_type=\"container\" data-e-type=\"container\">\n\t\t\t\t<div class=\"elementor-element elementor-element-fcc74d0 elementor-cta--skin-classic elementor-animated-content elementor-bg-transform elementor-bg-transform-zoom-in elementor-widget elementor-widget-call-to-action\" data-id=\"fcc74d0\" data-element_type=\"widget\" data-e-type=\"widget\" data-widget_type=\"call-to-action.default\">\n\t\t\t\t<div class=\"elementor-widget-container\">\n\t\t\t\t\t\t\t<div class=\"elementor-cta\">\n\t\t\t\t\t\t\t<div class=\"elementor-cta__content\">\n\t\t\t\t\n\t\t\t\t\t\t\t\t\t<h2 class=\"elementor-cta__title elementor-cta__content-item elementor-content-item\">\n\t\t\t\t\t\tComprar el bolet\u00edn del distrito\t\t\t\t\t<\/h2>\n\t\t\t\t\n\t\t\t\t\t\t\t\t\t<div class=\"elementor-cta__description elementor-cta__content-item elementor-content-item\">\n\t\t\t\t\t\tSuscr\u00edbase al bolet\u00edn del Distrito de Compras\t\t\t\t\t<\/div>\n\t\t\t\t\n\t\t\t\t\t\t\t\t\t<div class=\"elementor-cta__button-wrapper elementor-cta__content-item elementor-content-item\">\n\t\t\t\t\t<a class=\"elementor-cta__button elementor-button elementor-size-\" href=\"https:\/\/myemail.constantcontact.com\/District-news-for-clergy-and-laity--.html?soid=1103872774795&#038;aid=3q2lhNCO46U\">\n\t\t\t\t\t\tHaga clic aqu\u00ed\t\t\t\t\t<\/a>\n\t\t\t\t\t<\/div>\n\t\t\t\t\t\t\t<\/div>\n\t\t\t\t\t\t<\/div>\n\t\t\t\t\t\t<\/div>\n\t\t\t\t<\/div>\n\t\t\t\t<\/div>\n\t\t<div class=\"elementor-element elementor-element-90f2b11 e-con-full e-flex e-con e-child\" data-id=\"90f2b11\" data-element_type=\"container\" data-e-type=\"container\">\n\t\t\t\t<div class=\"elementor-element elementor-element-fbe7cba elementor-cta--skin-classic elementor-animated-content elementor-bg-transform elementor-bg-transform-zoom-in elementor-widget elementor-widget-call-to-action\" data-id=\"fbe7cba\" data-element_type=\"widget\" data-e-type=\"widget\" data-widget_type=\"call-to-action.default\">\n\t\t\t\t<div class=\"elementor-widget-container\">\n\t\t\t\t\t\t\t<div class=\"elementor-cta\">\n\t\t\t\t\t\t\t<div class=\"elementor-cta__content\">\n\t\t\t\t\n\t\t\t\t\t\t\t\t\t<h2 class=\"elementor-cta__title elementor-cta__content-item elementor-content-item\">\n\t\t\t\t\t\tDistrito de Compras Facebook\t\t\t\t\t<\/h2>\n\t\t\t\t\n\t\t\t\t\t\t\t\t\t<div class=\"elementor-cta__description elementor-cta__content-item elementor-content-item\">\n\t\t\t\t\t\tEncu\u00e9ntrenos en Facebook.\t\t\t\t\t<\/div>\n\t\t\t\t\n\t\t\t\t\t\t\t\t\t<div class=\"elementor-cta__button-wrapper elementor-cta__content-item elementor-content-item\">\n\t\t\t\t\t<a class=\"elementor-cta__button elementor-button elementor-size-\" href=\"https:\/\/www.facebook.com\/groups\/206162816065387\">\n\t\t\t\t\t\tHaga clic aqu\u00ed\t\t\t\t\t<\/a>\n\t\t\t\t\t<\/div>\n\t\t\t\t\t\t\t<\/div>\n\t\t\t\t\t\t<\/div>\n\t\t\t\t\t\t<\/div>\n\t\t\t\t<\/div>\n\t\t\t\t<\/div>\n\t\t\t\t<\/div>\n\t\t\t\t<\/div>\n\t\t\t\t<\/div>\n\t\t\t\t<\/div>\n\t\t<div class=\"elementor-element elementor-element-bd19152 e-con-full e-grid e-con e-child\" data-id=\"bd19152\" data-element_type=\"container\" data-e-type=\"container\">\n\t\t\t\t<div class=\"elementor-element elementor-element-f53ff1e elementor-widget__width-inherit elementor-widget-tablet__width-inherit elementor-widget-mobile__width-inherit elementor-widget-laptop__width-inherit elementor-cta--skin-classic elementor-animated-content elementor-invisible elementor-widget elementor-widget-call-to-action\" data-id=\"f53ff1e\" data-element_type=\"widget\" data-e-type=\"widget\" data-settings=\"{&quot;_animation&quot;:&quot;fadeInUp&quot;}\" data-widget_type=\"call-to-action.default\">\n\t\t\t\t<div class=\"elementor-widget-container\">\n\t\t\t\t\t\t\t<div class=\"elementor-cta\">\n\t\t\t\t\t<div class=\"elementor-cta__bg-wrapper\">\n\t\t\t\t<div class=\"elementor-cta__bg elementor-bg\" style=\"background-image: url(https:\/\/twkumc.org\/wp-content\/uploads\/2025\/07\/Nancy-Johnston-Varden-Purchase-DS-scaled.jpg);\" role=\"img\" aria-label=\"Nancy Johnston Varden - Compra DS\"><\/div>\n\t\t\t\t<div class=\"elementor-cta__bg-overlay\"><\/div>\n\t\t\t<\/div>\n\t\t\t\t\t\t\t<div class=\"elementor-cta__content\">\n\t\t\t\t\n\t\t\t\t\t\t\t\t\t<span class=\"elementor-cta__title elementor-cta__content-item elementor-content-item\">\n\t\t\t\t\t\tRev. Nancy Johnston Varden\t\t\t\t\t<\/span>\n\t\t\t\t\n\t\t\t\t\t\t\t\t\t<div class=\"elementor-cta__description elementor-cta__content-item elementor-content-item\">\n\t\t\t\t\t\tSuperintendente de distrito\t\t\t\t\t<\/div>\n\t\t\t\t\n\t\t\t\t\t\t\t<\/div>\n\t\t\t\t\t\t<\/div>\n\t\t\t\t\t\t<\/div>\n\t\t\t\t<\/div>\n\t\t\t\t<div class=\"elementor-element elementor-element-8afd346 elementor-widget__width-inherit elementor-widget-tablet__width-inherit elementor-widget-mobile__width-inherit elementor-widget-laptop__width-inherit elementor-cta--skin-classic elementor-animated-content elementor-invisible elementor-widget elementor-widget-call-to-action\" data-id=\"8afd346\" data-element_type=\"widget\" data-e-type=\"widget\" data-settings=\"{&quot;_animation&quot;:&quot;fadeInUp&quot;}\" data-widget_type=\"call-to-action.default\">\n\t\t\t\t<div class=\"elementor-widget-container\">\n\t\t\t\t\t\t\t<div class=\"elementor-cta\">\n\t\t\t\t\t<div class=\"elementor-cta__bg-wrapper\">\n\t\t\t\t<div class=\"elementor-cta__bg elementor-bg\" style=\"background-image: url(https:\/\/twkumc.org\/wp-content\/uploads\/2025\/07\/Penny-Story-Purchase-scaled.jpg);\" role=\"img\" aria-label=\"Penny Story - Comprar\"><\/div>\n\t\t\t\t<div class=\"elementor-cta__bg-overlay\"><\/div>\n\t\t\t<\/div>\n\t\t\t\t\t\t\t<div class=\"elementor-cta__content\">\n\t\t\t\t\n\t\t\t\t\t\t\t\t\t<span class=\"elementor-cta__title elementor-cta__content-item elementor-content-item\">\n\t\t\t\t\t\tHistoria de Penny\t\t\t\t\t<\/span>\n\t\t\t\t\n\t\t\t\t\t\t\t\t\t<div class=\"elementor-cta__description elementor-cta__content-item elementor-content-item\">\n\t\t\t\t\t\tAsistente administrativo\t\t\t\t\t<\/div>\n\t\t\t\t\n\t\t\t\t\t\t\t<\/div>\n\t\t\t\t\t\t<\/div>\n\t\t\t\t\t\t<\/div>\n\t\t\t\t<\/div>\n\t\t\t\t<div class=\"elementor-element elementor-element-df39301 elementor-widget__width-inherit elementor-widget-tablet__width-inherit elementor-widget-mobile__width-inherit elementor-widget-laptop__width-inherit elementor-cta--skin-classic elementor-animated-content elementor-invisible elementor-widget elementor-widget-call-to-action\" data-id=\"df39301\" data-element_type=\"widget\" data-e-type=\"widget\" data-settings=\"{&quot;_animation&quot;:&quot;fadeInUp&quot;}\" data-widget_type=\"call-to-action.default\">\n\t\t\t\t<div class=\"elementor-widget-container\">\n\t\t\t\t\t\t\t<div class=\"elementor-cta\">\n\t\t\t\t\t\t\t<div class=\"elementor-cta__content\">\n\t\t\t\t\n\t\t\t\t\t\t\t\t\t<span class=\"elementor-cta__title elementor-cta__content-item elementor-content-item\">\n\t\t\t\t\t\tBeth Rice\t\t\t\t\t<\/span>\n\t\t\t\t\n\t\t\t\t\t\t\t\t\t<div class=\"elementor-cta__description elementor-cta__content-item elementor-content-item\">\n\t\t\t\t\t\tCo-l\u00edder de lego\t\t\t\t\t<\/div>\n\t\t\t\t\n\t\t\t\t\t\t\t<\/div>\n\t\t\t\t\t\t<\/div>\n\t\t\t\t\t\t<\/div>\n\t\t\t\t<\/div>\n\t\t\t\t<div class=\"elementor-element elementor-element-eca7ece elementor-widget__width-inherit elementor-widget-tablet__width-inherit elementor-widget-mobile__width-inherit elementor-widget-laptop__width-inherit elementor-cta--skin-classic elementor-animated-content elementor-invisible elementor-widget elementor-widget-call-to-action\" data-id=\"eca7ece\" data-element_type=\"widget\" data-e-type=\"widget\" data-settings=\"{&quot;_animation&quot;:&quot;fadeInUp&quot;}\" data-widget_type=\"call-to-action.default\">\n\t\t\t\t<div class=\"elementor-widget-container\">\n\t\t\t\t\t\t\t<div class=\"elementor-cta\">\n\t\t\t\t\t\t\t<div class=\"elementor-cta__content\">\n\t\t\t\t\n\t\t\t\t\t\t\t\t\t<span class=\"elementor-cta__title elementor-cta__content-item elementor-content-item\">\n\t\t\t\t\t\tLisa Sills\t\t\t\t\t<\/span>\n\t\t\t\t\n\t\t\t\t\t\t\t\t\t<div class=\"elementor-cta__description elementor-cta__content-item elementor-content-item\">\n\t\t\t\t\t\tCo-l\u00edder de lego\t\t\t\t\t<\/div>\n\t\t\t\t\n\t\t\t\t\t\t\t<\/div>\n\t\t\t\t\t\t<\/div>\n\t\t\t\t\t\t<\/div>\n\t\t\t\t<\/div>\n\t\t<div class=\"elementor-element elementor-element-af8fdef e-con-full e-flex e-con e-child\" data-id=\"af8fdef\" data-element_type=\"container\" data-e-type=\"container\">\n\t\t<div class=\"elementor-element elementor-element-a8ad4ff e-con-full e-flex e-con e-child\" data-id=\"a8ad4ff\" data-element_type=\"container\" data-e-type=\"container\">\n\t\t\t\t<div class=\"elementor-element elementor-element-f31813d elementor-widget elementor-widget-heading\" data-id=\"f31813d\" data-element_type=\"widget\" data-e-type=\"widget\" data-widget_type=\"heading.default\">\n\t\t\t\t<div class=\"elementor-widget-container\">\n\t\t\t\t\t<h2 class=\"elementor-heading-title elementor-size-default\">Recursos para el clero<\/h2>\t\t\t\t<\/div>\n\t\t\t\t<\/div>\n\t\t\t\t<div class=\"elementor-element elementor-element-46b019d elementor-widget elementor-widget-text-editor\" data-id=\"46b019d\" data-element_type=\"widget\" data-e-type=\"widget\" data-widget_type=\"text-editor.default\">\n\t\t\t\t<div class=\"elementor-widget-container\">\n\t\t\t\t\t\t\t\t\t<p><a href=\"https:\/\/files.constantcontact.com\/b82d1f30101\/070f397b-afbd-4a8c-b1df-9c09aa627728.pdf\">Comprar el Directorio de Distritos<\/a><br \/><a href=\"https:\/\/files.constantcontact.com\/b82d1f30101\/a253a35a-cdc3-4824-957e-d7f5592f2aaa.pdf\">Lista de servidores laicos<\/a><\/p>\t\t\t\t\t\t\t\t<\/div>\n\t\t\t\t<\/div>\n\t\t\t\t<\/div>\n\t\t\t\t<\/div>\n\t\t<div class=\"elementor-element elementor-element-5fd3cbe e-con-full e-flex e-con e-child\" data-id=\"5fd3cbe\" data-element_type=\"container\" data-e-type=\"container\">\n\t\t\t\t<div class=\"elementor-element elementor-element-7a0e209 elementor-widget elementor-widget-heading\" data-id=\"7a0e209\" data-element_type=\"widget\" data-e-type=\"widget\" data-widget_type=\"heading.default\">\n\t\t\t\t<div class=\"elementor-widget-container\">\n\t\t\t\t\t<h2 class=\"elementor-heading-title elementor-size-default\">Comprar Ministerios de Distrito<\/h2>\t\t\t\t<\/div>\n\t\t\t\t<\/div>\n\t\t\t\t<div class=\"elementor-element elementor-element-453d3ba elementor-widget elementor-widget-text-editor\" data-id=\"453d3ba\" data-element_type=\"widget\" data-e-type=\"widget\" data-widget_type=\"text-editor.default\">\n\t\t\t\t<div class=\"elementor-widget-container\">\n\t\t\t\t\t\t\t\t\t<p><a href=\"https:\/\/files.constantcontact.com\/b82d1f30101\/064f5083-df7f-4a5c-a652-035c208e7bc7.pdf\">Cocina Familiar<\/a><br \/><a href=\"https:\/\/twkumc.org\/wp-content\/uploads\/2024\/08\/Third-Place-Ministries.pdf\">Ministerios en tercer lugar<\/a><br \/><a href=\"https:\/\/files.constantcontact.com\/b82d1f30101\/4f3378ff-0483-4222-b224-b6199999cc54.pdf\">Mujeres Unidas en la Fe<\/a><br \/><a href=\"https:\/\/files.constantcontact.com\/b82d1f30101\/4d7ebb96-bfe1-4f15-af6e-d549cbe0a899.pdf\">Bolet\u00edn de Mujeres Unidas en la Fe<\/a><br \/><a href=\"https:\/\/twkumc.org\/wp-content\/uploads\/2023\/09\/United-Methodist-Men.docx.pdf\">Hombres Metodistas Unidos<\/a><br \/><a href=\"https:\/\/twkumc.org\/wp-content\/uploads\/2023\/09\/Western-Kentucky-United-Methodist-Family-Services.docx.pdf\">Servicios Familiares Metodistas Unidos de Kentucky Occidental<\/a><\/p>\t\t\t\t\t\t\t\t<\/div>\n\t\t\t\t<\/div>\n\t\t\t\t<div class=\"elementor-element elementor-element-deaf62e elementor-widget elementor-widget-text-editor\" data-id=\"deaf62e\" data-element_type=\"widget\" data-e-type=\"widget\" data-widget_type=\"text-editor.default\">\n\t\t\t\t<div class=\"elementor-widget-container\">\n\t\t\t\t\t\t\t\t\t<p><em>Mant\u00e9ngase conectado con Purchase District UMC. Seleccione una o m\u00e1s listas de correo electr\u00f3nico para recibir las actualizaciones que le interesan. <a href=\"http:\/\/twkumc.org\/es\/purchasedistrictsignup\/\">haciendo clic aqu\u00ed.<\/a><\/em><\/p>\t\t\t\t\t\t\t\t<\/div>\n\t\t\t\t<\/div>\n\t\t\t\t<\/div>\n\t\t\t\t<\/div>\n\t\t\t\t<\/div>\n\t\t\t\t<\/div>","protected":false},"excerpt":{"rendered":"<p>2285 Jack Treas Rd, Kirksey, KY 42054 (270) 527-8282 Contact Purchase District Newsletter Sign up for the Purchase District Newsletter Click Here Purchase District Facebook Find us on Facebook. Click [&hellip;]<\/p>\n","protected":false},"author":1,"featured_media":0,"parent":220,"menu_order":0,"comment_status":"closed","ping_status":"closed","template":"","meta":{"_acf_changed":false,"footnotes":""},"tags":[],"class_list":["post-232","page","type-page","status-publish","hentry"],"acf":[],"yoast_head":"<!-- This site is optimized with the Yoast SEO plugin v27.1.1 - https:\/\/yoast.com\/product\/yoast-seo-wordpress\/ -->\n<title>Purchase District - TWKUMC<\/title>\n<meta name=\"robots\" content=\"index, follow, max-snippet:-1, max-image-preview:large, max-video-preview:-1\" \/>\n<link rel=\"canonical\" href=\"https:\/\/twkumc.org\/es\/districts\/purchase-district\/\" \/>\n<meta property=\"og:locale\" content=\"es_MX\" \/>\n<meta property=\"og:type\" content=\"article\" \/>\n<meta property=\"og:title\" content=\"Purchase District - TWKUMC\" \/>\n<meta property=\"og:description\" content=\"2285 Jack Treas Rd, Kirksey, KY 42054 (270) 527-8282 Contact Purchase District Newsletter Sign up for the Purchase District Newsletter Click Here Purchase District Facebook Find us on Facebook. Click [&hellip;]\" \/>\n<meta property=\"og:url\" content=\"https:\/\/twkumc.org\/es\/districts\/purchase-district\/\" \/>\n<meta property=\"og:site_name\" content=\"TWKUMC\" \/>\n<meta property=\"article:modified_time\" content=\"2026-03-26T17:57:20+00:00\" \/>\n<meta property=\"og:image\" content=\"https:\/\/twkumc.org\/wp-content\/uploads\/2025\/06\/District_TWKUMC_LOGO_Horizontal_PD.png\" \/>\n\t<meta property=\"og:image:width\" content=\"1449\" \/>\n\t<meta property=\"og:image:height\" content=\"388\" \/>\n\t<meta property=\"og:image:type\" content=\"image\/png\" \/>\n<meta name=\"twitter:card\" content=\"summary_large_image\" \/>\n<meta name=\"twitter:label1\" content=\"Tiempo de lectura\" \/>\n\t<meta name=\"twitter:data1\" content=\"1 minuto\" \/>\n<script type=\"application\/ld+json\" class=\"yoast-schema-graph\">{\"@context\":\"https:\/\/schema.org\",\"@graph\":[{\"@type\":\"WebPage\",\"@id\":\"https:\/\/twkumc.org\/districts\/purchase-district\/\",\"url\":\"https:\/\/twkumc.org\/districts\/purchase-district\/\",\"name\":\"Purchase District - TWKUMC\",\"isPartOf\":{\"@id\":\"https:\/\/twkumc.org\/#website\"},\"primaryImageOfPage\":{\"@id\":\"https:\/\/twkumc.org\/districts\/purchase-district\/#primaryimage\"},\"image\":{\"@id\":\"https:\/\/twkumc.org\/districts\/purchase-district\/#primaryimage\"},\"thumbnailUrl\":\"https:\/\/twkumc.org\/wp-content\/uploads\/2025\/06\/District_TWKUMC_LOGO_Horizontal_PD-768x206.png\",\"datePublished\":\"2025-02-13T00:26:19+00:00\",\"dateModified\":\"2026-03-26T17:57:20+00:00\",\"breadcrumb\":{\"@id\":\"https:\/\/twkumc.org\/districts\/purchase-district\/#breadcrumb\"},\"inLanguage\":\"es\",\"potentialAction\":[{\"@type\":\"ReadAction\",\"target\":[\"https:\/\/twkumc.org\/districts\/purchase-district\/\"]}]},{\"@type\":\"ImageObject\",\"inLanguage\":\"es\",\"@id\":\"https:\/\/twkumc.org\/districts\/purchase-district\/#primaryimage\",\"url\":\"https:\/\/twkumc.org\/wp-content\/uploads\/2025\/06\/District_TWKUMC_LOGO_Horizontal_PD-768x206.png\",\"contentUrl\":\"https:\/\/twkumc.org\/wp-content\/uploads\/2025\/06\/District_TWKUMC_LOGO_Horizontal_PD-768x206.png\"},{\"@type\":\"BreadcrumbList\",\"@id\":\"https:\/\/twkumc.org\/districts\/purchase-district\/#breadcrumb\",\"itemListElement\":[{\"@type\":\"ListItem\",\"position\":1,\"name\":\"Home\",\"item\":\"https:\/\/twkumc.org\/\"},{\"@type\":\"ListItem\",\"position\":2,\"name\":\"Districts\",\"item\":\"https:\/\/twkumc.org\/districts\/\"},{\"@type\":\"ListItem\",\"position\":3,\"name\":\"Purchase District\"}]},{\"@type\":\"WebSite\",\"@id\":\"https:\/\/twkumc.org\/#website\",\"url\":\"https:\/\/twkumc.org\/\",\"name\":\"TWKUMC\",\"description\":\"\",\"publisher\":{\"@id\":\"https:\/\/twkumc.org\/#organization\"},\"potentialAction\":[{\"@type\":\"SearchAction\",\"target\":{\"@type\":\"EntryPoint\",\"urlTemplate\":\"https:\/\/twkumc.org\/?s={search_term_string}\"},\"query-input\":{\"@type\":\"PropertyValueSpecification\",\"valueRequired\":true,\"valueName\":\"search_term_string\"}}],\"inLanguage\":\"es\"},{\"@type\":\"Organization\",\"@id\":\"https:\/\/twkumc.org\/#organization\",\"name\":\"TWKUMC\",\"url\":\"https:\/\/twkumc.org\/\",\"logo\":{\"@type\":\"ImageObject\",\"inLanguage\":\"es\",\"@id\":\"https:\/\/twkumc.org\/#\/schema\/logo\/image\/\",\"url\":\"https:\/\/twkumc.org\/wp-content\/uploads\/2025\/02\/TWK-Full_ColorBlack.webp\",\"contentUrl\":\"https:\/\/twkumc.org\/wp-content\/uploads\/2025\/02\/TWK-Full_ColorBlack.webp\",\"width\":2340,\"height\":478,\"caption\":\"TWKUMC\"},\"image\":{\"@id\":\"https:\/\/twkumc.org\/#\/schema\/logo\/image\/\"}}]}<\/script>\n<!-- \/ Yoast SEO plugin. -->","yoast_head_json":{"title":"Distrito de compras - TWKUMC","robots":{"index":"index","follow":"follow","max-snippet":"max-snippet:-1","max-image-preview":"max-image-preview:large","max-video-preview":"max-video-preview:-1"},"canonical":"https:\/\/twkumc.org\/es\/districts\/purchase-district\/","og_locale":"es_MX","og_type":"article","og_title":"Purchase District - TWKUMC","og_description":"2285 Jack Treas Rd, Kirksey, KY 42054 (270) 527-8282 Contact Purchase District Newsletter Sign up for the Purchase District Newsletter Click Here Purchase District Facebook Find us on Facebook. Click [&hellip;]","og_url":"https:\/\/twkumc.org\/es\/districts\/purchase-district\/","og_site_name":"TWKUMC","article_modified_time":"2026-03-26T17:57:20+00:00","og_image":[{"width":1449,"height":388,"url":"https:\/\/twkumc.org\/wp-content\/uploads\/2025\/06\/District_TWKUMC_LOGO_Horizontal_PD.png","type":"image\/png"}],"twitter_card":"summary_large_image","twitter_misc":{"Tiempo de lectura":"1 minuto"},"schema":{"@context":"https:\/\/schema.org","@graph":[{"@type":"WebPage","@id":"https:\/\/twkumc.org\/districts\/purchase-district\/","url":"https:\/\/twkumc.org\/districts\/purchase-district\/","name":"Distrito de compras - TWKUMC","isPartOf":{"@id":"https:\/\/twkumc.org\/#website"},"primaryImageOfPage":{"@id":"https:\/\/twkumc.org\/districts\/purchase-district\/#primaryimage"},"image":{"@id":"https:\/\/twkumc.org\/districts\/purchase-district\/#primaryimage"},"thumbnailUrl":"https:\/\/twkumc.org\/wp-content\/uploads\/2025\/06\/District_TWKUMC_LOGO_Horizontal_PD-768x206.png","datePublished":"2025-02-13T00:26:19+00:00","dateModified":"2026-03-26T17:57:20+00:00","breadcrumb":{"@id":"https:\/\/twkumc.org\/districts\/purchase-district\/#breadcrumb"},"inLanguage":"es","potentialAction":[{"@type":"ReadAction","target":["https:\/\/twkumc.org\/districts\/purchase-district\/"]}]},{"@type":"ImageObject","inLanguage":"es","@id":"https:\/\/twkumc.org\/districts\/purchase-district\/#primaryimage","url":"https:\/\/twkumc.org\/wp-content\/uploads\/2025\/06\/District_TWKUMC_LOGO_Horizontal_PD-768x206.png","contentUrl":"https:\/\/twkumc.org\/wp-content\/uploads\/2025\/06\/District_TWKUMC_LOGO_Horizontal_PD-768x206.png"},{"@type":"BreadcrumbList","@id":"https:\/\/twkumc.org\/districts\/purchase-district\/#breadcrumb","itemListElement":[{"@type":"ListItem","position":1,"name":"Home","item":"https:\/\/twkumc.org\/"},{"@type":"ListItem","position":2,"name":"Districts","item":"https:\/\/twkumc.org\/districts\/"},{"@type":"ListItem","position":3,"name":"Purchase District"}]},{"@type":"WebSite","@id":"https:\/\/twkumc.org\/#website","url":"https:\/\/twkumc.org\/","name":"TWKUMC","description":"","publisher":{"@id":"https:\/\/twkumc.org\/#organization"},"potentialAction":[{"@type":"SearchAction","target":{"@type":"EntryPoint","urlTemplate":"https:\/\/twkumc.org\/?s={search_term_string}"},"query-input":{"@type":"PropertyValueSpecification","valueRequired":true,"valueName":"search_term_string"}}],"inLanguage":"es"},{"@type":"Organization","@id":"https:\/\/twkumc.org\/#organization","name":"TWKUMC","url":"https:\/\/twkumc.org\/","logo":{"@type":"ImageObject","inLanguage":"es","@id":"https:\/\/twkumc.org\/#\/schema\/logo\/image\/","url":"https:\/\/twkumc.org\/wp-content\/uploads\/2025\/02\/TWK-Full_ColorBlack.webp","contentUrl":"https:\/\/twkumc.org\/wp-content\/uploads\/2025\/02\/TWK-Full_ColorBlack.webp","width":2340,"height":478,"caption":"TWKUMC"},"image":{"@id":"https:\/\/twkumc.org\/#\/schema\/logo\/image\/"}}]}},"publishpress_future_action":{"enabled":false,"date":"2026-04-12 11:27:13","action":"change-status","newStatus":"draft","terms":[],"taxonomy":"post_tag","extraData":[]},"publishpress_future_workflow_manual_trigger":{"enabledWorkflows":[]},"_links":{"self":[{"href":"https:\/\/twkumc.org\/es\/wp-json\/wp\/v2\/pages\/232","targetHints":{"allow":["GET"]}}],"collection":[{"href":"https:\/\/twkumc.org\/es\/wp-json\/wp\/v2\/pages"}],"about":[{"href":"https:\/\/twkumc.org\/es\/wp-json\/wp\/v2\/types\/page"}],"author":[{"embeddable":true,"href":"https:\/\/twkumc.org\/es\/wp-json\/wp\/v2\/users\/1"}],"replies":[{"embeddable":true,"href":"https:\/\/twkumc.org\/es\/wp-json\/wp\/v2\/comments?post=232"}],"version-history":[{"count":118,"href":"https:\/\/twkumc.org\/es\/wp-json\/wp\/v2\/pages\/232\/revisions"}],"predecessor-version":[{"id":42367,"href":"https:\/\/twkumc.org\/es\/wp-json\/wp\/v2\/pages\/232\/revisions\/42367"}],"up":[{"embeddable":true,"href":"https:\/\/twkumc.org\/es\/wp-json\/wp\/v2\/pages\/220"}],"wp:attachment":[{"href":"https:\/\/twkumc.org\/es\/wp-json\/wp\/v2\/media?parent=232"}],"wp:term":[{"taxonomy":"post_tag","embeddable":true,"href":"https:\/\/twkumc.org\/es\/wp-json\/wp\/v2\/tags?post=232"}],"curies":[{"name":"wp","href":"https:\/\/api.w.org\/{rel}","templated":true}]}}