{"id":24,"date":"2025-02-12T14:11:29","date_gmt":"2025-02-12T14:11:29","guid":{"rendered":"https:\/\/twkumc.org\/?page_id=24"},"modified":"2026-03-09T08:48:48","modified_gmt":"2026-03-09T14:48:48","slug":"disaster-response","status":"publish","type":"page","link":"https:\/\/twkumc.org\/es\/connect\/disaster-response\/","title":{"rendered":"Respuesta ante cat\u00e1strofes"},"content":{"rendered":"<div data-elementor-type=\"wp-page\" data-elementor-id=\"24\" class=\"elementor elementor-24\" data-elementor-post-type=\"page\">\n\t\t\t\t<div class=\"elementor-element elementor-element-1ac4dd5e e-con-full e-flex e-con e-parent\" data-id=\"1ac4dd5e\" data-element_type=\"container\" data-e-type=\"container\" data-settings=\"{&quot;background_background&quot;:&quot;classic&quot;}\">\n\t\t<div class=\"elementor-element elementor-element-2b3f74ae e-con-full e-flex e-con e-child\" data-id=\"2b3f74ae\" data-element_type=\"container\" data-e-type=\"container\">\n\t\t\t\t<div class=\"elementor-element elementor-element-25efa2d2 elementor-invisible elementor-widget elementor-widget-heading\" data-id=\"25efa2d2\" data-element_type=\"widget\" data-e-type=\"widget\" data-settings=\"{&quot;_animation&quot;:&quot;fadeIn&quot;}\" data-widget_type=\"heading.default\">\n\t\t\t\t<div class=\"elementor-widget-container\">\n\t\t\t\t\t<h1 class=\"elementor-heading-title elementor-size-default\">Respuesta ante cat\u00e1strofes<\/h1>\t\t\t\t<\/div>\n\t\t\t\t<\/div>\n\t\t<div class=\"elementor-element elementor-element-172c9369 e-con-full e-flex e-con e-child\" data-id=\"172c9369\" data-element_type=\"container\" data-e-type=\"container\">\n\t\t\t\t<div class=\"elementor-element elementor-element-3cadaa78 elementor-widget elementor-widget-heading\" data-id=\"3cadaa78\" data-element_type=\"widget\" data-e-type=\"widget\" data-widget_type=\"heading.default\">\n\t\t\t\t<div class=\"elementor-widget-container\">\n\t\t\t\t\t<h5 class=\"elementor-heading-title elementor-size-default\">El Ministerio de Respuesta ante Cat\u00e1strofes de la Conferencia de Tennessee-Western Kentucky proporciona liderazgo para la preparaci\u00f3n, respuesta y recuperaci\u00f3n ante cat\u00e1strofes ofreciendo formaci\u00f3n, recursos y \"poder de la gente\" para ayudar a las iglesias locales en su propio ministerio de respuesta ante cat\u00e1strofes.<\/h5>\t\t\t\t<\/div>\n\t\t\t\t<\/div>\n\t\t<div class=\"elementor-element elementor-element-a01608f e-con-full e-flex e-con e-child\" data-id=\"a01608f\" data-element_type=\"container\" data-e-type=\"container\">\n\t\t\t\t<div class=\"elementor-element elementor-element-c4d1166 elementor-tablet-align-left elementor-mobile-align-left elementor-widget__width-inherit elementor-align-justify elementor-invisible elementor-widget elementor-widget-button\" data-id=\"c4d1166\" data-element_type=\"widget\" data-e-type=\"widget\" data-settings=\"{&quot;_animation&quot;:&quot;fadeIn&quot;,&quot;_animation_delay&quot;:200}\" data-widget_type=\"button.default\">\n\t\t\t\t<div class=\"elementor-widget-container\">\n\t\t\t\t\t\t\t\t\t<div class=\"elementor-button-wrapper\">\n\t\t\t\t\t<a class=\"elementor-button elementor-button-link elementor-size-sm\" href=\"https:\/\/forms.ministryforms.net\/embed.aspx?formId=6ce33a42-27c0-4e9a-b702-fbbd42f48841\">\n\t\t\t\t\t\t<span class=\"elementor-button-content-wrapper\">\n\t\t\t\t\t\t\t\t\t<span class=\"elementor-button-text\">Donar a Recuperaci\u00f3n de Cat\u00e1strofes desde el men\u00fa desplegable<\/span>\n\t\t\t\t\t<\/span>\n\t\t\t\t\t<\/a>\n\t\t\t\t<\/div>\n\t\t\t\t\t\t\t\t<\/div>\n\t\t\t\t<\/div>\n\t\t\t\t<div class=\"elementor-element elementor-element-237ea55 elementor-tablet-align-left elementor-mobile-align-left elementor-widget__width-inherit elementor-align-justify elementor-invisible elementor-widget elementor-widget-button\" data-id=\"237ea55\" data-element_type=\"widget\" data-e-type=\"widget\" data-settings=\"{&quot;_animation&quot;:&quot;fadeIn&quot;,&quot;_animation_delay&quot;:200}\" data-widget_type=\"button.default\">\n\t\t\t\t<div class=\"elementor-widget-container\">\n\t\t\t\t\t\t\t\t\t<div class=\"elementor-button-wrapper\">\n\t\t\t\t\t<a class=\"elementor-button elementor-button-link elementor-size-sm\" href=\"https:\/\/docs.google.com\/forms\/u\/0\/d\/1luPMqW23eqcVeaGYgd92Man3XajEmpincbE2gjah9ro\/viewform?urp=gmail_link&#038;edit_requested=true\">\n\t\t\t\t\t\t<span class=\"elementor-button-content-wrapper\">\n\t\t\t\t\t\t\t\t\t<span class=\"elementor-button-text\">Registro del equipo de respuesta temprana<\/span>\n\t\t\t\t\t<\/span>\n\t\t\t\t\t<\/a>\n\t\t\t\t<\/div>\n\t\t\t\t\t\t\t\t<\/div>\n\t\t\t\t<\/div>\n\t\t\t\t<\/div>\n\t\t\t\t<\/div>\n\t\t\t\t<\/div>\n\t\t\t\t<\/div>\n\t\t<div class=\"elementor-element elementor-element-32d4732 elementor-hidden-desktop elementor-hidden-laptop elementor-hidden-tablet elementor-hidden-mobile e-flex e-con-boxed e-con e-parent\" data-id=\"32d4732\" data-element_type=\"container\" data-e-type=\"container\" data-settings=\"{&quot;background_background&quot;:&quot;classic&quot;}\">\n\t\t\t\t\t<div class=\"e-con-inner\">\n\t\t\t\t<div class=\"elementor-element elementor-element-cde340b elementor-widget elementor-widget-text-editor\" data-id=\"cde340b\" data-element_type=\"widget\" data-e-type=\"widget\" data-widget_type=\"text-editor.default\">\n\t\t\t\t<div class=\"elementor-widget-container\">\n\t\t\t\t\t\t\t\t\t<p>Si necesita ayuda, llame a nuestro tel\u00e9fono de asistencia: (615) 270-9255.<\/p>\t\t\t\t\t\t\t\t<\/div>\n\t\t\t\t<\/div>\n\t\t\t\t\t<\/div>\n\t\t\t\t<\/div>\n\t\t<div class=\"elementor-element elementor-element-36f95ed e-flex e-con-boxed e-con e-parent\" data-id=\"36f95ed\" data-element_type=\"container\" data-e-type=\"container\">\n\t\t\t\t\t<div class=\"e-con-inner\">\n\t\t<div class=\"elementor-element elementor-element-47d3e25 e-con-full e-flex e-con e-child\" data-id=\"47d3e25\" data-element_type=\"container\" data-e-type=\"container\">\n\t\t\t\t<div class=\"elementor-element elementor-element-2178c60 elementor-widget elementor-widget-text-editor\" data-id=\"2178c60\" data-element_type=\"widget\" data-e-type=\"widget\" data-widget_type=\"text-editor.default\">\n\t\t\t\t<div class=\"elementor-widget-container\">\n\t\t\t\t\t\t\t\t\t<div class=\"x-text x-content e510-e5 me6-a\"><p>Nuestros equipos trabajan fuera de cada distrito de la conferencia bajo la direcci\u00f3n del Coordinador de Respuesta a Desastres (DRC) de la Conferencia TWK, Robert Craig.<\/p><p>Colaboramos con las Organizaciones de Voluntarios Activos en Cat\u00e1strofes (VOAD) locales, del condado y estatales, el Comit\u00e9 Metodista Unido de Ayuda (UMCOR) y muchas otras organizaciones de respuesta a cat\u00e1strofes. <strong>Tenga en cuenta lo siguiente:<\/strong> Todos los equipos de voluntarios deben inscribirse en nuestro registro antes de desplazarse a una zona afectada por una cat\u00e1strofe.<\/p><p>Prep\u00e1rese Puede encontrar recursos para planificar y prepararse antes de que llegue una tormenta en <a href=\"https:\/\/www.nashvilleresponds.com\/be-prepared\" target=\"_blank\" rel=\"noopener\"><strong>esta p\u00e1gina<\/strong><\/a> ofrecido por nuestro socio VOAD en la zona de Nashville.<\/p><\/div><div class=\"x-text x-content e510-e7 me6-a\"><p>Si necesita <strong>informe de da\u00f1os por tormenta<\/strong> a nuestro equipo de respuesta a cat\u00e1strofes o est\u00e1 interesado en <strong>desplegarse para ayudar<\/strong> en zonas afectadas por las recientes tormentas, env\u00ede un correo electr\u00f3nico a nuestro equipo a <strong>disasterresponse@twkumc.org<\/strong>. <em>Por favor, no se autodespliegue a otra conferencia UMC sin invitaci\u00f3n.<\/em><\/p><p>Tenga en cuenta nuestra direcci\u00f3n postal actualizada: P.O. Box 520, McEwen, TN 37101<\/p><\/div>\t\t\t\t\t\t\t\t<\/div>\n\t\t\t\t<\/div>\n\t\t<div class=\"elementor-element elementor-element-2f6eae4 e-con-full e-flex e-con e-child\" data-id=\"2f6eae4\" data-element_type=\"container\" data-e-type=\"container\">\n\t\t\t\t<div class=\"elementor-element elementor-element-b68399d elementor-align-center elementor-mobile-align-center elementor-tablet-align-center elementor-widget__width-inherit elementor-hidden-widescreen elementor-hidden-desktop elementor-hidden-laptop elementor-hidden-tablet elementor-hidden-mobile elementor-widget elementor-widget-button\" data-id=\"b68399d\" data-element_type=\"widget\" data-e-type=\"widget\" data-widget_type=\"button.default\">\n\t\t\t\t<div class=\"elementor-widget-container\">\n\t\t\t\t\t\t\t\t\t<div class=\"elementor-button-wrapper\">\n\t\t\t\t\t<a class=\"elementor-button elementor-button-link elementor-size-sm\" href=\"#\">\n\t\t\t\t\t\t<span class=\"elementor-button-content-wrapper\">\n\t\t\t\t\t\t\t\t\t<span class=\"elementor-button-text\">Recuperaci\u00f3n a largo plazo<\/span>\n\t\t\t\t\t<\/span>\n\t\t\t\t\t<\/a>\n\t\t\t\t<\/div>\n\t\t\t\t\t\t\t\t<\/div>\n\t\t\t\t<\/div>\n\t\t\t\t<div class=\"elementor-element elementor-element-14ff6a8 elementor-align-center elementor-mobile-align-center elementor-tablet-align-center elementor-widget__width-inherit elementor-widget elementor-widget-button\" data-id=\"14ff6a8\" data-element_type=\"widget\" data-e-type=\"widget\" data-widget_type=\"button.default\">\n\t\t\t\t<div class=\"elementor-widget-container\">\n\t\t\t\t\t\t\t\t\t<div class=\"elementor-button-wrapper\">\n\t\t\t\t\t<a class=\"elementor-button elementor-button-link elementor-size-sm\" href=\"https:\/\/docs.google.com\/forms\/d\/e\/1FAIpQLSf_HDtL_PyAU4dqxDlv-C-uWsLFc4nXBLo-qSFsSL1TtvS4ZQ\/viewform\">\n\t\t\t\t\t\t<span class=\"elementor-button-content-wrapper\">\n\t\t\t\t\t\t\t\t\t<span class=\"elementor-button-text\">Voluntario<\/span>\n\t\t\t\t\t<\/span>\n\t\t\t\t\t<\/a>\n\t\t\t\t<\/div>\n\t\t\t\t\t\t\t\t<\/div>\n\t\t\t\t<\/div>\n\t\t\t\t<div class=\"elementor-element elementor-element-8bfacae elementor-align-center elementor-mobile-align-center elementor-tablet-align-center elementor-widget__width-inherit elementor-widget elementor-widget-button\" data-id=\"8bfacae\" data-element_type=\"widget\" data-e-type=\"widget\" data-widget_type=\"button.default\">\n\t\t\t\t<div class=\"elementor-widget-container\">\n\t\t\t\t\t\t\t\t\t<div class=\"elementor-button-wrapper\">\n\t\t\t\t\t<a class=\"elementor-button elementor-button-link elementor-size-sm\" href=\"https:\/\/docs.google.com\/forms\/d\/e\/1FAIpQLSfCSdbK4n3JQAOXU1GUAwoouv3aruL7pAa9R1QC5S5e7F8A-w\/viewform\">\n\t\t\t\t\t\t<span class=\"elementor-button-content-wrapper\">\n\t\t\t\t\t\t\t\t\t<span class=\"elementor-button-text\">Portal de Supervivientes<\/span>\n\t\t\t\t\t<\/span>\n\t\t\t\t\t<\/a>\n\t\t\t\t<\/div>\n\t\t\t\t\t\t\t\t<\/div>\n\t\t\t\t<\/div>\n\t\t\t\t<\/div>\n\t\t\t\t<\/div>\n\t\t\t\t\t<\/div>\n\t\t\t\t<\/div>\n\t\t<div class=\"elementor-element elementor-element-5813332 e-flex e-con-boxed e-con e-parent\" data-id=\"5813332\" data-element_type=\"container\" data-e-type=\"container\" data-settings=\"{&quot;background_background&quot;:&quot;classic&quot;}\">\n\t\t\t\t\t<div class=\"e-con-inner\">\n\t\t<div class=\"elementor-element elementor-element-104e379 e-con-full e-flex e-con e-child\" data-id=\"104e379\" data-element_type=\"container\" data-e-type=\"container\">\n\t\t\t\t<div class=\"elementor-element elementor-element-48525e4 elementor-widget elementor-widget-heading\" data-id=\"48525e4\" data-element_type=\"widget\" data-e-type=\"widget\" data-widget_type=\"heading.default\">\n\t\t\t\t<div class=\"elementor-widget-container\">\n\t\t\t\t\t<h2 class=\"elementor-heading-title elementor-size-default\">Dar donde m\u00e1s se necesita<\/h2>\t\t\t\t<\/div>\n\t\t\t\t<\/div>\n\t\t\t\t<div class=\"elementor-element elementor-element-24f5b39 elementor-widget-divider--view-line elementor-widget elementor-widget-divider\" data-id=\"24f5b39\" data-element_type=\"widget\" data-e-type=\"widget\" data-widget_type=\"divider.default\">\n\t\t\t\t<div class=\"elementor-widget-container\">\n\t\t\t\t\t\t\t<div class=\"elementor-divider\">\n\t\t\t<span class=\"elementor-divider-separator\">\n\t\t\t\t\t\t<\/span>\n\t\t<\/div>\n\t\t\t\t\t\t<\/div>\n\t\t\t\t<\/div>\n\t\t\t\t<\/div>\n\t\t<div class=\"elementor-element elementor-element-3d4c6f9 e-con-full e-flex e-con e-child\" data-id=\"3d4c6f9\" data-element_type=\"container\" data-e-type=\"container\">\n\t\t<div class=\"elementor-element elementor-element-6a2d73f e-con-full e-flex e-con e-child\" data-id=\"6a2d73f\" data-element_type=\"container\" data-e-type=\"container\">\n\t\t\t\t<div class=\"elementor-element elementor-element-d570a3f elementor-widget elementor-widget-heading\" data-id=\"d570a3f\" data-element_type=\"widget\" data-e-type=\"widget\" data-widget_type=\"heading.default\">\n\t\t\t\t<div class=\"elementor-widget-container\">\n\t\t\t\t\t<h2 class=\"elementor-heading-title elementor-size-default\">TWKUMC Recuperaci\u00f3n en caso de cat\u00e1strofe<\/h2>\t\t\t\t<\/div>\n\t\t\t\t<\/div>\n\t\t\t\t<div class=\"elementor-element elementor-element-a4373d6 elementor-widget elementor-widget-text-editor\" data-id=\"a4373d6\" data-element_type=\"widget\" data-e-type=\"widget\" data-widget_type=\"text-editor.default\">\n\t\t\t\t<div class=\"elementor-widget-container\">\n\t\t\t\t\t\t\t\t\t<p>Cuando el TWKUMC es afectado directamente por un desastre, le pedimos que done al fondo de Recuperaci\u00f3n de Desastres del TWK, para que las donaciones puedan ser utilizadas r\u00e1pidamente por nuestro equipo para ayudar a los sobrevivientes con sus necesidades inmediatas y a largo plazo.<\/p><p>En los casos en que las cat\u00e1strofes afecten a nuestras conferencias hermanas, les animamos a hacer donativos a UMCOR o directamente a la Conferencia de la UM afectada.<\/p><p>La formaci\u00f3n continua en preparaci\u00f3n para cat\u00e1strofes se financia a trav\u00e9s de los compromisos de conexi\u00f3n contra\u00eddos por nuestras iglesias locales.<\/p><p>Los donativos ayudan inmediatamente a los afectados por las recientes tormentas en la zona de la Conferencia TWK y apoyan a nuestros equipos cuando se despliegan en conferencias hermanas cercanas.<\/p><p>Puede donar en l\u00ednea utilizando el siguiente bot\u00f3n <em>(elija recuperaci\u00f3n en caso de cat\u00e1strofe en el men\u00fa desplegable)<\/em> o por correo a la direcci\u00f3n que figura a continuaci\u00f3n.<\/p><p>Los cheques pueden extenderse y enviarse por correo al <strong>Conferencia Tennessee-Kentucky Occidental<\/strong> <em>(por favor, anote Disaster Response en la l\u00ednea de memo).<\/em><br \/>TWKUMC Recuperaci\u00f3n en caso de cat\u00e1strofe<br \/>Apartado de correos 440132<br \/>Nashville, TN 37244<\/p>\t\t\t\t\t\t\t\t<\/div>\n\t\t\t\t<\/div>\n\t\t\t\t<div class=\"elementor-element elementor-element-85916bc elementor-align-justify elementor-mobile-align-center elementor-tablet-align-center elementor-widget__width-inherit elementor-widget elementor-widget-button\" data-id=\"85916bc\" data-element_type=\"widget\" data-e-type=\"widget\" data-widget_type=\"button.default\">\n\t\t\t\t<div class=\"elementor-widget-container\">\n\t\t\t\t\t\t\t\t\t<div class=\"elementor-button-wrapper\">\n\t\t\t\t\t<a class=\"elementor-button elementor-button-link elementor-size-sm\" href=\"https:\/\/forms.ministryforms.net\/embed.aspx?formId=6ce33a42-27c0-4e9a-b702-fbbd42f48841\">\n\t\t\t\t\t\t<span class=\"elementor-button-content-wrapper\">\n\t\t\t\t\t\t\t\t\t<span class=\"elementor-button-text\">TWKUMC Donaciones<\/span>\n\t\t\t\t\t<\/span>\n\t\t\t\t\t<\/a>\n\t\t\t\t<\/div>\n\t\t\t\t\t\t\t\t<\/div>\n\t\t\t\t<\/div>\n\t\t\t\t<\/div>\n\t\t<div class=\"elementor-element elementor-element-da300a8 e-con-full e-flex e-con e-child\" data-id=\"da300a8\" data-element_type=\"container\" data-e-type=\"container\">\n\t\t\t\t<div class=\"elementor-element elementor-element-699ffc7 elementor-widget elementor-widget-heading\" data-id=\"699ffc7\" data-element_type=\"widget\" data-e-type=\"widget\" data-widget_type=\"heading.default\">\n\t\t\t\t<div class=\"elementor-widget-container\">\n\t\t\t\t\t<h2 class=\"elementor-heading-title elementor-size-default\">Dona a UMCOR<\/h2>\t\t\t\t<\/div>\n\t\t\t\t<\/div>\n\t\t\t\t<div class=\"elementor-element elementor-element-7e28d14 elementor-widget elementor-widget-text-editor\" data-id=\"7e28d14\" data-element_type=\"widget\" data-e-type=\"widget\" data-widget_type=\"text-editor.default\">\n\t\t\t\t<div class=\"elementor-widget-container\">\n\t\t\t\t\t\t\t\t\t<p>Los donativos para ayudar a los afectados por las recientes tormentas fuera de nuestra zona episcopal pueden enviarse por Internet o por correo.<\/p><p>Por correo: Los cheques pueden extenderse a nombre de <strong>UMCOR<\/strong> <em>(Si env\u00eda un cheque, escriba en la zona afectada de la l\u00ednea de memo)<\/em><br \/>UMCOR (US Advance #901670)<br \/>458 Avenida Ponce de Le\u00f3n, NE<br \/>Atlanta, GA 30308<\/p>\t\t\t\t\t\t\t\t<\/div>\n\t\t\t\t<\/div>\n\t\t\t\t<div class=\"elementor-element elementor-element-4e3b1ff elementor-align-justify elementor-mobile-align-center elementor-tablet-align-center elementor-widget__width-inherit elementor-widget elementor-widget-button\" data-id=\"4e3b1ff\" data-element_type=\"widget\" data-e-type=\"widget\" data-widget_type=\"button.default\">\n\t\t\t\t<div class=\"elementor-widget-container\">\n\t\t\t\t\t\t\t\t\t<div class=\"elementor-button-wrapper\">\n\t\t\t\t\t<a class=\"elementor-button elementor-button-link elementor-size-sm\" href=\"https:\/\/advance.umcmission.org\/p-620-umcor-us-disaster-response-and-recovery.aspx\">\n\t\t\t\t\t\t<span class=\"elementor-button-content-wrapper\">\n\t\t\t\t\t\t\t\t\t<span class=\"elementor-button-text\">Donaciones UMCOR<\/span>\n\t\t\t\t\t<\/span>\n\t\t\t\t\t<\/a>\n\t\t\t\t<\/div>\n\t\t\t\t\t\t\t\t<\/div>\n\t\t\t\t<\/div>\n\t\t\t\t<\/div>\n\t\t\t\t<\/div>\n\t\t\t\t\t<\/div>\n\t\t\t\t<\/div>\n\t\t\t\t<\/div>","protected":false},"excerpt":{"rendered":"<p>Disaster Response The Tennessee-Western Kentucky Conference Disaster Response Ministry provides leadership for disaster readiness, response and recovery by offering training, resources and \u2018people power\u2019 to assist local churches in their [&hellip;]<\/p>\n","protected":false},"author":1,"featured_media":0,"parent":50,"menu_order":0,"comment_status":"closed","ping_status":"closed","template":"","meta":{"_acf_changed":false,"footnotes":""},"tags":[],"class_list":["post-24","page","type-page","status-publish","hentry"],"acf":[],"yoast_head":"<!-- This site is optimized with the Yoast SEO plugin v27.1.1 - https:\/\/yoast.com\/product\/yoast-seo-wordpress\/ -->\n<title>Disaster Response - TWKUMC<\/title>\n<meta name=\"robots\" content=\"index, follow, max-snippet:-1, max-image-preview:large, max-video-preview:-1\" \/>\n<link rel=\"canonical\" href=\"https:\/\/twkumc.org\/es\/connect\/disaster-response\/\" \/>\n<meta property=\"og:locale\" content=\"es_MX\" \/>\n<meta property=\"og:type\" content=\"article\" \/>\n<meta property=\"og:title\" content=\"Disaster Response - TWKUMC\" \/>\n<meta property=\"og:description\" content=\"Disaster Response The Tennessee-Western Kentucky Conference Disaster Response Ministry provides leadership for disaster readiness, response and recovery by offering training, resources and \u2018people power\u2019 to assist local churches in their [&hellip;]\" \/>\n<meta property=\"og:url\" content=\"https:\/\/twkumc.org\/es\/connect\/disaster-response\/\" \/>\n<meta property=\"og:site_name\" content=\"TWKUMC\" \/>\n<meta property=\"article:modified_time\" content=\"2026-03-09T14:48:48+00:00\" \/>\n<meta name=\"twitter:card\" content=\"summary_large_image\" \/>\n<meta name=\"twitter:label1\" content=\"Tiempo de lectura\" \/>\n\t<meta name=\"twitter:data1\" content=\"2 minutos\" \/>\n<script type=\"application\/ld+json\" class=\"yoast-schema-graph\">{\"@context\":\"https:\/\/schema.org\",\"@graph\":[{\"@type\":\"WebPage\",\"@id\":\"https:\/\/twkumc.org\/connect\/disaster-response\/\",\"url\":\"https:\/\/twkumc.org\/connect\/disaster-response\/\",\"name\":\"Disaster Response - TWKUMC\",\"isPartOf\":{\"@id\":\"https:\/\/twkumc.org\/#website\"},\"datePublished\":\"2025-02-12T14:11:29+00:00\",\"dateModified\":\"2026-03-09T14:48:48+00:00\",\"breadcrumb\":{\"@id\":\"https:\/\/twkumc.org\/connect\/disaster-response\/#breadcrumb\"},\"inLanguage\":\"es\",\"potentialAction\":[{\"@type\":\"ReadAction\",\"target\":[\"https:\/\/twkumc.org\/connect\/disaster-response\/\"]}]},{\"@type\":\"BreadcrumbList\",\"@id\":\"https:\/\/twkumc.org\/connect\/disaster-response\/#breadcrumb\",\"itemListElement\":[{\"@type\":\"ListItem\",\"position\":1,\"name\":\"Home\",\"item\":\"https:\/\/twkumc.org\/\"},{\"@type\":\"ListItem\",\"position\":2,\"name\":\"Connect\",\"item\":\"https:\/\/twkumc.org\/connect\/\"},{\"@type\":\"ListItem\",\"position\":3,\"name\":\"Disaster Response\"}]},{\"@type\":\"WebSite\",\"@id\":\"https:\/\/twkumc.org\/#website\",\"url\":\"https:\/\/twkumc.org\/\",\"name\":\"TWKUMC\",\"description\":\"\",\"publisher\":{\"@id\":\"https:\/\/twkumc.org\/#organization\"},\"potentialAction\":[{\"@type\":\"SearchAction\",\"target\":{\"@type\":\"EntryPoint\",\"urlTemplate\":\"https:\/\/twkumc.org\/?s={search_term_string}\"},\"query-input\":{\"@type\":\"PropertyValueSpecification\",\"valueRequired\":true,\"valueName\":\"search_term_string\"}}],\"inLanguage\":\"es\"},{\"@type\":\"Organization\",\"@id\":\"https:\/\/twkumc.org\/#organization\",\"name\":\"TWKUMC\",\"url\":\"https:\/\/twkumc.org\/\",\"logo\":{\"@type\":\"ImageObject\",\"inLanguage\":\"es\",\"@id\":\"https:\/\/twkumc.org\/#\/schema\/logo\/image\/\",\"url\":\"https:\/\/twkumc.org\/wp-content\/uploads\/2025\/02\/TWK-Full_ColorBlack.webp\",\"contentUrl\":\"https:\/\/twkumc.org\/wp-content\/uploads\/2025\/02\/TWK-Full_ColorBlack.webp\",\"width\":2340,\"height\":478,\"caption\":\"TWKUMC\"},\"image\":{\"@id\":\"https:\/\/twkumc.org\/#\/schema\/logo\/image\/\"}}]}<\/script>\n<!-- \/ Yoast SEO plugin. -->","yoast_head_json":{"title":"Respuesta ante cat\u00e1strofes - TWKUMC","robots":{"index":"index","follow":"follow","max-snippet":"max-snippet:-1","max-image-preview":"max-image-preview:large","max-video-preview":"max-video-preview:-1"},"canonical":"https:\/\/twkumc.org\/es\/connect\/disaster-response\/","og_locale":"es_MX","og_type":"article","og_title":"Disaster Response - TWKUMC","og_description":"Disaster Response The Tennessee-Western Kentucky Conference Disaster Response Ministry provides leadership for disaster readiness, response and recovery by offering training, resources and \u2018people power\u2019 to assist local churches in their [&hellip;]","og_url":"https:\/\/twkumc.org\/es\/connect\/disaster-response\/","og_site_name":"TWKUMC","article_modified_time":"2026-03-09T14:48:48+00:00","twitter_card":"summary_large_image","twitter_misc":{"Tiempo de lectura":"2 minutos"},"schema":{"@context":"https:\/\/schema.org","@graph":[{"@type":"WebPage","@id":"https:\/\/twkumc.org\/connect\/disaster-response\/","url":"https:\/\/twkumc.org\/connect\/disaster-response\/","name":"Respuesta ante cat\u00e1strofes - TWKUMC","isPartOf":{"@id":"https:\/\/twkumc.org\/#website"},"datePublished":"2025-02-12T14:11:29+00:00","dateModified":"2026-03-09T14:48:48+00:00","breadcrumb":{"@id":"https:\/\/twkumc.org\/connect\/disaster-response\/#breadcrumb"},"inLanguage":"es","potentialAction":[{"@type":"ReadAction","target":["https:\/\/twkumc.org\/connect\/disaster-response\/"]}]},{"@type":"BreadcrumbList","@id":"https:\/\/twkumc.org\/connect\/disaster-response\/#breadcrumb","itemListElement":[{"@type":"ListItem","position":1,"name":"Home","item":"https:\/\/twkumc.org\/"},{"@type":"ListItem","position":2,"name":"Connect","item":"https:\/\/twkumc.org\/connect\/"},{"@type":"ListItem","position":3,"name":"Disaster Response"}]},{"@type":"WebSite","@id":"https:\/\/twkumc.org\/#website","url":"https:\/\/twkumc.org\/","name":"TWKUMC","description":"","publisher":{"@id":"https:\/\/twkumc.org\/#organization"},"potentialAction":[{"@type":"SearchAction","target":{"@type":"EntryPoint","urlTemplate":"https:\/\/twkumc.org\/?s={search_term_string}"},"query-input":{"@type":"PropertyValueSpecification","valueRequired":true,"valueName":"search_term_string"}}],"inLanguage":"es"},{"@type":"Organization","@id":"https:\/\/twkumc.org\/#organization","name":"TWKUMC","url":"https:\/\/twkumc.org\/","logo":{"@type":"ImageObject","inLanguage":"es","@id":"https:\/\/twkumc.org\/#\/schema\/logo\/image\/","url":"https:\/\/twkumc.org\/wp-content\/uploads\/2025\/02\/TWK-Full_ColorBlack.webp","contentUrl":"https:\/\/twkumc.org\/wp-content\/uploads\/2025\/02\/TWK-Full_ColorBlack.webp","width":2340,"height":478,"caption":"TWKUMC"},"image":{"@id":"https:\/\/twkumc.org\/#\/schema\/logo\/image\/"}}]}},"publishpress_future_action":{"enabled":false,"date":"2026-04-16 21:55:14","action":"change-status","newStatus":"draft","terms":[],"taxonomy":"post_tag","extraData":[]},"publishpress_future_workflow_manual_trigger":{"enabledWorkflows":[]},"_links":{"self":[{"href":"https:\/\/twkumc.org\/es\/wp-json\/wp\/v2\/pages\/24","targetHints":{"allow":["GET"]}}],"collection":[{"href":"https:\/\/twkumc.org\/es\/wp-json\/wp\/v2\/pages"}],"about":[{"href":"https:\/\/twkumc.org\/es\/wp-json\/wp\/v2\/types\/page"}],"author":[{"embeddable":true,"href":"https:\/\/twkumc.org\/es\/wp-json\/wp\/v2\/users\/1"}],"replies":[{"embeddable":true,"href":"https:\/\/twkumc.org\/es\/wp-json\/wp\/v2\/comments?post=24"}],"version-history":[{"count":61,"href":"https:\/\/twkumc.org\/es\/wp-json\/wp\/v2\/pages\/24\/revisions"}],"predecessor-version":[{"id":41946,"href":"https:\/\/twkumc.org\/es\/wp-json\/wp\/v2\/pages\/24\/revisions\/41946"}],"up":[{"embeddable":true,"href":"https:\/\/twkumc.org\/es\/wp-json\/wp\/v2\/pages\/50"}],"wp:attachment":[{"href":"https:\/\/twkumc.org\/es\/wp-json\/wp\/v2\/media?parent=24"}],"wp:term":[{"taxonomy":"post_tag","embeddable":true,"href":"https:\/\/twkumc.org\/es\/wp-json\/wp\/v2\/tags?post=24"}],"curies":[{"name":"wp","href":"https:\/\/api.w.org\/{rel}","templated":true}]}}