{"id":248,"date":"2025-02-13T00:34:43","date_gmt":"2025-02-13T00:34:43","guid":{"rendered":"https:\/\/twkumc.org\/?page_id=248"},"modified":"2025-09-08T15:39:32","modified_gmt":"2025-09-08T21:39:32","slug":"about-bishop-david-graves","status":"publish","type":"page","link":"https:\/\/twkumc.org\/es\/about-us\/about-bishop-david-graves\/","title":{"rendered":"Sobre el obispo David Graves"},"content":{"rendered":"<div data-elementor-type=\"wp-page\" data-elementor-id=\"248\" class=\"elementor elementor-248\" data-elementor-post-type=\"page\">\n\t\t\t\t<div class=\"elementor-element elementor-element-5b42f92 e-flex e-con-boxed e-con e-parent\" data-id=\"5b42f92\" data-element_type=\"container\" data-e-type=\"container\">\n\t\t\t\t\t<div class=\"e-con-inner\">\n\t\t\t\t<div class=\"elementor-element elementor-element-aaef7b4 elementor-widget elementor-widget-image\" data-id=\"aaef7b4\" data-element_type=\"widget\" data-e-type=\"widget\" data-widget_type=\"image.default\">\n\t\t\t\t<div class=\"elementor-widget-container\">\n\t\t\t\t\t\t\t\t\t\t\t\t\t\t\t<img fetchpriority=\"high\" decoding=\"async\" width=\"1536\" height=\"864\" src=\"https:\/\/twkumc.org\/wp-content\/uploads\/2025\/06\/Bishop-20-1536x864.jpg\" class=\"attachment-1536x1536 size-1536x1536 wp-image-24882\" alt=\"\" srcset=\"https:\/\/twkumc.org\/wp-content\/uploads\/2025\/06\/Bishop-20-1536x864.jpg 1536w, https:\/\/twkumc.org\/wp-content\/uploads\/2025\/06\/Bishop-20-300x169.jpg 300w, https:\/\/twkumc.org\/wp-content\/uploads\/2025\/06\/Bishop-20-1024x576.jpg 1024w, https:\/\/twkumc.org\/wp-content\/uploads\/2025\/06\/Bishop-20-768x432.jpg 768w, https:\/\/twkumc.org\/wp-content\/uploads\/2025\/06\/Bishop-20-2048x1152.jpg 2048w\" sizes=\"(max-width: 1536px) 100vw, 1536px\" \/>\t\t\t\t\t\t\t\t\t\t\t\t\t\t\t<\/div>\n\t\t\t\t<\/div>\n\t\t\t\t\t<\/div>\n\t\t\t\t<\/div>\n\t\t<div class=\"elementor-element elementor-element-4add4c3 e-flex e-con-boxed e-con e-parent\" data-id=\"4add4c3\" data-element_type=\"container\" data-e-type=\"container\">\n\t\t\t\t\t<div class=\"e-con-inner\">\n\t\t\t\t<div class=\"elementor-element elementor-element-cb20319 elementor-widget__width-initial elementor-widget elementor-widget-text-editor\" data-id=\"cb20319\" data-element_type=\"widget\" data-e-type=\"widget\" data-widget_type=\"text-editor.default\">\n\t\t\t\t<div class=\"elementor-widget-container\">\n\t\t\t\t\t\t\t\t\t<p>El obispo David Graves se convirti\u00f3 en el l\u00edder episcopal de la nueva \u00c1rea Episcopal Kentucky-Tennessee de la Iglesia Metodista Unida el 1 de septiembre de 2024. En ese cargo, sirve a la Conferencia de Tennessee-Kentucky Occidental, a la Conferencia Misionera de los Apalaches Centrales y a la Conferencia de Kentucky.<\/p><p>Anteriormente fue l\u00edder episcopal de la Conferencia de Alabama Oeste-Florida y de la Conferencia del Sur de Georgia de la Iglesia Metodista Unida.<\/p><p>La pasi\u00f3n del obispo David Graves es compartir a Jes\u00fas, ver lo que se pasa por alto, unirse a Dios para transformar vidas y cambiar el mundo persona a persona. Su estudio del liderazgo impregna todo su trabajo como pastor, superintendente de distrito y obispo. Como pastor, el obispo Graves dirigi\u00f3 una iglesia de peque\u00f1a membres\u00eda hasta convertirla en una congregaci\u00f3n de tama\u00f1o medio y, m\u00e1s tarde, una iglesia de tama\u00f1o medio hasta convertirla en una congregaci\u00f3n de gran membres\u00eda. Tiene coraz\u00f3n y manos para las misiones y ha dirigido varios equipos misioneros a corto plazo (locales, nacionales e internacionales). El modelo misionero de Hechos 1:8 cobr\u00f3 vida en las iglesias a las que ha servido. Estas iglesias recaudaron cientos de miles de d\u00f3lares para el trabajo misionero, adem\u00e1s de capacitar a los laicos en el ministerio pr\u00e1ctico.<\/p><p>Como superintendente de distrito, el obispo Graves puso en marcha una estrategia de distrito que dot\u00f3 tanto al clero como a los laicos de herramientas de liderazgo para un ministerio eficaz y vital. Esta estrategia revitaliz\u00f3 varias iglesias que experimentaron un crecimiento en la asistencia al culto y la membres\u00eda; la Escuela Dominical y el discipulado en grupos peque\u00f1os; las ofrendas misionales y las profesiones de fe. En la v\u00edspera de Navidad de 2014, a trav\u00e9s de una ofrenda distrital, el Distrito Kingsport generosamente dio m\u00e1s $230,000 para la Asociaci\u00f3n Distrital con Giru, Sud\u00e1n del Sur.<\/p><p>Antes de ser elegido obispo en 2016, el obispo Graves fue pastor principal de la Iglesia Metodista Unida Church Street en Knoxville, Tennessee. Antes de eso, sirvi\u00f3 seis a\u00f1os como superintendente de distrito para el Distrito Kingsport de la Conferencia Holston de la Iglesia Metodista Unida. En 2011 y 2012, sirvi\u00f3 como Decano del Gabinete. Ha sido pastor ordenado en la Iglesia Metodista Unida durante m\u00e1s de 35 a\u00f1os y anteriormente fue pastor principal de la Iglesia Metodista Unida de Ooltewah, una iglesia de gran membres\u00eda en Chattanooga, Tennessee, durante 11 a\u00f1os. Anteriormente, fue pastor de dos iglesias de la zona de Kingsport, St. Matthew y Mountain View United Methodist. Matthew y Mountain View United Methodist. Form\u00f3 parte del personal y recibi\u00f3 su primer nombramiento en la Iglesia Metodista Unida de Hixson, en la zona de Chattanooga, donde sirvi\u00f3 durante 11 a\u00f1os.<\/p><p>El obispo Graves es natural de Knoxville (Tennessee) y se licenci\u00f3 en Ciencias Empresariales por la Universidad de Tennessee (Knoxville) y en Divinidad por la Facultad de Teolog\u00eda Candler de la Universidad Emory de Atlanta (Georgia).<\/p><p>\u00c9l y su esposa Nancy tienen dos hijos, Casey y Gregg. Casey est\u00e1 casada con su marido Bryan, y residen en Kingsport con su hijo Brooks y su hija Lucy. Gregg reside en Chattanooga.<\/p>\t\t\t\t\t\t\t\t<\/div>\n\t\t\t\t<\/div>\n\t\t\t\t\t<\/div>\n\t\t\t\t<\/div>\n\t\t\t\t<\/div>","protected":false},"excerpt":{"rendered":"<p>Bishop David Graves became the episcopal leader for the new Kentucky-Tennessee Episcopal Area of The United Methodist Church on September 1, 2024. In that role, he serves the Tennessee-Western Kentucky [&hellip;]<\/p>\n","protected":false},"author":1,"featured_media":0,"parent":240,"menu_order":0,"comment_status":"closed","ping_status":"closed","template":"","meta":{"_acf_changed":false,"footnotes":""},"tags":[],"class_list":["post-248","page","type-page","status-publish","hentry"],"acf":[],"yoast_head":"<!-- This site is optimized with the Yoast SEO plugin v27.1.1 - https:\/\/yoast.com\/product\/yoast-seo-wordpress\/ -->\n<title>About Bishop David Graves - TWKUMC<\/title>\n<meta name=\"robots\" content=\"index, follow, max-snippet:-1, max-image-preview:large, max-video-preview:-1\" \/>\n<link rel=\"canonical\" href=\"https:\/\/twkumc.org\/es\/about-us\/about-bishop-david-graves\/\" \/>\n<meta property=\"og:locale\" content=\"es_MX\" \/>\n<meta property=\"og:type\" content=\"article\" \/>\n<meta property=\"og:title\" content=\"About Bishop David Graves - TWKUMC\" \/>\n<meta property=\"og:description\" content=\"Bishop David Graves became the episcopal leader for the new Kentucky-Tennessee Episcopal Area of The United Methodist Church on September 1, 2024. In that role, he serves the Tennessee-Western Kentucky [&hellip;]\" \/>\n<meta property=\"og:url\" content=\"https:\/\/twkumc.org\/es\/about-us\/about-bishop-david-graves\/\" \/>\n<meta property=\"og:site_name\" content=\"TWKUMC\" \/>\n<meta property=\"article:modified_time\" content=\"2025-09-08T21:39:32+00:00\" \/>\n<meta property=\"og:image\" content=\"https:\/\/twkumc.org\/wp-content\/uploads\/2025\/06\/Bishop-20-scaled.jpg\" \/>\n\t<meta property=\"og:image:width\" content=\"2560\" \/>\n\t<meta property=\"og:image:height\" content=\"1440\" \/>\n\t<meta property=\"og:image:type\" content=\"image\/jpeg\" \/>\n<meta name=\"twitter:card\" content=\"summary_large_image\" \/>\n<meta name=\"twitter:label1\" content=\"Tiempo de lectura\" \/>\n\t<meta name=\"twitter:data1\" content=\"3 minutos\" \/>\n<script type=\"application\/ld+json\" class=\"yoast-schema-graph\">{\"@context\":\"https:\/\/schema.org\",\"@graph\":[{\"@type\":\"WebPage\",\"@id\":\"https:\/\/twkumc.org\/about-us\/about-bishop-david-graves\/\",\"url\":\"https:\/\/twkumc.org\/about-us\/about-bishop-david-graves\/\",\"name\":\"About Bishop David Graves - TWKUMC\",\"isPartOf\":{\"@id\":\"https:\/\/twkumc.org\/#website\"},\"primaryImageOfPage\":{\"@id\":\"https:\/\/twkumc.org\/about-us\/about-bishop-david-graves\/#primaryimage\"},\"image\":{\"@id\":\"https:\/\/twkumc.org\/about-us\/about-bishop-david-graves\/#primaryimage\"},\"thumbnailUrl\":\"https:\/\/twkumc.org\/wp-content\/uploads\/2025\/06\/Bishop-20-1536x864.jpg\",\"datePublished\":\"2025-02-13T00:34:43+00:00\",\"dateModified\":\"2025-09-08T21:39:32+00:00\",\"breadcrumb\":{\"@id\":\"https:\/\/twkumc.org\/about-us\/about-bishop-david-graves\/#breadcrumb\"},\"inLanguage\":\"es\",\"potentialAction\":[{\"@type\":\"ReadAction\",\"target\":[\"https:\/\/twkumc.org\/about-us\/about-bishop-david-graves\/\"]}]},{\"@type\":\"ImageObject\",\"inLanguage\":\"es\",\"@id\":\"https:\/\/twkumc.org\/about-us\/about-bishop-david-graves\/#primaryimage\",\"url\":\"https:\/\/twkumc.org\/wp-content\/uploads\/2025\/06\/Bishop-20-1536x864.jpg\",\"contentUrl\":\"https:\/\/twkumc.org\/wp-content\/uploads\/2025\/06\/Bishop-20-1536x864.jpg\"},{\"@type\":\"BreadcrumbList\",\"@id\":\"https:\/\/twkumc.org\/about-us\/about-bishop-david-graves\/#breadcrumb\",\"itemListElement\":[{\"@type\":\"ListItem\",\"position\":1,\"name\":\"Home\",\"item\":\"https:\/\/twkumc.org\/\"},{\"@type\":\"ListItem\",\"position\":2,\"name\":\"About Us\",\"item\":\"https:\/\/twkumc.org\/about-us\/\"},{\"@type\":\"ListItem\",\"position\":3,\"name\":\"About Bishop David Graves\"}]},{\"@type\":\"WebSite\",\"@id\":\"https:\/\/twkumc.org\/#website\",\"url\":\"https:\/\/twkumc.org\/\",\"name\":\"TWKUMC\",\"description\":\"\",\"publisher\":{\"@id\":\"https:\/\/twkumc.org\/#organization\"},\"potentialAction\":[{\"@type\":\"SearchAction\",\"target\":{\"@type\":\"EntryPoint\",\"urlTemplate\":\"https:\/\/twkumc.org\/?s={search_term_string}\"},\"query-input\":{\"@type\":\"PropertyValueSpecification\",\"valueRequired\":true,\"valueName\":\"search_term_string\"}}],\"inLanguage\":\"es\"},{\"@type\":\"Organization\",\"@id\":\"https:\/\/twkumc.org\/#organization\",\"name\":\"TWKUMC\",\"url\":\"https:\/\/twkumc.org\/\",\"logo\":{\"@type\":\"ImageObject\",\"inLanguage\":\"es\",\"@id\":\"https:\/\/twkumc.org\/#\/schema\/logo\/image\/\",\"url\":\"https:\/\/twkumc.org\/wp-content\/uploads\/2025\/02\/TWK-Full_ColorBlack.webp\",\"contentUrl\":\"https:\/\/twkumc.org\/wp-content\/uploads\/2025\/02\/TWK-Full_ColorBlack.webp\",\"width\":2340,\"height\":478,\"caption\":\"TWKUMC\"},\"image\":{\"@id\":\"https:\/\/twkumc.org\/#\/schema\/logo\/image\/\"}}]}<\/script>\n<!-- \/ Yoast SEO plugin. -->","yoast_head_json":{"title":"About Bishop David Graves - TWKUMC","robots":{"index":"index","follow":"follow","max-snippet":"max-snippet:-1","max-image-preview":"max-image-preview:large","max-video-preview":"max-video-preview:-1"},"canonical":"https:\/\/twkumc.org\/es\/about-us\/about-bishop-david-graves\/","og_locale":"es_MX","og_type":"article","og_title":"About Bishop David Graves - TWKUMC","og_description":"Bishop David Graves became the episcopal leader for the new Kentucky-Tennessee Episcopal Area of The United Methodist Church on September 1, 2024. In that role, he serves the Tennessee-Western Kentucky [&hellip;]","og_url":"https:\/\/twkumc.org\/es\/about-us\/about-bishop-david-graves\/","og_site_name":"TWKUMC","article_modified_time":"2025-09-08T21:39:32+00:00","og_image":[{"width":2560,"height":1440,"url":"https:\/\/twkumc.org\/wp-content\/uploads\/2025\/06\/Bishop-20-scaled.jpg","type":"image\/jpeg"}],"twitter_card":"summary_large_image","twitter_misc":{"Tiempo de lectura":"3 minutos"},"schema":{"@context":"https:\/\/schema.org","@graph":[{"@type":"WebPage","@id":"https:\/\/twkumc.org\/about-us\/about-bishop-david-graves\/","url":"https:\/\/twkumc.org\/about-us\/about-bishop-david-graves\/","name":"About Bishop David Graves - TWKUMC","isPartOf":{"@id":"https:\/\/twkumc.org\/#website"},"primaryImageOfPage":{"@id":"https:\/\/twkumc.org\/about-us\/about-bishop-david-graves\/#primaryimage"},"image":{"@id":"https:\/\/twkumc.org\/about-us\/about-bishop-david-graves\/#primaryimage"},"thumbnailUrl":"https:\/\/twkumc.org\/wp-content\/uploads\/2025\/06\/Bishop-20-1536x864.jpg","datePublished":"2025-02-13T00:34:43+00:00","dateModified":"2025-09-08T21:39:32+00:00","breadcrumb":{"@id":"https:\/\/twkumc.org\/about-us\/about-bishop-david-graves\/#breadcrumb"},"inLanguage":"es","potentialAction":[{"@type":"ReadAction","target":["https:\/\/twkumc.org\/about-us\/about-bishop-david-graves\/"]}]},{"@type":"ImageObject","inLanguage":"es","@id":"https:\/\/twkumc.org\/about-us\/about-bishop-david-graves\/#primaryimage","url":"https:\/\/twkumc.org\/wp-content\/uploads\/2025\/06\/Bishop-20-1536x864.jpg","contentUrl":"https:\/\/twkumc.org\/wp-content\/uploads\/2025\/06\/Bishop-20-1536x864.jpg"},{"@type":"BreadcrumbList","@id":"https:\/\/twkumc.org\/about-us\/about-bishop-david-graves\/#breadcrumb","itemListElement":[{"@type":"ListItem","position":1,"name":"Home","item":"https:\/\/twkumc.org\/"},{"@type":"ListItem","position":2,"name":"About Us","item":"https:\/\/twkumc.org\/about-us\/"},{"@type":"ListItem","position":3,"name":"About Bishop David Graves"}]},{"@type":"WebSite","@id":"https:\/\/twkumc.org\/#website","url":"https:\/\/twkumc.org\/","name":"TWKUMC","description":"","publisher":{"@id":"https:\/\/twkumc.org\/#organization"},"potentialAction":[{"@type":"SearchAction","target":{"@type":"EntryPoint","urlTemplate":"https:\/\/twkumc.org\/?s={search_term_string}"},"query-input":{"@type":"PropertyValueSpecification","valueRequired":true,"valueName":"search_term_string"}}],"inLanguage":"es"},{"@type":"Organization","@id":"https:\/\/twkumc.org\/#organization","name":"TWKUMC","url":"https:\/\/twkumc.org\/","logo":{"@type":"ImageObject","inLanguage":"es","@id":"https:\/\/twkumc.org\/#\/schema\/logo\/image\/","url":"https:\/\/twkumc.org\/wp-content\/uploads\/2025\/02\/TWK-Full_ColorBlack.webp","contentUrl":"https:\/\/twkumc.org\/wp-content\/uploads\/2025\/02\/TWK-Full_ColorBlack.webp","width":2340,"height":478,"caption":"TWKUMC"},"image":{"@id":"https:\/\/twkumc.org\/#\/schema\/logo\/image\/"}}]}},"publishpress_future_action":{"enabled":false,"date":"2026-04-12 20:05:37","action":"change-status","newStatus":"draft","terms":[],"taxonomy":"post_tag","extraData":[]},"publishpress_future_workflow_manual_trigger":{"enabledWorkflows":[]},"_links":{"self":[{"href":"https:\/\/twkumc.org\/es\/wp-json\/wp\/v2\/pages\/248","targetHints":{"allow":["GET"]}}],"collection":[{"href":"https:\/\/twkumc.org\/es\/wp-json\/wp\/v2\/pages"}],"about":[{"href":"https:\/\/twkumc.org\/es\/wp-json\/wp\/v2\/types\/page"}],"author":[{"embeddable":true,"href":"https:\/\/twkumc.org\/es\/wp-json\/wp\/v2\/users\/1"}],"replies":[{"embeddable":true,"href":"https:\/\/twkumc.org\/es\/wp-json\/wp\/v2\/comments?post=248"}],"version-history":[{"count":20,"href":"https:\/\/twkumc.org\/es\/wp-json\/wp\/v2\/pages\/248\/revisions"}],"predecessor-version":[{"id":35323,"href":"https:\/\/twkumc.org\/es\/wp-json\/wp\/v2\/pages\/248\/revisions\/35323"}],"up":[{"embeddable":true,"href":"https:\/\/twkumc.org\/es\/wp-json\/wp\/v2\/pages\/240"}],"wp:attachment":[{"href":"https:\/\/twkumc.org\/es\/wp-json\/wp\/v2\/media?parent=248"}],"wp:term":[{"taxonomy":"post_tag","embeddable":true,"href":"https:\/\/twkumc.org\/es\/wp-json\/wp\/v2\/tags?post=248"}],"curies":[{"name":"wp","href":"https:\/\/api.w.org\/{rel}","templated":true}]}}