{"id":250,"date":"2025-02-13T00:35:09","date_gmt":"2025-02-13T00:35:09","guid":{"rendered":"https:\/\/twkumc.org\/?page_id=250"},"modified":"2025-12-17T17:32:31","modified_gmt":"2025-12-17T23:32:31","slug":"conference-leadership-team","status":"publish","type":"page","link":"https:\/\/twkumc.org\/es\/about-us\/conference-leadership-team\/","title":{"rendered":"Equipo directivo de la Conferencia"},"content":{"rendered":"<div data-elementor-type=\"wp-page\" data-elementor-id=\"250\" class=\"elementor elementor-250\" data-elementor-post-type=\"page\">\n\t\t\t\t<div class=\"elementor-element elementor-element-487c87b2 e-con-full e-flex e-con e-parent\" data-id=\"487c87b2\" data-element_type=\"container\" data-e-type=\"container\" data-settings=\"{&quot;background_background&quot;:&quot;classic&quot;}\">\n\t\t<div class=\"elementor-element elementor-element-329542c8 e-con-full e-flex e-con e-child\" data-id=\"329542c8\" data-element_type=\"container\" data-e-type=\"container\">\n\t\t\t\t<div class=\"elementor-element elementor-element-411ba28d elementor-widget elementor-widget-heading\" data-id=\"411ba28d\" data-element_type=\"widget\" data-e-type=\"widget\" data-widget_type=\"heading.default\">\n\t\t\t\t<div class=\"elementor-widget-container\">\n\t\t\t\t\t<h2 class=\"elementor-heading-title elementor-size-default\">Mesa de conexiones TWK<\/h2>\t\t\t\t<\/div>\n\t\t\t\t<\/div>\n\t\t\t\t<div class=\"elementor-element elementor-element-62c4de5f elementor-widget elementor-widget-text-editor\" data-id=\"62c4de5f\" data-element_type=\"widget\" data-e-type=\"widget\" data-widget_type=\"text-editor.default\">\n\t\t\t\t<div class=\"elementor-widget-container\">\n\t\t\t\t\t\t\t\t\t<p>El equipo de liderazgo estrat\u00e9gico de la Conferencia de Tennessee-Western Kentucky es la Mesa de Conexi\u00f3n.<\/p><p>Este equipo gestiona el <a href=\"http:\/\/twkumc.org\/es\/about-us\/\">misi\u00f3n, visi\u00f3n y valores<\/a> de la Conferencia Tennessee-Western Kentucky.<\/p><p>En este equipo se sientan representantes y l\u00edderes estrat\u00e9gicos de todas las \u00e1reas ministeriales de la conferencia.\u00a0<\/p><p>\u00a0<\/p>\t\t\t\t\t\t\t\t<\/div>\n\t\t\t\t<\/div>\n\t\t\t\t<\/div>\n\t\t<div class=\"elementor-element elementor-element-a354947 e-con-full e-flex e-con e-child\" data-id=\"a354947\" data-element_type=\"container\" data-e-type=\"container\">\n\t\t\t\t<div class=\"elementor-element elementor-element-42f5d18 elementor-widget elementor-widget-video\" data-id=\"42f5d18\" data-element_type=\"widget\" data-e-type=\"widget\" data-settings=\"{&quot;video_type&quot;:&quot;vimeo&quot;}\" data-widget_type=\"video.default\">\n\t\t\t\t<div class=\"elementor-widget-container\">\n\t\t\t\t\t\t\t<div class=\"elementor-wrapper elementor-open-inline\">\n\t\t\t<iframe class=\"elementor-video-iframe\" allowfullscreen allow=\"clipboard-write\" title=\"Reproductor de v\u00eddeo vimeo\" src=\"https:\/\/player.vimeo.com\/video\/1089935234?color&amp;autopause=0&amp;loop=0&amp;muted=0&amp;title=0&amp;portrait=0&amp;byline=0#t=\"><\/iframe>\t\t<\/div>\n\t\t\t\t\t\t<\/div>\n\t\t\t\t<\/div>\n\t\t\t\t<\/div>\n\t\t\t\t<\/div>\n\t\t<div class=\"elementor-element elementor-element-f4d971a e-flex e-con-boxed e-con e-parent\" data-id=\"f4d971a\" data-element_type=\"container\" data-e-type=\"container\">\n\t\t\t\t\t<div class=\"e-con-inner\">\n\t\t\t\t<div class=\"elementor-element elementor-element-069ced3 elementor-widget elementor-widget-spacer\" data-id=\"069ced3\" data-element_type=\"widget\" data-e-type=\"widget\" data-widget_type=\"spacer.default\">\n\t\t\t\t<div class=\"elementor-widget-container\">\n\t\t\t\t\t\t\t<div class=\"elementor-spacer\">\n\t\t\t<div class=\"elementor-spacer-inner\"><\/div>\n\t\t<\/div>\n\t\t\t\t\t\t<\/div>\n\t\t\t\t<\/div>\n\t\t\t\t<div class=\"elementor-element elementor-element-0485313 elementor-widget elementor-widget-heading\" data-id=\"0485313\" data-element_type=\"widget\" data-e-type=\"widget\" data-widget_type=\"heading.default\">\n\t\t\t\t<div class=\"elementor-widget-container\">\n\t\t\t\t\t<h2 class=\"elementor-heading-title elementor-size-default\">Miembros de la Mesa de Enlace<\/h2>\t\t\t\t<\/div>\n\t\t\t\t<\/div>\n\t\t\t\t<div class=\"elementor-element elementor-element-53ba4a8 elementor-widget elementor-widget-spacer\" data-id=\"53ba4a8\" data-element_type=\"widget\" data-e-type=\"widget\" data-widget_type=\"spacer.default\">\n\t\t\t\t<div class=\"elementor-widget-container\">\n\t\t\t\t\t\t\t<div class=\"elementor-spacer\">\n\t\t\t<div class=\"elementor-spacer-inner\"><\/div>\n\t\t<\/div>\n\t\t\t\t\t\t<\/div>\n\t\t\t\t<\/div>\n\t\t\t\t<div class=\"elementor-element elementor-element-7af2487 elementor-widget elementor-widget-text-editor\" data-id=\"7af2487\" data-element_type=\"widget\" data-e-type=\"widget\" data-widget_type=\"text-editor.default\">\n\t\t\t\t<div class=\"elementor-widget-container\">\n\t\t\t\t\t\t\t\t\t<p><strong>Obispo David Graves,\u00a0 <\/strong>Obispo residente<\/p><div class=\"x-col e766-e8 mla-3\"><div class=\"x-text x-content e766-e9 mla-5 mla-7\"><p><strong>Leslie Hotzfeld:<\/strong>\u00a0Equipo de Estrategia Administrativa<\/p><p><strong>Brian Sigmon:\u00a0<\/strong>Equipo de estrategia de comunicaci\u00f3n<\/p><p><strong>Rev. Carlisle Jones:\u00a0<\/strong>Equipo de Estrategia Connect<\/p><p><strong>Bethany Huffman:\u00a0<\/strong>Equipar al equipo de estrategia<\/p><\/div><div class=\"x-text x-content e766-e9 mla-5 mla-7\"><p><strong>Rev. Toi King<\/strong><br \/>Representante de la Junta Ministerial<\/p><p><strong>Janice McCallen<\/strong><br \/>L\u00edder Laico de la Conferencia<\/p><p><strong>Rev. Pat Freudenthal<\/strong><br \/>Decano de la\u00a0<a href=\"https:\/\/twkumc.org\/es\/about-us\/appointive-cabinet\/\">Armario<\/a><\/p><p><strong>Josh Shaw<\/strong><br \/>Representante de la Delegaci\u00f3n en la Conferencia General<\/p><\/div><\/div><p><u>Liderazgo del personal<\/u><\/p><div class=\"x-col e766-e10 mla-3\"><div class=\"x-text x-content e766-e11 mla-5 mla-6\"><p><strong>Rev. Dr. <\/strong><strong>Vona<\/strong><strong> Wilson<\/strong><br \/>Asistente del Obispo<\/p><p><strong>Rev. Melinda Britt<\/strong><br \/>Responsable de Ministerios de Enlace<\/p><p><strong>Mark Hagewood<\/strong><br \/>Director de Servicios Administrativos\/Tesorero<\/p><p><strong>Amy Hurd, APR<\/strong><br \/>Director de Comunicaci\u00f3n<\/p><p><strong>Courtney Lawson<\/strong><br \/>Director de Operaciones, Connectional Ministries<\/p><\/div><\/div>\t\t\t\t\t\t\t\t<\/div>\n\t\t\t\t<\/div>\n\t\t\t\t\t<\/div>\n\t\t\t\t<\/div>\n\t\t<div class=\"elementor-element elementor-element-cd076a1 e-flex e-con-boxed e-con e-parent\" data-id=\"cd076a1\" data-element_type=\"container\" data-e-type=\"container\">\n\t\t\t\t\t<div class=\"e-con-inner\">\n\t\t<div class=\"elementor-element elementor-element-1f71326 e-con-full e-flex e-con e-child\" data-id=\"1f71326\" data-element_type=\"container\" data-e-type=\"container\">\n\t\t\t\t<div class=\"elementor-element elementor-element-e29b07a elementor-widget elementor-widget-image\" data-id=\"e29b07a\" data-element_type=\"widget\" data-e-type=\"widget\" data-widget_type=\"image.default\">\n\t\t\t\t<div class=\"elementor-widget-container\">\n\t\t\t\t\t\t\t\t\t\t\t\t\t\t\t<img fetchpriority=\"high\" decoding=\"async\" width=\"1134\" height=\"855\" src=\"https:\/\/twkumc.org\/wp-content\/uploads\/2025\/12\/Full-Bubble-Chart-12.25.jpg\" class=\"attachment-1536x1536 size-1536x1536 wp-image-39106\" alt=\"\" srcset=\"https:\/\/twkumc.org\/wp-content\/uploads\/2025\/12\/Full-Bubble-Chart-12.25.jpg 1134w, https:\/\/twkumc.org\/wp-content\/uploads\/2025\/12\/Full-Bubble-Chart-12.25-300x226.jpg 300w, https:\/\/twkumc.org\/wp-content\/uploads\/2025\/12\/Full-Bubble-Chart-12.25-1024x772.jpg 1024w, https:\/\/twkumc.org\/wp-content\/uploads\/2025\/12\/Full-Bubble-Chart-12.25-768x579.jpg 768w, https:\/\/twkumc.org\/wp-content\/uploads\/2025\/12\/Full-Bubble-Chart-12.25-16x12.jpg 16w\" sizes=\"(max-width: 1134px) 100vw, 1134px\" \/>\t\t\t\t\t\t\t\t\t\t\t\t\t\t\t<\/div>\n\t\t\t\t<\/div>\n\t\t\t\t<\/div>\n\t\t\t\t\t<\/div>\n\t\t\t\t<\/div>\n\t\t\t\t<\/div>","protected":false},"excerpt":{"rendered":"<p>TWK Connectional Table The strategic leadership team for the Tennessee-Western Kentucky Conference is the Connectional Table. This team stewards the mission, vision, and values for the Tennessee-Western Kentucky Conference. Representatives [&hellip;]<\/p>\n","protected":false},"author":1,"featured_media":0,"parent":240,"menu_order":0,"comment_status":"closed","ping_status":"closed","template":"","meta":{"_acf_changed":false,"footnotes":""},"tags":[],"class_list":["post-250","page","type-page","status-publish","hentry"],"acf":[],"yoast_head":"<!-- This site is optimized with the Yoast SEO plugin v27.1.1 - https:\/\/yoast.com\/product\/yoast-seo-wordpress\/ -->\n<title>Conference Leadership Team - TWKUMC<\/title>\n<meta name=\"robots\" content=\"index, follow, max-snippet:-1, max-image-preview:large, max-video-preview:-1\" \/>\n<link rel=\"canonical\" href=\"https:\/\/twkumc.org\/es\/about-us\/conference-leadership-team\/\" \/>\n<meta property=\"og:locale\" content=\"es_MX\" \/>\n<meta property=\"og:type\" content=\"article\" \/>\n<meta property=\"og:title\" content=\"Conference Leadership Team - TWKUMC\" \/>\n<meta property=\"og:description\" content=\"TWK Connectional Table The strategic leadership team for the Tennessee-Western Kentucky Conference is the Connectional Table. This team stewards the mission, vision, and values for the Tennessee-Western Kentucky Conference. Representatives [&hellip;]\" \/>\n<meta property=\"og:url\" content=\"https:\/\/twkumc.org\/es\/about-us\/conference-leadership-team\/\" \/>\n<meta property=\"og:site_name\" content=\"TWKUMC\" \/>\n<meta property=\"article:modified_time\" content=\"2025-12-17T23:32:31+00:00\" \/>\n<meta property=\"og:image\" content=\"https:\/\/twkumc.org\/wp-content\/uploads\/2025\/12\/Full-Bubble-Chart-12.25.jpg\" \/>\n\t<meta property=\"og:image:width\" content=\"1134\" \/>\n\t<meta property=\"og:image:height\" content=\"855\" \/>\n\t<meta property=\"og:image:type\" content=\"image\/jpeg\" \/>\n<meta name=\"twitter:card\" content=\"summary_large_image\" \/>\n<meta name=\"twitter:label1\" content=\"Tiempo de lectura\" \/>\n\t<meta name=\"twitter:data1\" content=\"1 minuto\" \/>\n<script type=\"application\/ld+json\" class=\"yoast-schema-graph\">{\"@context\":\"https:\/\/schema.org\",\"@graph\":[{\"@type\":\"WebPage\",\"@id\":\"https:\/\/twkumc.org\/about-us\/conference-leadership-team\/\",\"url\":\"https:\/\/twkumc.org\/about-us\/conference-leadership-team\/\",\"name\":\"Conference Leadership Team - TWKUMC\",\"isPartOf\":{\"@id\":\"https:\/\/twkumc.org\/#website\"},\"primaryImageOfPage\":{\"@id\":\"https:\/\/twkumc.org\/about-us\/conference-leadership-team\/#primaryimage\"},\"image\":{\"@id\":\"https:\/\/twkumc.org\/about-us\/conference-leadership-team\/#primaryimage\"},\"thumbnailUrl\":\"https:\/\/twkumc.org\/wp-content\/uploads\/2025\/12\/Full-Bubble-Chart-12.25.jpg\",\"datePublished\":\"2025-02-13T00:35:09+00:00\",\"dateModified\":\"2025-12-17T23:32:31+00:00\",\"breadcrumb\":{\"@id\":\"https:\/\/twkumc.org\/about-us\/conference-leadership-team\/#breadcrumb\"},\"inLanguage\":\"es\",\"potentialAction\":[{\"@type\":\"ReadAction\",\"target\":[\"https:\/\/twkumc.org\/about-us\/conference-leadership-team\/\"]}]},{\"@type\":\"ImageObject\",\"inLanguage\":\"es\",\"@id\":\"https:\/\/twkumc.org\/about-us\/conference-leadership-team\/#primaryimage\",\"url\":\"https:\/\/twkumc.org\/wp-content\/uploads\/2025\/12\/Full-Bubble-Chart-12.25.jpg\",\"contentUrl\":\"https:\/\/twkumc.org\/wp-content\/uploads\/2025\/12\/Full-Bubble-Chart-12.25.jpg\"},{\"@type\":\"BreadcrumbList\",\"@id\":\"https:\/\/twkumc.org\/about-us\/conference-leadership-team\/#breadcrumb\",\"itemListElement\":[{\"@type\":\"ListItem\",\"position\":1,\"name\":\"Home\",\"item\":\"https:\/\/twkumc.org\/\"},{\"@type\":\"ListItem\",\"position\":2,\"name\":\"About Us\",\"item\":\"https:\/\/twkumc.org\/about-us\/\"},{\"@type\":\"ListItem\",\"position\":3,\"name\":\"Conference Leadership Team\"}]},{\"@type\":\"WebSite\",\"@id\":\"https:\/\/twkumc.org\/#website\",\"url\":\"https:\/\/twkumc.org\/\",\"name\":\"TWKUMC\",\"description\":\"\",\"publisher\":{\"@id\":\"https:\/\/twkumc.org\/#organization\"},\"potentialAction\":[{\"@type\":\"SearchAction\",\"target\":{\"@type\":\"EntryPoint\",\"urlTemplate\":\"https:\/\/twkumc.org\/?s={search_term_string}\"},\"query-input\":{\"@type\":\"PropertyValueSpecification\",\"valueRequired\":true,\"valueName\":\"search_term_string\"}}],\"inLanguage\":\"es\"},{\"@type\":\"Organization\",\"@id\":\"https:\/\/twkumc.org\/#organization\",\"name\":\"TWKUMC\",\"url\":\"https:\/\/twkumc.org\/\",\"logo\":{\"@type\":\"ImageObject\",\"inLanguage\":\"es\",\"@id\":\"https:\/\/twkumc.org\/#\/schema\/logo\/image\/\",\"url\":\"https:\/\/twkumc.org\/wp-content\/uploads\/2025\/02\/TWK-Full_ColorBlack.webp\",\"contentUrl\":\"https:\/\/twkumc.org\/wp-content\/uploads\/2025\/02\/TWK-Full_ColorBlack.webp\",\"width\":2340,\"height\":478,\"caption\":\"TWKUMC\"},\"image\":{\"@id\":\"https:\/\/twkumc.org\/#\/schema\/logo\/image\/\"}}]}<\/script>\n<!-- \/ Yoast SEO plugin. -->","yoast_head_json":{"title":"Equipo directivo de la conferencia - TWKUMC","robots":{"index":"index","follow":"follow","max-snippet":"max-snippet:-1","max-image-preview":"max-image-preview:large","max-video-preview":"max-video-preview:-1"},"canonical":"https:\/\/twkumc.org\/es\/about-us\/conference-leadership-team\/","og_locale":"es_MX","og_type":"article","og_title":"Conference Leadership Team - TWKUMC","og_description":"TWK Connectional Table The strategic leadership team for the Tennessee-Western Kentucky Conference is the Connectional Table. This team stewards the mission, vision, and values for the Tennessee-Western Kentucky Conference. Representatives [&hellip;]","og_url":"https:\/\/twkumc.org\/es\/about-us\/conference-leadership-team\/","og_site_name":"TWKUMC","article_modified_time":"2025-12-17T23:32:31+00:00","og_image":[{"width":1134,"height":855,"url":"https:\/\/twkumc.org\/wp-content\/uploads\/2025\/12\/Full-Bubble-Chart-12.25.jpg","type":"image\/jpeg"}],"twitter_card":"summary_large_image","twitter_misc":{"Tiempo de lectura":"1 minuto"},"schema":{"@context":"https:\/\/schema.org","@graph":[{"@type":"WebPage","@id":"https:\/\/twkumc.org\/about-us\/conference-leadership-team\/","url":"https:\/\/twkumc.org\/about-us\/conference-leadership-team\/","name":"Equipo directivo de la conferencia - TWKUMC","isPartOf":{"@id":"https:\/\/twkumc.org\/#website"},"primaryImageOfPage":{"@id":"https:\/\/twkumc.org\/about-us\/conference-leadership-team\/#primaryimage"},"image":{"@id":"https:\/\/twkumc.org\/about-us\/conference-leadership-team\/#primaryimage"},"thumbnailUrl":"https:\/\/twkumc.org\/wp-content\/uploads\/2025\/12\/Full-Bubble-Chart-12.25.jpg","datePublished":"2025-02-13T00:35:09+00:00","dateModified":"2025-12-17T23:32:31+00:00","breadcrumb":{"@id":"https:\/\/twkumc.org\/about-us\/conference-leadership-team\/#breadcrumb"},"inLanguage":"es","potentialAction":[{"@type":"ReadAction","target":["https:\/\/twkumc.org\/about-us\/conference-leadership-team\/"]}]},{"@type":"ImageObject","inLanguage":"es","@id":"https:\/\/twkumc.org\/about-us\/conference-leadership-team\/#primaryimage","url":"https:\/\/twkumc.org\/wp-content\/uploads\/2025\/12\/Full-Bubble-Chart-12.25.jpg","contentUrl":"https:\/\/twkumc.org\/wp-content\/uploads\/2025\/12\/Full-Bubble-Chart-12.25.jpg"},{"@type":"BreadcrumbList","@id":"https:\/\/twkumc.org\/about-us\/conference-leadership-team\/#breadcrumb","itemListElement":[{"@type":"ListItem","position":1,"name":"Home","item":"https:\/\/twkumc.org\/"},{"@type":"ListItem","position":2,"name":"About Us","item":"https:\/\/twkumc.org\/about-us\/"},{"@type":"ListItem","position":3,"name":"Conference Leadership Team"}]},{"@type":"WebSite","@id":"https:\/\/twkumc.org\/#website","url":"https:\/\/twkumc.org\/","name":"TWKUMC","description":"","publisher":{"@id":"https:\/\/twkumc.org\/#organization"},"potentialAction":[{"@type":"SearchAction","target":{"@type":"EntryPoint","urlTemplate":"https:\/\/twkumc.org\/?s={search_term_string}"},"query-input":{"@type":"PropertyValueSpecification","valueRequired":true,"valueName":"search_term_string"}}],"inLanguage":"es"},{"@type":"Organization","@id":"https:\/\/twkumc.org\/#organization","name":"TWKUMC","url":"https:\/\/twkumc.org\/","logo":{"@type":"ImageObject","inLanguage":"es","@id":"https:\/\/twkumc.org\/#\/schema\/logo\/image\/","url":"https:\/\/twkumc.org\/wp-content\/uploads\/2025\/02\/TWK-Full_ColorBlack.webp","contentUrl":"https:\/\/twkumc.org\/wp-content\/uploads\/2025\/02\/TWK-Full_ColorBlack.webp","width":2340,"height":478,"caption":"TWKUMC"},"image":{"@id":"https:\/\/twkumc.org\/#\/schema\/logo\/image\/"}}]}},"publishpress_future_action":{"enabled":false,"date":"2026-04-16 12:06:03","action":"change-status","newStatus":"draft","terms":[],"taxonomy":"post_tag","extraData":[]},"publishpress_future_workflow_manual_trigger":{"enabledWorkflows":[]},"_links":{"self":[{"href":"https:\/\/twkumc.org\/es\/wp-json\/wp\/v2\/pages\/250","targetHints":{"allow":["GET"]}}],"collection":[{"href":"https:\/\/twkumc.org\/es\/wp-json\/wp\/v2\/pages"}],"about":[{"href":"https:\/\/twkumc.org\/es\/wp-json\/wp\/v2\/types\/page"}],"author":[{"embeddable":true,"href":"https:\/\/twkumc.org\/es\/wp-json\/wp\/v2\/users\/1"}],"replies":[{"embeddable":true,"href":"https:\/\/twkumc.org\/es\/wp-json\/wp\/v2\/comments?post=250"}],"version-history":[{"count":58,"href":"https:\/\/twkumc.org\/es\/wp-json\/wp\/v2\/pages\/250\/revisions"}],"predecessor-version":[{"id":39112,"href":"https:\/\/twkumc.org\/es\/wp-json\/wp\/v2\/pages\/250\/revisions\/39112"}],"up":[{"embeddable":true,"href":"https:\/\/twkumc.org\/es\/wp-json\/wp\/v2\/pages\/240"}],"wp:attachment":[{"href":"https:\/\/twkumc.org\/es\/wp-json\/wp\/v2\/media?parent=250"}],"wp:term":[{"taxonomy":"post_tag","embeddable":true,"href":"https:\/\/twkumc.org\/es\/wp-json\/wp\/v2\/tags?post=250"}],"curies":[{"name":"wp","href":"https:\/\/api.w.org\/{rel}","templated":true}]}}