{"id":26144,"date":"2025-07-17T15:07:58","date_gmt":"2025-07-17T15:07:58","guid":{"rendered":"https:\/\/twkumc.org\/?page_id=26144"},"modified":"2025-08-05T12:13:16","modified_gmt":"2025-08-05T18:13:16","slug":"holy-conferencing","status":"publish","type":"page","link":"https:\/\/twkumc.org\/es\/annualconference\/holy-conferencing\/","title":{"rendered":"Santa Conferencia"},"content":{"rendered":"<div data-elementor-type=\"wp-page\" data-elementor-id=\"26144\" class=\"elementor elementor-26144\" data-elementor-post-type=\"page\">\n\t\t\t\t<div class=\"elementor-element elementor-element-7ef28a2b e-flex e-con-boxed e-con e-parent\" data-id=\"7ef28a2b\" data-element_type=\"container\" data-e-type=\"container\">\n\t\t\t\t\t<div class=\"e-con-inner\">\n\t\t\t\t<div class=\"elementor-element elementor-element-6511b5d0 elementor-widget elementor-widget-text-editor\" data-id=\"6511b5d0\" data-element_type=\"widget\" data-e-type=\"widget\" data-widget_type=\"text-editor.default\">\n\t\t\t\t<div class=\"elementor-widget-container\">\n\t\t\t\t\t\t\t\t\t\n<h3><strong>Directrices para la Santa Conferencia: Lo que Dios espera de nosotros<\/strong><\/h3>\n\n<p><em>Como elegidos de Dios, santos y amados, revest\u00edos de compasi\u00f3n, bondad, humildad, mansedumbre y paciencia. Soportaos unos a otros y, si alguno tiene queja contra otro, perdonaos mutuamente; como el Se\u00f1or os ha perdonado, as\u00ed tambi\u00e9n perdonad vosotros. Sobre todo, revest\u00edos de amor, que lo une todo en perfecta armon\u00eda. Y que reine en vuestros corazones la paz de Cristo, a la que hab\u00e9is sido llamados en un solo cuerpo. Y sed agradecidos. Y todo lo que hag\u00e1is, sea de palabra o de obra, hacedlo en nombre del Se\u00f1or Jes\u00fas, dando gracias a Dios Padre por medio de \u00e9l (Col 3,12-16a.17).<\/em><\/p>\n\n<ul class=\"wp-block-list\">\n<li>Toda persona es hija de Dios. Habla siempre con respeto. Se puede discrepar sin ser desagradable.<\/li>\n\n<li>Mientras escuchas pacientemente y observas el comportamiento de los dem\u00e1s, estate abierto a la posibilidad de que Dios pueda cambiar los puntos de vista de alguna o de todas las partes en la discusi\u00f3n.<\/li>\n\n<li>Escuche pacientemente antes de formular respuestas.<\/li>\n\n<li>Esfu\u00e9rzate por comprender la experiencia a partir de la cual los dem\u00e1s han llegado a sus puntos de vista.<\/li>\n\n<li>Tenga cuidado al expresar su ofensa personal ante opiniones diferentes. De lo contrario, puede inhibirse el di\u00e1logo.<\/li>\n\n<li>Refleje con precisi\u00f3n las opiniones de los dem\u00e1s al hablar. Esto es especialmente importante cuando no est\u00e1s de acuerdo con una postura.<\/li>\n\n<li>Evite utilizar palabras incendiarias, nombres despectivos o una voz excitada y airada.<\/li>\n\n<li>Evite hacer generalizaciones sobre individuos y grupos. Defienda su punto de vista con pruebas y ejemplos concretos.<\/li>\n\n<li>Recurrir a facilitadores y mediadores.<\/li>\n\n<li>Recuerda que las personas se definen, en \u00faltima instancia, por su relaci\u00f3n con Dios, no por los defectos que descubrimos, o creemos descubrir, en sus opiniones y acciones.<\/li>\n<\/ul>\n\n<p>\u00a0<\/p>\n<p>Creemos que los cristianos pueden discutir cuestiones importantes sin el debate enconado y las maniobras parlamentarias que pueden dividir a un grupo en facciones enfrentadas. Vemos demasiados ejemplos de ello en la sociedad secular. Creemos que el Esp\u00edritu Santo nos gu\u00eda en todas las cosas, especialmente cuando tomamos decisiones. Queremos evitar tomar decisiones que dejen a unos como ganadores y a otros como perdedores.<\/p>\n\n<p>Podemos cambiar el mundo mediante una conversaci\u00f3n sincera sobre los temas que nos apasionan.<\/p>\n\n<p>Ofrecemos nuestro agradecimiento a los participantes de la Convocatoria Mundial de J\u00f3venes y Asamblea Legislativa, patrocinada por la Divisi\u00f3n de Ministerios con J\u00f3venes, a trav\u00e9s de los Ministerios de Discipulado, celebrada en enero de 2007 en Johannesburgo, Sud\u00e1frica, por inspirar el marco de estas directrices. En la convocatoria se adoptaron directrices similares para las Conferencias Cristianas. Este trabajo se basa en las directrices para la \"Santa Conferencia\" que surgieron del \"Di\u00e1logo sobre la Diversidad Teol\u00f3gica\" de la Iglesia Metodista Unida, en febrero de 1998.<\/p>\n\n<p><em>Las citas de las Escrituras est\u00e1n tomadas de la Nueva Versi\u00f3n Est\u00e1ndar Revisada de la Biblia, copyright 1989 de la Divisi\u00f3n de Educaci\u00f3n Cristiana del Consejo Nacional de las Iglesias de Cristo en EE.UU.. Todos los derechos reservados. Utilizadas con permiso.<\/em><\/p>\n\n<p>\u00a0<\/p>\n\t\t\t\t\t\t\t\t<\/div>\n\t\t\t\t<\/div>\n\t\t\t\t\t<\/div>\n\t\t\t\t<\/div>\n\t\t\t\t<\/div>","protected":false},"excerpt":{"rendered":"<p>Guidelines for Holy Conferencing: What God Expects of Us As God&#8217;s chosen ones, holy and beloved, clothe yourselves with compassion, kindness, humility, meekness, and patience. Bear with one another and, [&hellip;]<\/p>\n","protected":false},"author":6,"featured_media":0,"parent":24518,"menu_order":0,"comment_status":"closed","ping_status":"closed","template":"","meta":{"_acf_changed":false,"footnotes":""},"tags":[],"class_list":["post-26144","page","type-page","status-publish","hentry"],"acf":[],"yoast_head":"<!-- This site is optimized with the Yoast SEO plugin v27.1.1 - https:\/\/yoast.com\/product\/yoast-seo-wordpress\/ -->\n<title>Holy Conferencing - TWKUMC<\/title>\n<meta name=\"robots\" content=\"index, follow, max-snippet:-1, max-image-preview:large, max-video-preview:-1\" \/>\n<link rel=\"canonical\" href=\"https:\/\/twkumc.org\/es\/annualconference\/holy-conferencing\/\" \/>\n<meta property=\"og:locale\" content=\"es_MX\" \/>\n<meta property=\"og:type\" content=\"article\" \/>\n<meta property=\"og:title\" content=\"Holy Conferencing - TWKUMC\" \/>\n<meta property=\"og:description\" content=\"Guidelines for Holy Conferencing: What God Expects of Us As God&#8217;s chosen ones, holy and beloved, clothe yourselves with compassion, kindness, humility, meekness, and patience. Bear with one another and, [&hellip;]\" \/>\n<meta property=\"og:url\" content=\"https:\/\/twkumc.org\/es\/annualconference\/holy-conferencing\/\" \/>\n<meta property=\"og:site_name\" content=\"TWKUMC\" \/>\n<meta property=\"article:modified_time\" content=\"2025-08-05T18:13:16+00:00\" \/>\n<meta name=\"twitter:card\" content=\"summary_large_image\" \/>\n<meta name=\"twitter:label1\" content=\"Tiempo de lectura\" \/>\n\t<meta name=\"twitter:data1\" content=\"3 minutos\" \/>\n<script type=\"application\/ld+json\" class=\"yoast-schema-graph\">{\"@context\":\"https:\/\/schema.org\",\"@graph\":[{\"@type\":\"WebPage\",\"@id\":\"https:\/\/twkumc.org\/annualconference\/holy-conferencing\/\",\"url\":\"https:\/\/twkumc.org\/annualconference\/holy-conferencing\/\",\"name\":\"Holy Conferencing - TWKUMC\",\"isPartOf\":{\"@id\":\"https:\/\/twkumc.org\/#website\"},\"datePublished\":\"2025-07-17T15:07:58+00:00\",\"dateModified\":\"2025-08-05T18:13:16+00:00\",\"breadcrumb\":{\"@id\":\"https:\/\/twkumc.org\/annualconference\/holy-conferencing\/#breadcrumb\"},\"inLanguage\":\"es\",\"potentialAction\":[{\"@type\":\"ReadAction\",\"target\":[\"https:\/\/twkumc.org\/annualconference\/holy-conferencing\/\"]}]},{\"@type\":\"BreadcrumbList\",\"@id\":\"https:\/\/twkumc.org\/annualconference\/holy-conferencing\/#breadcrumb\",\"itemListElement\":[{\"@type\":\"ListItem\",\"position\":1,\"name\":\"Home\",\"item\":\"https:\/\/twkumc.org\/\"},{\"@type\":\"ListItem\",\"position\":2,\"name\":\"Annual Conference\",\"item\":\"https:\/\/twkumc.org\/annualconference\/\"},{\"@type\":\"ListItem\",\"position\":3,\"name\":\"Holy Conferencing\"}]},{\"@type\":\"WebSite\",\"@id\":\"https:\/\/twkumc.org\/#website\",\"url\":\"https:\/\/twkumc.org\/\",\"name\":\"TWKUMC\",\"description\":\"\",\"publisher\":{\"@id\":\"https:\/\/twkumc.org\/#organization\"},\"potentialAction\":[{\"@type\":\"SearchAction\",\"target\":{\"@type\":\"EntryPoint\",\"urlTemplate\":\"https:\/\/twkumc.org\/?s={search_term_string}\"},\"query-input\":{\"@type\":\"PropertyValueSpecification\",\"valueRequired\":true,\"valueName\":\"search_term_string\"}}],\"inLanguage\":\"es\"},{\"@type\":\"Organization\",\"@id\":\"https:\/\/twkumc.org\/#organization\",\"name\":\"TWKUMC\",\"url\":\"https:\/\/twkumc.org\/\",\"logo\":{\"@type\":\"ImageObject\",\"inLanguage\":\"es\",\"@id\":\"https:\/\/twkumc.org\/#\/schema\/logo\/image\/\",\"url\":\"https:\/\/twkumc.org\/wp-content\/uploads\/2025\/02\/TWK-Full_ColorBlack.webp\",\"contentUrl\":\"https:\/\/twkumc.org\/wp-content\/uploads\/2025\/02\/TWK-Full_ColorBlack.webp\",\"width\":2340,\"height\":478,\"caption\":\"TWKUMC\"},\"image\":{\"@id\":\"https:\/\/twkumc.org\/#\/schema\/logo\/image\/\"}}]}<\/script>\n<!-- \/ Yoast SEO plugin. -->","yoast_head_json":{"title":"Santa Conferencia - TWKUMC","robots":{"index":"index","follow":"follow","max-snippet":"max-snippet:-1","max-image-preview":"max-image-preview:large","max-video-preview":"max-video-preview:-1"},"canonical":"https:\/\/twkumc.org\/es\/annualconference\/holy-conferencing\/","og_locale":"es_MX","og_type":"article","og_title":"Holy Conferencing - TWKUMC","og_description":"Guidelines for Holy Conferencing: What God Expects of Us As God&#8217;s chosen ones, holy and beloved, clothe yourselves with compassion, kindness, humility, meekness, and patience. Bear with one another and, [&hellip;]","og_url":"https:\/\/twkumc.org\/es\/annualconference\/holy-conferencing\/","og_site_name":"TWKUMC","article_modified_time":"2025-08-05T18:13:16+00:00","twitter_card":"summary_large_image","twitter_misc":{"Tiempo de lectura":"3 minutos"},"schema":{"@context":"https:\/\/schema.org","@graph":[{"@type":"WebPage","@id":"https:\/\/twkumc.org\/annualconference\/holy-conferencing\/","url":"https:\/\/twkumc.org\/annualconference\/holy-conferencing\/","name":"Santa Conferencia - TWKUMC","isPartOf":{"@id":"https:\/\/twkumc.org\/#website"},"datePublished":"2025-07-17T15:07:58+00:00","dateModified":"2025-08-05T18:13:16+00:00","breadcrumb":{"@id":"https:\/\/twkumc.org\/annualconference\/holy-conferencing\/#breadcrumb"},"inLanguage":"es","potentialAction":[{"@type":"ReadAction","target":["https:\/\/twkumc.org\/annualconference\/holy-conferencing\/"]}]},{"@type":"BreadcrumbList","@id":"https:\/\/twkumc.org\/annualconference\/holy-conferencing\/#breadcrumb","itemListElement":[{"@type":"ListItem","position":1,"name":"Home","item":"https:\/\/twkumc.org\/"},{"@type":"ListItem","position":2,"name":"Annual Conference","item":"https:\/\/twkumc.org\/annualconference\/"},{"@type":"ListItem","position":3,"name":"Holy Conferencing"}]},{"@type":"WebSite","@id":"https:\/\/twkumc.org\/#website","url":"https:\/\/twkumc.org\/","name":"TWKUMC","description":"","publisher":{"@id":"https:\/\/twkumc.org\/#organization"},"potentialAction":[{"@type":"SearchAction","target":{"@type":"EntryPoint","urlTemplate":"https:\/\/twkumc.org\/?s={search_term_string}"},"query-input":{"@type":"PropertyValueSpecification","valueRequired":true,"valueName":"search_term_string"}}],"inLanguage":"es"},{"@type":"Organization","@id":"https:\/\/twkumc.org\/#organization","name":"TWKUMC","url":"https:\/\/twkumc.org\/","logo":{"@type":"ImageObject","inLanguage":"es","@id":"https:\/\/twkumc.org\/#\/schema\/logo\/image\/","url":"https:\/\/twkumc.org\/wp-content\/uploads\/2025\/02\/TWK-Full_ColorBlack.webp","contentUrl":"https:\/\/twkumc.org\/wp-content\/uploads\/2025\/02\/TWK-Full_ColorBlack.webp","width":2340,"height":478,"caption":"TWKUMC"},"image":{"@id":"https:\/\/twkumc.org\/#\/schema\/logo\/image\/"}}]}},"publishpress_future_action":{"enabled":false,"date":"2026-04-16 13:16:15","action":"change-status","newStatus":"draft","terms":[],"taxonomy":"post_tag","extraData":[]},"publishpress_future_workflow_manual_trigger":{"enabledWorkflows":[]},"_links":{"self":[{"href":"https:\/\/twkumc.org\/es\/wp-json\/wp\/v2\/pages\/26144","targetHints":{"allow":["GET"]}}],"collection":[{"href":"https:\/\/twkumc.org\/es\/wp-json\/wp\/v2\/pages"}],"about":[{"href":"https:\/\/twkumc.org\/es\/wp-json\/wp\/v2\/types\/page"}],"author":[{"embeddable":true,"href":"https:\/\/twkumc.org\/es\/wp-json\/wp\/v2\/users\/6"}],"replies":[{"embeddable":true,"href":"https:\/\/twkumc.org\/es\/wp-json\/wp\/v2\/comments?post=26144"}],"version-history":[{"count":11,"href":"https:\/\/twkumc.org\/es\/wp-json\/wp\/v2\/pages\/26144\/revisions"}],"predecessor-version":[{"id":29077,"href":"https:\/\/twkumc.org\/es\/wp-json\/wp\/v2\/pages\/26144\/revisions\/29077"}],"up":[{"embeddable":true,"href":"https:\/\/twkumc.org\/es\/wp-json\/wp\/v2\/pages\/24518"}],"wp:attachment":[{"href":"https:\/\/twkumc.org\/es\/wp-json\/wp\/v2\/media?parent=26144"}],"wp:term":[{"taxonomy":"post_tag","embeddable":true,"href":"https:\/\/twkumc.org\/es\/wp-json\/wp\/v2\/tags?post=26144"}],"curies":[{"name":"wp","href":"https:\/\/api.w.org\/{rel}","templated":true}]}}