{"id":26780,"date":"2025-07-24T10:31:13","date_gmt":"2025-07-24T16:31:13","guid":{"rendered":"https:\/\/twkumc.org\/?page_id=26780"},"modified":"2026-03-12T13:49:51","modified_gmt":"2026-03-12T19:49:51","slug":"prayer-concerns","status":"publish","type":"page","link":"https:\/\/twkumc.org\/es\/prayer-concerns\/","title":{"rendered":"Preocupaciones de oraci\u00f3n"},"content":{"rendered":"<div data-elementor-type=\"wp-page\" data-elementor-id=\"26780\" class=\"elementor elementor-26780\" data-elementor-post-type=\"page\">\n\t\t\t\t<div class=\"elementor-element elementor-element-1f8561de e-con-full e-flex e-con e-parent\" data-id=\"1f8561de\" data-element_type=\"container\" data-e-type=\"container\" data-settings=\"{&quot;background_background&quot;:&quot;classic&quot;}\">\n\t\t<div class=\"elementor-element elementor-element-3d346950 e-con-full e-flex e-con e-child\" data-id=\"3d346950\" data-element_type=\"container\" data-e-type=\"container\">\n\t\t\t\t<div class=\"elementor-element elementor-element-2f881317 elementor-invisible elementor-widget elementor-widget-heading\" data-id=\"2f881317\" data-element_type=\"widget\" data-e-type=\"widget\" data-settings=\"{&quot;_animation&quot;:&quot;fadeIn&quot;}\" data-widget_type=\"heading.default\">\n\t\t\t\t<div class=\"elementor-widget-container\">\n\t\t\t\t\t<h1 class=\"elementor-heading-title elementor-size-default\">Preocupaciones de oraci\u00f3n<\/h1>\t\t\t\t<\/div>\n\t\t\t\t<\/div>\n\t\t\t\t<div class=\"elementor-element elementor-element-5c69da5b elementor-widget elementor-widget-heading\" data-id=\"5c69da5b\" data-element_type=\"widget\" data-e-type=\"widget\" data-widget_type=\"heading.default\">\n\t\t\t\t<div class=\"elementor-widget-container\">\n\t\t\t\t\t<h5 class=\"elementor-heading-title elementor-size-default\">Los mensajes de Preocupaciones de Oraci\u00f3n sobre la enfermedad o muerte de cl\u00e9rigos y personal en servicio y jubilados de TWKUMC y sus familiares inmediatos se env\u00edan a toda la conferencia al final de cada semana, seg\u00fan sea necesario. Esto incluye todas las peticiones presentadas durante la semana anterior.<\/h5>\t\t\t\t<\/div>\n\t\t\t\t<\/div>\n\t\t\t\t<div class=\"elementor-element elementor-element-2c2c94b2 elementor-tablet-align-left elementor-mobile-align-center elementor-widget__width-inherit elementor-invisible elementor-widget elementor-widget-button\" data-id=\"2c2c94b2\" data-element_type=\"widget\" data-e-type=\"widget\" data-settings=\"{&quot;_animation&quot;:&quot;fadeIn&quot;,&quot;_animation_delay&quot;:200}\" data-widget_type=\"button.default\">\n\t\t\t\t<div class=\"elementor-widget-container\">\n\t\t\t\t\t\t\t\t\t<div class=\"elementor-button-wrapper\">\n\t\t\t\t\t<a class=\"elementor-button elementor-button-link elementor-size-sm\" href=\"https:\/\/twkumc.org\/es\/resource\/prayer-concern-submission\/\">\n\t\t\t\t\t\t<span class=\"elementor-button-content-wrapper\">\n\t\t\t\t\t\t\t\t\t<span class=\"elementor-button-text\">Petici\u00f3n de oraci\u00f3n<\/span>\n\t\t\t\t\t<\/span>\n\t\t\t\t\t<\/a>\n\t\t\t\t<\/div>\n\t\t\t\t\t\t\t\t<\/div>\n\t\t\t\t<\/div>\n\t\t\t\t<\/div>\n\t\t\t\t<\/div>\n\t\t<div class=\"elementor-element elementor-element-09d8f35 e-con-full e-flex e-con e-parent\" data-id=\"09d8f35\" data-element_type=\"container\" data-e-type=\"container\">\n\t\t\t\t<div class=\"elementor-element elementor-element-3f1e7a3 elementor-widget elementor-widget-heading\" data-id=\"3f1e7a3\" data-element_type=\"widget\" data-e-type=\"widget\" data-widget_type=\"heading.default\">\n\t\t\t\t<div class=\"elementor-widget-container\">\n\t\t\t\t\t<h2 class=\"elementor-heading-title elementor-size-default\">Peticiones de oraci\u00f3n recientes<\/h2>\t\t\t\t<\/div>\n\t\t\t\t<\/div>\n\t\t<div class=\"elementor-element elementor-element-0c2ae6a e-con-full e-flex e-con e-child\" data-id=\"0c2ae6a\" data-element_type=\"container\" data-e-type=\"container\">\n\t\t\t\t<div class=\"elementor-element elementor-element-b2589cb elementor-widget elementor-widget-text-editor\" data-id=\"b2589cb\" data-element_type=\"widget\" data-e-type=\"widget\" data-widget_type=\"text-editor.default\">\n\t\t\t\t<div class=\"elementor-widget-container\">\n\t\t\t\t\t\t\t\t\t<p>Las siguientes peticiones de oraci\u00f3n se enviaron recientemente a la lista de distribuci\u00f3n de peticiones de oraci\u00f3n de TWK. Utilizando el bot\u00f3n al final de esta p\u00e1gina, puede suscribirse para recibir estos mensajes en su buz\u00f3n de correo electr\u00f3nico. No recibir\u00e1 el bolet\u00edn si se suscribe a esta lista.<\/p>\t\t\t\t\t\t\t\t<\/div>\n\t\t\t\t<\/div>\n\t\t\t\t<div class=\"elementor-element elementor-element-1a82808 elementor-widget elementor-widget-text-editor\" data-id=\"1a82808\" data-element_type=\"widget\" data-e-type=\"widget\" data-widget_type=\"text-editor.default\">\n\t\t\t\t<div class=\"elementor-widget-container\">\n\t\t\t\t\t\t\t\t\t<p><u><strong>Narowetz<\/strong><\/u><br \/>Por favor, oren por la familia de <strong><a href=\"https:\/\/www.shackelfordfuneraldirectors.com\/obituaries\/marilyn-narowetz\" target=\"_blank\" rel=\"noopener\" data-cke-saved-href=\"https:\/\/www.shackelfordfuneraldirectors.com\/obituaries\/marilyn-narowetz\">Marilyn Narowetz<\/a>, <\/strong>esposa del reverendo Louis Narowetz, pastor de la Iglesia Metodista Unida de Saltillo, en el condado de Hardin.<\/p><p><u><strong>Mayo<\/strong><\/u><br \/>Por favor, oren por la familia de <strong><a href=\"https:\/\/www.bilbreyfuneralhomeinc.com\/obituaries\/jerry-mayo\">Reverendo Jerry Hilton Mayo<\/a>,\u00a0<\/strong>quien falleci\u00f3 el 3 de marzo de 2026. El reverendo Mayo comenz\u00f3 su ministerio pastoral en 1966 en la Conferencia de Tennessee y prest\u00f3 servicio en iglesias locales durante m\u00e1s de 40 a\u00f1os. Tambi\u00e9n se desempe\u00f1\u00f3 como superintendente del Distrito de Pulaski. Era padre del anciano jubilado, el reverendo Max Mayo.<\/p><p><u><strong>Hubbard<\/strong><\/u><br \/>Por favor, oren por la reverenda Amanda Westmoreland por el fallecimiento de su madre.,\u00a0<strong><a href=\"https:\/\/www.dignitymemorial.com\/obituaries\/memphis-tn\/laura-hubbard-12760829\" target=\"_blank\" rel=\"noopener\">Laura Comes Hubbard<\/a><\/strong>, quien falleci\u00f3 el 23 de febrero de 2026. El reverendo Westmoreland presta servicio en la Primera Iglesia Metodista Unida de Millington, en el Distrito Metropolitano.<\/p><p><u><strong>Roberts<\/strong><\/u><br \/>Por favor, oren por el reverendo Steve Blackwell y su familia por el fallecimiento de su madre.,\u00a0<strong><a href=\"https:\/\/www.tnfunerals.com\/obituaries\/carol-roberts\" target=\"_blank\" rel=\"noopener\">Carol Jean Roberts<\/a><\/strong>, quien falleci\u00f3 el 25 de febrero de 2026. El reverendo Blackwell presta servicio en la parroquia de Santa Fe, en el distrito de Harpeth River.<\/p><p><u><a href=\"https:\/\/www.bennettmay.com\/obituaries\/patricia-pat-sailors\/#!\/Obituary\" target=\"_blank\" rel=\"noopener\"><span style=\"color: #000000;\"><strong>Marineros<\/strong><\/span><\/a><\/u><br \/>Por favor, oren por la familia de<strong>\u00a0<a href=\"https:\/\/www.bennettmay.com\/obituaries\/patricia-pat-sailors\/#!\/Obituary\" target=\"_blank\" rel=\"noopener\">Patricia \u201cPat\u201d Biggs Sailors<\/a><\/strong>, quien falleci\u00f3 el 18 de febrero de 2026. Pat sirvi\u00f3 fielmente durante m\u00e1s de 30 a\u00f1os como secretaria\/administradora del antiguo Distrito de Pulaski y del Distrito de Harpeth River. Tambi\u00e9n sirvi\u00f3 en la antigua Conferencia Anual de Tennessee como delegada laica y miembro de la Junta del Ministerio Ordenado, asesorando y apoyando a innumerables cl\u00e9rigos a lo largo de sus a\u00f1os de ministerio.<\/p><p>A Pat le precedi\u00f3 en la muerte su esposo durante 58 a\u00f1os,\u00a0<a href=\"https:\/\/www.bennettmay.com\/obituaries\/richard-sailors-2\/#!\/Obituary\" target=\"_blank\" rel=\"noopener\">Richard \u201cDick\u201d Sailors<\/a>, quien falleci\u00f3 el 4 de febrero de 2026.<\/p><p><span style=\"text-decoration: underline;\"><strong>Harper<\/strong><\/span><br \/>Por favor, oren por la familia de <a href=\"https:\/\/www.austinandbell.com\/obituaries\/patty-harper-7\/#!\/Obituary\"><strong>Patty Sue Harper<\/strong><\/a>, miembro de la Iglesia Metodista Unida Connell Memorial, falleci\u00f3 el 11 de febrero de 2026. Era viuda del reverendo Fred Harper, quien se desempe\u00f1\u00f3 como anciano en la antigua Conferencia de Tennessee, y madre de la reverenda Lisa Harper, quien se desempe\u00f1a como pastora local en la Capilla Owens en el Distrito del R\u00edo Cumberland.<\/p>\t\t\t\t\t\t\t\t<\/div>\n\t\t\t\t<\/div>\n\t\t\t\t<div class=\"elementor-element elementor-element-3ca8c56 elementor-mobile-align-center elementor-tablet-align-left elementor-widget__width-inherit elementor-invisible elementor-widget elementor-widget-button\" data-id=\"3ca8c56\" data-element_type=\"widget\" data-e-type=\"widget\" data-settings=\"{&quot;_animation&quot;:&quot;fadeIn&quot;,&quot;_animation_delay&quot;:200}\" data-widget_type=\"button.default\">\n\t\t\t\t<div class=\"elementor-widget-container\">\n\t\t\t\t\t\t\t\t\t<div class=\"elementor-button-wrapper\">\n\t\t\t\t\t<a class=\"elementor-button elementor-button-link elementor-size-sm\" href=\"http:\/\/eepurl.com\/hYJnqL\" target=\"_blank\">\n\t\t\t\t\t\t<span class=\"elementor-button-content-wrapper\">\n\t\t\t\t\t\t\t\t\t<span class=\"elementor-button-text\">Suscribirse a los correos electr\u00f3nicos de Prayer Concerns<\/span>\n\t\t\t\t\t<\/span>\n\t\t\t\t\t<\/a>\n\t\t\t\t<\/div>\n\t\t\t\t\t\t\t\t<\/div>\n\t\t\t\t<\/div>\n\t\t\t\t<\/div>\n\t\t\t\t<\/div>\n\t\t\t\t<\/div>","protected":false},"excerpt":{"rendered":"<p>Prayer Concerns Prayer Concerns messages about the illness or death of serving and retired TWKUMC clergy and staff and their immediate family members are sent out conference-wide at the end [&hellip;]<\/p>\n","protected":false},"author":6,"featured_media":0,"parent":0,"menu_order":0,"comment_status":"closed","ping_status":"closed","template":"","meta":{"_acf_changed":false,"footnotes":""},"tags":[],"class_list":["post-26780","page","type-page","status-publish","hentry"],"acf":[],"yoast_head":"<!-- This site is optimized with the Yoast SEO plugin v27.1.1 - https:\/\/yoast.com\/product\/yoast-seo-wordpress\/ -->\n<title>Prayer Concerns - TWKUMC<\/title>\n<meta name=\"robots\" content=\"index, follow, max-snippet:-1, max-image-preview:large, max-video-preview:-1\" \/>\n<link rel=\"canonical\" href=\"https:\/\/twkumc.org\/es\/prayer-concerns\/\" \/>\n<meta property=\"og:locale\" content=\"es_MX\" \/>\n<meta property=\"og:type\" content=\"article\" \/>\n<meta property=\"og:title\" content=\"Prayer Concerns - TWKUMC\" \/>\n<meta property=\"og:description\" content=\"Prayer Concerns Prayer Concerns messages about the illness or death of serving and retired TWKUMC clergy and staff and their immediate family members are sent out conference-wide at the end [&hellip;]\" \/>\n<meta property=\"og:url\" content=\"https:\/\/twkumc.org\/es\/prayer-concerns\/\" \/>\n<meta property=\"og:site_name\" content=\"TWKUMC\" \/>\n<meta property=\"article:modified_time\" content=\"2026-03-12T19:49:51+00:00\" \/>\n<meta name=\"twitter:card\" content=\"summary_large_image\" \/>\n<meta name=\"twitter:label1\" content=\"Tiempo de lectura\" \/>\n\t<meta name=\"twitter:data1\" content=\"2 minutos\" \/>\n<script type=\"application\/ld+json\" class=\"yoast-schema-graph\">{\"@context\":\"https:\/\/schema.org\",\"@graph\":[{\"@type\":\"WebPage\",\"@id\":\"https:\/\/twkumc.org\/prayer-concerns\/\",\"url\":\"https:\/\/twkumc.org\/prayer-concerns\/\",\"name\":\"Prayer Concerns - TWKUMC\",\"isPartOf\":{\"@id\":\"https:\/\/twkumc.org\/#website\"},\"datePublished\":\"2025-07-24T16:31:13+00:00\",\"dateModified\":\"2026-03-12T19:49:51+00:00\",\"breadcrumb\":{\"@id\":\"https:\/\/twkumc.org\/prayer-concerns\/#breadcrumb\"},\"inLanguage\":\"es\",\"potentialAction\":[{\"@type\":\"ReadAction\",\"target\":[\"https:\/\/twkumc.org\/prayer-concerns\/\"]}]},{\"@type\":\"BreadcrumbList\",\"@id\":\"https:\/\/twkumc.org\/prayer-concerns\/#breadcrumb\",\"itemListElement\":[{\"@type\":\"ListItem\",\"position\":1,\"name\":\"Home\",\"item\":\"https:\/\/twkumc.org\/\"},{\"@type\":\"ListItem\",\"position\":2,\"name\":\"Prayer Concerns\"}]},{\"@type\":\"WebSite\",\"@id\":\"https:\/\/twkumc.org\/#website\",\"url\":\"https:\/\/twkumc.org\/\",\"name\":\"TWKUMC\",\"description\":\"\",\"publisher\":{\"@id\":\"https:\/\/twkumc.org\/#organization\"},\"potentialAction\":[{\"@type\":\"SearchAction\",\"target\":{\"@type\":\"EntryPoint\",\"urlTemplate\":\"https:\/\/twkumc.org\/?s={search_term_string}\"},\"query-input\":{\"@type\":\"PropertyValueSpecification\",\"valueRequired\":true,\"valueName\":\"search_term_string\"}}],\"inLanguage\":\"es\"},{\"@type\":\"Organization\",\"@id\":\"https:\/\/twkumc.org\/#organization\",\"name\":\"TWKUMC\",\"url\":\"https:\/\/twkumc.org\/\",\"logo\":{\"@type\":\"ImageObject\",\"inLanguage\":\"es\",\"@id\":\"https:\/\/twkumc.org\/#\/schema\/logo\/image\/\",\"url\":\"https:\/\/twkumc.org\/wp-content\/uploads\/2025\/02\/TWK-Full_ColorBlack.webp\",\"contentUrl\":\"https:\/\/twkumc.org\/wp-content\/uploads\/2025\/02\/TWK-Full_ColorBlack.webp\",\"width\":2340,\"height\":478,\"caption\":\"TWKUMC\"},\"image\":{\"@id\":\"https:\/\/twkumc.org\/#\/schema\/logo\/image\/\"}}]}<\/script>\n<!-- \/ Yoast SEO plugin. -->","yoast_head_json":{"title":"Motivos de oraci\u00f3n - TWKUMC","robots":{"index":"index","follow":"follow","max-snippet":"max-snippet:-1","max-image-preview":"max-image-preview:large","max-video-preview":"max-video-preview:-1"},"canonical":"https:\/\/twkumc.org\/es\/prayer-concerns\/","og_locale":"es_MX","og_type":"article","og_title":"Prayer Concerns - TWKUMC","og_description":"Prayer Concerns Prayer Concerns messages about the illness or death of serving and retired TWKUMC clergy and staff and their immediate family members are sent out conference-wide at the end [&hellip;]","og_url":"https:\/\/twkumc.org\/es\/prayer-concerns\/","og_site_name":"TWKUMC","article_modified_time":"2026-03-12T19:49:51+00:00","twitter_card":"summary_large_image","twitter_misc":{"Tiempo de lectura":"2 minutos"},"schema":{"@context":"https:\/\/schema.org","@graph":[{"@type":"WebPage","@id":"https:\/\/twkumc.org\/prayer-concerns\/","url":"https:\/\/twkumc.org\/prayer-concerns\/","name":"Motivos de oraci\u00f3n - TWKUMC","isPartOf":{"@id":"https:\/\/twkumc.org\/#website"},"datePublished":"2025-07-24T16:31:13+00:00","dateModified":"2026-03-12T19:49:51+00:00","breadcrumb":{"@id":"https:\/\/twkumc.org\/prayer-concerns\/#breadcrumb"},"inLanguage":"es","potentialAction":[{"@type":"ReadAction","target":["https:\/\/twkumc.org\/prayer-concerns\/"]}]},{"@type":"BreadcrumbList","@id":"https:\/\/twkumc.org\/prayer-concerns\/#breadcrumb","itemListElement":[{"@type":"ListItem","position":1,"name":"Home","item":"https:\/\/twkumc.org\/"},{"@type":"ListItem","position":2,"name":"Prayer Concerns"}]},{"@type":"WebSite","@id":"https:\/\/twkumc.org\/#website","url":"https:\/\/twkumc.org\/","name":"TWKUMC","description":"","publisher":{"@id":"https:\/\/twkumc.org\/#organization"},"potentialAction":[{"@type":"SearchAction","target":{"@type":"EntryPoint","urlTemplate":"https:\/\/twkumc.org\/?s={search_term_string}"},"query-input":{"@type":"PropertyValueSpecification","valueRequired":true,"valueName":"search_term_string"}}],"inLanguage":"es"},{"@type":"Organization","@id":"https:\/\/twkumc.org\/#organization","name":"TWKUMC","url":"https:\/\/twkumc.org\/","logo":{"@type":"ImageObject","inLanguage":"es","@id":"https:\/\/twkumc.org\/#\/schema\/logo\/image\/","url":"https:\/\/twkumc.org\/wp-content\/uploads\/2025\/02\/TWK-Full_ColorBlack.webp","contentUrl":"https:\/\/twkumc.org\/wp-content\/uploads\/2025\/02\/TWK-Full_ColorBlack.webp","width":2340,"height":478,"caption":"TWKUMC"},"image":{"@id":"https:\/\/twkumc.org\/#\/schema\/logo\/image\/"}}]}},"publishpress_future_action":{"enabled":false,"date":"2026-04-18 21:06:36","action":"change-status","newStatus":"draft","terms":[],"taxonomy":"post_tag","extraData":[]},"publishpress_future_workflow_manual_trigger":{"enabledWorkflows":[]},"_links":{"self":[{"href":"https:\/\/twkumc.org\/es\/wp-json\/wp\/v2\/pages\/26780","targetHints":{"allow":["GET"]}}],"collection":[{"href":"https:\/\/twkumc.org\/es\/wp-json\/wp\/v2\/pages"}],"about":[{"href":"https:\/\/twkumc.org\/es\/wp-json\/wp\/v2\/types\/page"}],"author":[{"embeddable":true,"href":"https:\/\/twkumc.org\/es\/wp-json\/wp\/v2\/users\/6"}],"replies":[{"embeddable":true,"href":"https:\/\/twkumc.org\/es\/wp-json\/wp\/v2\/comments?post=26780"}],"version-history":[{"count":83,"href":"https:\/\/twkumc.org\/es\/wp-json\/wp\/v2\/pages\/26780\/revisions"}],"predecessor-version":[{"id":42010,"href":"https:\/\/twkumc.org\/es\/wp-json\/wp\/v2\/pages\/26780\/revisions\/42010"}],"wp:attachment":[{"href":"https:\/\/twkumc.org\/es\/wp-json\/wp\/v2\/media?parent=26780"}],"wp:term":[{"taxonomy":"post_tag","embeddable":true,"href":"https:\/\/twkumc.org\/es\/wp-json\/wp\/v2\/tags?post=26780"}],"curies":[{"name":"wp","href":"https:\/\/api.w.org\/{rel}","templated":true}]}}