{"id":31805,"date":"2025-08-29T09:56:03","date_gmt":"2025-08-29T15:56:03","guid":{"rendered":"https:\/\/twkumc.org\/?page_id=31805"},"modified":"2025-10-06T08:41:45","modified_gmt":"2025-10-06T14:41:45","slug":"newsletter","status":"publish","type":"page","link":"https:\/\/twkumc.org\/es\/newsletter\/","title":{"rendered":"Bolet\u00edn"},"content":{"rendered":"<div data-elementor-type=\"wp-page\" data-elementor-id=\"31805\" class=\"elementor elementor-31805\" data-elementor-post-type=\"page\">\n\t\t\t\t<div class=\"elementor-element elementor-element-6d5f3b4c e-con-full e-flex e-con e-parent\" data-id=\"6d5f3b4c\" data-element_type=\"container\" data-e-type=\"container\" data-settings=\"{&quot;background_background&quot;:&quot;classic&quot;}\">\n\t\t<div class=\"elementor-element elementor-element-87d444c e-con-full e-flex e-con e-child\" data-id=\"87d444c\" data-element_type=\"container\" data-e-type=\"container\">\n\t\t\t\t<div class=\"elementor-element elementor-element-5c053312 elementor-invisible elementor-widget elementor-widget-heading\" data-id=\"5c053312\" data-element_type=\"widget\" data-e-type=\"widget\" data-settings=\"{&quot;_animation&quot;:&quot;fadeIn&quot;}\" data-widget_type=\"heading.default\">\n\t\t\t\t<div class=\"elementor-widget-container\">\n\t\t\t\t\t<h1 class=\"elementor-heading-title elementor-size-default\">Bolet\u00edn de la Conferencia<\/h1>\t\t\t\t<\/div>\n\t\t\t\t<\/div>\n\t\t<div class=\"elementor-element elementor-element-325643ad e-con-full e-flex e-con e-child\" data-id=\"325643ad\" data-element_type=\"container\" data-e-type=\"container\">\n\t\t\t\t<div class=\"elementor-element elementor-element-4214d32e elementor-widget elementor-widget-heading\" data-id=\"4214d32e\" data-element_type=\"widget\" data-e-type=\"widget\" data-widget_type=\"heading.default\">\n\t\t\t\t<div class=\"elementor-widget-container\">\n\t\t\t\t\t<h5 class=\"elementor-heading-title elementor-size-default\">El personal de comunicaciones de la Conferencia de Tennessee-Western Kentucky env\u00eda un bolet\u00edn electr\u00f3nico semanal al clero y laicado de TWK, destacando noticias, oportunidades e historias de nuestras iglesias y grupos ministeriales.<\/p>\n\n<p>Actualizamos anualmente la lista de destinatarios, y cualquiera puede suscribirse.<\/h5>\t\t\t\t<\/div>\n\t\t\t\t<\/div>\n\t\t\t\t<div class=\"elementor-element elementor-element-285c014 elementor-align-left elementor-mobile-align-center elementor-tablet-align-center elementor-widget__width-inherit elementor-widget elementor-widget-button\" data-id=\"285c014\" data-element_type=\"widget\" data-e-type=\"widget\" data-widget_type=\"button.default\">\n\t\t\t\t<div class=\"elementor-widget-container\">\n\t\t\t\t\t\t\t\t\t<div class=\"elementor-button-wrapper\">\n\t\t\t\t\t<a class=\"elementor-button elementor-button-link elementor-size-sm\" href=\"https:\/\/twkumc.us17.list-manage.com\/subscribe?u=de49ef7a5b28451f267c7c189&#038;id=62c9d34d64\">\n\t\t\t\t\t\t<span class=\"elementor-button-content-wrapper\">\n\t\t\t\t\t\t\t\t\t<span class=\"elementor-button-text\">Suscr\u00edbase a nuestro bolet\u00edn<\/span>\n\t\t\t\t\t<\/span>\n\t\t\t\t\t<\/a>\n\t\t\t\t<\/div>\n\t\t\t\t\t\t\t\t<\/div>\n\t\t\t\t<\/div>\n\t\t\t\t<\/div>\n\t\t\t\t<\/div>\n\t\t\t\t<\/div>\n\t\t<div class=\"elementor-element elementor-element-aa47702 e-flex e-con-boxed e-con e-parent\" data-id=\"aa47702\" data-element_type=\"container\" data-e-type=\"container\">\n\t\t\t\t\t<div class=\"e-con-inner\">\n\t\t\t\t<div class=\"elementor-element elementor-element-ac1cf00 elementor-widget elementor-widget-posts\" data-id=\"ac1cf00\" data-element_type=\"widget\" data-e-type=\"widget\" data-settings=\"{&quot;full_content_row_gap&quot;:{&quot;unit&quot;:&quot;px&quot;,&quot;size&quot;:0,&quot;sizes&quot;:[]}}\" data-widget_type=\"posts.full_content\">\n\t\t\t\t<div class=\"elementor-widget-container\">\n\t\t\t\t\t\t\t<div class=\"elementor-posts-container elementor-posts elementor-posts--skin-full_content elementor-grid\" role=\"list\">\n\t\t\t\t<article class=\"elementor-post elementor-grid-item post-31763 post type-post status-publish format-standard has-post-thumbnail hentry category-communications-news tag-direct-link\" role=\"listitem\">\n\t\t\t\t<div class=\"elementor-post__text\">\n\t\t\n<h5 class=\"wp-block-heading\">\u00daltimos n\u00fameros del bolet\u00edn:<\/h5>\n\n\n<ul class=\"wp-block-rss\"><li class='wp-block-rss__item'><div class='wp-block-rss__item-title'><a href='https:\/\/mailchi.mp\/5c81740fa4a3\/twkumc-newsletter-14186019'>TWKUMC Newsletter 4\/16\/2026<\/a><\/div><\/li><li class='wp-block-rss__item'><div class='wp-block-rss__item-title'><a href='https:\/\/mailchi.mp\/8a4ce4bdd812\/twkumc-newsletter-14185830'>Bolet\u00edn informativo de TWKUMC, 9 de abril de 2026<\/a><\/div><\/li><li class='wp-block-rss__item'><div class='wp-block-rss__item-title'><a href='https:\/\/mailchi.mp\/d1fe0e030890\/twkumc-newsletter-14185633'>Bolet\u00edn informativo de TWKUMC, 2 de abril de 2026<\/a><\/div><\/li><li class='wp-block-rss__item'><div class='wp-block-rss__item-title'><a href='https:\/\/mailchi.mp\/bdf588a0b9e9\/twkumc-newsletter-14185376'>Bolet\u00edn informativo de TWKUMC, 26 de marzo de 2026<\/a><\/div><\/li><\/ul>\n\n\n<div style=\"height:13px\" aria-hidden=\"true\" class=\"wp-block-spacer\"><\/div>\n\n\n\n<p>P\u00f3ngase en contacto con nosotros en <a href=\"mailto:communications@twkumc.org\">communications@twkumc.org<\/a> para enviar informaci\u00f3n para esta publicaci\u00f3n. Nos gustar\u00eda especialmente destacar historias de nuestras iglesias que inspiren e informen a iglesias hermanas para replicar el \u00e9xito en acercar su comunidad a Cristo.<\/p>\n\n\n\n<p><strong>Peticiones de oraci\u00f3n<\/strong> se env\u00edan a una lista de correo electr\u00f3nico DIFERENTE, s\u00f3lo para suscriptores. Para obtener m\u00e1s informaci\u00f3n sobre las preocupaciones de oraci\u00f3n de toda la Conferencia, visite la p\u00e1gina <a href=\"https:\/\/twkumc.org\/es\/prayer-concerns\/\">Preocupaciones de oraci\u00f3n<\/a> p\u00e1gina del sitio.<\/p>\n\t\t<\/div>\n\t\t\t\t<\/article>\n\t\t\t\t<\/div>\n\t\t\n\t\t\t\t\t\t<\/div>\n\t\t\t\t<\/div>\n\t\t<div class=\"elementor-element elementor-element-35ff5e3 e-con-full e-flex e-con e-child\" data-id=\"35ff5e3\" data-element_type=\"container\" data-e-type=\"container\">\n\t\t<div class=\"elementor-element elementor-element-7ad494e e-grid e-con-boxed e-con e-child\" data-id=\"7ad494e\" data-element_type=\"container\" data-e-type=\"container\">\n\t\t\t\t\t<div class=\"e-con-inner\">\n\t\t\t\t<div class=\"elementor-element elementor-element-49fa0cf elementor-widget elementor-widget-text-editor\" data-id=\"49fa0cf\" data-element_type=\"widget\" data-e-type=\"widget\" data-widget_type=\"text-editor.default\">\n\t\t\t\t<div class=\"elementor-widget-container\">\n\t\t\t\t\t\t\t\t\t<h5>Cartas y mensajes del Obispo Graves<\/h5><p><a href=\"https:\/\/twkumc.org\/wp-content\/uploads\/2025\/10\/Blessings-pastoral-letter-Sept-2025.pdf\" target=\"_blank\" rel=\"noopener\">Bendiciones Carta pastoral<\/a> <em>9\/17\/2025<\/em><\/p><p><a href=\"https:\/\/twkumc.org\/wp-content\/uploads\/2025\/09\/A-Pastoral-Letter-from-Bishop-David-Graves-SEP-14-2025.pdf\" target=\"_blank\" rel=\"noopener\">Una Carta Pastoral: El reto y la promesa de la paz<\/a> <em>9\/14\/2025<\/em><\/p><p><a href=\"https:\/\/twkumc.org\/wp-content\/uploads\/2025\/10\/What-a-Difference-a-Year-Makes-.pdf\" target=\"_blank\" rel=\"noopener\">Qu\u00e9 diferencia hace un a\u00f1o<\/a> <em>9\/10\/2025<\/em><\/p><p><a href=\"https:\/\/twkumc.org\/wp-content\/uploads\/2025\/10\/Bishop-Letter-to-TWK-June-6-2025-FINAL.pdf\" target=\"_blank\" rel=\"noopener\">Carta posterior a la Conferencia Anual<\/a> <em>6\/o6\/2025<\/em><\/p>\t\t\t\t\t\t\t\t<\/div>\n\t\t\t\t<\/div>\n\t\t\t\t<div class=\"elementor-element elementor-element-1e9f209 elementor-widget elementor-widget-image\" data-id=\"1e9f209\" data-element_type=\"widget\" data-e-type=\"widget\" data-widget_type=\"image.default\">\n\t\t\t\t<div class=\"elementor-widget-container\">\n\t\t\t\t\t\t\t\t\t\t\t\t\t\t\t<img fetchpriority=\"high\" decoding=\"async\" width=\"300\" height=\"241\" src=\"https:\/\/twkumc.org\/wp-content\/uploads\/2025\/08\/image-2-e1758123694990-300x241.png\" class=\"attachment-medium size-medium wp-image-31413\" alt=\"\" srcset=\"https:\/\/twkumc.org\/wp-content\/uploads\/2025\/08\/image-2-e1758123694990-300x241.png 300w, https:\/\/twkumc.org\/wp-content\/uploads\/2025\/08\/image-2-e1758123694990-15x12.png 15w, https:\/\/twkumc.org\/wp-content\/uploads\/2025\/08\/image-2-e1758123694990.png 683w\" sizes=\"(max-width: 300px) 100vw, 300px\" \/>\t\t\t\t\t\t\t\t\t\t\t\t\t\t\t<\/div>\n\t\t\t\t<\/div>\n\t\t\t\t\t<\/div>\n\t\t\t\t<\/div>\n\t\t\t\t<\/div>\n\t\t\t\t\t<\/div>\n\t\t\t\t<\/div>\n\t\t\t\t<\/div>","protected":false},"excerpt":{"rendered":"<p>Conference Newsletter The Tennessee-Western Kentucky Conference communications staff sends out a weekly electronic newsletter to TWK clergy and laity, highlighting news, opportunities, and stories from our churches and ministry groups. [&hellip;]<\/p>\n","protected":false},"author":6,"featured_media":0,"parent":0,"menu_order":0,"comment_status":"closed","ping_status":"closed","template":"","meta":{"_acf_changed":false,"footnotes":""},"tags":[],"class_list":["post-31805","page","type-page","status-publish","hentry"],"acf":[],"yoast_head":"<!-- This site is optimized with the Yoast SEO plugin v27.1.1 - https:\/\/yoast.com\/product\/yoast-seo-wordpress\/ -->\n<title>Newsletter - TWKUMC<\/title>\n<meta name=\"robots\" content=\"index, follow, max-snippet:-1, max-image-preview:large, max-video-preview:-1\" \/>\n<link rel=\"canonical\" href=\"https:\/\/twkumc.org\/es\/newsletter\/\" \/>\n<meta property=\"og:locale\" content=\"es_MX\" \/>\n<meta property=\"og:type\" content=\"article\" \/>\n<meta property=\"og:title\" content=\"Newsletter - TWKUMC\" \/>\n<meta property=\"og:description\" content=\"Conference Newsletter The Tennessee-Western Kentucky Conference communications staff sends out a weekly electronic newsletter to TWK clergy and laity, highlighting news, opportunities, and stories from our churches and ministry groups. [&hellip;]\" \/>\n<meta property=\"og:url\" content=\"https:\/\/twkumc.org\/es\/newsletter\/\" \/>\n<meta property=\"og:site_name\" content=\"TWKUMC\" \/>\n<meta property=\"article:modified_time\" content=\"2025-10-06T14:41:45+00:00\" \/>\n<meta property=\"og:image\" content=\"https:\/\/twkumc.org\/wp-content\/uploads\/2025\/08\/image-2-e1758123694990.png\" \/>\n\t<meta property=\"og:image:width\" content=\"683\" \/>\n\t<meta property=\"og:image:height\" content=\"548\" \/>\n\t<meta property=\"og:image:type\" content=\"image\/png\" \/>\n<meta name=\"twitter:card\" content=\"summary_large_image\" \/>\n<meta name=\"twitter:label1\" content=\"Tiempo de lectura\" \/>\n\t<meta name=\"twitter:data1\" content=\"2 minutos\" \/>\n<script type=\"application\/ld+json\" class=\"yoast-schema-graph\">{\"@context\":\"https:\/\/schema.org\",\"@graph\":[{\"@type\":\"WebPage\",\"@id\":\"https:\/\/twkumc.org\/newsletter\/\",\"url\":\"https:\/\/twkumc.org\/newsletter\/\",\"name\":\"Newsletter - TWKUMC\",\"isPartOf\":{\"@id\":\"https:\/\/twkumc.org\/#website\"},\"primaryImageOfPage\":{\"@id\":\"https:\/\/twkumc.org\/newsletter\/#primaryimage\"},\"image\":{\"@id\":\"https:\/\/twkumc.org\/newsletter\/#primaryimage\"},\"thumbnailUrl\":\"https:\/\/twkumc.org\/wp-content\/uploads\/2025\/08\/image-2-e1758123694990-300x241.png\",\"datePublished\":\"2025-08-29T15:56:03+00:00\",\"dateModified\":\"2025-10-06T14:41:45+00:00\",\"breadcrumb\":{\"@id\":\"https:\/\/twkumc.org\/newsletter\/#breadcrumb\"},\"inLanguage\":\"es\",\"potentialAction\":[{\"@type\":\"ReadAction\",\"target\":[\"https:\/\/twkumc.org\/newsletter\/\"]}]},{\"@type\":\"ImageObject\",\"inLanguage\":\"es\",\"@id\":\"https:\/\/twkumc.org\/newsletter\/#primaryimage\",\"url\":\"https:\/\/twkumc.org\/wp-content\/uploads\/2025\/08\/image-2-e1758123694990-300x241.png\",\"contentUrl\":\"https:\/\/twkumc.org\/wp-content\/uploads\/2025\/08\/image-2-e1758123694990-300x241.png\"},{\"@type\":\"BreadcrumbList\",\"@id\":\"https:\/\/twkumc.org\/newsletter\/#breadcrumb\",\"itemListElement\":[{\"@type\":\"ListItem\",\"position\":1,\"name\":\"Home\",\"item\":\"https:\/\/twkumc.org\/\"},{\"@type\":\"ListItem\",\"position\":2,\"name\":\"Newsletter\"}]},{\"@type\":\"WebSite\",\"@id\":\"https:\/\/twkumc.org\/#website\",\"url\":\"https:\/\/twkumc.org\/\",\"name\":\"TWKUMC\",\"description\":\"\",\"publisher\":{\"@id\":\"https:\/\/twkumc.org\/#organization\"},\"potentialAction\":[{\"@type\":\"SearchAction\",\"target\":{\"@type\":\"EntryPoint\",\"urlTemplate\":\"https:\/\/twkumc.org\/?s={search_term_string}\"},\"query-input\":{\"@type\":\"PropertyValueSpecification\",\"valueRequired\":true,\"valueName\":\"search_term_string\"}}],\"inLanguage\":\"es\"},{\"@type\":\"Organization\",\"@id\":\"https:\/\/twkumc.org\/#organization\",\"name\":\"TWKUMC\",\"url\":\"https:\/\/twkumc.org\/\",\"logo\":{\"@type\":\"ImageObject\",\"inLanguage\":\"es\",\"@id\":\"https:\/\/twkumc.org\/#\/schema\/logo\/image\/\",\"url\":\"https:\/\/twkumc.org\/wp-content\/uploads\/2025\/02\/TWK-Full_ColorBlack.webp\",\"contentUrl\":\"https:\/\/twkumc.org\/wp-content\/uploads\/2025\/02\/TWK-Full_ColorBlack.webp\",\"width\":2340,\"height\":478,\"caption\":\"TWKUMC\"},\"image\":{\"@id\":\"https:\/\/twkumc.org\/#\/schema\/logo\/image\/\"}}]}<\/script>\n<!-- \/ Yoast SEO plugin. -->","yoast_head_json":{"title":"Bolet\u00edn informativo - TWKUMC","robots":{"index":"index","follow":"follow","max-snippet":"max-snippet:-1","max-image-preview":"max-image-preview:large","max-video-preview":"max-video-preview:-1"},"canonical":"https:\/\/twkumc.org\/es\/newsletter\/","og_locale":"es_MX","og_type":"article","og_title":"Newsletter - TWKUMC","og_description":"Conference Newsletter The Tennessee-Western Kentucky Conference communications staff sends out a weekly electronic newsletter to TWK clergy and laity, highlighting news, opportunities, and stories from our churches and ministry groups. [&hellip;]","og_url":"https:\/\/twkumc.org\/es\/newsletter\/","og_site_name":"TWKUMC","article_modified_time":"2025-10-06T14:41:45+00:00","og_image":[{"width":683,"height":548,"url":"https:\/\/twkumc.org\/wp-content\/uploads\/2025\/08\/image-2-e1758123694990.png","type":"image\/png"}],"twitter_card":"summary_large_image","twitter_misc":{"Tiempo de lectura":"2 minutos"},"schema":{"@context":"https:\/\/schema.org","@graph":[{"@type":"WebPage","@id":"https:\/\/twkumc.org\/newsletter\/","url":"https:\/\/twkumc.org\/newsletter\/","name":"Bolet\u00edn informativo - TWKUMC","isPartOf":{"@id":"https:\/\/twkumc.org\/#website"},"primaryImageOfPage":{"@id":"https:\/\/twkumc.org\/newsletter\/#primaryimage"},"image":{"@id":"https:\/\/twkumc.org\/newsletter\/#primaryimage"},"thumbnailUrl":"https:\/\/twkumc.org\/wp-content\/uploads\/2025\/08\/image-2-e1758123694990-300x241.png","datePublished":"2025-08-29T15:56:03+00:00","dateModified":"2025-10-06T14:41:45+00:00","breadcrumb":{"@id":"https:\/\/twkumc.org\/newsletter\/#breadcrumb"},"inLanguage":"es","potentialAction":[{"@type":"ReadAction","target":["https:\/\/twkumc.org\/newsletter\/"]}]},{"@type":"ImageObject","inLanguage":"es","@id":"https:\/\/twkumc.org\/newsletter\/#primaryimage","url":"https:\/\/twkumc.org\/wp-content\/uploads\/2025\/08\/image-2-e1758123694990-300x241.png","contentUrl":"https:\/\/twkumc.org\/wp-content\/uploads\/2025\/08\/image-2-e1758123694990-300x241.png"},{"@type":"BreadcrumbList","@id":"https:\/\/twkumc.org\/newsletter\/#breadcrumb","itemListElement":[{"@type":"ListItem","position":1,"name":"Home","item":"https:\/\/twkumc.org\/"},{"@type":"ListItem","position":2,"name":"Newsletter"}]},{"@type":"WebSite","@id":"https:\/\/twkumc.org\/#website","url":"https:\/\/twkumc.org\/","name":"TWKUMC","description":"","publisher":{"@id":"https:\/\/twkumc.org\/#organization"},"potentialAction":[{"@type":"SearchAction","target":{"@type":"EntryPoint","urlTemplate":"https:\/\/twkumc.org\/?s={search_term_string}"},"query-input":{"@type":"PropertyValueSpecification","valueRequired":true,"valueName":"search_term_string"}}],"inLanguage":"es"},{"@type":"Organization","@id":"https:\/\/twkumc.org\/#organization","name":"TWKUMC","url":"https:\/\/twkumc.org\/","logo":{"@type":"ImageObject","inLanguage":"es","@id":"https:\/\/twkumc.org\/#\/schema\/logo\/image\/","url":"https:\/\/twkumc.org\/wp-content\/uploads\/2025\/02\/TWK-Full_ColorBlack.webp","contentUrl":"https:\/\/twkumc.org\/wp-content\/uploads\/2025\/02\/TWK-Full_ColorBlack.webp","width":2340,"height":478,"caption":"TWKUMC"},"image":{"@id":"https:\/\/twkumc.org\/#\/schema\/logo\/image\/"}}]}},"publishpress_future_action":{"enabled":false,"date":"2026-04-23 15:22:14","action":"change-status","newStatus":"draft","terms":[],"taxonomy":"post_tag","extraData":[]},"publishpress_future_workflow_manual_trigger":{"enabledWorkflows":[]},"_links":{"self":[{"href":"https:\/\/twkumc.org\/es\/wp-json\/wp\/v2\/pages\/31805","targetHints":{"allow":["GET"]}}],"collection":[{"href":"https:\/\/twkumc.org\/es\/wp-json\/wp\/v2\/pages"}],"about":[{"href":"https:\/\/twkumc.org\/es\/wp-json\/wp\/v2\/types\/page"}],"author":[{"embeddable":true,"href":"https:\/\/twkumc.org\/es\/wp-json\/wp\/v2\/users\/6"}],"replies":[{"embeddable":true,"href":"https:\/\/twkumc.org\/es\/wp-json\/wp\/v2\/comments?post=31805"}],"version-history":[{"count":34,"href":"https:\/\/twkumc.org\/es\/wp-json\/wp\/v2\/pages\/31805\/revisions"}],"predecessor-version":[{"id":36352,"href":"https:\/\/twkumc.org\/es\/wp-json\/wp\/v2\/pages\/31805\/revisions\/36352"}],"wp:attachment":[{"href":"https:\/\/twkumc.org\/es\/wp-json\/wp\/v2\/media?parent=31805"}],"wp:term":[{"taxonomy":"post_tag","embeddable":true,"href":"https:\/\/twkumc.org\/es\/wp-json\/wp\/v2\/tags?post=31805"}],"curies":[{"name":"wp","href":"https:\/\/api.w.org\/{rel}","templated":true}]}}