{"id":35873,"date":"2025-09-19T15:06:59","date_gmt":"2025-09-19T21:06:59","guid":{"rendered":"https:\/\/twkumc.org\/?page_id=35873"},"modified":"2025-09-19T15:22:08","modified_gmt":"2025-09-19T21:22:08","slug":"mama-lynn-center","status":"publish","type":"page","link":"https:\/\/twkumc.org\/es\/mama-lynn-center\/","title":{"rendered":"Centro Mama Lynn"},"content":{"rendered":"<div data-elementor-type=\"wp-page\" data-elementor-id=\"35873\" class=\"elementor elementor-35873\" data-elementor-post-type=\"page\">\n\t\t\t\t<div class=\"elementor-element elementor-element-5bf22b5c e-con-full e-flex e-con e-parent\" data-id=\"5bf22b5c\" data-element_type=\"container\" data-e-type=\"container\" data-settings=\"{&quot;background_background&quot;:&quot;classic&quot;}\">\n\t\t<div class=\"elementor-element elementor-element-6e0d0332 e-con-full e-flex e-con e-child\" data-id=\"6e0d0332\" data-element_type=\"container\" data-e-type=\"container\">\n\t\t\t\t<div class=\"elementor-element elementor-element-6f073935 elementor-invisible elementor-widget elementor-widget-heading\" data-id=\"6f073935\" data-element_type=\"widget\" data-e-type=\"widget\" data-settings=\"{&quot;_animation&quot;:&quot;fadeIn&quot;}\" data-widget_type=\"heading.default\">\n\t\t\t\t<div class=\"elementor-widget-container\">\n\t\t\t\t\t<h1 class=\"elementor-heading-title elementor-size-default\">Centro Mama Lynn<\/h1>\t\t\t\t<\/div>\n\t\t\t\t<\/div>\n\t\t\t\t<\/div>\n\t\t\t\t<\/div>\n\t\t<div class=\"elementor-element elementor-element-fa366a8 e-flex e-con-boxed e-con e-parent\" data-id=\"fa366a8\" data-element_type=\"container\" data-e-type=\"container\">\n\t\t\t\t\t<div class=\"e-con-inner\">\n\t\t\t\t<div class=\"elementor-element elementor-element-a7296da elementor-widget elementor-widget-text-editor\" data-id=\"a7296da\" data-element_type=\"widget\" data-e-type=\"widget\" data-widget_type=\"text-editor.default\">\n\t\t\t\t<div class=\"elementor-widget-container\">\n\t\t\t\t\t\t\t\t\t<p>Ya en 2016, las conferencias anuales de Tennessee, Memphis y Cal-Pac se asociaron con el \u00c1rea Episcopal del Congo Oriental, recaudando fondos para construir un centro de mujeres en Kindu, Rep\u00fablica Democr\u00e1tica del Congo, para mujeres que han sobrevivido a la violencia sexual.\u00a0<\/p><p>El Centro Mama Lynn, que lleva el nombre de Lynn McAlilly, esposa del obispo Bill McAlilly, ya est\u00e1 terminado y muy activo. Est\u00e1 en marcha la construcci\u00f3n de un edificio adicional con auditorio y aulas.<\/p><p>El Mama Lynn Center es un santuario para que las mujeres reciban atenci\u00f3n y encuentren restauraci\u00f3n. Estas mujeres tambi\u00e9n reciben formaci\u00f3n para desarrollar habilidades comerciales como la cocina y la costura.<\/p><p>El centro ofrece un espacio para que las mujeres reciban atenci\u00f3n m\u00e9dica, asesoramiento y cuidados centrados en la fe para abordar los problemas relacionados con sus experiencias. Pueden recuperar el respeto por s\u00ed mismas, la dignidad y la alegr\u00eda.<\/p><p>Tras este intenso proceso de recuperaci\u00f3n, estas mujeres regresan a sus aldeas con una vida y un esp\u00edritu renovados.<\/p><p>No s\u00f3lo tienen una nueva perspectiva, sino tambi\u00e9n aptitudes comerciales, formaci\u00f3n en liderazgo y una perspectiva positiva que tendr\u00e1 un efecto transformador en su aldea.<\/p><p><strong><em>V\u00eddeo para compartir en la iglesia: <a href=\"https:\/\/vimeo.com\/950793640?share=copy\" target=\"_blank\" rel=\"noopener\">https:\/\/vimeo.com\/950793640?share=copy<\/a><\/em><\/strong><\/p>\t\t\t\t\t\t\t\t<\/div>\n\t\t\t\t<\/div>\n\t\t\t\t\t<\/div>\n\t\t\t\t<\/div>\n\t\t<div class=\"elementor-element elementor-element-2b406f5 e-flex e-con-boxed e-con e-parent\" data-id=\"2b406f5\" data-element_type=\"container\" data-e-type=\"container\">\n\t\t\t\t\t<div class=\"e-con-inner\">\n\t\t<div class=\"elementor-element elementor-element-454317e e-con-full e-flex e-con e-child\" data-id=\"454317e\" data-element_type=\"container\" data-e-type=\"container\">\n\t\t\t\t<div class=\"elementor-element elementor-element-84d5a3c elementor-widget elementor-widget-heading\" data-id=\"84d5a3c\" data-element_type=\"widget\" data-e-type=\"widget\" data-widget_type=\"heading.default\">\n\t\t\t\t<div class=\"elementor-widget-container\">\n\t\t\t\t\t<h2 class=\"elementor-heading-title elementor-size-default\">C\u00f3mo podemos seguir ayudando<\/h2>\t\t\t\t<\/div>\n\t\t\t\t<\/div>\n\t\t\t\t<\/div>\n\t\t<div class=\"elementor-element elementor-element-19c2f97 e-con-full e-flex e-con e-child\" data-id=\"19c2f97\" data-element_type=\"container\" data-e-type=\"container\">\n\t\t<div class=\"elementor-element elementor-element-1cb160e e-con-full e-flex e-con e-child\" data-id=\"1cb160e\" data-element_type=\"container\" data-e-type=\"container\">\n\t\t\t\t<div class=\"elementor-element elementor-element-5ec93fa elementor-widget elementor-widget-text-editor\" data-id=\"5ec93fa\" data-element_type=\"widget\" data-e-type=\"widget\" data-widget_type=\"text-editor.default\">\n\t\t\t\t<div class=\"elementor-widget-container\">\n\t\t\t\t\t\t\t\t\t<p>Al graduarse, las mujeres reciben paquetes de utensilios de cocina, como sartenes, harina, az\u00facar, aceite de palma y aceite vegetal, as\u00ed como paquetes de tela y una m\u00e1quina de coser.<\/p><p>Estos materiales son esenciales para el \u00e9xito de estas mujeres. Nuestro apoyo continuo les permitir\u00e1 seguir recibiendo la ayuda que necesitan durante a\u00f1os.<\/p><p>El Centro Mama Lynn recibi\u00f3 la Ofrenda de la Conferencia Anual 2024.<\/p><p>Todav\u00eda puede hacer un donativo para apoyar al Centro en l\u00ednea en la p\u00e1gina de donativos de TWK. En la lista desplegable, indique que desea donar a: <strong><a href=\"https:\/\/www.shelbygiving.com\/App\/Form\/bbf71087-5ab4-4993-820d-699be51cc97a\" target=\"_blank\" rel=\"noopener\">Centro Mama Lynn<\/a><\/strong><\/p>\t\t\t\t\t\t\t\t<\/div>\n\t\t\t\t<\/div>\n\t\t<div class=\"elementor-element elementor-element-dfa2bfb e-con-full e-flex e-con e-child\" data-id=\"dfa2bfb\" data-element_type=\"container\" data-e-type=\"container\">\n\t\t\t\t<div class=\"elementor-element elementor-element-609dee3 elementor-widget elementor-widget-image\" data-id=\"609dee3\" data-element_type=\"widget\" data-e-type=\"widget\" data-widget_type=\"image.default\">\n\t\t\t\t<div class=\"elementor-widget-container\">\n\t\t\t\t\t\t\t\t\t\t\t\t\t\t\t<img fetchpriority=\"high\" decoding=\"async\" width=\"300\" height=\"300\" src=\"https:\/\/twkumc.org\/wp-content\/uploads\/2025\/09\/AC-Offering-qr-code-380x380-1-300x300.png\" class=\"attachment-medium size-medium wp-image-35876\" alt=\"\" srcset=\"https:\/\/twkumc.org\/wp-content\/uploads\/2025\/09\/AC-Offering-qr-code-380x380-1-300x300.png 300w, https:\/\/twkumc.org\/wp-content\/uploads\/2025\/09\/AC-Offering-qr-code-380x380-1-150x150.png 150w, https:\/\/twkumc.org\/wp-content\/uploads\/2025\/09\/AC-Offering-qr-code-380x380-1-12x12.png 12w, https:\/\/twkumc.org\/wp-content\/uploads\/2025\/09\/AC-Offering-qr-code-380x380-1.png 380w\" sizes=\"(max-width: 300px) 100vw, 300px\" \/>\t\t\t\t\t\t\t\t\t\t\t\t\t\t\t<\/div>\n\t\t\t\t<\/div>\n\t\t\t\t<\/div>\n\t\t\t\t<\/div>\n\t\t\t\t<\/div>\n\t\t\t\t\t<\/div>\n\t\t\t\t<\/div>\n\t\t<div class=\"elementor-element elementor-element-a050aea e-flex e-con-boxed e-con e-parent\" data-id=\"a050aea\" data-element_type=\"container\" data-e-type=\"container\">\n\t\t\t\t\t<div class=\"e-con-inner\">\n\t\t<div class=\"elementor-element elementor-element-fe37d27 e-con-full e-flex e-con e-child\" data-id=\"fe37d27\" data-element_type=\"container\" data-e-type=\"container\">\n\t\t\t\t<div class=\"elementor-element elementor-element-67de4c2 elementor-widget elementor-widget-image\" data-id=\"67de4c2\" data-element_type=\"widget\" data-e-type=\"widget\" data-widget_type=\"image.default\">\n\t\t\t\t<div class=\"elementor-widget-container\">\n\t\t\t\t\t\t\t\t\t\t\t\t\t\t\t<img decoding=\"async\" width=\"800\" height=\"600\" src=\"https:\/\/twkumc.org\/wp-content\/uploads\/2025\/09\/3FDF4CDD-865C-43BE-8EBD-92B3650FF183.jpeg\" class=\"attachment-large size-large wp-image-35880\" alt=\"\" srcset=\"https:\/\/twkumc.org\/wp-content\/uploads\/2025\/09\/3FDF4CDD-865C-43BE-8EBD-92B3650FF183.jpeg 1008w, https:\/\/twkumc.org\/wp-content\/uploads\/2025\/09\/3FDF4CDD-865C-43BE-8EBD-92B3650FF183-300x225.jpeg 300w, https:\/\/twkumc.org\/wp-content\/uploads\/2025\/09\/3FDF4CDD-865C-43BE-8EBD-92B3650FF183-768x576.jpeg 768w, https:\/\/twkumc.org\/wp-content\/uploads\/2025\/09\/3FDF4CDD-865C-43BE-8EBD-92B3650FF183-16x12.jpeg 16w\" sizes=\"(max-width: 800px) 100vw, 800px\" \/>\t\t\t\t\t\t\t\t\t\t\t\t\t\t\t<\/div>\n\t\t\t\t<\/div>\n\t\t\t\t<\/div>\n\t\t<div class=\"elementor-element elementor-element-5a8fd2c e-con-full e-flex e-con e-child\" data-id=\"5a8fd2c\" data-element_type=\"container\" data-e-type=\"container\">\n\t\t\t\t<div class=\"elementor-element elementor-element-917a3bb elementor-widget elementor-widget-image\" data-id=\"917a3bb\" data-element_type=\"widget\" data-e-type=\"widget\" data-widget_type=\"image.default\">\n\t\t\t\t<div class=\"elementor-widget-container\">\n\t\t\t\t\t\t\t\t\t\t\t\t\t\t\t<img decoding=\"async\" width=\"756\" height=\"702\" src=\"https:\/\/twkumc.org\/wp-content\/uploads\/2025\/09\/8B4AAB0A-1E26-469C-ADA4-34B384A767BF-1.png\" class=\"attachment-large size-large wp-image-35881\" alt=\"\" srcset=\"https:\/\/twkumc.org\/wp-content\/uploads\/2025\/09\/8B4AAB0A-1E26-469C-ADA4-34B384A767BF-1.png 756w, https:\/\/twkumc.org\/wp-content\/uploads\/2025\/09\/8B4AAB0A-1E26-469C-ADA4-34B384A767BF-1-300x279.png 300w, https:\/\/twkumc.org\/wp-content\/uploads\/2025\/09\/8B4AAB0A-1E26-469C-ADA4-34B384A767BF-1-13x12.png 13w\" sizes=\"(max-width: 756px) 100vw, 756px\" \/>\t\t\t\t\t\t\t\t\t\t\t\t\t\t\t<\/div>\n\t\t\t\t<\/div>\n\t\t\t\t<\/div>\n\t\t\t\t\t<\/div>\n\t\t\t\t<\/div>\n\t\t\t\t<\/div>","protected":false},"excerpt":{"rendered":"<p>Mama Lynn Center Back in 2016, the Tennessee, Memphis, and Cal-Pac annual conferences partnered with the East Congo Episcopal Area, raising funds to build a women\u2019s center in Kindu, Democratic [&hellip;]<\/p>\n","protected":false},"author":6,"featured_media":35875,"parent":0,"menu_order":0,"comment_status":"closed","ping_status":"closed","template":"","meta":{"_acf_changed":false,"footnotes":""},"tags":[],"class_list":["post-35873","page","type-page","status-publish","has-post-thumbnail","hentry"],"acf":[],"yoast_head":"<!-- This site is optimized with the Yoast SEO plugin v27.1.1 - https:\/\/yoast.com\/product\/yoast-seo-wordpress\/ -->\n<title>Mama Lynn Center - TWKUMC<\/title>\n<meta name=\"robots\" content=\"index, follow, max-snippet:-1, max-image-preview:large, max-video-preview:-1\" \/>\n<link rel=\"canonical\" href=\"https:\/\/twkumc.org\/es\/mama-lynn-center\/\" \/>\n<meta property=\"og:locale\" content=\"es_MX\" \/>\n<meta property=\"og:type\" content=\"article\" \/>\n<meta property=\"og:title\" content=\"Mama Lynn Center - TWKUMC\" \/>\n<meta property=\"og:description\" content=\"Mama Lynn Center Back in 2016, the Tennessee, Memphis, and Cal-Pac annual conferences partnered with the East Congo Episcopal Area, raising funds to build a women\u2019s center in Kindu, Democratic [&hellip;]\" \/>\n<meta property=\"og:url\" content=\"https:\/\/twkumc.org\/es\/mama-lynn-center\/\" \/>\n<meta property=\"og:site_name\" content=\"TWKUMC\" \/>\n<meta property=\"article:modified_time\" content=\"2025-09-19T21:22:08+00:00\" \/>\n<meta property=\"og:image\" content=\"https:\/\/twkumc.org\/wp-content\/uploads\/2025\/09\/2025-Graduates-at-Mama-Lynn-Center.jpeg\" \/>\n\t<meta property=\"og:image:width\" content=\"1008\" \/>\n\t<meta property=\"og:image:height\" content=\"567\" \/>\n\t<meta property=\"og:image:type\" content=\"image\/jpeg\" \/>\n<meta name=\"twitter:card\" content=\"summary_large_image\" \/>\n<meta name=\"twitter:label1\" content=\"Tiempo de lectura\" \/>\n\t<meta name=\"twitter:data1\" content=\"3 minutos\" \/>\n<script type=\"application\/ld+json\" class=\"yoast-schema-graph\">{\"@context\":\"https:\/\/schema.org\",\"@graph\":[{\"@type\":\"WebPage\",\"@id\":\"https:\/\/twkumc.org\/mama-lynn-center\/\",\"url\":\"https:\/\/twkumc.org\/mama-lynn-center\/\",\"name\":\"Mama Lynn Center - TWKUMC\",\"isPartOf\":{\"@id\":\"https:\/\/twkumc.org\/#website\"},\"primaryImageOfPage\":{\"@id\":\"https:\/\/twkumc.org\/mama-lynn-center\/#primaryimage\"},\"image\":{\"@id\":\"https:\/\/twkumc.org\/mama-lynn-center\/#primaryimage\"},\"thumbnailUrl\":\"https:\/\/twkumc.org\/wp-content\/uploads\/2025\/09\/2025-Graduates-at-Mama-Lynn-Center.jpeg\",\"datePublished\":\"2025-09-19T21:06:59+00:00\",\"dateModified\":\"2025-09-19T21:22:08+00:00\",\"breadcrumb\":{\"@id\":\"https:\/\/twkumc.org\/mama-lynn-center\/#breadcrumb\"},\"inLanguage\":\"es\",\"potentialAction\":[{\"@type\":\"ReadAction\",\"target\":[\"https:\/\/twkumc.org\/mama-lynn-center\/\"]}]},{\"@type\":\"ImageObject\",\"inLanguage\":\"es\",\"@id\":\"https:\/\/twkumc.org\/mama-lynn-center\/#primaryimage\",\"url\":\"https:\/\/twkumc.org\/wp-content\/uploads\/2025\/09\/2025-Graduates-at-Mama-Lynn-Center.jpeg\",\"contentUrl\":\"https:\/\/twkumc.org\/wp-content\/uploads\/2025\/09\/2025-Graduates-at-Mama-Lynn-Center.jpeg\",\"width\":1008,\"height\":567},{\"@type\":\"BreadcrumbList\",\"@id\":\"https:\/\/twkumc.org\/mama-lynn-center\/#breadcrumb\",\"itemListElement\":[{\"@type\":\"ListItem\",\"position\":1,\"name\":\"Home\",\"item\":\"https:\/\/twkumc.org\/\"},{\"@type\":\"ListItem\",\"position\":2,\"name\":\"Mama Lynn Center\"}]},{\"@type\":\"WebSite\",\"@id\":\"https:\/\/twkumc.org\/#website\",\"url\":\"https:\/\/twkumc.org\/\",\"name\":\"TWKUMC\",\"description\":\"\",\"publisher\":{\"@id\":\"https:\/\/twkumc.org\/#organization\"},\"potentialAction\":[{\"@type\":\"SearchAction\",\"target\":{\"@type\":\"EntryPoint\",\"urlTemplate\":\"https:\/\/twkumc.org\/?s={search_term_string}\"},\"query-input\":{\"@type\":\"PropertyValueSpecification\",\"valueRequired\":true,\"valueName\":\"search_term_string\"}}],\"inLanguage\":\"es\"},{\"@type\":\"Organization\",\"@id\":\"https:\/\/twkumc.org\/#organization\",\"name\":\"TWKUMC\",\"url\":\"https:\/\/twkumc.org\/\",\"logo\":{\"@type\":\"ImageObject\",\"inLanguage\":\"es\",\"@id\":\"https:\/\/twkumc.org\/#\/schema\/logo\/image\/\",\"url\":\"https:\/\/twkumc.org\/wp-content\/uploads\/2025\/02\/TWK-Full_ColorBlack.webp\",\"contentUrl\":\"https:\/\/twkumc.org\/wp-content\/uploads\/2025\/02\/TWK-Full_ColorBlack.webp\",\"width\":2340,\"height\":478,\"caption\":\"TWKUMC\"},\"image\":{\"@id\":\"https:\/\/twkumc.org\/#\/schema\/logo\/image\/\"}}]}<\/script>\n<!-- \/ Yoast SEO plugin. -->","yoast_head_json":{"title":"Centro Mama Lynn - TWKUMC","robots":{"index":"index","follow":"follow","max-snippet":"max-snippet:-1","max-image-preview":"max-image-preview:large","max-video-preview":"max-video-preview:-1"},"canonical":"https:\/\/twkumc.org\/es\/mama-lynn-center\/","og_locale":"es_MX","og_type":"article","og_title":"Mama Lynn Center - TWKUMC","og_description":"Mama Lynn Center Back in 2016, the Tennessee, Memphis, and Cal-Pac annual conferences partnered with the East Congo Episcopal Area, raising funds to build a women\u2019s center in Kindu, Democratic [&hellip;]","og_url":"https:\/\/twkumc.org\/es\/mama-lynn-center\/","og_site_name":"TWKUMC","article_modified_time":"2025-09-19T21:22:08+00:00","og_image":[{"width":1008,"height":567,"url":"https:\/\/twkumc.org\/wp-content\/uploads\/2025\/09\/2025-Graduates-at-Mama-Lynn-Center.jpeg","type":"image\/jpeg"}],"twitter_card":"summary_large_image","twitter_misc":{"Tiempo de lectura":"3 minutos"},"schema":{"@context":"https:\/\/schema.org","@graph":[{"@type":"WebPage","@id":"https:\/\/twkumc.org\/mama-lynn-center\/","url":"https:\/\/twkumc.org\/mama-lynn-center\/","name":"Centro Mama Lynn - TWKUMC","isPartOf":{"@id":"https:\/\/twkumc.org\/#website"},"primaryImageOfPage":{"@id":"https:\/\/twkumc.org\/mama-lynn-center\/#primaryimage"},"image":{"@id":"https:\/\/twkumc.org\/mama-lynn-center\/#primaryimage"},"thumbnailUrl":"https:\/\/twkumc.org\/wp-content\/uploads\/2025\/09\/2025-Graduates-at-Mama-Lynn-Center.jpeg","datePublished":"2025-09-19T21:06:59+00:00","dateModified":"2025-09-19T21:22:08+00:00","breadcrumb":{"@id":"https:\/\/twkumc.org\/mama-lynn-center\/#breadcrumb"},"inLanguage":"es","potentialAction":[{"@type":"ReadAction","target":["https:\/\/twkumc.org\/mama-lynn-center\/"]}]},{"@type":"ImageObject","inLanguage":"es","@id":"https:\/\/twkumc.org\/mama-lynn-center\/#primaryimage","url":"https:\/\/twkumc.org\/wp-content\/uploads\/2025\/09\/2025-Graduates-at-Mama-Lynn-Center.jpeg","contentUrl":"https:\/\/twkumc.org\/wp-content\/uploads\/2025\/09\/2025-Graduates-at-Mama-Lynn-Center.jpeg","width":1008,"height":567},{"@type":"BreadcrumbList","@id":"https:\/\/twkumc.org\/mama-lynn-center\/#breadcrumb","itemListElement":[{"@type":"ListItem","position":1,"name":"Home","item":"https:\/\/twkumc.org\/"},{"@type":"ListItem","position":2,"name":"Mama Lynn Center"}]},{"@type":"WebSite","@id":"https:\/\/twkumc.org\/#website","url":"https:\/\/twkumc.org\/","name":"TWKUMC","description":"","publisher":{"@id":"https:\/\/twkumc.org\/#organization"},"potentialAction":[{"@type":"SearchAction","target":{"@type":"EntryPoint","urlTemplate":"https:\/\/twkumc.org\/?s={search_term_string}"},"query-input":{"@type":"PropertyValueSpecification","valueRequired":true,"valueName":"search_term_string"}}],"inLanguage":"es"},{"@type":"Organization","@id":"https:\/\/twkumc.org\/#organization","name":"TWKUMC","url":"https:\/\/twkumc.org\/","logo":{"@type":"ImageObject","inLanguage":"es","@id":"https:\/\/twkumc.org\/#\/schema\/logo\/image\/","url":"https:\/\/twkumc.org\/wp-content\/uploads\/2025\/02\/TWK-Full_ColorBlack.webp","contentUrl":"https:\/\/twkumc.org\/wp-content\/uploads\/2025\/02\/TWK-Full_ColorBlack.webp","width":2340,"height":478,"caption":"TWKUMC"},"image":{"@id":"https:\/\/twkumc.org\/#\/schema\/logo\/image\/"}}]}},"publishpress_future_action":{"enabled":false,"date":"2026-04-18 19:50:58","action":"change-status","newStatus":"draft","terms":[],"taxonomy":"post_tag","extraData":[]},"publishpress_future_workflow_manual_trigger":{"enabledWorkflows":[]},"_links":{"self":[{"href":"https:\/\/twkumc.org\/es\/wp-json\/wp\/v2\/pages\/35873","targetHints":{"allow":["GET"]}}],"collection":[{"href":"https:\/\/twkumc.org\/es\/wp-json\/wp\/v2\/pages"}],"about":[{"href":"https:\/\/twkumc.org\/es\/wp-json\/wp\/v2\/types\/page"}],"author":[{"embeddable":true,"href":"https:\/\/twkumc.org\/es\/wp-json\/wp\/v2\/users\/6"}],"replies":[{"embeddable":true,"href":"https:\/\/twkumc.org\/es\/wp-json\/wp\/v2\/comments?post=35873"}],"version-history":[{"count":13,"href":"https:\/\/twkumc.org\/es\/wp-json\/wp\/v2\/pages\/35873\/revisions"}],"predecessor-version":[{"id":35890,"href":"https:\/\/twkumc.org\/es\/wp-json\/wp\/v2\/pages\/35873\/revisions\/35890"}],"wp:featuredmedia":[{"embeddable":true,"href":"https:\/\/twkumc.org\/es\/wp-json\/wp\/v2\/media\/35875"}],"wp:attachment":[{"href":"https:\/\/twkumc.org\/es\/wp-json\/wp\/v2\/media?parent=35873"}],"wp:term":[{"taxonomy":"post_tag","embeddable":true,"href":"https:\/\/twkumc.org\/es\/wp-json\/wp\/v2\/tags?post=35873"}],"curies":[{"name":"wp","href":"https:\/\/api.w.org\/{rel}","templated":true}]}}