{"id":36111,"date":"2025-09-29T09:37:47","date_gmt":"2025-09-29T15:37:47","guid":{"rendered":"https:\/\/twkumc.org\/?page_id=36111"},"modified":"2025-09-29T10:06:37","modified_gmt":"2025-09-29T16:06:37","slug":"lay-servant-ministry-training","status":"publish","type":"page","link":"https:\/\/twkumc.org\/es\/equip\/lay-servant-ministry-training\/","title":{"rendered":"Formaci\u00f3n para el Ministerio de Servidores Laicos"},"content":{"rendered":"<div data-elementor-type=\"wp-page\" data-elementor-id=\"36111\" class=\"elementor elementor-36111\" data-elementor-post-type=\"page\">\n\t\t\t\t<div class=\"elementor-element elementor-element-9298c41 e-flex e-con-boxed e-con e-parent\" data-id=\"9298c41\" data-element_type=\"container\" data-e-type=\"container\">\n\t\t\t\t\t<div class=\"e-con-inner\">\n\t\t<div class=\"elementor-element elementor-element-6d23802 e-con-full e-flex e-con e-child\" data-id=\"6d23802\" data-element_type=\"container\" data-e-type=\"container\">\n\t\t\t\t<div class=\"elementor-element elementor-element-2d26177 elementor-widget elementor-widget-heading\" data-id=\"2d26177\" data-element_type=\"widget\" data-e-type=\"widget\" data-widget_type=\"heading.default\">\n\t\t\t\t<div class=\"elementor-widget-container\">\n\t\t\t\t\t<h2 class=\"elementor-heading-title elementor-size-default\">\u00bfQu\u00e9 es un servidor laico?<\/h2>\t\t\t\t<\/div>\n\t\t\t\t<\/div>\n\t\t\t\t<\/div>\n\t\t<div class=\"elementor-element elementor-element-9733d9b e-con-full e-flex e-con e-child\" data-id=\"9733d9b\" data-element_type=\"container\" data-e-type=\"container\">\n\t\t\t\t<div class=\"elementor-element elementor-element-9d64404 elementor-widget elementor-widget-text-editor\" data-id=\"9d64404\" data-element_type=\"widget\" data-e-type=\"widget\" data-widget_type=\"text-editor.default\">\n\t\t\t\t<div class=\"elementor-widget-container\">\n\t\t\t\t\t\t\t\t\t<p>Un Siervo Laico es un miembro activo y solidario de una congregaci\u00f3n Metodista Unida que est\u00e1 deseoso de estar en el ministerio a trav\u00e9s de la iglesia. Est\u00e1 bien informado sobre las escrituras, la doctrina, la herencia, la organizaci\u00f3n y la vida de la Iglesia Metodista Unida y est\u00e1 comprometido a dar testimonio a trav\u00e9s del liderazgo en la iglesia y la comunidad, los ministerios de cuidado y la comunicaci\u00f3n oral. Un Siervo Laico est\u00e1 dispuesto a iniciar el ministerio en asociaci\u00f3n con el clero y otros Siervos Laicos y dispuesto a mejorar sus habilidades para el servicio.<\/p>\t\t\t\t\t\t\t\t<\/div>\n\t\t\t\t<\/div>\n\t\t\t\t<\/div>\n\t\t\t\t\t<\/div>\n\t\t\t\t<\/div>\n\t\t<div class=\"elementor-element elementor-element-15ebefe e-flex e-con-boxed e-con e-parent\" data-id=\"15ebefe\" data-element_type=\"container\" data-e-type=\"container\">\n\t\t\t\t\t<div class=\"e-con-inner\">\n\t\t<div class=\"elementor-element elementor-element-c725b41 e-con-full e-flex e-con e-child\" data-id=\"c725b41\" data-element_type=\"container\" data-e-type=\"container\">\n\t\t\t\t<div class=\"elementor-element elementor-element-d67215b elementor-widget elementor-widget-heading\" data-id=\"d67215b\" data-element_type=\"widget\" data-e-type=\"widget\" data-widget_type=\"heading.default\">\n\t\t\t\t<div class=\"elementor-widget-container\">\n\t\t\t\t\t<h2 class=\"elementor-heading-title elementor-size-default\">\u00bfC\u00f3mo sirven los Siervos Laicos?<\/h2>\t\t\t\t<\/div>\n\t\t\t\t<\/div>\n\t\t\t\t<\/div>\n\t\t<div class=\"elementor-element elementor-element-868c1fb e-con-full e-flex e-con e-child\" data-id=\"868c1fb\" data-element_type=\"container\" data-e-type=\"container\">\n\t\t\t\t<div class=\"elementor-element elementor-element-6891345 elementor-widget elementor-widget-text-editor\" data-id=\"6891345\" data-element_type=\"widget\" data-e-type=\"widget\" data-widget_type=\"text-editor.default\">\n\t\t\t\t<div class=\"elementor-widget-container\">\n\t\t\t\t\t\t\t\t\t<p>Este ministerio va m\u00e1s all\u00e1 de sustituir al pastor o hablar en p\u00fablico. Los Ministerios de los Siervos Laicos ofrecen muchas opciones para servir en otros roles adem\u00e1s del tradicional de suplir al p\u00falpito. Ense\u00f1ar, servir, entrenar, liderar, participar, cuidar, amar y comunicar son ahora partes integrales de los Ministerios de Servicio Laico. Con tantas v\u00edas de capacitaci\u00f3n, los Ministerios de Servicio Laico ofrecen una educaci\u00f3n valiosa que equipa a los Metodistas Unidos para todas las facetas del ministerio laico.<\/p>\t\t\t\t\t\t\t\t<\/div>\n\t\t\t\t<\/div>\n\t\t\t\t<\/div>\n\t\t\t\t\t<\/div>\n\t\t\t\t<\/div>\n\t\t<div class=\"elementor-element elementor-element-01b849b e-flex e-con-boxed e-con e-parent\" data-id=\"01b849b\" data-element_type=\"container\" data-e-type=\"container\">\n\t\t\t\t\t<div class=\"e-con-inner\">\n\t\t<div class=\"elementor-element elementor-element-c072771 e-con-full e-flex e-con e-child\" data-id=\"c072771\" data-element_type=\"container\" data-e-type=\"container\">\n\t\t\t\t<div class=\"elementor-element elementor-element-de5b7b6 elementor-widget elementor-widget-heading\" data-id=\"de5b7b6\" data-element_type=\"widget\" data-e-type=\"widget\" data-widget_type=\"heading.default\">\n\t\t\t\t<div class=\"elementor-widget-container\">\n\t\t\t\t\t<h2 class=\"elementor-heading-title elementor-size-default\">Considere la posibilidad de asistir a una clase.<\/h2>\t\t\t\t<\/div>\n\t\t\t\t<\/div>\n\t\t\t\t<\/div>\n\t\t<div class=\"elementor-element elementor-element-23ba75f e-con-full e-flex e-con e-child\" data-id=\"23ba75f\" data-element_type=\"container\" data-e-type=\"container\">\n\t\t\t\t<div class=\"elementor-element elementor-element-6a41fe0 elementor-widget elementor-widget-text-editor\" data-id=\"6a41fe0\" data-element_type=\"widget\" data-e-type=\"widget\" data-widget_type=\"text-editor.default\">\n\t\t\t\t<div class=\"elementor-widget-container\">\n\t\t\t\t\t\t\t\t\t<p>Peri\u00f3dicamente se imparten clases sobre diversos temas en toda la Conferencia. Comenzando con la clase b\u00e1sica, se puede continuar con clases avanzadas y pasar a un servicio m\u00e1s amplio como Siervo Laico Certificado. Dios nos llama y a trav\u00e9s del desarrollo continuo nos equipa para ser Siervos Laicos. Puede ver las pr\u00f3ximas clases de Siervos Laicos en nuestro <a href=\"https:\/\/twkumc.org\/es\/events\/\">Calendario de conferencias<\/a>.<\/p>\t\t\t\t\t\t\t\t<\/div>\n\t\t\t\t<\/div>\n\t\t\t\t<\/div>\n\t\t\t\t\t<\/div>\n\t\t\t\t<\/div>\n\t\t<div class=\"elementor-element elementor-element-384164f e-flex e-con-boxed e-con e-parent\" data-id=\"384164f\" data-element_type=\"container\" data-e-type=\"container\">\n\t\t\t\t\t<div class=\"e-con-inner\">\n\t\t\t\t<div class=\"elementor-element elementor-element-74f10d4 elementor-widget-divider--view-line elementor-widget elementor-widget-divider\" data-id=\"74f10d4\" data-element_type=\"widget\" data-e-type=\"widget\" data-widget_type=\"divider.default\">\n\t\t\t\t<div class=\"elementor-widget-container\">\n\t\t\t\t\t\t\t<div class=\"elementor-divider\">\n\t\t\t<span class=\"elementor-divider-separator\">\n\t\t\t\t\t\t<\/span>\n\t\t<\/div>\n\t\t\t\t\t\t<\/div>\n\t\t\t\t<\/div>\n\t\t\t\t<div class=\"elementor-element elementor-element-49f8edc elementor-widget elementor-widget-heading\" data-id=\"49f8edc\" data-element_type=\"widget\" data-e-type=\"widget\" data-widget_type=\"heading.default\">\n\t\t\t\t<div class=\"elementor-widget-container\">\n\t\t\t\t\t<h2 class=\"elementor-heading-title elementor-size-default\">Los cuadros enlazados a continuaci\u00f3n son buenos recursos que le ayudar\u00e1n a comprender los pasos que debe dar:<\/h2>\t\t\t\t<\/div>\n\t\t\t\t<\/div>\n\t\t\t\t<div class=\"elementor-element elementor-element-4aae82c elementor-widget elementor-widget-text-editor\" data-id=\"4aae82c\" data-element_type=\"widget\" data-e-type=\"widget\" data-widget_type=\"text-editor.default\">\n\t\t\t\t<div class=\"elementor-widget-container\">\n\t\t\t\t\t\t\t\t\t<p><a href=\"https:\/\/twkumc.org\/wp-content\/uploads\/2025\/09\/LSM_Certified-Lay-Servant-Flow-Chart-2016.pdf\">Siervo Laico Certificado<\/a><\/p><p><a href=\"https:\/\/twkumc.org\/wp-content\/uploads\/2025\/09\/LSM_Lay-Speaker-Flow-Chart-2016.pdf\">Orador laico certificado<\/a><\/p><p><a href=\"https:\/\/twkumc.org\/wp-content\/uploads\/2025\/09\/LSM_Lay-Minister-Flow-Chart-2016.pdf\">Ministro Laico Certificado<\/a><\/p>\t\t\t\t\t\t\t\t<\/div>\n\t\t\t\t<\/div>\n\t\t\t\t\t<\/div>\n\t\t\t\t<\/div>\n\t\t\t\t<\/div>","protected":false},"excerpt":{"rendered":"<p>What is a Lay Servant? A Lay Servant is an active, supportive member of a United Methodist congregation who is eager to be in ministry through the church. He\/she is [&hellip;]<\/p>\n","protected":false},"author":6,"featured_media":0,"parent":30,"menu_order":0,"comment_status":"closed","ping_status":"closed","template":"","meta":{"_acf_changed":false,"footnotes":""},"tags":[],"class_list":["post-36111","page","type-page","status-publish","hentry"],"acf":[],"yoast_head":"<!-- This site is optimized with the Yoast SEO plugin v27.1.1 - https:\/\/yoast.com\/product\/yoast-seo-wordpress\/ -->\n<title>Lay Servant Ministry Training - TWKUMC<\/title>\n<meta name=\"robots\" content=\"index, follow, max-snippet:-1, max-image-preview:large, max-video-preview:-1\" \/>\n<link rel=\"canonical\" href=\"https:\/\/twkumc.org\/es\/equip\/lay-servant-ministry-training\/\" \/>\n<meta property=\"og:locale\" content=\"es_MX\" \/>\n<meta property=\"og:type\" content=\"article\" \/>\n<meta property=\"og:title\" content=\"Lay Servant Ministry Training - TWKUMC\" \/>\n<meta property=\"og:description\" content=\"What is a Lay Servant? A Lay Servant is an active, supportive member of a United Methodist congregation who is eager to be in ministry through the church. He\/she is [&hellip;]\" \/>\n<meta property=\"og:url\" content=\"https:\/\/twkumc.org\/es\/equip\/lay-servant-ministry-training\/\" \/>\n<meta property=\"og:site_name\" content=\"TWKUMC\" \/>\n<meta property=\"article:modified_time\" content=\"2025-09-29T16:06:37+00:00\" \/>\n<meta name=\"twitter:card\" content=\"summary_large_image\" \/>\n<meta name=\"twitter:label1\" content=\"Tiempo de lectura\" \/>\n\t<meta name=\"twitter:data1\" content=\"2 minutos\" \/>\n<script type=\"application\/ld+json\" class=\"yoast-schema-graph\">{\"@context\":\"https:\/\/schema.org\",\"@graph\":[{\"@type\":\"WebPage\",\"@id\":\"https:\/\/twkumc.org\/equip\/lay-servant-ministry-training\/\",\"url\":\"https:\/\/twkumc.org\/equip\/lay-servant-ministry-training\/\",\"name\":\"Lay Servant Ministry Training - TWKUMC\",\"isPartOf\":{\"@id\":\"https:\/\/twkumc.org\/#website\"},\"datePublished\":\"2025-09-29T15:37:47+00:00\",\"dateModified\":\"2025-09-29T16:06:37+00:00\",\"breadcrumb\":{\"@id\":\"https:\/\/twkumc.org\/equip\/lay-servant-ministry-training\/#breadcrumb\"},\"inLanguage\":\"es\",\"potentialAction\":[{\"@type\":\"ReadAction\",\"target\":[\"https:\/\/twkumc.org\/equip\/lay-servant-ministry-training\/\"]}]},{\"@type\":\"BreadcrumbList\",\"@id\":\"https:\/\/twkumc.org\/equip\/lay-servant-ministry-training\/#breadcrumb\",\"itemListElement\":[{\"@type\":\"ListItem\",\"position\":1,\"name\":\"Home\",\"item\":\"https:\/\/twkumc.org\/\"},{\"@type\":\"ListItem\",\"position\":2,\"name\":\"Equip\",\"item\":\"https:\/\/twkumc.org\/equip\/\"},{\"@type\":\"ListItem\",\"position\":3,\"name\":\"Lay Servant Ministry Training\"}]},{\"@type\":\"WebSite\",\"@id\":\"https:\/\/twkumc.org\/#website\",\"url\":\"https:\/\/twkumc.org\/\",\"name\":\"TWKUMC\",\"description\":\"\",\"publisher\":{\"@id\":\"https:\/\/twkumc.org\/#organization\"},\"potentialAction\":[{\"@type\":\"SearchAction\",\"target\":{\"@type\":\"EntryPoint\",\"urlTemplate\":\"https:\/\/twkumc.org\/?s={search_term_string}\"},\"query-input\":{\"@type\":\"PropertyValueSpecification\",\"valueRequired\":true,\"valueName\":\"search_term_string\"}}],\"inLanguage\":\"es\"},{\"@type\":\"Organization\",\"@id\":\"https:\/\/twkumc.org\/#organization\",\"name\":\"TWKUMC\",\"url\":\"https:\/\/twkumc.org\/\",\"logo\":{\"@type\":\"ImageObject\",\"inLanguage\":\"es\",\"@id\":\"https:\/\/twkumc.org\/#\/schema\/logo\/image\/\",\"url\":\"https:\/\/twkumc.org\/wp-content\/uploads\/2025\/02\/TWK-Full_ColorBlack.webp\",\"contentUrl\":\"https:\/\/twkumc.org\/wp-content\/uploads\/2025\/02\/TWK-Full_ColorBlack.webp\",\"width\":2340,\"height\":478,\"caption\":\"TWKUMC\"},\"image\":{\"@id\":\"https:\/\/twkumc.org\/#\/schema\/logo\/image\/\"}}]}<\/script>\n<!-- \/ Yoast SEO plugin. -->","yoast_head_json":{"title":"Formaci\u00f3n para el ministerio laico - TWKUMC","robots":{"index":"index","follow":"follow","max-snippet":"max-snippet:-1","max-image-preview":"max-image-preview:large","max-video-preview":"max-video-preview:-1"},"canonical":"https:\/\/twkumc.org\/es\/equip\/lay-servant-ministry-training\/","og_locale":"es_MX","og_type":"article","og_title":"Lay Servant Ministry Training - TWKUMC","og_description":"What is a Lay Servant? A Lay Servant is an active, supportive member of a United Methodist congregation who is eager to be in ministry through the church. He\/she is [&hellip;]","og_url":"https:\/\/twkumc.org\/es\/equip\/lay-servant-ministry-training\/","og_site_name":"TWKUMC","article_modified_time":"2025-09-29T16:06:37+00:00","twitter_card":"summary_large_image","twitter_misc":{"Tiempo de lectura":"2 minutos"},"schema":{"@context":"https:\/\/schema.org","@graph":[{"@type":"WebPage","@id":"https:\/\/twkumc.org\/equip\/lay-servant-ministry-training\/","url":"https:\/\/twkumc.org\/equip\/lay-servant-ministry-training\/","name":"Formaci\u00f3n para el ministerio laico - TWKUMC","isPartOf":{"@id":"https:\/\/twkumc.org\/#website"},"datePublished":"2025-09-29T15:37:47+00:00","dateModified":"2025-09-29T16:06:37+00:00","breadcrumb":{"@id":"https:\/\/twkumc.org\/equip\/lay-servant-ministry-training\/#breadcrumb"},"inLanguage":"es","potentialAction":[{"@type":"ReadAction","target":["https:\/\/twkumc.org\/equip\/lay-servant-ministry-training\/"]}]},{"@type":"BreadcrumbList","@id":"https:\/\/twkumc.org\/equip\/lay-servant-ministry-training\/#breadcrumb","itemListElement":[{"@type":"ListItem","position":1,"name":"Home","item":"https:\/\/twkumc.org\/"},{"@type":"ListItem","position":2,"name":"Equip","item":"https:\/\/twkumc.org\/equip\/"},{"@type":"ListItem","position":3,"name":"Lay Servant Ministry Training"}]},{"@type":"WebSite","@id":"https:\/\/twkumc.org\/#website","url":"https:\/\/twkumc.org\/","name":"TWKUMC","description":"","publisher":{"@id":"https:\/\/twkumc.org\/#organization"},"potentialAction":[{"@type":"SearchAction","target":{"@type":"EntryPoint","urlTemplate":"https:\/\/twkumc.org\/?s={search_term_string}"},"query-input":{"@type":"PropertyValueSpecification","valueRequired":true,"valueName":"search_term_string"}}],"inLanguage":"es"},{"@type":"Organization","@id":"https:\/\/twkumc.org\/#organization","name":"TWKUMC","url":"https:\/\/twkumc.org\/","logo":{"@type":"ImageObject","inLanguage":"es","@id":"https:\/\/twkumc.org\/#\/schema\/logo\/image\/","url":"https:\/\/twkumc.org\/wp-content\/uploads\/2025\/02\/TWK-Full_ColorBlack.webp","contentUrl":"https:\/\/twkumc.org\/wp-content\/uploads\/2025\/02\/TWK-Full_ColorBlack.webp","width":2340,"height":478,"caption":"TWKUMC"},"image":{"@id":"https:\/\/twkumc.org\/#\/schema\/logo\/image\/"}}]}},"publishpress_future_action":{"enabled":false,"date":"2026-04-11 14:09:04","action":"change-status","newStatus":"draft","terms":[],"taxonomy":"post_tag","extraData":[]},"publishpress_future_workflow_manual_trigger":{"enabledWorkflows":[]},"_links":{"self":[{"href":"https:\/\/twkumc.org\/es\/wp-json\/wp\/v2\/pages\/36111","targetHints":{"allow":["GET"]}}],"collection":[{"href":"https:\/\/twkumc.org\/es\/wp-json\/wp\/v2\/pages"}],"about":[{"href":"https:\/\/twkumc.org\/es\/wp-json\/wp\/v2\/types\/page"}],"author":[{"embeddable":true,"href":"https:\/\/twkumc.org\/es\/wp-json\/wp\/v2\/users\/6"}],"replies":[{"embeddable":true,"href":"https:\/\/twkumc.org\/es\/wp-json\/wp\/v2\/comments?post=36111"}],"version-history":[{"count":4,"href":"https:\/\/twkumc.org\/es\/wp-json\/wp\/v2\/pages\/36111\/revisions"}],"predecessor-version":[{"id":36123,"href":"https:\/\/twkumc.org\/es\/wp-json\/wp\/v2\/pages\/36111\/revisions\/36123"}],"up":[{"embeddable":true,"href":"https:\/\/twkumc.org\/es\/wp-json\/wp\/v2\/pages\/30"}],"wp:attachment":[{"href":"https:\/\/twkumc.org\/es\/wp-json\/wp\/v2\/media?parent=36111"}],"wp:term":[{"taxonomy":"post_tag","embeddable":true,"href":"https:\/\/twkumc.org\/es\/wp-json\/wp\/v2\/tags?post=36111"}],"curies":[{"name":"wp","href":"https:\/\/api.w.org\/{rel}","templated":true}]}}