{"id":36151,"date":"2025-09-29T11:18:31","date_gmt":"2025-09-29T17:18:31","guid":{"rendered":"https:\/\/twkumc.org\/?page_id=36151"},"modified":"2025-09-29T11:28:18","modified_gmt":"2025-09-29T17:28:18","slug":"submissions","status":"publish","type":"page","link":"https:\/\/twkumc.org\/es\/communications\/submissions\/","title":{"rendered":"Env\u00edos"},"content":{"rendered":"<div data-elementor-type=\"wp-page\" data-elementor-id=\"36151\" class=\"elementor elementor-36151\" data-elementor-post-type=\"page\">\n\t\t\t\t<div class=\"elementor-element elementor-element-ffbdcc7 e-flex e-con-boxed e-con e-parent\" data-id=\"ffbdcc7\" data-element_type=\"container\" data-e-type=\"container\">\n\t\t\t\t\t<div class=\"e-con-inner\">\n\t\t\t\t<div class=\"elementor-element elementor-element-a667a73 elementor-widget elementor-widget-heading\" data-id=\"a667a73\" data-element_type=\"widget\" data-e-type=\"widget\" data-widget_type=\"heading.default\">\n\t\t\t\t<div class=\"elementor-widget-container\">\n\t\t\t\t\t<h2 class=\"elementor-heading-title elementor-size-default\">Env\u00edos<\/h2>\t\t\t\t<\/div>\n\t\t\t\t<\/div>\n\t\t\t\t<div class=\"elementor-element elementor-element-adc5a4e elementor-widget elementor-widget-text-editor\" data-id=\"adc5a4e\" data-element_type=\"widget\" data-e-type=\"widget\" data-widget_type=\"text-editor.default\">\n\t\t\t\t<div class=\"elementor-widget-container\">\n\t\t\t\t\t\t\t\t\t<p>Env\u00ede noticias, eventos, oportunidades de empleo y peticiones de oraci\u00f3n<\/p>\t\t\t\t\t\t\t\t<\/div>\n\t\t\t\t<\/div>\n\t\t\t\t\t<\/div>\n\t\t\t\t<\/div>\n\t\t<div class=\"elementor-element elementor-element-a563d37 e-flex e-con-boxed e-con e-parent\" data-id=\"a563d37\" data-element_type=\"container\" data-e-type=\"container\" data-settings=\"{&quot;background_background&quot;:&quot;classic&quot;}\">\n\t\t\t\t\t<div class=\"e-con-inner\">\n\t\t\t\t<div class=\"elementor-element elementor-element-10ad9d7 elementor-cta--skin-cover elementor-cta--valign-bottom elementor-widget__width-initial elementor-invisible elementor-widget elementor-widget-call-to-action\" data-id=\"10ad9d7\" data-element_type=\"widget\" data-e-type=\"widget\" data-settings=\"{&quot;_animation&quot;:&quot;fadeInUp&quot;,&quot;_animation_delay&quot;:&quot;500&quot;}\" data-widget_type=\"call-to-action.default\">\n\t\t\t\t<div class=\"elementor-widget-container\">\n\t\t\t\t\t\t\t<a class=\"elementor-cta\" href=\"https:\/\/twkumc.org\/es\/communications-news\/submit-news-and-stories\/\">\n\t\t\t\t\t<div class=\"elementor-cta__bg-wrapper\">\n\t\t\t\t<div class=\"elementor-cta__bg elementor-bg\" style=\"background-image: url(https:\/\/twkumc.org\/wp-content\/uploads\/2025\/07\/AdobeStock_297131356-scaled.jpeg);\" role=\"img\" aria-label=\"Peri\u00f3dicos, concepto de informaci\u00f3n de noticias mundiales, primer plano, panor\u00e1mica\"><\/div>\n\t\t\t\t<div class=\"elementor-cta__bg-overlay\"><\/div>\n\t\t\t<\/div>\n\t\t\t\t\t\t\t<div class=\"elementor-cta__content\">\n\t\t\t\t\n\t\t\t\t\t\t\t\t\t<span class=\"elementor-cta__title elementor-cta__content-item elementor-content-item\">\n\t\t\t\t\t\tNoticias\t\t\t\t\t<\/span>\n\t\t\t\t\n\t\t\t\t\n\t\t\t\t\t\t\t<\/div>\n\t\t\t\t\t\t<\/a>\n\t\t\t\t\t\t<\/div>\n\t\t\t\t<\/div>\n\t\t\t\t<div class=\"elementor-element elementor-element-af04dd9 elementor-cta--skin-cover elementor-cta--valign-bottom elementor-widget__width-initial elementor-invisible elementor-widget elementor-widget-call-to-action\" data-id=\"af04dd9\" data-element_type=\"widget\" data-e-type=\"widget\" data-settings=\"{&quot;_animation&quot;:&quot;fadeInUp&quot;,&quot;_animation_delay&quot;:&quot;500&quot;}\" data-widget_type=\"call-to-action.default\">\n\t\t\t\t<div class=\"elementor-widget-container\">\n\t\t\t\t\t\t\t<a class=\"elementor-cta\" href=\"https:\/\/twkumc.org\/es\/event-submission-form\/\">\n\t\t\t\t\t<div class=\"elementor-cta__bg-wrapper\">\n\t\t\t\t<div class=\"elementor-cta__bg elementor-bg\" style=\"background-image: url(https:\/\/twkumc.org\/wp-content\/uploads\/2025\/09\/Calendar-scaled.jpeg);\" role=\"img\" aria-label=\"Citas\"><\/div>\n\t\t\t\t<div class=\"elementor-cta__bg-overlay\"><\/div>\n\t\t\t<\/div>\n\t\t\t\t\t\t\t<div class=\"elementor-cta__content\">\n\t\t\t\t\n\t\t\t\t\t\t\t\t\t<span class=\"elementor-cta__title elementor-cta__content-item elementor-content-item\">\n\t\t\t\t\t\tCalendario de eventos\t\t\t\t\t<\/span>\n\t\t\t\t\n\t\t\t\t\n\t\t\t\t\t\t\t<\/div>\n\t\t\t\t\t\t<\/a>\n\t\t\t\t\t\t<\/div>\n\t\t\t\t<\/div>\n\t\t\t\t<div class=\"elementor-element elementor-element-ce483eb elementor-cta--skin-cover elementor-cta--valign-bottom elementor-widget__width-initial elementor-invisible elementor-widget elementor-widget-call-to-action\" data-id=\"ce483eb\" data-element_type=\"widget\" data-e-type=\"widget\" data-settings=\"{&quot;_animation&quot;:&quot;fadeInUp&quot;,&quot;_animation_delay&quot;:&quot;500&quot;}\" data-widget_type=\"call-to-action.default\">\n\t\t\t\t<div class=\"elementor-widget-container\">\n\t\t\t\t\t\t\t<a class=\"elementor-cta\" href=\"https:\/\/twkumc.org\/es\/jobs\/#job-form\">\n\t\t\t\t\t<div class=\"elementor-cta__bg-wrapper\">\n\t\t\t\t<div class=\"elementor-cta__bg elementor-bg\" style=\"background-image: url(https:\/\/twkumc.org\/wp-content\/uploads\/2025\/09\/job-interview-scaled.jpeg);\" role=\"img\" aria-label=\"Situaci\u00f3n empresarial, concepto de entrevista de trabajo.\"><\/div>\n\t\t\t\t<div class=\"elementor-cta__bg-overlay\"><\/div>\n\t\t\t<\/div>\n\t\t\t\t\t\t\t<div class=\"elementor-cta__content\">\n\t\t\t\t\n\t\t\t\t\t\t\t\t\t<span class=\"elementor-cta__title elementor-cta__content-item elementor-content-item\">\n\t\t\t\t\t\tEmpleo\t\t\t\t\t<\/span>\n\t\t\t\t\n\t\t\t\t\n\t\t\t\t\t\t\t<\/div>\n\t\t\t\t\t\t<\/a>\n\t\t\t\t\t\t<\/div>\n\t\t\t\t<\/div>\n\t\t\t\t<div class=\"elementor-element elementor-element-076f987 elementor-cta--skin-cover elementor-cta--valign-bottom elementor-widget__width-initial elementor-invisible elementor-widget elementor-widget-call-to-action\" data-id=\"076f987\" data-element_type=\"widget\" data-e-type=\"widget\" data-settings=\"{&quot;_animation&quot;:&quot;fadeInUp&quot;,&quot;_animation_delay&quot;:&quot;500&quot;}\" data-widget_type=\"call-to-action.default\">\n\t\t\t\t<div class=\"elementor-widget-container\">\n\t\t\t\t\t\t\t<a class=\"elementor-cta\" href=\"https:\/\/twkumc.org\/es\/resource\/prayer-concern-submission\/\">\n\t\t\t\t\t<div class=\"elementor-cta__bg-wrapper\">\n\t\t\t\t<div class=\"elementor-cta__bg elementor-bg\" style=\"background-image: url(https:\/\/twkumc.org\/wp-content\/uploads\/2025\/07\/AdobeStock_229489199-scaled.jpeg);\" role=\"img\" aria-label=\"TEPT concepto de salud mental, psic\u00f3logo sentado y tocar la mano joven hombre asi\u00e1tico deprimido para el est\u00edmulo cerca de la ventana con el medio ambiente de poca luz.enfoque selectivo.\"><\/div>\n\t\t\t\t<div class=\"elementor-cta__bg-overlay\"><\/div>\n\t\t\t<\/div>\n\t\t\t\t\t\t\t<div class=\"elementor-cta__content\">\n\t\t\t\t\n\t\t\t\t\t\t\t\t\t<span class=\"elementor-cta__title elementor-cta__content-item elementor-content-item\">\n\t\t\t\t\t\tPreocupaciones de oraci\u00f3n\t\t\t\t\t<\/span>\n\t\t\t\t\n\t\t\t\t\n\t\t\t\t\t\t\t<\/div>\n\t\t\t\t\t\t<\/a>\n\t\t\t\t\t\t<\/div>\n\t\t\t\t<\/div>\n\t\t\t\t\t<\/div>\n\t\t\t\t<\/div>\n\t\t\t\t<\/div>","protected":false},"excerpt":{"rendered":"<p>Env\u00edos Env\u00ede noticias, eventos, oportunidades de trabajo e inquietudes de oraci\u00f3n Noticias y actualizaciones Calendario Eventos Empleos Inquietudes de oraci\u00f3n<\/p>","protected":false},"author":6,"featured_media":0,"parent":80,"menu_order":0,"comment_status":"closed","ping_status":"closed","template":"","meta":{"_acf_changed":false,"footnotes":""},"tags":[],"class_list":["post-36151","page","type-page","status-publish","hentry"],"acf":[],"yoast_head":"<!-- This site is optimized with the Yoast SEO plugin v27.1.1 - https:\/\/yoast.com\/product\/yoast-seo-wordpress\/ -->\n<title>Submissions - TWKUMC<\/title>\n<meta name=\"robots\" content=\"index, follow, max-snippet:-1, max-image-preview:large, max-video-preview:-1\" \/>\n<link rel=\"canonical\" href=\"https:\/\/twkumc.org\/es\/communications\/submissions\/\" \/>\n<meta property=\"og:locale\" content=\"es_MX\" \/>\n<meta property=\"og:type\" content=\"article\" \/>\n<meta property=\"og:title\" content=\"Submissions - TWKUMC\" \/>\n<meta property=\"og:description\" content=\"Submissions Submit news, events, job opportunities, and prayer concerns News &amp; Updates Calendar Events Jobs Prayer Concerns\" \/>\n<meta property=\"og:url\" content=\"https:\/\/twkumc.org\/es\/communications\/submissions\/\" \/>\n<meta property=\"og:site_name\" content=\"TWKUMC\" \/>\n<meta property=\"article:modified_time\" content=\"2025-09-29T17:28:18+00:00\" \/>\n<meta name=\"twitter:card\" content=\"summary_large_image\" \/>\n<meta name=\"twitter:label1\" content=\"Tiempo de lectura\" \/>\n\t<meta name=\"twitter:data1\" content=\"1 minuto\" \/>\n<script type=\"application\/ld+json\" class=\"yoast-schema-graph\">{\"@context\":\"https:\/\/schema.org\",\"@graph\":[{\"@type\":\"WebPage\",\"@id\":\"https:\/\/twkumc.org\/communications\/submissions\/\",\"url\":\"https:\/\/twkumc.org\/communications\/submissions\/\",\"name\":\"Submissions - TWKUMC\",\"isPartOf\":{\"@id\":\"https:\/\/twkumc.org\/#website\"},\"datePublished\":\"2025-09-29T17:18:31+00:00\",\"dateModified\":\"2025-09-29T17:28:18+00:00\",\"breadcrumb\":{\"@id\":\"https:\/\/twkumc.org\/communications\/submissions\/#breadcrumb\"},\"inLanguage\":\"es\",\"potentialAction\":[{\"@type\":\"ReadAction\",\"target\":[\"https:\/\/twkumc.org\/communications\/submissions\/\"]}]},{\"@type\":\"BreadcrumbList\",\"@id\":\"https:\/\/twkumc.org\/communications\/submissions\/#breadcrumb\",\"itemListElement\":[{\"@type\":\"ListItem\",\"position\":1,\"name\":\"Home\",\"item\":\"https:\/\/twkumc.org\/\"},{\"@type\":\"ListItem\",\"position\":2,\"name\":\"Communications\",\"item\":\"https:\/\/twkumc.org\/communications\/\"},{\"@type\":\"ListItem\",\"position\":3,\"name\":\"Submissions\"}]},{\"@type\":\"WebSite\",\"@id\":\"https:\/\/twkumc.org\/#website\",\"url\":\"https:\/\/twkumc.org\/\",\"name\":\"TWKUMC\",\"description\":\"\",\"publisher\":{\"@id\":\"https:\/\/twkumc.org\/#organization\"},\"potentialAction\":[{\"@type\":\"SearchAction\",\"target\":{\"@type\":\"EntryPoint\",\"urlTemplate\":\"https:\/\/twkumc.org\/?s={search_term_string}\"},\"query-input\":{\"@type\":\"PropertyValueSpecification\",\"valueRequired\":true,\"valueName\":\"search_term_string\"}}],\"inLanguage\":\"es\"},{\"@type\":\"Organization\",\"@id\":\"https:\/\/twkumc.org\/#organization\",\"name\":\"TWKUMC\",\"url\":\"https:\/\/twkumc.org\/\",\"logo\":{\"@type\":\"ImageObject\",\"inLanguage\":\"es\",\"@id\":\"https:\/\/twkumc.org\/#\/schema\/logo\/image\/\",\"url\":\"https:\/\/twkumc.org\/wp-content\/uploads\/2025\/02\/TWK-Full_ColorBlack.webp\",\"contentUrl\":\"https:\/\/twkumc.org\/wp-content\/uploads\/2025\/02\/TWK-Full_ColorBlack.webp\",\"width\":2340,\"height\":478,\"caption\":\"TWKUMC\"},\"image\":{\"@id\":\"https:\/\/twkumc.org\/#\/schema\/logo\/image\/\"}}]}<\/script>\n<!-- \/ Yoast SEO plugin. -->","yoast_head_json":{"title":"Env\u00edos - TWKUMC","robots":{"index":"index","follow":"follow","max-snippet":"max-snippet:-1","max-image-preview":"max-image-preview:large","max-video-preview":"max-video-preview:-1"},"canonical":"https:\/\/twkumc.org\/es\/communications\/submissions\/","og_locale":"es_MX","og_type":"article","og_title":"Submissions - TWKUMC","og_description":"Submissions Submit news, events, job opportunities, and prayer concerns News &amp; Updates Calendar Events Jobs Prayer Concerns","og_url":"https:\/\/twkumc.org\/es\/communications\/submissions\/","og_site_name":"TWKUMC","article_modified_time":"2025-09-29T17:28:18+00:00","twitter_card":"summary_large_image","twitter_misc":{"Tiempo de lectura":"1 minuto"},"schema":{"@context":"https:\/\/schema.org","@graph":[{"@type":"WebPage","@id":"https:\/\/twkumc.org\/communications\/submissions\/","url":"https:\/\/twkumc.org\/communications\/submissions\/","name":"Env\u00edos - TWKUMC","isPartOf":{"@id":"https:\/\/twkumc.org\/#website"},"datePublished":"2025-09-29T17:18:31+00:00","dateModified":"2025-09-29T17:28:18+00:00","breadcrumb":{"@id":"https:\/\/twkumc.org\/communications\/submissions\/#breadcrumb"},"inLanguage":"es","potentialAction":[{"@type":"ReadAction","target":["https:\/\/twkumc.org\/communications\/submissions\/"]}]},{"@type":"BreadcrumbList","@id":"https:\/\/twkumc.org\/communications\/submissions\/#breadcrumb","itemListElement":[{"@type":"ListItem","position":1,"name":"Home","item":"https:\/\/twkumc.org\/"},{"@type":"ListItem","position":2,"name":"Communications","item":"https:\/\/twkumc.org\/communications\/"},{"@type":"ListItem","position":3,"name":"Submissions"}]},{"@type":"WebSite","@id":"https:\/\/twkumc.org\/#website","url":"https:\/\/twkumc.org\/","name":"TWKUMC","description":"","publisher":{"@id":"https:\/\/twkumc.org\/#organization"},"potentialAction":[{"@type":"SearchAction","target":{"@type":"EntryPoint","urlTemplate":"https:\/\/twkumc.org\/?s={search_term_string}"},"query-input":{"@type":"PropertyValueSpecification","valueRequired":true,"valueName":"search_term_string"}}],"inLanguage":"es"},{"@type":"Organization","@id":"https:\/\/twkumc.org\/#organization","name":"TWKUMC","url":"https:\/\/twkumc.org\/","logo":{"@type":"ImageObject","inLanguage":"es","@id":"https:\/\/twkumc.org\/#\/schema\/logo\/image\/","url":"https:\/\/twkumc.org\/wp-content\/uploads\/2025\/02\/TWK-Full_ColorBlack.webp","contentUrl":"https:\/\/twkumc.org\/wp-content\/uploads\/2025\/02\/TWK-Full_ColorBlack.webp","width":2340,"height":478,"caption":"TWKUMC"},"image":{"@id":"https:\/\/twkumc.org\/#\/schema\/logo\/image\/"}}]}},"publishpress_future_action":{"enabled":false,"date":"2026-04-17 02:15:26","action":"change-status","newStatus":"draft","terms":[],"taxonomy":"post_tag","extraData":[]},"publishpress_future_workflow_manual_trigger":{"enabledWorkflows":[]},"_links":{"self":[{"href":"https:\/\/twkumc.org\/es\/wp-json\/wp\/v2\/pages\/36151","targetHints":{"allow":["GET"]}}],"collection":[{"href":"https:\/\/twkumc.org\/es\/wp-json\/wp\/v2\/pages"}],"about":[{"href":"https:\/\/twkumc.org\/es\/wp-json\/wp\/v2\/types\/page"}],"author":[{"embeddable":true,"href":"https:\/\/twkumc.org\/es\/wp-json\/wp\/v2\/users\/6"}],"replies":[{"embeddable":true,"href":"https:\/\/twkumc.org\/es\/wp-json\/wp\/v2\/comments?post=36151"}],"version-history":[{"count":5,"href":"https:\/\/twkumc.org\/es\/wp-json\/wp\/v2\/pages\/36151\/revisions"}],"predecessor-version":[{"id":40106,"href":"https:\/\/twkumc.org\/es\/wp-json\/wp\/v2\/pages\/36151\/revisions\/40106"}],"up":[{"embeddable":true,"href":"https:\/\/twkumc.org\/es\/wp-json\/wp\/v2\/pages\/80"}],"wp:attachment":[{"href":"https:\/\/twkumc.org\/es\/wp-json\/wp\/v2\/media?parent=36151"}],"wp:term":[{"taxonomy":"post_tag","embeddable":true,"href":"https:\/\/twkumc.org\/es\/wp-json\/wp\/v2\/tags?post=36151"}],"curies":[{"name":"wp","href":"https:\/\/api.w.org\/{rel}","templated":true}]}}