{"id":38228,"date":"2025-11-07T11:19:38","date_gmt":"2025-11-07T17:19:38","guid":{"rendered":"https:\/\/twkumc.org\/?page_id=38228"},"modified":"2026-02-03T13:04:52","modified_gmt":"2026-02-03T19:04:52","slug":"united-methodist-faith-day-on-the-hill","status":"publish","type":"page","link":"https:\/\/twkumc.org\/es\/united-methodist-faith-day-on-the-hill\/","title":{"rendered":"D\u00eda de la Fe Metodista Unida en la Colina"},"content":{"rendered":"<div data-elementor-type=\"wp-page\" data-elementor-id=\"38228\" class=\"elementor elementor-38228\" data-elementor-post-type=\"page\">\n\t\t\t\t<div class=\"elementor-element elementor-element-110891b5 e-con-full e-flex e-con e-parent\" data-id=\"110891b5\" data-element_type=\"container\" data-e-type=\"container\" data-settings=\"{&quot;background_background&quot;:&quot;classic&quot;}\">\n\t\t<div class=\"elementor-element elementor-element-2b8ca175 e-con-full e-flex e-con e-child\" data-id=\"2b8ca175\" data-element_type=\"container\" data-e-type=\"container\">\n\t\t\t\t<div class=\"elementor-element elementor-element-47495f73 elementor-invisible elementor-widget elementor-widget-heading\" data-id=\"47495f73\" data-element_type=\"widget\" data-e-type=\"widget\" data-settings=\"{&quot;_animation&quot;:&quot;fadeIn&quot;}\" data-widget_type=\"heading.default\">\n\t\t\t\t<div class=\"elementor-widget-container\">\n\t\t\t\t\t<h1 class=\"elementor-heading-title elementor-size-default\">D\u00eda de la Fe Metodista Unida en la Colina<\/h1>\t\t\t\t<\/div>\n\t\t\t\t<\/div>\n\t\t<div class=\"elementor-element elementor-element-4cb73d01 e-con-full e-flex e-con e-child\" data-id=\"4cb73d01\" data-element_type=\"container\" data-e-type=\"container\">\n\t\t\t\t<div class=\"elementor-element elementor-element-2b521775 elementor-widget elementor-widget-heading\" data-id=\"2b521775\" data-element_type=\"widget\" data-e-type=\"widget\" data-widget_type=\"heading.default\">\n\t\t\t\t<div class=\"elementor-widget-container\">\n\t\t\t\t\t<h5 class=\"elementor-heading-title elementor-size-default\">10 de febrero de 2026<\/h5>\t\t\t\t<\/div>\n\t\t\t\t<\/div>\n\t\t\t\t<\/div>\n\t\t\t\t<\/div>\n\t\t\t\t<\/div>\n\t\t<div class=\"elementor-element elementor-element-0bdce18 e-flex e-con-boxed e-con e-parent\" data-id=\"0bdce18\" data-element_type=\"container\" data-e-type=\"container\">\n\t\t\t\t\t<div class=\"e-con-inner\">\n\t\t<div class=\"elementor-element elementor-element-8d76c06 e-con-full e-flex e-con e-child\" data-id=\"8d76c06\" data-element_type=\"container\" data-e-type=\"container\">\n\t\t\t\t<div class=\"elementor-element elementor-element-e3334b0 elementor-widget elementor-widget-text-editor\" data-id=\"e3334b0\" data-element_type=\"widget\" data-e-type=\"widget\" data-widget_type=\"text-editor.default\">\n\t\t\t\t<div class=\"elementor-widget-container\">\n\t\t\t\t\t\t\t\t\t<p>El D\u00eda de la Fe en el Capitolio es un d\u00eda intencional en el que metodistas unidos de todo Tennessee se re\u00fanen en el Capitolio del Estado de Tennessee, en Nashville, para defender sus intereses a nivel estatal.<\/p><p>Tomaremos medidas para reunirnos con nuestros propios senadores y representantes estatales elegidos localmente. Estos son los legisladores que toman las decisiones que dan forma a la realidad cotidiana de los habitantes de Tennessee: nuestras escuelas, nuestros sistemas de salud, nuestros presupuestos, nuestra seguridad, nuestro medio ambiente, el acceso de nuestros vecinos a los alimentos y la vivienda. Mientras que las decisiones federales marcan el escenario nacional, el gobierno estatal es donde la vida cotidiana se ve m\u00e1s afectada.\u00a0<\/p><p>Se trata de un acto de la Conferencia de Tennessee-Western Kentucky, organizado por el Comit\u00e9 de Iglesia y Sociedad de nuestra conferencia.<\/p><p>Dado que se trata de un\u00a0<strong>a nivel estatal<\/strong>\u00a0oportunidad de abogac\u00eda, estamos invitando a nuestros hermanos Metodistas Unidos de la Conferencia de Holston a unirse a nosotros. Y no nos hemos olvidado de nuestros miembros de la conferencia en el oeste de Kentucky; \u00a1pronto compartiremos detalles sobre el D\u00eda de la Fe de Kentucky en la Colina!<\/p>\t\t\t\t\t\t\t\t<\/div>\n\t\t\t\t<\/div>\n\t\t<div class=\"elementor-element elementor-element-c51eca2 e-con-full e-flex e-con e-child\" data-id=\"c51eca2\" data-element_type=\"container\" data-e-type=\"container\">\n\t\t\t\t<div class=\"elementor-element elementor-element-1d5e624 elementor-widget elementor-widget-image\" data-id=\"1d5e624\" data-element_type=\"widget\" data-e-type=\"widget\" data-widget_type=\"image.default\">\n\t\t\t\t<div class=\"elementor-widget-container\">\n\t\t\t\t\t\t\t\t\t\t\t\t\t\t\t\t<a href=\"https:\/\/www.cokesbury.com\/Social-Principles-of-The-United-Methodist-Church-2025-2028-2?srsltid=AfmBOopBUlxO4UE1rjmZUNwoDsn-DjApC1QA5TsJbE7T5FICvOqtaaj0\">\n\t\t\t\t\t\t\t<img fetchpriority=\"high\" decoding=\"async\" width=\"577\" height=\"900\" src=\"https:\/\/twkumc.org\/wp-content\/uploads\/2025\/11\/Social-Principles-booklet-cover-Cokesbury.jpg\" class=\"attachment-large size-large wp-image-38229\" alt=\"\" srcset=\"https:\/\/twkumc.org\/wp-content\/uploads\/2025\/11\/Social-Principles-booklet-cover-Cokesbury.jpg 577w, https:\/\/twkumc.org\/wp-content\/uploads\/2025\/11\/Social-Principles-booklet-cover-Cokesbury-192x300.jpg 192w, https:\/\/twkumc.org\/wp-content\/uploads\/2025\/11\/Social-Principles-booklet-cover-Cokesbury-8x12.jpg 8w\" sizes=\"(max-width: 577px) 100vw, 577px\" \/>\t\t\t\t\t\t\t\t<\/a>\n\t\t\t\t\t\t\t\t\t\t\t\t\t\t\t<\/div>\n\t\t\t\t<\/div>\n\t\t<div class=\"elementor-element elementor-element-3139499 e-con-full e-flex e-con e-child\" data-id=\"3139499\" data-element_type=\"container\" data-e-type=\"container\">\n\t\t\t\t<div class=\"elementor-element elementor-element-28c7c54 elementor-align-center elementor-mobile-align-center elementor-tablet-align-center elementor-widget__width-inherit elementor-hidden-widescreen elementor-hidden-desktop elementor-hidden-laptop elementor-hidden-tablet elementor-hidden-mobile elementor-widget elementor-widget-button\" data-id=\"28c7c54\" data-element_type=\"widget\" data-e-type=\"widget\" data-widget_type=\"button.default\">\n\t\t\t\t<div class=\"elementor-widget-container\">\n\t\t\t\t\t\t\t\t\t<div class=\"elementor-button-wrapper\">\n\t\t\t\t\t<a class=\"elementor-button elementor-button-link elementor-size-sm\" href=\"https:\/\/docs.google.com\/forms\/d\/e\/1FAIpQLSfppFH6ZpHPotrNeI0Nkg7RHqEcNNIBie7bjjoSnU1dTMY6iQ\/viewform?usp=header\">\n\t\t\t\t\t\t<span class=\"elementor-button-content-wrapper\">\n\t\t\t\t\t\t\t\t\t<span class=\"elementor-button-text\">Inscr\u00edbase para asistir al d\u00eda en la colina<\/span>\n\t\t\t\t\t<\/span>\n\t\t\t\t\t<\/a>\n\t\t\t\t<\/div>\n\t\t\t\t\t\t\t\t<\/div>\n\t\t\t\t<\/div>\n\t\t\t\t<div class=\"elementor-element elementor-element-95b1859 elementor-align-center elementor-mobile-align-center elementor-tablet-align-center elementor-widget__width-inherit elementor-widget elementor-widget-button\" data-id=\"95b1859\" data-element_type=\"widget\" data-e-type=\"widget\" data-widget_type=\"button.default\">\n\t\t\t\t<div class=\"elementor-widget-container\">\n\t\t\t\t\t\t\t\t\t<div class=\"elementor-button-wrapper\">\n\t\t\t\t\t<a class=\"elementor-button elementor-button-link elementor-size-sm\" href=\"https:\/\/twkumc.org\/es\/justice-and-mercy\/faqs-about-faith-day-on-the-hill\/\">\n\t\t\t\t\t\t<span class=\"elementor-button-content-wrapper\">\n\t\t\t\t\t\t\t\t\t<span class=\"elementor-button-text\">Preguntas frecuentes sobre Day on the hill<\/span>\n\t\t\t\t\t<\/span>\n\t\t\t\t\t<\/a>\n\t\t\t\t<\/div>\n\t\t\t\t\t\t\t\t<\/div>\n\t\t\t\t<\/div>\n\t\t\t\t<\/div>\n\t\t\t\t<\/div>\n\t\t\t\t<\/div>\n\t\t<div class=\"elementor-element elementor-element-916169c e-con-full e-flex e-con e-child\" data-id=\"916169c\" data-element_type=\"container\" data-e-type=\"container\">\n\t\t\t\t<div class=\"elementor-element elementor-element-8b72553 elementor-widget elementor-widget-image\" data-id=\"8b72553\" data-element_type=\"widget\" data-e-type=\"widget\" data-widget_type=\"image.default\">\n\t\t\t\t<div class=\"elementor-widget-container\">\n\t\t\t\t\t\t\t\t\t\t\t\t\t\t\t<img decoding=\"async\" width=\"800\" height=\"610\" src=\"https:\/\/twkumc.org\/wp-content\/uploads\/2025\/11\/Cordell-Hull-Building-1024x781.png\" class=\"attachment-large size-large wp-image-38231\" alt=\"\" srcset=\"https:\/\/twkumc.org\/wp-content\/uploads\/2025\/11\/Cordell-Hull-Building-1024x781.png 1024w, https:\/\/twkumc.org\/wp-content\/uploads\/2025\/11\/Cordell-Hull-Building-300x229.png 300w, https:\/\/twkumc.org\/wp-content\/uploads\/2025\/11\/Cordell-Hull-Building-768x586.png 768w, https:\/\/twkumc.org\/wp-content\/uploads\/2025\/11\/Cordell-Hull-Building-16x12.png 16w, https:\/\/twkumc.org\/wp-content\/uploads\/2025\/11\/Cordell-Hull-Building.png 1034w\" sizes=\"(max-width: 800px) 100vw, 800px\" \/>\t\t\t\t\t\t\t\t\t\t\t\t\t\t\t<\/div>\n\t\t\t\t<\/div>\n\t\t\t\t<\/div>\n\t\t\t\t\t<\/div>\n\t\t\t\t<\/div>\n\t\t<div class=\"elementor-element elementor-element-8171edd elementor-hidden-widescreen elementor-hidden-desktop elementor-hidden-laptop elementor-hidden-tablet elementor-hidden-mobile e-flex e-con-boxed e-con e-parent\" data-id=\"8171edd\" data-element_type=\"container\" data-e-type=\"container\">\n\t\t\t\t\t<div class=\"e-con-inner\">\n\t\t\t\t<div class=\"elementor-element elementor-element-dc4d7cd elementor-widget elementor-widget-text-editor\" data-id=\"dc4d7cd\" data-element_type=\"widget\" data-e-type=\"widget\" data-widget_type=\"text-editor.default\">\n\t\t\t\t<div class=\"elementor-widget-container\">\n\t\t\t\t\t\t\t\t\t<h3>C\u00f3mo nos preparamos para el D\u00eda de la Fe en la Colina\u00a0<\/h3><p>No estar\u00e1 solo ni desprevenido. Todos los participantes recibir\u00e1n formaci\u00f3n antes de llegar al Capitolio, para que se sientan seguros y c\u00f3modos durante nuestro d\u00eda juntos.<\/p><p>El 10 de febrero, se programar\u00e1n todas nuestras reuniones con los legisladores a lo largo del d\u00eda, usted asistir\u00e1 en un grupo peque\u00f1o, y cada grupo tendr\u00e1 un l\u00edder de grupo capacitado y experimentado para guiar la visita. No necesitas tener conocimientos pol\u00edticos, s\u00f3lo necesitas presentarte con el compromiso de apoyar el bienestar de nuestras comunidades de Tennessee con claridad y gracia.<\/p><p>La participaci\u00f3n en el D\u00eda de la Fe en el Capitolio es gratuita.<\/p><h3>Por qu\u00e9 se abre la inscripci\u00f3n tan pronto<\/h3><p>Es importante que se registre con anticipaci\u00f3n porque la log\u00edstica es complicada. Nuestro equipo necesitar\u00e1 tiempo para asignar a cada participante al senador y representante correspondientes, y luego solicitar citas con esos legisladores. Dado que su personal se tomar\u00e1 unas vacaciones de invierno y no regresar\u00e1 al Capitolio hasta la segunda semana de enero de 2026, debemos ponernos en contacto con ellos lo antes posible.<\/p><p>Tambi\u00e9n necesitamos planificar el espacio, los materiales, los voluntarios y la cobertura de los distritos. Nuestro objetivo es que est\u00e9n representados los 99 distritos de la C\u00e1mara de Representantes y los 33 distritos del Senado de Tennessee en nuestro D\u00eda de la Fe en el Capitolio.<\/p><p>La 114.\u00aa Asamblea General de Tennessee se volvi\u00f3 a reunir el 13 de enero de 2026. Para el 10 de febrero, las comisiones estar\u00e1n en marcha y la legislaci\u00f3n habr\u00e1 tomado forma. Para entonces, tendremos una visi\u00f3n m\u00e1s clara de qu\u00e9 proyectos de ley est\u00e1n avanzando, qu\u00e9 requiere atenci\u00f3n y d\u00f3nde nuestras voces pueden ser m\u00e1s efectivas.\u00a0<\/p><p>Presentaremos argumentos s\u00f3lidos basados en los Principios Sociales Metodistas Unidos, no en mensajes partidistas, sino en nuestros compromisos wesleyanos con la misericordia, la justicia, la dignidad, la compasi\u00f3n y el bien com\u00fan.<\/p>\t\t\t\t\t\t\t\t<\/div>\n\t\t\t\t<\/div>\n\t\t\t\t\t<\/div>\n\t\t\t\t<\/div>\n\t\t<div class=\"elementor-element elementor-element-9584a34 e-flex e-con-boxed e-con e-parent\" data-id=\"9584a34\" data-element_type=\"container\" data-e-type=\"container\">\n\t\t\t\t\t<div class=\"e-con-inner\">\n\t\t\t\t<div class=\"elementor-element elementor-element-45b0d0d elementor-widget elementor-widget-text-editor\" data-id=\"45b0d0d\" data-element_type=\"widget\" data-e-type=\"widget\" data-widget_type=\"text-editor.default\">\n\t\t\t\t<div class=\"elementor-widget-container\">\n\t\t\t\t\t\t\t\t\t<h2 style=\"font-weight: 400;\"><strong>El ritmo del d\u00eda<\/strong><\/h2><h4>Reuni\u00f3n y conexi\u00f3n con la tierra<\/h4><p style=\"font-weight: 400;\">El registro comienza a las 8:30 a. m. en McKendree UMC y la sesi\u00f3n informativa matutina es a las 9 a. m. con una oraci\u00f3n y un momento de reflexi\u00f3n espiritual, preparando nuestros corazones para un compromiso fiel. Desde all\u00ed nos trasladaremos al edificio Cordell Hull para las reuniones legislativas a las 10 a. m.<\/p><h4>Conversaciones sagradas con legisladores<\/h4><p style=\"font-weight: 400;\">Peque\u00f1os grupos se re\u00fanen con representantes y senadores a lo largo del d\u00eda, compartiendo historias moldeadas por la fe y la dignidad humana. Venimos moldeados por la gracia, no por la ira; por el valor, no por el miedo; por la esperanza, no por la desesperaci\u00f3n. Entablaremos un di\u00e1logo respetuoso, tenderemos puentes entre las diferencias, compartiremos nuestras historias arraigadas en la fe vivida y todas las cosas basadas en el amor. Se trata de una conferencia sagrada en la plaza p\u00fablica.<\/p><h4>Por qu\u00e9 es importante nuestra participaci\u00f3n como metodistas unidos<\/h4><p>Los wesleyanos no separamos la santidad personal de la santidad social. El D\u00eda de la Fe en la Colina forma parte de nuestro discipulado como metodistas unidos. Es un acto p\u00fablico de fidelidad y corresponsabilidad. Nos presentamos porque somos personas bautizadas que prometemos resistir el mal, la injusticia y la opresi\u00f3n, creemos que cada persona tiene un valor sagrado, creemos que los sistemas p\u00fablicos deben reflejar misericordia.<\/p><p>El D\u00eda de la Fe en la Colina no es simb\u00f3lico y consigue mucho m\u00e1s que escribir una carta. Te sentar\u00e1s cara a cara con los legisladores elegidos para representar a tu distrito, a tu ciudad, a tu condado, a tus vecinos, a ti. Este es el nivel en el que los ciudadanos de Tennessee tienen la influencia m\u00e1s directa sobre lo que se convierte en ley.<\/p><p>En 2025, se estim\u00f3 que los actos de promoci\u00f3n como el D\u00eda en el Capitolio cambiaron el resultado de posibles leyes. Aqu\u00ed es donde nuestras voces, basadas en la gracia, pueden dar forma a c\u00f3mo Tennessee cuida de los habitantes de Tennessee.<\/p><p>El D\u00eda de la Fe en la Colina nos brinda la oportunidad de vivir con autenticidad y m\u00e1s profundamente nuestras Prioridades de Discipulado. Este d\u00eda trata de la salud mental y el bienestar de nuestras comunidades. Se trata del modo en que nuestro testimonio p\u00fablico puede ayudar a otros a experimentar el amor de Cristo. Se trata de mostrar a la pr\u00f3xima generaci\u00f3n que Dios sigue llamando a la gente corriente a realizar un trabajo santo. Crece espiritualmente<br \/>liderazgo, no s\u00f3lo en teor\u00eda, sino en la pr\u00e1ctica. Y es una de las maneras de dar pasos reales hacia la desarticulaci\u00f3n y el desmantelamiento del racismo y la discriminaci\u00f3n en los lugares donde el da\u00f1o puede estar realmente escrito en las leyes.<\/p><p>Este d\u00eda nos permite practicar nuestra fe en voz alta, en p\u00fablico, por la gente real que vive en nuestros condados y barrios. Por las personas por las que rezamos los domingos. Por las personas que nunca cruzar\u00e1n las puertas de nuestra iglesia, pero que siguen siendo absolutamente amadas por Dios.\u00a0<\/p><p>Ven, ocupa tu lugar. Tu presencia importa. Tu distrito importa. Tu historia importa. \u00danete a nosotros para dar forma al futuro que estamos llamados a ayudar a construir.<\/p><h5 style=\"text-align: center;\"><strong>P\u00f3ngase en contacto con nuestro equipo en <a href=\"mailto:twk.church.society@twkumc.org\">twk.church.society@twkumc.org<\/a> con cualquier pregunta<\/strong><\/h5>\t\t\t\t\t\t\t\t<\/div>\n\t\t\t\t<\/div>\n\t\t\t\t\t<\/div>\n\t\t\t\t<\/div>\n\t\t\t\t<\/div>","protected":false},"excerpt":{"rendered":"<p>United Methodist Faith Day on the Hill February 10, 2026 Faith Day on the Hill is one intentional day where United Methodists from across Tennessee\u00a0gather at the Tennessee State Capitol [&hellip;]<\/p>\n","protected":false},"author":3,"featured_media":0,"parent":0,"menu_order":0,"comment_status":"closed","ping_status":"closed","template":"","meta":{"_acf_changed":false,"footnotes":""},"tags":[],"class_list":["post-38228","page","type-page","status-publish","hentry"],"acf":[],"yoast_head":"<!-- This site is optimized with the Yoast SEO plugin v27.1.1 - https:\/\/yoast.com\/product\/yoast-seo-wordpress\/ -->\n<title>United Methodist Faith Day on the Hill - TWKUMC<\/title>\n<meta name=\"robots\" content=\"index, follow, max-snippet:-1, max-image-preview:large, max-video-preview:-1\" \/>\n<link rel=\"canonical\" href=\"https:\/\/twkumc.org\/es\/united-methodist-faith-day-on-the-hill\/\" \/>\n<meta property=\"og:locale\" content=\"es_MX\" \/>\n<meta property=\"og:type\" content=\"article\" \/>\n<meta property=\"og:title\" content=\"United Methodist Faith Day on the Hill - TWKUMC\" \/>\n<meta property=\"og:description\" content=\"United Methodist Faith Day on the Hill February 10, 2026 Faith Day on the Hill is one intentional day where United Methodists from across Tennessee\u00a0gather at the Tennessee State Capitol [&hellip;]\" \/>\n<meta property=\"og:url\" content=\"https:\/\/twkumc.org\/es\/united-methodist-faith-day-on-the-hill\/\" \/>\n<meta property=\"og:site_name\" content=\"TWKUMC\" \/>\n<meta property=\"article:modified_time\" content=\"2026-02-03T19:04:52+00:00\" \/>\n<meta property=\"og:image\" content=\"https:\/\/twkumc.org\/wp-content\/uploads\/2025\/11\/Social-Principles-booklet-cover-Cokesbury.jpg\" \/>\n\t<meta property=\"og:image:width\" content=\"577\" \/>\n\t<meta property=\"og:image:height\" content=\"900\" \/>\n\t<meta property=\"og:image:type\" content=\"image\/jpeg\" \/>\n<meta name=\"twitter:card\" content=\"summary_large_image\" \/>\n<meta name=\"twitter:label1\" content=\"Tiempo de lectura\" \/>\n\t<meta name=\"twitter:data1\" content=\"5 minutos\" \/>\n<script type=\"application\/ld+json\" class=\"yoast-schema-graph\">{\"@context\":\"https:\/\/schema.org\",\"@graph\":[{\"@type\":\"WebPage\",\"@id\":\"https:\/\/twkumc.org\/united-methodist-faith-day-on-the-hill\/\",\"url\":\"https:\/\/twkumc.org\/united-methodist-faith-day-on-the-hill\/\",\"name\":\"United Methodist Faith Day on the Hill - TWKUMC\",\"isPartOf\":{\"@id\":\"https:\/\/twkumc.org\/#website\"},\"primaryImageOfPage\":{\"@id\":\"https:\/\/twkumc.org\/united-methodist-faith-day-on-the-hill\/#primaryimage\"},\"image\":{\"@id\":\"https:\/\/twkumc.org\/united-methodist-faith-day-on-the-hill\/#primaryimage\"},\"thumbnailUrl\":\"https:\/\/twkumc.org\/wp-content\/uploads\/2025\/11\/Social-Principles-booklet-cover-Cokesbury.jpg\",\"datePublished\":\"2025-11-07T17:19:38+00:00\",\"dateModified\":\"2026-02-03T19:04:52+00:00\",\"breadcrumb\":{\"@id\":\"https:\/\/twkumc.org\/united-methodist-faith-day-on-the-hill\/#breadcrumb\"},\"inLanguage\":\"es\",\"potentialAction\":[{\"@type\":\"ReadAction\",\"target\":[\"https:\/\/twkumc.org\/united-methodist-faith-day-on-the-hill\/\"]}]},{\"@type\":\"ImageObject\",\"inLanguage\":\"es\",\"@id\":\"https:\/\/twkumc.org\/united-methodist-faith-day-on-the-hill\/#primaryimage\",\"url\":\"https:\/\/twkumc.org\/wp-content\/uploads\/2025\/11\/Social-Principles-booklet-cover-Cokesbury.jpg\",\"contentUrl\":\"https:\/\/twkumc.org\/wp-content\/uploads\/2025\/11\/Social-Principles-booklet-cover-Cokesbury.jpg\"},{\"@type\":\"BreadcrumbList\",\"@id\":\"https:\/\/twkumc.org\/united-methodist-faith-day-on-the-hill\/#breadcrumb\",\"itemListElement\":[{\"@type\":\"ListItem\",\"position\":1,\"name\":\"Home\",\"item\":\"https:\/\/twkumc.org\/\"},{\"@type\":\"ListItem\",\"position\":2,\"name\":\"United Methodist Faith Day on the Hill\"}]},{\"@type\":\"WebSite\",\"@id\":\"https:\/\/twkumc.org\/#website\",\"url\":\"https:\/\/twkumc.org\/\",\"name\":\"TWKUMC\",\"description\":\"\",\"publisher\":{\"@id\":\"https:\/\/twkumc.org\/#organization\"},\"potentialAction\":[{\"@type\":\"SearchAction\",\"target\":{\"@type\":\"EntryPoint\",\"urlTemplate\":\"https:\/\/twkumc.org\/?s={search_term_string}\"},\"query-input\":{\"@type\":\"PropertyValueSpecification\",\"valueRequired\":true,\"valueName\":\"search_term_string\"}}],\"inLanguage\":\"es\"},{\"@type\":\"Organization\",\"@id\":\"https:\/\/twkumc.org\/#organization\",\"name\":\"TWKUMC\",\"url\":\"https:\/\/twkumc.org\/\",\"logo\":{\"@type\":\"ImageObject\",\"inLanguage\":\"es\",\"@id\":\"https:\/\/twkumc.org\/#\/schema\/logo\/image\/\",\"url\":\"https:\/\/twkumc.org\/wp-content\/uploads\/2025\/02\/TWK-Full_ColorBlack.webp\",\"contentUrl\":\"https:\/\/twkumc.org\/wp-content\/uploads\/2025\/02\/TWK-Full_ColorBlack.webp\",\"width\":2340,\"height\":478,\"caption\":\"TWKUMC\"},\"image\":{\"@id\":\"https:\/\/twkumc.org\/#\/schema\/logo\/image\/\"}}]}<\/script>\n<!-- \/ Yoast SEO plugin. -->","yoast_head_json":{"title":"D\u00eda de la Fe Metodista Unida en la Colina - TWKUMC","robots":{"index":"index","follow":"follow","max-snippet":"max-snippet:-1","max-image-preview":"max-image-preview:large","max-video-preview":"max-video-preview:-1"},"canonical":"https:\/\/twkumc.org\/es\/united-methodist-faith-day-on-the-hill\/","og_locale":"es_MX","og_type":"article","og_title":"United Methodist Faith Day on the Hill - TWKUMC","og_description":"United Methodist Faith Day on the Hill February 10, 2026 Faith Day on the Hill is one intentional day where United Methodists from across Tennessee\u00a0gather at the Tennessee State Capitol [&hellip;]","og_url":"https:\/\/twkumc.org\/es\/united-methodist-faith-day-on-the-hill\/","og_site_name":"TWKUMC","article_modified_time":"2026-02-03T19:04:52+00:00","og_image":[{"width":577,"height":900,"url":"https:\/\/twkumc.org\/wp-content\/uploads\/2025\/11\/Social-Principles-booklet-cover-Cokesbury.jpg","type":"image\/jpeg"}],"twitter_card":"summary_large_image","twitter_misc":{"Tiempo de lectura":"5 minutos"},"schema":{"@context":"https:\/\/schema.org","@graph":[{"@type":"WebPage","@id":"https:\/\/twkumc.org\/united-methodist-faith-day-on-the-hill\/","url":"https:\/\/twkumc.org\/united-methodist-faith-day-on-the-hill\/","name":"D\u00eda de la Fe Metodista Unida en la Colina - TWKUMC","isPartOf":{"@id":"https:\/\/twkumc.org\/#website"},"primaryImageOfPage":{"@id":"https:\/\/twkumc.org\/united-methodist-faith-day-on-the-hill\/#primaryimage"},"image":{"@id":"https:\/\/twkumc.org\/united-methodist-faith-day-on-the-hill\/#primaryimage"},"thumbnailUrl":"https:\/\/twkumc.org\/wp-content\/uploads\/2025\/11\/Social-Principles-booklet-cover-Cokesbury.jpg","datePublished":"2025-11-07T17:19:38+00:00","dateModified":"2026-02-03T19:04:52+00:00","breadcrumb":{"@id":"https:\/\/twkumc.org\/united-methodist-faith-day-on-the-hill\/#breadcrumb"},"inLanguage":"es","potentialAction":[{"@type":"ReadAction","target":["https:\/\/twkumc.org\/united-methodist-faith-day-on-the-hill\/"]}]},{"@type":"ImageObject","inLanguage":"es","@id":"https:\/\/twkumc.org\/united-methodist-faith-day-on-the-hill\/#primaryimage","url":"https:\/\/twkumc.org\/wp-content\/uploads\/2025\/11\/Social-Principles-booklet-cover-Cokesbury.jpg","contentUrl":"https:\/\/twkumc.org\/wp-content\/uploads\/2025\/11\/Social-Principles-booklet-cover-Cokesbury.jpg"},{"@type":"BreadcrumbList","@id":"https:\/\/twkumc.org\/united-methodist-faith-day-on-the-hill\/#breadcrumb","itemListElement":[{"@type":"ListItem","position":1,"name":"Home","item":"https:\/\/twkumc.org\/"},{"@type":"ListItem","position":2,"name":"United Methodist Faith Day on the Hill"}]},{"@type":"WebSite","@id":"https:\/\/twkumc.org\/#website","url":"https:\/\/twkumc.org\/","name":"TWKUMC","description":"","publisher":{"@id":"https:\/\/twkumc.org\/#organization"},"potentialAction":[{"@type":"SearchAction","target":{"@type":"EntryPoint","urlTemplate":"https:\/\/twkumc.org\/?s={search_term_string}"},"query-input":{"@type":"PropertyValueSpecification","valueRequired":true,"valueName":"search_term_string"}}],"inLanguage":"es"},{"@type":"Organization","@id":"https:\/\/twkumc.org\/#organization","name":"TWKUMC","url":"https:\/\/twkumc.org\/","logo":{"@type":"ImageObject","inLanguage":"es","@id":"https:\/\/twkumc.org\/#\/schema\/logo\/image\/","url":"https:\/\/twkumc.org\/wp-content\/uploads\/2025\/02\/TWK-Full_ColorBlack.webp","contentUrl":"https:\/\/twkumc.org\/wp-content\/uploads\/2025\/02\/TWK-Full_ColorBlack.webp","width":2340,"height":478,"caption":"TWKUMC"},"image":{"@id":"https:\/\/twkumc.org\/#\/schema\/logo\/image\/"}}]}},"publishpress_future_action":{"enabled":false,"date":"2026-04-18 20:03:48","action":"change-status","newStatus":"draft","terms":[],"taxonomy":"post_tag","extraData":[]},"publishpress_future_workflow_manual_trigger":{"enabledWorkflows":[]},"_links":{"self":[{"href":"https:\/\/twkumc.org\/es\/wp-json\/wp\/v2\/pages\/38228","targetHints":{"allow":["GET"]}}],"collection":[{"href":"https:\/\/twkumc.org\/es\/wp-json\/wp\/v2\/pages"}],"about":[{"href":"https:\/\/twkumc.org\/es\/wp-json\/wp\/v2\/types\/page"}],"author":[{"embeddable":true,"href":"https:\/\/twkumc.org\/es\/wp-json\/wp\/v2\/users\/3"}],"replies":[{"embeddable":true,"href":"https:\/\/twkumc.org\/es\/wp-json\/wp\/v2\/comments?post=38228"}],"version-history":[{"count":48,"href":"https:\/\/twkumc.org\/es\/wp-json\/wp\/v2\/pages\/38228\/revisions"}],"predecessor-version":[{"id":40369,"href":"https:\/\/twkumc.org\/es\/wp-json\/wp\/v2\/pages\/38228\/revisions\/40369"}],"wp:attachment":[{"href":"https:\/\/twkumc.org\/es\/wp-json\/wp\/v2\/media?parent=38228"}],"wp:term":[{"taxonomy":"post_tag","embeddable":true,"href":"https:\/\/twkumc.org\/es\/wp-json\/wp\/v2\/tags?post=38228"}],"curies":[{"name":"wp","href":"https:\/\/api.w.org\/{rel}","templated":true}]}}