{"id":40,"date":"2025-02-12T14:15:12","date_gmt":"2025-02-12T14:15:12","guid":{"rendered":"https:\/\/twkumc.org\/?page_id=40"},"modified":"2025-07-15T20:17:31","modified_gmt":"2025-07-15T20:17:31","slug":"youth-ministry","status":"publish","type":"page","link":"https:\/\/twkumc.org\/es\/equip\/youth-ministry\/","title":{"rendered":"Ministerio de la Juventud"},"content":{"rendered":"<div data-elementor-type=\"wp-page\" data-elementor-id=\"40\" class=\"elementor elementor-40\" data-elementor-post-type=\"page\">\n\t\t\t\t<div class=\"elementor-element elementor-element-68ef9444 e-con-full e-flex e-con e-parent\" data-id=\"68ef9444\" data-element_type=\"container\" data-e-type=\"container\" data-settings=\"{&quot;background_background&quot;:&quot;classic&quot;}\">\n\t\t<div class=\"elementor-element elementor-element-79ff4266 e-con-full e-flex e-con e-child\" data-id=\"79ff4266\" data-element_type=\"container\" data-e-type=\"container\">\n\t\t\t\t<div class=\"elementor-element elementor-element-39d037e elementor-invisible elementor-widget elementor-widget-heading\" data-id=\"39d037e\" data-element_type=\"widget\" data-e-type=\"widget\" data-settings=\"{&quot;_animation&quot;:&quot;fadeIn&quot;}\" data-widget_type=\"heading.default\">\n\t\t\t\t<div class=\"elementor-widget-container\">\n\t\t\t\t\t<h1 class=\"elementor-heading-title elementor-size-default\">Ministerio de la Juventud<\/h1>\t\t\t\t<\/div>\n\t\t\t\t<\/div>\n\t\t\t\t<div class=\"elementor-element elementor-element-8df3839 elementor-widget elementor-widget-heading\" data-id=\"8df3839\" data-element_type=\"widget\" data-e-type=\"widget\" data-widget_type=\"heading.default\">\n\t\t\t\t<div class=\"elementor-widget-container\">\n\t\t\t\t\t<h5 class=\"elementor-heading-title elementor-size-default\">El ministerio juvenil de la Conferencia de Tennessee-Western Kentucky existe para conectar, equipar e invertir en los j\u00f3venes y sus l\u00edderes con el fin de desarrollar comunidades de fe en las que los estudiantes de todos los or\u00edgenes encuentren pertenencia, sirvan a su pr\u00f3jimo y crezcan como seguidores de Cristo. <\/h5>\t\t\t\t<\/div>\n\t\t\t\t<\/div>\n\t\t\t\t<\/div>\n\t\t\t\t<\/div>\n\t\t<div class=\"elementor-element elementor-element-35bd72a7 e-con-full e-flex e-con e-parent\" data-id=\"35bd72a7\" data-element_type=\"container\" data-e-type=\"container\" data-settings=\"{&quot;background_background&quot;:&quot;classic&quot;}\">\n\t\t<div class=\"elementor-element elementor-element-129ec562 e-flex e-con-boxed e-con e-child\" data-id=\"129ec562\" data-element_type=\"container\" data-e-type=\"container\">\n\t\t\t\t\t<div class=\"e-con-inner\">\n\t\t\t\t<div class=\"elementor-element elementor-element-19671de9 elementor-widget elementor-widget-heading\" data-id=\"19671de9\" data-element_type=\"widget\" data-e-type=\"widget\" data-widget_type=\"heading.default\">\n\t\t\t\t<div class=\"elementor-widget-container\">\n\t\t\t\t\t<p class=\"elementor-heading-title elementor-size-default\">Valores<\/p>\t\t\t\t<\/div>\n\t\t\t\t<\/div>\n\t\t\t\t<div class=\"elementor-element elementor-element-5938ffe0 elementor-widget elementor-widget-heading\" data-id=\"5938ffe0\" data-element_type=\"widget\" data-e-type=\"widget\" data-widget_type=\"heading.default\">\n\t\t\t\t<div class=\"elementor-widget-container\">\n\t\t\t\t\t<h2 class=\"elementor-heading-title elementor-size-default\">El Ministerio de la Juventud de la Conferencia TWK se esfuerza por ser:<\/h2>\t\t\t\t<\/div>\n\t\t\t\t<\/div>\n\t\t\t\t\t<\/div>\n\t\t\t\t<\/div>\n\t\t<div class=\"elementor-element elementor-element-1428de7e e-con-full e-flex e-con e-child\" data-id=\"1428de7e\" data-element_type=\"container\" data-e-type=\"container\">\n\t\t<div class=\"elementor-element elementor-element-6fdb7b04 e-con-full e-flex elementor-invisible e-con e-child\" data-id=\"6fdb7b04\" data-element_type=\"container\" data-e-type=\"container\" data-settings=\"{&quot;animation&quot;:&quot;fadeInUp&quot;}\">\n\t\t\t\t<div class=\"elementor-element elementor-element-2ae76135 elementor-cta--valign-middle elementor-cta--skin-classic elementor-animated-content elementor-bg-transform elementor-bg-transform-zoom-in elementor-widget elementor-widget-call-to-action\" data-id=\"2ae76135\" data-element_type=\"widget\" data-e-type=\"widget\" data-widget_type=\"call-to-action.default\">\n\t\t\t\t<div class=\"elementor-widget-container\">\n\t\t\t\t\t\t\t<div class=\"elementor-cta\">\n\t\t\t\t\t\t\t<div class=\"elementor-cta__content\">\n\t\t\t\t\n\t\t\t\t\t\t\t\t\t<h3 class=\"elementor-cta__title elementor-cta__content-item elementor-content-item\">\n\t\t\t\t\t\tNegrita\t\t\t\t\t<\/h3>\n\t\t\t\t\n\t\t\t\t\t\t\t\t\t<div class=\"elementor-cta__description elementor-cta__content-item elementor-content-item\">\n\t\t\t\t\t\tConfiando en que el Esp\u00edritu de Dios proveer\u00e1, avanzamos con confianza, apasionados sin complejos en el compromiso de nuestra conferencia con el ministerio con los j\u00f3venes.\t\t\t\t\t<\/div>\n\t\t\t\t\n\t\t\t\t\t\t\t<\/div>\n\t\t\t\t\t\t<\/div>\n\t\t\t\t\t\t<\/div>\n\t\t\t\t<\/div>\n\t\t\t\t<\/div>\n\t\t<div class=\"elementor-element elementor-element-477667f e-con-full e-flex elementor-invisible e-con e-child\" data-id=\"477667f\" data-element_type=\"container\" data-e-type=\"container\" data-settings=\"{&quot;animation&quot;:&quot;fadeInUp&quot;}\">\n\t\t\t\t<div class=\"elementor-element elementor-element-f723abe elementor-cta--valign-middle elementor-cta--skin-classic elementor-animated-content elementor-bg-transform elementor-bg-transform-zoom-in elementor-widget elementor-widget-call-to-action\" data-id=\"f723abe\" data-element_type=\"widget\" data-e-type=\"widget\" data-widget_type=\"call-to-action.default\">\n\t\t\t\t<div class=\"elementor-widget-container\">\n\t\t\t\t\t\t\t<div class=\"elementor-cta\">\n\t\t\t\t\t\t\t<div class=\"elementor-cta__content\">\n\t\t\t\t\n\t\t\t\t\t\t\t\t\t<h3 class=\"elementor-cta__title elementor-cta__content-item elementor-content-item\">\n\t\t\t\t\t\tCompromiso con gracia\t\t\t\t\t<\/h3>\n\t\t\t\t\n\t\t\t\t\t\t\t\t\t<div class=\"elementor-cta__description elementor-cta__content-item elementor-content-item\">\n\t\t\t\t\t\tBuscamos crear conexiones significativas con los j\u00f3venes y sus l\u00edderes, al tiempo que acogemos a las personas all\u00ed donde se encuentran. \t\t\t\t\t<\/div>\n\t\t\t\t\n\t\t\t\t\t\t\t<\/div>\n\t\t\t\t\t\t<\/div>\n\t\t\t\t\t\t<\/div>\n\t\t\t\t<\/div>\n\t\t\t\t<\/div>\n\t\t<div class=\"elementor-element elementor-element-3681d4f e-con-full e-flex elementor-invisible e-con e-child\" data-id=\"3681d4f\" data-element_type=\"container\" data-e-type=\"container\" data-settings=\"{&quot;animation&quot;:&quot;fadeInUp&quot;,&quot;animation_delay&quot;:100}\">\n\t\t\t\t<div class=\"elementor-element elementor-element-4f6fbaaf elementor-cta--valign-middle elementor-cta--skin-classic elementor-animated-content elementor-bg-transform elementor-bg-transform-zoom-in elementor-widget elementor-widget-call-to-action\" data-id=\"4f6fbaaf\" data-element_type=\"widget\" data-e-type=\"widget\" data-widget_type=\"call-to-action.default\">\n\t\t\t\t<div class=\"elementor-widget-container\">\n\t\t\t\t\t\t\t<div class=\"elementor-cta\">\n\t\t\t\t\t\t\t<div class=\"elementor-cta__content\">\n\t\t\t\t\n\t\t\t\t\t\t\t\t\t<h3 class=\"elementor-cta__title elementor-cta__content-item elementor-content-item\">\n\t\t\t\t\t\tInclusi\u00f3n intencionada\t\t\t\t\t<\/h3>\n\t\t\t\t\n\t\t\t\t\t\t\t\t\t<div class=\"elementor-cta__description elementor-cta__content-item elementor-content-item\">\n\t\t\t\t\t\tPretendemos crear un entorno seguro en el que se valore cada voz y se acoja a cada joven con amor.\t\t\t\t\t<\/div>\n\t\t\t\t\n\t\t\t\t\t\t\t<\/div>\n\t\t\t\t\t\t<\/div>\n\t\t\t\t\t\t<\/div>\n\t\t\t\t<\/div>\n\t\t\t\t<\/div>\n\t\t<div class=\"elementor-element elementor-element-2a42351e e-con-full e-flex elementor-invisible e-con e-child\" data-id=\"2a42351e\" data-element_type=\"container\" data-e-type=\"container\" data-settings=\"{&quot;animation&quot;:&quot;fadeInUp&quot;,&quot;animation_delay&quot;:200}\">\n\t\t\t\t<div class=\"elementor-element elementor-element-573af900 elementor-cta--valign-middle elementor-cta--skin-classic elementor-animated-content elementor-bg-transform elementor-bg-transform-zoom-in elementor-widget elementor-widget-call-to-action\" data-id=\"573af900\" data-element_type=\"widget\" data-e-type=\"widget\" data-widget_type=\"call-to-action.default\">\n\t\t\t\t<div class=\"elementor-widget-container\">\n\t\t\t\t\t\t\t<div class=\"elementor-cta\">\n\t\t\t\t\t\t\t<div class=\"elementor-cta__content\">\n\t\t\t\t\n\t\t\t\t\t\t\t\t\t<h3 class=\"elementor-cta__title elementor-cta__content-item elementor-content-item\">\n\t\t\t\t\t\tPotenciar\t\t\t\t\t<\/h3>\n\t\t\t\t\n\t\t\t\t\t\t\t\t\t<div class=\"elementor-cta__description elementor-cta__content-item elementor-content-item\">\n\t\t\t\t\t\tInvertimos decididamente en los j\u00f3venes, anim\u00e1ndoles a aprender y a liderar ministerios para, con y por los j\u00f3venes.\t\t\t\t\t<\/div>\n\t\t\t\t\n\t\t\t\t\t\t\t<\/div>\n\t\t\t\t\t\t<\/div>\n\t\t\t\t\t\t<\/div>\n\t\t\t\t<\/div>\n\t\t\t\t<\/div>\n\t\t<div class=\"elementor-element elementor-element-1c91d4fe e-con-full e-flex elementor-invisible e-con e-child\" data-id=\"1c91d4fe\" data-element_type=\"container\" data-e-type=\"container\" data-settings=\"{&quot;animation&quot;:&quot;fadeInUp&quot;,&quot;animation_delay&quot;:300}\">\n\t\t\t\t<div class=\"elementor-element elementor-element-1f0cbf7 elementor-cta--valign-middle elementor-cta--skin-classic elementor-animated-content elementor-bg-transform elementor-bg-transform-zoom-in elementor-widget elementor-widget-call-to-action\" data-id=\"1f0cbf7\" data-element_type=\"widget\" data-e-type=\"widget\" data-widget_type=\"call-to-action.default\">\n\t\t\t\t<div class=\"elementor-widget-container\">\n\t\t\t\t\t\t\t<div class=\"elementor-cta\">\n\t\t\t\t\t\t\t<div class=\"elementor-cta__content\">\n\t\t\t\t\n\t\t\t\t\t\t\t\t\t<h3 class=\"elementor-cta__title elementor-cta__content-item elementor-content-item\">\n\t\t\t\t\t\tSostenible\t\t\t\t\t<\/h3>\n\t\t\t\t\n\t\t\t\t\t\t\t\t\t<div class=\"elementor-cta__description elementor-cta__content-item elementor-content-item\">\n\t\t\t\t\t\tEstamos comprometidos con los ministerios, sistemas, pr\u00e1cticas, pol\u00edticas y programas que maximizan el futuro del ministerio juvenil de la conferencia. \t\t\t\t\t<\/div>\n\t\t\t\t\n\t\t\t\t\t\t\t<\/div>\n\t\t\t\t\t\t<\/div>\n\t\t\t\t\t\t<\/div>\n\t\t\t\t<\/div>\n\t\t\t\t<\/div>\n\t\t\t\t<\/div>\n\t\t\t\t<\/div>\n\t\t\t\t<\/div>","protected":false},"excerpt":{"rendered":"<p>Youth Ministry The youth ministry of the Tennessee-Western Kentucky Conference exists to connect, equip, and invest in youth and their leaders in order to develop communities of faith in which [&hellip;]<\/p>\n","protected":false},"author":1,"featured_media":0,"parent":30,"menu_order":0,"comment_status":"closed","ping_status":"closed","template":"","meta":{"_acf_changed":false,"footnotes":""},"tags":[],"class_list":["post-40","page","type-page","status-publish","hentry"],"acf":[],"yoast_head":"<!-- This site is optimized with the Yoast SEO plugin v27.1.1 - https:\/\/yoast.com\/product\/yoast-seo-wordpress\/ -->\n<title>Youth Ministry - TWKUMC<\/title>\n<meta name=\"robots\" content=\"index, follow, max-snippet:-1, max-image-preview:large, max-video-preview:-1\" \/>\n<link rel=\"canonical\" href=\"https:\/\/twkumc.org\/es\/equip\/youth-ministry\/\" \/>\n<meta property=\"og:locale\" content=\"es_MX\" \/>\n<meta property=\"og:type\" content=\"article\" \/>\n<meta property=\"og:title\" content=\"Youth Ministry - TWKUMC\" \/>\n<meta property=\"og:description\" content=\"Youth Ministry The youth ministry of the Tennessee-Western Kentucky Conference exists to connect, equip, and invest in youth and their leaders in order to develop communities of faith in which [&hellip;]\" \/>\n<meta property=\"og:url\" content=\"https:\/\/twkumc.org\/es\/equip\/youth-ministry\/\" \/>\n<meta property=\"og:site_name\" content=\"TWKUMC\" \/>\n<meta property=\"article:modified_time\" content=\"2025-07-15T20:17:31+00:00\" \/>\n<meta name=\"twitter:card\" content=\"summary_large_image\" \/>\n<meta name=\"twitter:label1\" content=\"Tiempo de lectura\" \/>\n\t<meta name=\"twitter:data1\" content=\"1 minuto\" \/>\n<script type=\"application\/ld+json\" class=\"yoast-schema-graph\">{\"@context\":\"https:\/\/schema.org\",\"@graph\":[{\"@type\":\"WebPage\",\"@id\":\"https:\/\/twkumc.org\/equip\/youth-ministry\/\",\"url\":\"https:\/\/twkumc.org\/equip\/youth-ministry\/\",\"name\":\"Youth Ministry - TWKUMC\",\"isPartOf\":{\"@id\":\"https:\/\/twkumc.org\/#website\"},\"datePublished\":\"2025-02-12T14:15:12+00:00\",\"dateModified\":\"2025-07-15T20:17:31+00:00\",\"breadcrumb\":{\"@id\":\"https:\/\/twkumc.org\/equip\/youth-ministry\/#breadcrumb\"},\"inLanguage\":\"es\",\"potentialAction\":[{\"@type\":\"ReadAction\",\"target\":[\"https:\/\/twkumc.org\/equip\/youth-ministry\/\"]}]},{\"@type\":\"BreadcrumbList\",\"@id\":\"https:\/\/twkumc.org\/equip\/youth-ministry\/#breadcrumb\",\"itemListElement\":[{\"@type\":\"ListItem\",\"position\":1,\"name\":\"Home\",\"item\":\"https:\/\/twkumc.org\/\"},{\"@type\":\"ListItem\",\"position\":2,\"name\":\"Equip\",\"item\":\"https:\/\/twkumc.org\/equip\/\"},{\"@type\":\"ListItem\",\"position\":3,\"name\":\"Youth Ministry\"}]},{\"@type\":\"WebSite\",\"@id\":\"https:\/\/twkumc.org\/#website\",\"url\":\"https:\/\/twkumc.org\/\",\"name\":\"TWKUMC\",\"description\":\"\",\"publisher\":{\"@id\":\"https:\/\/twkumc.org\/#organization\"},\"potentialAction\":[{\"@type\":\"SearchAction\",\"target\":{\"@type\":\"EntryPoint\",\"urlTemplate\":\"https:\/\/twkumc.org\/?s={search_term_string}\"},\"query-input\":{\"@type\":\"PropertyValueSpecification\",\"valueRequired\":true,\"valueName\":\"search_term_string\"}}],\"inLanguage\":\"es\"},{\"@type\":\"Organization\",\"@id\":\"https:\/\/twkumc.org\/#organization\",\"name\":\"TWKUMC\",\"url\":\"https:\/\/twkumc.org\/\",\"logo\":{\"@type\":\"ImageObject\",\"inLanguage\":\"es\",\"@id\":\"https:\/\/twkumc.org\/#\/schema\/logo\/image\/\",\"url\":\"https:\/\/twkumc.org\/wp-content\/uploads\/2025\/02\/TWK-Full_ColorBlack.webp\",\"contentUrl\":\"https:\/\/twkumc.org\/wp-content\/uploads\/2025\/02\/TWK-Full_ColorBlack.webp\",\"width\":2340,\"height\":478,\"caption\":\"TWKUMC\"},\"image\":{\"@id\":\"https:\/\/twkumc.org\/#\/schema\/logo\/image\/\"}}]}<\/script>\n<!-- \/ Yoast SEO plugin. -->","yoast_head_json":{"title":"Ministerio de la Juventud - TWKUMC","robots":{"index":"index","follow":"follow","max-snippet":"max-snippet:-1","max-image-preview":"max-image-preview:large","max-video-preview":"max-video-preview:-1"},"canonical":"https:\/\/twkumc.org\/es\/equip\/youth-ministry\/","og_locale":"es_MX","og_type":"article","og_title":"Youth Ministry - TWKUMC","og_description":"Youth Ministry The youth ministry of the Tennessee-Western Kentucky Conference exists to connect, equip, and invest in youth and their leaders in order to develop communities of faith in which [&hellip;]","og_url":"https:\/\/twkumc.org\/es\/equip\/youth-ministry\/","og_site_name":"TWKUMC","article_modified_time":"2025-07-15T20:17:31+00:00","twitter_card":"summary_large_image","twitter_misc":{"Tiempo de lectura":"1 minuto"},"schema":{"@context":"https:\/\/schema.org","@graph":[{"@type":"WebPage","@id":"https:\/\/twkumc.org\/equip\/youth-ministry\/","url":"https:\/\/twkumc.org\/equip\/youth-ministry\/","name":"Ministerio de la Juventud - TWKUMC","isPartOf":{"@id":"https:\/\/twkumc.org\/#website"},"datePublished":"2025-02-12T14:15:12+00:00","dateModified":"2025-07-15T20:17:31+00:00","breadcrumb":{"@id":"https:\/\/twkumc.org\/equip\/youth-ministry\/#breadcrumb"},"inLanguage":"es","potentialAction":[{"@type":"ReadAction","target":["https:\/\/twkumc.org\/equip\/youth-ministry\/"]}]},{"@type":"BreadcrumbList","@id":"https:\/\/twkumc.org\/equip\/youth-ministry\/#breadcrumb","itemListElement":[{"@type":"ListItem","position":1,"name":"Home","item":"https:\/\/twkumc.org\/"},{"@type":"ListItem","position":2,"name":"Equip","item":"https:\/\/twkumc.org\/equip\/"},{"@type":"ListItem","position":3,"name":"Youth Ministry"}]},{"@type":"WebSite","@id":"https:\/\/twkumc.org\/#website","url":"https:\/\/twkumc.org\/","name":"TWKUMC","description":"","publisher":{"@id":"https:\/\/twkumc.org\/#organization"},"potentialAction":[{"@type":"SearchAction","target":{"@type":"EntryPoint","urlTemplate":"https:\/\/twkumc.org\/?s={search_term_string}"},"query-input":{"@type":"PropertyValueSpecification","valueRequired":true,"valueName":"search_term_string"}}],"inLanguage":"es"},{"@type":"Organization","@id":"https:\/\/twkumc.org\/#organization","name":"TWKUMC","url":"https:\/\/twkumc.org\/","logo":{"@type":"ImageObject","inLanguage":"es","@id":"https:\/\/twkumc.org\/#\/schema\/logo\/image\/","url":"https:\/\/twkumc.org\/wp-content\/uploads\/2025\/02\/TWK-Full_ColorBlack.webp","contentUrl":"https:\/\/twkumc.org\/wp-content\/uploads\/2025\/02\/TWK-Full_ColorBlack.webp","width":2340,"height":478,"caption":"TWKUMC"},"image":{"@id":"https:\/\/twkumc.org\/#\/schema\/logo\/image\/"}}]}},"publishpress_future_action":{"enabled":false,"date":"2026-04-16 22:04:34","action":"change-status","newStatus":"draft","terms":[],"taxonomy":"post_tag","extraData":[]},"publishpress_future_workflow_manual_trigger":{"enabledWorkflows":[]},"_links":{"self":[{"href":"https:\/\/twkumc.org\/es\/wp-json\/wp\/v2\/pages\/40","targetHints":{"allow":["GET"]}}],"collection":[{"href":"https:\/\/twkumc.org\/es\/wp-json\/wp\/v2\/pages"}],"about":[{"href":"https:\/\/twkumc.org\/es\/wp-json\/wp\/v2\/types\/page"}],"author":[{"embeddable":true,"href":"https:\/\/twkumc.org\/es\/wp-json\/wp\/v2\/users\/1"}],"replies":[{"embeddable":true,"href":"https:\/\/twkumc.org\/es\/wp-json\/wp\/v2\/comments?post=40"}],"version-history":[{"count":7,"href":"https:\/\/twkumc.org\/es\/wp-json\/wp\/v2\/pages\/40\/revisions"}],"predecessor-version":[{"id":26062,"href":"https:\/\/twkumc.org\/es\/wp-json\/wp\/v2\/pages\/40\/revisions\/26062"}],"up":[{"embeddable":true,"href":"https:\/\/twkumc.org\/es\/wp-json\/wp\/v2\/pages\/30"}],"wp:attachment":[{"href":"https:\/\/twkumc.org\/es\/wp-json\/wp\/v2\/media?parent=40"}],"wp:term":[{"taxonomy":"post_tag","embeddable":true,"href":"https:\/\/twkumc.org\/es\/wp-json\/wp\/v2\/tags?post=40"}],"curies":[{"name":"wp","href":"https:\/\/api.w.org\/{rel}","templated":true}]}}