{"id":41003,"date":"2026-02-16T15:23:15","date_gmt":"2026-02-16T21:23:15","guid":{"rendered":"https:\/\/twkumc.org\/?page_id=41003"},"modified":"2026-02-26T12:19:52","modified_gmt":"2026-02-26T18:19:52","slug":"leadership-opportunities","status":"publish","type":"page","link":"https:\/\/twkumc.org\/es\/leadership-opportunities\/","title":{"rendered":"Nominaciones para puestos de liderazgo"},"content":{"rendered":"<div data-elementor-type=\"wp-page\" data-elementor-id=\"41003\" class=\"elementor elementor-41003\" data-elementor-post-type=\"page\">\n\t\t\t\t<div class=\"elementor-element elementor-element-6110a6e0 e-flex e-con-boxed e-con e-parent\" data-id=\"6110a6e0\" data-element_type=\"container\" data-e-type=\"container\" data-settings=\"{&quot;background_background&quot;:&quot;classic&quot;}\">\n\t\t\t\t\t<div class=\"e-con-inner\">\n\t\t<div class=\"elementor-element elementor-element-140e43fb e-con-full e-flex e-con e-child\" data-id=\"140e43fb\" data-element_type=\"container\" data-e-type=\"container\">\n\t\t\t\t<div class=\"elementor-element elementor-element-33ba1fc1 elementor-invisible elementor-widget elementor-widget-image\" data-id=\"33ba1fc1\" data-element_type=\"widget\" data-e-type=\"widget\" data-settings=\"{&quot;_animation&quot;:&quot;fadeIn&quot;}\" data-widget_type=\"image.default\">\n\t\t\t\t<div class=\"elementor-widget-container\">\n\t\t\t\t\t\t\t\t\t\t\t\t\t\t\t<img fetchpriority=\"high\" decoding=\"async\" width=\"800\" height=\"629\" src=\"https:\/\/twkumc.org\/wp-content\/uploads\/2025\/10\/DSC_2461-1024x805.jpg\" class=\"attachment-large size-large wp-image-36273\" alt=\"\" srcset=\"https:\/\/twkumc.org\/wp-content\/uploads\/2025\/10\/DSC_2461-1024x805.jpg 1024w, https:\/\/twkumc.org\/wp-content\/uploads\/2025\/10\/DSC_2461-300x236.jpg 300w, https:\/\/twkumc.org\/wp-content\/uploads\/2025\/10\/DSC_2461-768x604.jpg 768w, https:\/\/twkumc.org\/wp-content\/uploads\/2025\/10\/DSC_2461-1536x1207.jpg 1536w, https:\/\/twkumc.org\/wp-content\/uploads\/2025\/10\/DSC_2461-2048x1610.jpg 2048w, https:\/\/twkumc.org\/wp-content\/uploads\/2025\/10\/DSC_2461-15x12.jpg 15w\" sizes=\"(max-width: 800px) 100vw, 800px\" \/>\t\t\t\t\t\t\t\t\t\t\t\t\t\t\t<\/div>\n\t\t\t\t<\/div>\n\t\t\t\t<div class=\"elementor-element elementor-element-77b11eee elementor-invisible elementor-widget elementor-widget-image\" data-id=\"77b11eee\" data-element_type=\"widget\" data-e-type=\"widget\" data-settings=\"{&quot;_animation&quot;:&quot;fadeIn&quot;,&quot;_animation_delay&quot;:200}\" data-widget_type=\"image.default\">\n\t\t\t\t<div class=\"elementor-widget-container\">\n\t\t\t\t\t\t\t\t\t\t\t\t\t\t\t<img decoding=\"async\" width=\"800\" height=\"600\" src=\"https:\/\/twkumc.org\/wp-content\/uploads\/2025\/10\/SHLR-group-1024x768.jpeg\" class=\"attachment-large size-large wp-image-37682\" alt=\"\" srcset=\"https:\/\/twkumc.org\/wp-content\/uploads\/2025\/10\/SHLR-group-1024x768.jpeg 1024w, https:\/\/twkumc.org\/wp-content\/uploads\/2025\/10\/SHLR-group-300x225.jpeg 300w, https:\/\/twkumc.org\/wp-content\/uploads\/2025\/10\/SHLR-group-768x576.jpeg 768w, https:\/\/twkumc.org\/wp-content\/uploads\/2025\/10\/SHLR-group-1536x1152.jpeg 1536w, https:\/\/twkumc.org\/wp-content\/uploads\/2025\/10\/SHLR-group-16x12.jpeg 16w, https:\/\/twkumc.org\/wp-content\/uploads\/2025\/10\/SHLR-group.jpeg 2048w\" sizes=\"(max-width: 800px) 100vw, 800px\" \/>\t\t\t\t\t\t\t\t\t\t\t\t\t\t\t<\/div>\n\t\t\t\t<\/div>\n\t\t\t\t<\/div>\n\t\t<div class=\"elementor-element elementor-element-6b15cec6 e-con-full e-flex e-con e-child\" data-id=\"6b15cec6\" data-element_type=\"container\" data-e-type=\"container\">\n\t\t\t\t<div class=\"elementor-element elementor-element-19785722 elementor-invisible elementor-widget elementor-widget-image\" data-id=\"19785722\" data-element_type=\"widget\" data-e-type=\"widget\" data-settings=\"{&quot;_animation&quot;:&quot;fadeIn&quot;,&quot;_animation_delay&quot;:400}\" data-widget_type=\"image.default\">\n\t\t\t\t<div class=\"elementor-widget-container\">\n\t\t\t\t\t\t\t\t\t\t\t\t\t\t\t<img decoding=\"async\" width=\"800\" height=\"640\" src=\"https:\/\/twkumc.org\/wp-content\/uploads\/2025\/10\/DSC_2435-1024x819.jpg\" class=\"attachment-large size-large wp-image-36270\" alt=\"\" srcset=\"https:\/\/twkumc.org\/wp-content\/uploads\/2025\/10\/DSC_2435-1024x819.jpg 1024w, https:\/\/twkumc.org\/wp-content\/uploads\/2025\/10\/DSC_2435-300x240.jpg 300w, https:\/\/twkumc.org\/wp-content\/uploads\/2025\/10\/DSC_2435-768x614.jpg 768w, https:\/\/twkumc.org\/wp-content\/uploads\/2025\/10\/DSC_2435-1536x1229.jpg 1536w, https:\/\/twkumc.org\/wp-content\/uploads\/2025\/10\/DSC_2435-2048x1639.jpg 2048w, https:\/\/twkumc.org\/wp-content\/uploads\/2025\/10\/DSC_2435-15x12.jpg 15w\" sizes=\"(max-width: 800px) 100vw, 800px\" \/>\t\t\t\t\t\t\t\t\t\t\t\t\t\t\t<\/div>\n\t\t\t\t<\/div>\n\t\t\t\t<div class=\"elementor-element elementor-element-65f6623 elementor-invisible elementor-widget elementor-widget-image\" data-id=\"65f6623\" data-element_type=\"widget\" data-e-type=\"widget\" data-settings=\"{&quot;_animation&quot;:&quot;fadeIn&quot;,&quot;_animation_delay&quot;:600}\" data-widget_type=\"image.default\">\n\t\t\t\t<div class=\"elementor-widget-container\">\n\t\t\t\t\t\t\t\t\t\t\t\t\t\t\t<img loading=\"lazy\" decoding=\"async\" width=\"800\" height=\"640\" src=\"https:\/\/twkumc.org\/wp-content\/uploads\/2026\/02\/United2_DayTwo-15-1024x819.jpg\" class=\"attachment-large size-large wp-image-41008\" alt=\"\" srcset=\"https:\/\/twkumc.org\/wp-content\/uploads\/2026\/02\/United2_DayTwo-15-1024x819.jpg 1024w, https:\/\/twkumc.org\/wp-content\/uploads\/2026\/02\/United2_DayTwo-15-300x240.jpg 300w, https:\/\/twkumc.org\/wp-content\/uploads\/2026\/02\/United2_DayTwo-15-768x614.jpg 768w, https:\/\/twkumc.org\/wp-content\/uploads\/2026\/02\/United2_DayTwo-15-1536x1229.jpg 1536w, https:\/\/twkumc.org\/wp-content\/uploads\/2026\/02\/United2_DayTwo-15-15x12.jpg 15w, https:\/\/twkumc.org\/wp-content\/uploads\/2026\/02\/United2_DayTwo-15.jpg 2048w\" sizes=\"(max-width: 800px) 100vw, 800px\" \/>\t\t\t\t\t\t\t\t\t\t\t\t\t\t\t<\/div>\n\t\t\t\t<\/div>\n\t\t\t\t<\/div>\n\t\t<div class=\"elementor-element elementor-element-49dc81aa e-con-full e-flex e-con e-child\" data-id=\"49dc81aa\" data-element_type=\"container\" data-e-type=\"container\">\n\t\t\t\t<div class=\"elementor-element elementor-element-facac27 elementor-widget elementor-widget-heading\" data-id=\"facac27\" data-element_type=\"widget\" data-e-type=\"widget\" data-widget_type=\"heading.default\">\n\t\t\t\t<div class=\"elementor-widget-container\">\n\t\t\t\t\t<h2 class=\"elementor-heading-title elementor-size-default\">Oportunidades de liderazgo<\/h2>\t\t\t\t<\/div>\n\t\t\t\t<\/div>\n\t\t\t\t<div class=\"elementor-element elementor-element-39a02da elementor-widget elementor-widget-text-editor\" data-id=\"39a02da\" data-element_type=\"widget\" data-e-type=\"widget\" data-widget_type=\"text-editor.default\">\n\t\t\t\t<div class=\"elementor-widget-container\">\n\t\t\t\t\t\t\t\t\t<p>Voluntariado en la Conferencia TWK<\/p>\t\t\t\t\t\t\t\t<\/div>\n\t\t\t\t<\/div>\n\t\t<div class=\"elementor-element elementor-element-9c22ad3 e-con-full e-flex e-con e-child\" data-id=\"9c22ad3\" data-element_type=\"container\" data-e-type=\"container\">\n\t\t\t\t<div class=\"elementor-element elementor-element-2caaad9 elementor-align-left elementor-mobile-align-center elementor-tablet-align-center elementor-widget__width-inherit elementor-widget elementor-widget-button\" data-id=\"2caaad9\" data-element_type=\"widget\" data-e-type=\"widget\" data-widget_type=\"button.default\">\n\t\t\t\t<div class=\"elementor-widget-container\">\n\t\t\t\t\t\t\t\t\t<div class=\"elementor-button-wrapper\">\n\t\t\t\t\t<a class=\"elementor-button elementor-button-link elementor-size-sm\" href=\"https:\/\/www.cognitoforms.com\/TennesseeWesternKentuckyConference\/NominationForm\">\n\t\t\t\t\t\t<span class=\"elementor-button-content-wrapper\">\n\t\t\t\t\t\t\t\t\t<span class=\"elementor-button-text\">Formulario de nominaciones<\/span>\n\t\t\t\t\t<\/span>\n\t\t\t\t\t<\/a>\n\t\t\t\t<\/div>\n\t\t\t\t\t\t\t\t<\/div>\n\t\t\t\t<\/div>\n\t\t\t\t<div class=\"elementor-element elementor-element-c0c16c0 elementor-align-left elementor-mobile-align-center elementor-tablet-align-center elementor-widget__width-inherit elementor-widget elementor-widget-button\" data-id=\"c0c16c0\" data-element_type=\"widget\" data-e-type=\"widget\" data-widget_type=\"button.default\">\n\t\t\t\t<div class=\"elementor-widget-container\">\n\t\t\t\t\t\t\t\t\t<div class=\"elementor-button-wrapper\">\n\t\t\t\t\t<a class=\"elementor-button elementor-button-link elementor-size-sm\" href=\"https:\/\/twkumc.org\/wp-content\/uploads\/2026\/01\/Role-Descriptions.pdf\">\n\t\t\t\t\t\t<span class=\"elementor-button-content-wrapper\">\n\t\t\t\t\t\t\t\t\t<span class=\"elementor-button-text\">Descripci\u00f3n de funciones<\/span>\n\t\t\t\t\t<\/span>\n\t\t\t\t\t<\/a>\n\t\t\t\t<\/div>\n\t\t\t\t\t\t\t\t<\/div>\n\t\t\t\t<\/div>\n\t\t\t\t<div class=\"elementor-element elementor-element-92c45a3 elementor-align-left elementor-mobile-align-center elementor-tablet-align-center elementor-widget__width-inherit elementor-widget elementor-widget-button\" data-id=\"92c45a3\" data-element_type=\"widget\" data-e-type=\"widget\" data-widget_type=\"button.default\">\n\t\t\t\t<div class=\"elementor-widget-container\">\n\t\t\t\t\t\t\t\t\t<div class=\"elementor-button-wrapper\">\n\t\t\t\t\t<a class=\"elementor-button elementor-button-link elementor-size-sm\" href=\"https:\/\/twkumc.org\/wp-content\/uploads\/2026\/01\/Committee_Descriptions_TWK_January_2026rev.pdf\">\n\t\t\t\t\t\t<span class=\"elementor-button-content-wrapper\">\n\t\t\t\t\t\t\t\t\t<span class=\"elementor-button-text\">Descripciones de las comisiones<\/span>\n\t\t\t\t\t<\/span>\n\t\t\t\t\t<\/a>\n\t\t\t\t<\/div>\n\t\t\t\t\t\t\t\t<\/div>\n\t\t\t\t<\/div>\n\t\t\t\t<\/div>\n\t\t\t\t<\/div>\n\t\t\t\t\t<\/div>\n\t\t\t\t<\/div>\n\t\t<div class=\"elementor-element elementor-element-068ff29 e-flex e-con-boxed e-con e-parent\" data-id=\"068ff29\" data-element_type=\"container\" data-e-type=\"container\" data-settings=\"{&quot;background_background&quot;:&quot;classic&quot;}\">\n\t\t\t\t\t<div class=\"e-con-inner\">\n\t\t\t\t<div class=\"elementor-element elementor-element-223fa00 elementor-widget elementor-widget-heading\" data-id=\"223fa00\" data-element_type=\"widget\" data-e-type=\"widget\" data-widget_type=\"heading.default\">\n\t\t\t\t<div class=\"elementor-widget-container\">\n\t\t\t\t\t<h2 class=\"elementor-heading-title elementor-size-default\">\u00bfTe est\u00e1 llamando Dios a usar tus dones y talentos de manera que bendigan nuestro ministerio conectivo conjunto?<\/h2>\t\t\t\t<\/div>\n\t\t\t\t<\/div>\n\t\t\t\t<div class=\"elementor-element elementor-element-a60a993 elementor-widget elementor-widget-text-editor\" data-id=\"a60a993\" data-element_type=\"widget\" data-e-type=\"widget\" data-widget_type=\"text-editor.default\">\n\t\t\t\t<div class=\"elementor-widget-container\">\n\t\t\t\t\t\t\t\t\t<p>La Conferencia de Tennessee Occidental-Kentucky invita a todas las personas de la Conferencia a presentar candidaturas y solicitudes como parte de nuestro proceso para garantizar la excelencia y lograr la inclusi\u00f3n en cuanto a geograf\u00eda, raza, g\u00e9nero, cultura y tama\u00f1o de las congregaciones.<\/p><p>Todos est\u00e1n invitados a completar un formulario de nominaci\u00f3n. No es necesario ser cl\u00e9rigo ni l\u00edder confesional. Buscamos servidores cualificados que tengan talento en su \u00e1rea de ministerio, pasi\u00f3n por servir a Dios con excelencia y fidelidad en su testimonio cristiano. Le animamos a compartir este formulario con otras personas de su comunidad que tengan una habilidad o pasi\u00f3n que puedan compartir en un ministerio de la Conferencia.\u00a0<\/p>\t\t\t\t\t\t\t\t<\/div>\n\t\t\t\t<\/div>\n\t\t\t\t\t<\/div>\n\t\t\t\t<\/div>\n\t\t<div class=\"elementor-element elementor-element-2ae443d e-flex e-con-boxed e-con e-parent\" data-id=\"2ae443d\" data-element_type=\"container\" data-e-type=\"container\">\n\t\t\t\t\t<div class=\"e-con-inner\">\n\t\t\t\t<div class=\"elementor-element elementor-element-4cd1ec4 elementor-widget elementor-widget-heading\" data-id=\"4cd1ec4\" data-element_type=\"widget\" data-e-type=\"widget\" data-widget_type=\"heading.default\">\n\t\t\t\t<div class=\"elementor-widget-container\">\n\t\t\t\t\t<h2 class=\"elementor-heading-title elementor-size-default\">\u00a1Escuche a algunos de nuestros l\u00edderes voluntarios!<\/h2>\t\t\t\t<\/div>\n\t\t\t\t<\/div>\n\t\t<div class=\"elementor-element elementor-element-f2943a0 e-con-full e-flex e-con e-child\" data-id=\"f2943a0\" data-element_type=\"container\" data-e-type=\"container\">\n\t\t\t\t<div class=\"elementor-element elementor-element-9650768 elementor-widget elementor-widget-video\" data-id=\"9650768\" data-element_type=\"widget\" data-e-type=\"widget\" data-settings=\"{&quot;video_type&quot;:&quot;hosted&quot;,&quot;controls&quot;:&quot;yes&quot;}\" data-widget_type=\"video.default\">\n\t\t\t\t<div class=\"elementor-widget-container\">\n\t\t\t\t\t\t\t<div class=\"e-hosted-video elementor-wrapper elementor-open-inline\">\n\t\t\t\t\t<video class=\"elementor-video\" src=\"https:\/\/twkumc.org\/wp-content\/uploads\/2025\/09\/Raul-VolunteerPromo.mp4\" controls=\"\" preload=\"metadata\" controlslist=\"nodownload\"><\/video>\n\t\t\t\t<\/div>\n\t\t\t\t\t\t<\/div>\n\t\t\t\t<\/div>\n\t\t\t\t<div class=\"elementor-element elementor-element-e9c4a5d elementor-widget elementor-widget-video\" data-id=\"e9c4a5d\" data-element_type=\"widget\" data-e-type=\"widget\" data-settings=\"{&quot;video_type&quot;:&quot;hosted&quot;,&quot;controls&quot;:&quot;yes&quot;}\" data-widget_type=\"video.default\">\n\t\t\t\t<div class=\"elementor-widget-container\">\n\t\t\t\t\t\t\t<div class=\"e-hosted-video elementor-wrapper elementor-open-inline\">\n\t\t\t\t\t<video class=\"elementor-video\" src=\"https:\/\/twkumc.org\/wp-content\/uploads\/2025\/09\/JV-Thompson.mp4\" controls=\"\" preload=\"metadata\" controlslist=\"nodownload\"><\/video>\n\t\t\t\t<\/div>\n\t\t\t\t\t\t<\/div>\n\t\t\t\t<\/div>\n\t\t\t\t<div class=\"elementor-element elementor-element-5f45f79 elementor-widget elementor-widget-video\" data-id=\"5f45f79\" data-element_type=\"widget\" data-e-type=\"widget\" data-settings=\"{&quot;video_type&quot;:&quot;hosted&quot;,&quot;controls&quot;:&quot;yes&quot;}\" data-widget_type=\"video.default\">\n\t\t\t\t<div class=\"elementor-widget-container\">\n\t\t\t\t\t\t\t<div class=\"e-hosted-video elementor-wrapper elementor-open-inline\">\n\t\t\t\t\t<video class=\"elementor-video\" src=\"https:\/\/twkumc.org\/wp-content\/uploads\/2025\/09\/Linda-Furtado-Nominations-Invitation-2026.mp4\" controls=\"\" preload=\"metadata\" controlslist=\"nodownload\"><\/video>\n\t\t\t\t<\/div>\n\t\t\t\t\t\t<\/div>\n\t\t\t\t<\/div>\n\t\t\t\t<\/div>\n\t\t\t\t\t<\/div>\n\t\t\t\t<\/div>\n\t\t\t\t<\/div>","protected":false},"excerpt":{"rendered":"<p>Leadership Opportunities Volunteer with the TWK Conference Nominations Form Role Descriptions Committee Descriptions Is God calling you to use your gifts and talents in ways that will bless our connectional [&hellip;]<\/p>\n","protected":false},"author":6,"featured_media":29392,"parent":0,"menu_order":0,"comment_status":"closed","ping_status":"closed","template":"","meta":{"_acf_changed":false,"footnotes":""},"tags":[167],"class_list":["post-41003","page","type-page","status-publish","has-post-thumbnail","hentry","tag-featured-item"],"acf":[],"yoast_head":"<!-- This site is optimized with the Yoast SEO plugin v27.1.1 - https:\/\/yoast.com\/product\/yoast-seo-wordpress\/ -->\n<title>Leadership Nominations - TWKUMC<\/title>\n<meta name=\"robots\" content=\"index, follow, max-snippet:-1, max-image-preview:large, max-video-preview:-1\" \/>\n<link rel=\"canonical\" href=\"https:\/\/twkumc.org\/es\/leadership-opportunities\/\" \/>\n<meta property=\"og:locale\" content=\"es_MX\" \/>\n<meta property=\"og:type\" content=\"article\" \/>\n<meta property=\"og:title\" content=\"Leadership Nominations - TWKUMC\" \/>\n<meta property=\"og:description\" content=\"Leadership Opportunities Volunteer with the TWK Conference Nominations Form Role Descriptions Committee Descriptions Is God calling you to use your gifts and talents in ways that will bless our connectional [&hellip;]\" \/>\n<meta property=\"og:url\" content=\"https:\/\/twkumc.org\/es\/leadership-opportunities\/\" \/>\n<meta property=\"og:site_name\" content=\"TWKUMC\" \/>\n<meta property=\"article:modified_time\" content=\"2026-02-26T18:19:52+00:00\" \/>\n<meta property=\"og:image\" content=\"https:\/\/twkumc.org\/wp-content\/uploads\/2025\/08\/AdobeStock_283017482-scaled.jpeg\" \/>\n\t<meta property=\"og:image:width\" content=\"2560\" \/>\n\t<meta property=\"og:image:height\" content=\"1707\" \/>\n\t<meta property=\"og:image:type\" content=\"image\/jpeg\" \/>\n<meta name=\"twitter:card\" content=\"summary_large_image\" \/>\n<meta name=\"twitter:label1\" content=\"Tiempo de lectura\" \/>\n\t<meta name=\"twitter:data1\" content=\"2 minutos\" \/>\n<script type=\"application\/ld+json\" class=\"yoast-schema-graph\">{\"@context\":\"https:\/\/schema.org\",\"@graph\":[{\"@type\":\"WebPage\",\"@id\":\"https:\/\/twkumc.org\/leadership-opportunities\/\",\"url\":\"https:\/\/twkumc.org\/leadership-opportunities\/\",\"name\":\"Leadership Nominations - TWKUMC\",\"isPartOf\":{\"@id\":\"https:\/\/twkumc.org\/#website\"},\"primaryImageOfPage\":{\"@id\":\"https:\/\/twkumc.org\/leadership-opportunities\/#primaryimage\"},\"image\":{\"@id\":\"https:\/\/twkumc.org\/leadership-opportunities\/#primaryimage\"},\"thumbnailUrl\":\"https:\/\/twkumc.org\/wp-content\/uploads\/2025\/08\/AdobeStock_283017482-scaled.jpeg\",\"datePublished\":\"2026-02-16T21:23:15+00:00\",\"dateModified\":\"2026-02-26T18:19:52+00:00\",\"breadcrumb\":{\"@id\":\"https:\/\/twkumc.org\/leadership-opportunities\/#breadcrumb\"},\"inLanguage\":\"es\",\"potentialAction\":[{\"@type\":\"ReadAction\",\"target\":[\"https:\/\/twkumc.org\/leadership-opportunities\/\"]}]},{\"@type\":\"ImageObject\",\"inLanguage\":\"es\",\"@id\":\"https:\/\/twkumc.org\/leadership-opportunities\/#primaryimage\",\"url\":\"https:\/\/twkumc.org\/wp-content\/uploads\/2025\/08\/AdobeStock_283017482-scaled.jpeg\",\"contentUrl\":\"https:\/\/twkumc.org\/wp-content\/uploads\/2025\/08\/AdobeStock_283017482-scaled.jpeg\",\"width\":2560,\"height\":1707,\"caption\":\"Male speaker giving presentation in hall at university workshop. Audience or conference hall. Rear view of unrecognized participants in audience. Scientific conference event, training. Education concept.\"},{\"@type\":\"BreadcrumbList\",\"@id\":\"https:\/\/twkumc.org\/leadership-opportunities\/#breadcrumb\",\"itemListElement\":[{\"@type\":\"ListItem\",\"position\":1,\"name\":\"Home\",\"item\":\"https:\/\/twkumc.org\/\"},{\"@type\":\"ListItem\",\"position\":2,\"name\":\"Leadership Nominations\"}]},{\"@type\":\"WebSite\",\"@id\":\"https:\/\/twkumc.org\/#website\",\"url\":\"https:\/\/twkumc.org\/\",\"name\":\"TWKUMC\",\"description\":\"\",\"publisher\":{\"@id\":\"https:\/\/twkumc.org\/#organization\"},\"potentialAction\":[{\"@type\":\"SearchAction\",\"target\":{\"@type\":\"EntryPoint\",\"urlTemplate\":\"https:\/\/twkumc.org\/?s={search_term_string}\"},\"query-input\":{\"@type\":\"PropertyValueSpecification\",\"valueRequired\":true,\"valueName\":\"search_term_string\"}}],\"inLanguage\":\"es\"},{\"@type\":\"Organization\",\"@id\":\"https:\/\/twkumc.org\/#organization\",\"name\":\"TWKUMC\",\"url\":\"https:\/\/twkumc.org\/\",\"logo\":{\"@type\":\"ImageObject\",\"inLanguage\":\"es\",\"@id\":\"https:\/\/twkumc.org\/#\/schema\/logo\/image\/\",\"url\":\"https:\/\/twkumc.org\/wp-content\/uploads\/2025\/02\/TWK-Full_ColorBlack.webp\",\"contentUrl\":\"https:\/\/twkumc.org\/wp-content\/uploads\/2025\/02\/TWK-Full_ColorBlack.webp\",\"width\":2340,\"height\":478,\"caption\":\"TWKUMC\"},\"image\":{\"@id\":\"https:\/\/twkumc.org\/#\/schema\/logo\/image\/\"}}]}<\/script>\n<!-- \/ Yoast SEO plugin. -->","yoast_head_json":{"title":"Candidaturas para puestos de liderazgo - TWKUMC","robots":{"index":"index","follow":"follow","max-snippet":"max-snippet:-1","max-image-preview":"max-image-preview:large","max-video-preview":"max-video-preview:-1"},"canonical":"https:\/\/twkumc.org\/es\/leadership-opportunities\/","og_locale":"es_MX","og_type":"article","og_title":"Leadership Nominations - TWKUMC","og_description":"Leadership Opportunities Volunteer with the TWK Conference Nominations Form Role Descriptions Committee Descriptions Is God calling you to use your gifts and talents in ways that will bless our connectional [&hellip;]","og_url":"https:\/\/twkumc.org\/es\/leadership-opportunities\/","og_site_name":"TWKUMC","article_modified_time":"2026-02-26T18:19:52+00:00","og_image":[{"width":2560,"height":1707,"url":"https:\/\/twkumc.org\/wp-content\/uploads\/2025\/08\/AdobeStock_283017482-scaled.jpeg","type":"image\/jpeg"}],"twitter_card":"summary_large_image","twitter_misc":{"Tiempo de lectura":"2 minutos"},"schema":{"@context":"https:\/\/schema.org","@graph":[{"@type":"WebPage","@id":"https:\/\/twkumc.org\/leadership-opportunities\/","url":"https:\/\/twkumc.org\/leadership-opportunities\/","name":"Candidaturas para puestos de liderazgo - TWKUMC","isPartOf":{"@id":"https:\/\/twkumc.org\/#website"},"primaryImageOfPage":{"@id":"https:\/\/twkumc.org\/leadership-opportunities\/#primaryimage"},"image":{"@id":"https:\/\/twkumc.org\/leadership-opportunities\/#primaryimage"},"thumbnailUrl":"https:\/\/twkumc.org\/wp-content\/uploads\/2025\/08\/AdobeStock_283017482-scaled.jpeg","datePublished":"2026-02-16T21:23:15+00:00","dateModified":"2026-02-26T18:19:52+00:00","breadcrumb":{"@id":"https:\/\/twkumc.org\/leadership-opportunities\/#breadcrumb"},"inLanguage":"es","potentialAction":[{"@type":"ReadAction","target":["https:\/\/twkumc.org\/leadership-opportunities\/"]}]},{"@type":"ImageObject","inLanguage":"es","@id":"https:\/\/twkumc.org\/leadership-opportunities\/#primaryimage","url":"https:\/\/twkumc.org\/wp-content\/uploads\/2025\/08\/AdobeStock_283017482-scaled.jpeg","contentUrl":"https:\/\/twkumc.org\/wp-content\/uploads\/2025\/08\/AdobeStock_283017482-scaled.jpeg","width":2560,"height":1707,"caption":"Male speaker giving presentation in hall at university workshop. Audience or conference hall. Rear view of unrecognized participants in audience. Scientific conference event, training. Education concept."},{"@type":"BreadcrumbList","@id":"https:\/\/twkumc.org\/leadership-opportunities\/#breadcrumb","itemListElement":[{"@type":"ListItem","position":1,"name":"Home","item":"https:\/\/twkumc.org\/"},{"@type":"ListItem","position":2,"name":"Leadership Nominations"}]},{"@type":"WebSite","@id":"https:\/\/twkumc.org\/#website","url":"https:\/\/twkumc.org\/","name":"TWKUMC","description":"","publisher":{"@id":"https:\/\/twkumc.org\/#organization"},"potentialAction":[{"@type":"SearchAction","target":{"@type":"EntryPoint","urlTemplate":"https:\/\/twkumc.org\/?s={search_term_string}"},"query-input":{"@type":"PropertyValueSpecification","valueRequired":true,"valueName":"search_term_string"}}],"inLanguage":"es"},{"@type":"Organization","@id":"https:\/\/twkumc.org\/#organization","name":"TWKUMC","url":"https:\/\/twkumc.org\/","logo":{"@type":"ImageObject","inLanguage":"es","@id":"https:\/\/twkumc.org\/#\/schema\/logo\/image\/","url":"https:\/\/twkumc.org\/wp-content\/uploads\/2025\/02\/TWK-Full_ColorBlack.webp","contentUrl":"https:\/\/twkumc.org\/wp-content\/uploads\/2025\/02\/TWK-Full_ColorBlack.webp","width":2340,"height":478,"caption":"TWKUMC"},"image":{"@id":"https:\/\/twkumc.org\/#\/schema\/logo\/image\/"}}]}},"publishpress_future_action":{"enabled":false,"date":"2026-04-10 22:50:37","action":"change-status","newStatus":"draft","terms":[],"taxonomy":"post_tag","extraData":[]},"publishpress_future_workflow_manual_trigger":{"enabledWorkflows":[]},"_links":{"self":[{"href":"https:\/\/twkumc.org\/es\/wp-json\/wp\/v2\/pages\/41003","targetHints":{"allow":["GET"]}}],"collection":[{"href":"https:\/\/twkumc.org\/es\/wp-json\/wp\/v2\/pages"}],"about":[{"href":"https:\/\/twkumc.org\/es\/wp-json\/wp\/v2\/types\/page"}],"author":[{"embeddable":true,"href":"https:\/\/twkumc.org\/es\/wp-json\/wp\/v2\/users\/6"}],"replies":[{"embeddable":true,"href":"https:\/\/twkumc.org\/es\/wp-json\/wp\/v2\/comments?post=41003"}],"version-history":[{"count":8,"href":"https:\/\/twkumc.org\/es\/wp-json\/wp\/v2\/pages\/41003\/revisions"}],"predecessor-version":[{"id":41706,"href":"https:\/\/twkumc.org\/es\/wp-json\/wp\/v2\/pages\/41003\/revisions\/41706"}],"wp:featuredmedia":[{"embeddable":true,"href":"https:\/\/twkumc.org\/es\/wp-json\/wp\/v2\/media\/29392"}],"wp:attachment":[{"href":"https:\/\/twkumc.org\/es\/wp-json\/wp\/v2\/media?parent=41003"}],"wp:term":[{"taxonomy":"post_tag","embeddable":true,"href":"https:\/\/twkumc.org\/es\/wp-json\/wp\/v2\/tags?post=41003"}],"curies":[{"name":"wp","href":"https:\/\/api.w.org\/{rel}","templated":true}]}}