{"id":41194,"date":"2026-02-18T12:34:42","date_gmt":"2026-02-18T18:34:42","guid":{"rendered":"https:\/\/twkumc.org\/?page_id=41194"},"modified":"2026-03-11T15:44:39","modified_gmt":"2026-03-11T21:44:39","slug":"2026-lenten-devotionals","status":"publish","type":"page","link":"https:\/\/twkumc.org\/es\/2026-lenten-devotionals\/","title":{"rendered":"Devocionales de Cuaresma 2026"},"content":{"rendered":"<div data-elementor-type=\"wp-page\" data-elementor-id=\"41194\" class=\"elementor elementor-41194\" data-elementor-post-type=\"page\">\n\t\t\t\t<div class=\"elementor-element elementor-element-539db6b e-flex e-con-boxed e-con e-parent\" data-id=\"539db6b\" data-element_type=\"container\" data-e-type=\"container\" data-settings=\"{&quot;background_background&quot;:&quot;classic&quot;}\">\n\t\t\t\t\t<div class=\"e-con-inner\">\n\t\t\t\t<div class=\"elementor-element elementor-element-78c5772 elementor-widget elementor-widget-text-editor\" data-id=\"78c5772\" data-element_type=\"widget\" data-e-type=\"widget\" data-widget_type=\"text-editor.default\">\n\t\t\t\t<div class=\"elementor-widget-container\">\n\t\t\t\t\t\t\t\t\t<h2><b><span style=\"font-size: large;\">Introducci\u00f3n a la fe y la innovaci\u00f3n Devociones de Cuaresma<\/span><\/b><\/h2><p dir=\"ltr\">La Cuaresma es una temporada de autoexamen. Es una invitaci\u00f3n a permitir que nuestra vida cotidiana se vea alterada, renunciando a las comodidades o adoptando nuevas pr\u00e1cticas, para que podamos ver m\u00e1s claramente las formas en que no respondemos al llamado de seguir a Jes\u00fas. Es un viaje intencional hacia la cruz con \u00e9l. A lo largo de ese camino hay sacrificio, dolor y p\u00e9rdida. Y, sin embargo, al otro lado, hay nueva vida.<\/p><p dir=\"ltr\">A menudo, nosotros, como miembros de la iglesia, nos ponemos obst\u00e1culos a nosotros mismos. Anhelamos seguir a Jes\u00fas hacia lo nuevo que Dios siempre est\u00e1 haciendo. Nos atrae la resurrecci\u00f3n. Pero nos cuesta seguir a Jes\u00fas hasta la cruz. Antes de que haya nueva vida, debe haber muerte. No podemos evitarlo. La \u00fanica manera de avanzar es atravesarlo.<\/p><p dir=\"ltr\">Estas devociones surgen de lo que estamos aprendiendo y experimentando en Fe e Innovaci\u00f3n en nuestro trabajo conexional para percibir lo nuevo que Dios est\u00e1 haciendo. Una de las pr\u00e1cticas que estamos explorando es la peregrinaci\u00f3n, por lo que hemos dado forma a estas lecturas para que sigan los movimientos de una peregrinaci\u00f3n: Anhelo\/Invitaci\u00f3n, Umbral, Desierto, Encuentro(s), Despertar y Regreso con una nueva visi\u00f3n. Cada semana nos detendremos en uno de estos movimientos.<\/p><p dir=\"ltr\">En muchos sentidos, observar la Cuaresma es en s\u00ed mismo una peregrinaci\u00f3n, especialmente por la santa perturbaci\u00f3n que ofrece. As\u00ed que reciban estas ofrendas semanales como una invitaci\u00f3n: a emprender juntos este viaje hacia la cruz.<\/p>\t\t\t\t\t\t\t\t<\/div>\n\t\t\t\t<\/div>\n\t\t\t\t\t<\/div>\n\t\t\t\t<\/div>\n\t\t<div class=\"elementor-element elementor-element-e63f591 e-flex e-con-boxed e-con e-parent\" data-id=\"e63f591\" data-element_type=\"container\" data-e-type=\"container\">\n\t\t\t\t\t<div class=\"e-con-inner\">\n\t\t\t\t<div class=\"elementor-element elementor-element-04a36ce elementor-widget elementor-widget-posts\" data-id=\"04a36ce\" data-element_type=\"widget\" data-e-type=\"widget\" data-settings=\"{&quot;pagination_type&quot;:&quot;prev_next&quot;,&quot;full_content_row_gap&quot;:{&quot;unit&quot;:&quot;px&quot;,&quot;size&quot;:35,&quot;sizes&quot;:[]}}\" data-widget_type=\"posts.full_content\">\n\t\t\t\t<div class=\"elementor-widget-container\">\n\t\t\t\t\t\t\t<div class=\"elementor-posts-container elementor-posts elementor-posts--skin-full_content elementor-grid\" role=\"list\">\n\t\t\t\t<article class=\"elementor-post elementor-grid-item post-42241 post type-post status-publish format-standard has-post-thumbnail hentry category-resources tag-lenten-devo\" role=\"listitem\">\n\t\t\t\t<div class=\"elementor-post__text\">\n\t\t\t\t<h3 class=\"elementor-post__title\">\n\t\t\t<a href=\"https:\/\/twkumc.org\/es\/resources\/2026-lenten-devotional-week-6-returned-with-renewed-sight\/\" >\n\t\t\t\tDevocional de Cuaresma 2026 | Semana 6 \u2013 Regres\u00f3 con la vista renovada\t\t\t<\/a>\n\t\t<\/h3>\n\t\t\t\t<div class=\"elementor-post__meta-data\">\n\t\t\t\t\t<span class=\"elementor-post-date\">\n\t\t\t25 de marzo de 2026\t\t<\/span>\n\t\t\t\t<\/div>\n\t\t\n<h2 class=\"wp-block-heading\">Semana 6 \u2013 Regreso con una visi\u00f3n renovada \u2013 Mateo 21:1-11<\/h2>\n\n\n\n<p>La peregrinaci\u00f3n cambia nuestra forma de volver. Al regresar, vemos lo que antes no pod\u00edamos ver.<\/p>\n\n\n\n<p>Para cuando Jes\u00fas entr\u00f3 en Jerusal\u00e9n, llevaba mucho tiempo recorriendo el camino. Los disc\u00edpulos hab\u00edan caminado con \u00e9l a trav\u00e9s de ense\u00f1anzas y milagros, a trav\u00e9s de multitudes y conflictos, a trav\u00e9s del desierto y de maravillas. Hab\u00edan visto tantas cosas\u2026 y, sin embargo, no lo ve\u00edan del todo. Todav\u00eda no.<\/p>\n\n\n\n<p>Cuando Jes\u00fas entr\u00f3 en Jerusal\u00e9n, la multitud gritaba \u201c\u00a1Hosanna!\u201d y agitaba ramas de palmera, d\u00e1ndole la bienvenida como a un rey. El camino hacia la ciudad estaba lleno de ruido, emoci\u00f3n y esperanza. A primera vista, parece un final triunfal para el viaje.<br>Pero nosotros sabemos lo que los disc\u00edpulos a\u00fan no comprend\u00edan: aquel no era el final del camino. Era el comienzo de la recta final hacia la cruz.<\/p>\n\n\n\n<p>La peregrinaci\u00f3n tiene la capacidad de cambiar nuestra forma de ver las cosas cuando regresamos a lugares que nos son familiares. Jerusal\u00e9n era una ciudad familiar. El templo era un lugar familiar. Las multitudes tambi\u00e9n eran familiares: gente que anhelaba un cambio, la libertad, que Dios hiciera algo nuevo. Pero Jes\u00fas entr\u00f3 en esa ciudad familiar de una manera desconocida: montado en un asno, con humildad, en paz.<\/p>\n\n\n\n<p>Me pregunto si los disc\u00edpulos recordaron este momento m\u00e1s tarde: despu\u00e9s de la \u00daltima Cena, despu\u00e9s del arresto, despu\u00e9s de la cruz y, sobre todo, despu\u00e9s de la resurrecci\u00f3n. Me pregunto si, al recordar ese d\u00eda, se dieron cuenta de que lo hab\u00edan malinterpretado todo. Lo que parec\u00eda un desfile era en realidad una procesi\u00f3n hacia el sacrificio. Lo que parec\u00eda un momento pol\u00edtico era en realidad un momento de amor divino. Lo que parec\u00eda la llegada del poder era en realidad la llegada de la rendici\u00f3n.<\/p>\n\n\n\n<p>A menudo, recuperar la perspectiva suele suceder as\u00ed. Miramos hacia atr\u00e1s y nos damos cuenta de que Dios estaba obrando de maneras que en ese momento no comprend\u00edamos. Empezamos a ver que las \u00e9pocas dif\u00edciles, las decisiones inciertas, las p\u00e9rdidas que lamentamos y los cambios inesperados no fueron solo interrupciones en nuestro camino, sino que fueron el camino mismo.<\/p>\n\n\n\n<p>En un peregrinaje, rara vez comprendemos lo que Dios est\u00e1 haciendo mientras estamos en medio de \u00e9l. Pero cuando regresamos \u2014cuando miramos atr\u00e1s\u2014 empezamos a verlo. Vemos d\u00f3nde Dios nos provi\u00f3. Vemos d\u00f3nde Dios fue paciente con nosotros. Vemos d\u00f3nde se cerraron unas puertas y se abrieron otras. Vemos que Jes\u00fas caminaba delante de nosotros todo el tiempo, gui\u00e1ndonos no solo hacia la cruz, sino a trav\u00e9s de ella y m\u00e1s all\u00e1 de ella.<\/p>\n\n\n\n<p>La multitud en Jerusal\u00e9n pregunt\u00f3: \u201c\u00bfQui\u00e9n es este?\u201d. Y la respuesta fue: \u201cEste es Jes\u00fas\u201d.\u201d<br>Pero al final de la historia, los disc\u00edpulos responder\u00edan a esa pregunta de una manera muy diferente a como lo habr\u00edan hecho el Domingo de Ramos. La responder\u00edan despu\u00e9s de haber visto la cruz. Despu\u00e9s de haber visto la tumba vac\u00eda. Despu\u00e9s de haber visto su propio miedo y su fracaso \u2014y la gracia que los esperaba al otro lado de todo eso.<\/p>\n\n\n\n<p>Eso es lo que significa volver con una nueva perspectiva.<br>Vemos a Jes\u00fas con mayor claridad.<br>Nos vemos a nosotros mismos con mayor honestidad.<br>Vemos el mundo con m\u00e1s compasi\u00f3n.<br>Vemos que el camino hacia una nueva vida siempre pasa por la cruz, y que nunca estuvimos solos en ese camino.<\/p>\n\n\n\n<p>Al llegar al final de esta peregrinaci\u00f3n cuaresmal, no volvemos simplemente a la vida tal y como era antes. Volvemos habiendo caminado con Jes\u00fas. Volvemos habiendo atravesado el desierto, cruzado umbrales, experimentado un despertar y encontrado a Dios a lo largo del camino. Y si prestamos atenci\u00f3n, volvemos con una nueva visi\u00f3n, listos para seguir a Jes\u00fas hacia lo que sea que venga despu\u00e9s, llevando con nosotros la esperanza de la resurrecci\u00f3n.<\/p>\n\n\n\n<h3 class=\"wp-block-heading\">Preguntas para la reflexi\u00f3n<\/h3>\n\n\n\n<p>\u00bfEn qu\u00e9 momentos he visto a Dios con mayor claridad ahora que este camino cuaresmal llega a su fin?<br>\u00bfC\u00f3mo he cambiado a lo largo de este viaje? <br>\u00bfQu\u00e9 significar\u00eda volver a mi vida cotidiana con una nueva visi\u00f3n?<\/p>\n\n\n\n<h3 class=\"wp-block-heading\">Oraci\u00f3n final<\/h3>\n\n\n\n<p>Jes\u00fas, nos has acompa\u00f1ado en cada paso de este camino.<br>A medida que volvemos a la rutina de nuestras vidas,<br>d\u00e1nos nuevos ojos para ver\u2014<br>para ver con mayor claridad tu presencia, a tu pueblo y tu llamado.<br>Ay\u00fadanos a ver nuevos comienzos donde antes solo ve\u00edamos finales.<br>Ay\u00fadanos a ver, donde antes solo ve\u00edamos p\u00e9rdida, lo que el amor ha hecho posible.<br>Y donde antes solo nos ve\u00edamos a nosotros mismos, ay\u00fadanos a ver el mundo<br>tal como lo ves.<br>Gu\u00edanos hacia adelante con la esperanza de la resurrecci\u00f3n.<br>Am\u00e9n.<\/p>\n\t\t<\/div>\n\t\t\t\t<\/article>\n\t\t\t\t<\/div>\n\t\t\n\t\t\t\t<div class=\"e-load-more-anchor\" data-page=\"1\" data-max-page=\"6\" data-next-page=\"https:\/\/twkumc.org\/es\/wp-json\/wp\/v2\/pages\/41194\/page\/2\/\"><\/div>\n\t\t\t\t<nav class=\"elementor-pagination\" aria-label=\"Paginaci\u00f3n\">\n\t\t\t<span class=\"page-numbers prev\">Siguiente<\/span>\n<a class=\"page-numbers next\" href=\"https:\/\/twkumc.org\/es\/wp-json\/wp\/v2\/pages\/41194\/page\/2\/\">Semanas anteriores<\/a>\t\t<\/nav>\n\t\t\t\t\t\t<\/div>\n\t\t\t\t<\/div>\n\t\t\t\t\t<\/div>\n\t\t\t\t<\/div>\n\t\t\t\t<\/div>","protected":false},"excerpt":{"rendered":"<p>Intro to Faith and Innovation Lenten Devotions Lent is a season of self-examination. It is an invitation to allow our day-to-day lives to be disrupted\u2014by laying down comforts or taking [&hellip;]<\/p>\n","protected":false},"author":6,"featured_media":41269,"parent":0,"menu_order":0,"comment_status":"closed","ping_status":"closed","template":"","meta":{"_acf_changed":false,"footnotes":""},"tags":[167,171],"class_list":["post-41194","page","type-page","status-publish","has-post-thumbnail","hentry","tag-featured-item","tag-single-feature"],"acf":[],"yoast_head":"<!-- This site is optimized with the Yoast SEO plugin v27.1.1 - https:\/\/yoast.com\/product\/yoast-seo-wordpress\/ -->\n<title>2026 Lenten Devotionals - TWKUMC<\/title>\n<meta name=\"robots\" content=\"index, follow, max-snippet:-1, max-image-preview:large, max-video-preview:-1\" \/>\n<link rel=\"canonical\" href=\"https:\/\/twkumc.org\/es\/2026-lenten-devotionals\/\" \/>\n<meta property=\"og:locale\" content=\"es_MX\" \/>\n<meta property=\"og:type\" content=\"article\" \/>\n<meta property=\"og:title\" content=\"2026 Lenten Devotionals - TWKUMC\" \/>\n<meta property=\"og:description\" content=\"Intro to Faith and Innovation Lenten Devotions Lent is a season of self-examination. It is an invitation to allow our day-to-day lives to be disrupted\u2014by laying down comforts or taking [&hellip;]\" \/>\n<meta property=\"og:url\" content=\"https:\/\/twkumc.org\/es\/2026-lenten-devotionals\/\" \/>\n<meta property=\"og:site_name\" content=\"TWKUMC\" \/>\n<meta property=\"article:modified_time\" content=\"2026-03-11T21:44:39+00:00\" \/>\n<meta property=\"og:image\" content=\"https:\/\/twkumc.org\/wp-content\/uploads\/2026\/02\/aerial-view-of-circular-hedge-maze-surrounded-by-t-2026-01-09-01-03-58-utc-scaled.jpg\" \/>\n\t<meta property=\"og:image:width\" content=\"2560\" \/>\n\t<meta property=\"og:image:height\" content=\"1706\" \/>\n\t<meta property=\"og:image:type\" content=\"image\/jpeg\" \/>\n<meta name=\"twitter:card\" content=\"summary_large_image\" \/>\n<meta name=\"twitter:label1\" content=\"Tiempo de lectura\" \/>\n\t<meta name=\"twitter:data1\" content=\"4 minutos\" \/>\n<script type=\"application\/ld+json\" class=\"yoast-schema-graph\">{\"@context\":\"https:\/\/schema.org\",\"@graph\":[{\"@type\":\"WebPage\",\"@id\":\"https:\/\/twkumc.org\/2026-lenten-devotionals\/\",\"url\":\"https:\/\/twkumc.org\/2026-lenten-devotionals\/\",\"name\":\"2026 Lenten Devotionals - TWKUMC\",\"isPartOf\":{\"@id\":\"https:\/\/twkumc.org\/#website\"},\"primaryImageOfPage\":{\"@id\":\"https:\/\/twkumc.org\/2026-lenten-devotionals\/#primaryimage\"},\"image\":{\"@id\":\"https:\/\/twkumc.org\/2026-lenten-devotionals\/#primaryimage\"},\"thumbnailUrl\":\"https:\/\/twkumc.org\/wp-content\/uploads\/2026\/02\/aerial-view-of-circular-hedge-maze-surrounded-by-t-2026-01-09-01-03-58-utc-scaled.jpg\",\"datePublished\":\"2026-02-18T18:34:42+00:00\",\"dateModified\":\"2026-03-11T21:44:39+00:00\",\"breadcrumb\":{\"@id\":\"https:\/\/twkumc.org\/2026-lenten-devotionals\/#breadcrumb\"},\"inLanguage\":\"es\",\"potentialAction\":[{\"@type\":\"ReadAction\",\"target\":[\"https:\/\/twkumc.org\/2026-lenten-devotionals\/\"]}]},{\"@type\":\"ImageObject\",\"inLanguage\":\"es\",\"@id\":\"https:\/\/twkumc.org\/2026-lenten-devotionals\/#primaryimage\",\"url\":\"https:\/\/twkumc.org\/wp-content\/uploads\/2026\/02\/aerial-view-of-circular-hedge-maze-surrounded-by-t-2026-01-09-01-03-58-utc-scaled.jpg\",\"contentUrl\":\"https:\/\/twkumc.org\/wp-content\/uploads\/2026\/02\/aerial-view-of-circular-hedge-maze-surrounded-by-t-2026-01-09-01-03-58-utc-scaled.jpg\",\"width\":2560,\"height\":1706,\"caption\":\"Aerial view of circular hedge maze surrounded by dense forest trees. Lavender labyrinth in Rogoznica, Croatia\"},{\"@type\":\"BreadcrumbList\",\"@id\":\"https:\/\/twkumc.org\/2026-lenten-devotionals\/#breadcrumb\",\"itemListElement\":[{\"@type\":\"ListItem\",\"position\":1,\"name\":\"Home\",\"item\":\"https:\/\/twkumc.org\/\"},{\"@type\":\"ListItem\",\"position\":2,\"name\":\"2026 Lenten Devotionals\"}]},{\"@type\":\"WebSite\",\"@id\":\"https:\/\/twkumc.org\/#website\",\"url\":\"https:\/\/twkumc.org\/\",\"name\":\"TWKUMC\",\"description\":\"\",\"publisher\":{\"@id\":\"https:\/\/twkumc.org\/#organization\"},\"potentialAction\":[{\"@type\":\"SearchAction\",\"target\":{\"@type\":\"EntryPoint\",\"urlTemplate\":\"https:\/\/twkumc.org\/?s={search_term_string}\"},\"query-input\":{\"@type\":\"PropertyValueSpecification\",\"valueRequired\":true,\"valueName\":\"search_term_string\"}}],\"inLanguage\":\"es\"},{\"@type\":\"Organization\",\"@id\":\"https:\/\/twkumc.org\/#organization\",\"name\":\"TWKUMC\",\"url\":\"https:\/\/twkumc.org\/\",\"logo\":{\"@type\":\"ImageObject\",\"inLanguage\":\"es\",\"@id\":\"https:\/\/twkumc.org\/#\/schema\/logo\/image\/\",\"url\":\"https:\/\/twkumc.org\/wp-content\/uploads\/2025\/02\/TWK-Full_ColorBlack.webp\",\"contentUrl\":\"https:\/\/twkumc.org\/wp-content\/uploads\/2025\/02\/TWK-Full_ColorBlack.webp\",\"width\":2340,\"height\":478,\"caption\":\"TWKUMC\"},\"image\":{\"@id\":\"https:\/\/twkumc.org\/#\/schema\/logo\/image\/\"}}]}<\/script>\n<!-- \/ Yoast SEO plugin. -->","yoast_head_json":{"title":"Devocionales de Cuaresma 2026 - TWKUMC","robots":{"index":"index","follow":"follow","max-snippet":"max-snippet:-1","max-image-preview":"max-image-preview:large","max-video-preview":"max-video-preview:-1"},"canonical":"https:\/\/twkumc.org\/es\/2026-lenten-devotionals\/","og_locale":"es_MX","og_type":"article","og_title":"2026 Lenten Devotionals - TWKUMC","og_description":"Intro to Faith and Innovation Lenten Devotions Lent is a season of self-examination. It is an invitation to allow our day-to-day lives to be disrupted\u2014by laying down comforts or taking [&hellip;]","og_url":"https:\/\/twkumc.org\/es\/2026-lenten-devotionals\/","og_site_name":"TWKUMC","article_modified_time":"2026-03-11T21:44:39+00:00","og_image":[{"width":2560,"height":1706,"url":"https:\/\/twkumc.org\/wp-content\/uploads\/2026\/02\/aerial-view-of-circular-hedge-maze-surrounded-by-t-2026-01-09-01-03-58-utc-scaled.jpg","type":"image\/jpeg"}],"twitter_card":"summary_large_image","twitter_misc":{"Tiempo de lectura":"4 minutos"},"schema":{"@context":"https:\/\/schema.org","@graph":[{"@type":"WebPage","@id":"https:\/\/twkumc.org\/2026-lenten-devotionals\/","url":"https:\/\/twkumc.org\/2026-lenten-devotionals\/","name":"Devocionales de Cuaresma 2026 - TWKUMC","isPartOf":{"@id":"https:\/\/twkumc.org\/#website"},"primaryImageOfPage":{"@id":"https:\/\/twkumc.org\/2026-lenten-devotionals\/#primaryimage"},"image":{"@id":"https:\/\/twkumc.org\/2026-lenten-devotionals\/#primaryimage"},"thumbnailUrl":"https:\/\/twkumc.org\/wp-content\/uploads\/2026\/02\/aerial-view-of-circular-hedge-maze-surrounded-by-t-2026-01-09-01-03-58-utc-scaled.jpg","datePublished":"2026-02-18T18:34:42+00:00","dateModified":"2026-03-11T21:44:39+00:00","breadcrumb":{"@id":"https:\/\/twkumc.org\/2026-lenten-devotionals\/#breadcrumb"},"inLanguage":"es","potentialAction":[{"@type":"ReadAction","target":["https:\/\/twkumc.org\/2026-lenten-devotionals\/"]}]},{"@type":"ImageObject","inLanguage":"es","@id":"https:\/\/twkumc.org\/2026-lenten-devotionals\/#primaryimage","url":"https:\/\/twkumc.org\/wp-content\/uploads\/2026\/02\/aerial-view-of-circular-hedge-maze-surrounded-by-t-2026-01-09-01-03-58-utc-scaled.jpg","contentUrl":"https:\/\/twkumc.org\/wp-content\/uploads\/2026\/02\/aerial-view-of-circular-hedge-maze-surrounded-by-t-2026-01-09-01-03-58-utc-scaled.jpg","width":2560,"height":1706,"caption":"Aerial view of circular hedge maze surrounded by dense forest trees. Lavender labyrinth in Rogoznica, Croatia"},{"@type":"BreadcrumbList","@id":"https:\/\/twkumc.org\/2026-lenten-devotionals\/#breadcrumb","itemListElement":[{"@type":"ListItem","position":1,"name":"Home","item":"https:\/\/twkumc.org\/"},{"@type":"ListItem","position":2,"name":"2026 Lenten Devotionals"}]},{"@type":"WebSite","@id":"https:\/\/twkumc.org\/#website","url":"https:\/\/twkumc.org\/","name":"TWKUMC","description":"","publisher":{"@id":"https:\/\/twkumc.org\/#organization"},"potentialAction":[{"@type":"SearchAction","target":{"@type":"EntryPoint","urlTemplate":"https:\/\/twkumc.org\/?s={search_term_string}"},"query-input":{"@type":"PropertyValueSpecification","valueRequired":true,"valueName":"search_term_string"}}],"inLanguage":"es"},{"@type":"Organization","@id":"https:\/\/twkumc.org\/#organization","name":"TWKUMC","url":"https:\/\/twkumc.org\/","logo":{"@type":"ImageObject","inLanguage":"es","@id":"https:\/\/twkumc.org\/#\/schema\/logo\/image\/","url":"https:\/\/twkumc.org\/wp-content\/uploads\/2025\/02\/TWK-Full_ColorBlack.webp","contentUrl":"https:\/\/twkumc.org\/wp-content\/uploads\/2025\/02\/TWK-Full_ColorBlack.webp","width":2340,"height":478,"caption":"TWKUMC"},"image":{"@id":"https:\/\/twkumc.org\/#\/schema\/logo\/image\/"}}]}},"publishpress_future_action":{"enabled":false,"date":"2026-04-11 09:37:43","action":"change-status","newStatus":"draft","terms":[],"taxonomy":"post_tag","extraData":[]},"publishpress_future_workflow_manual_trigger":{"enabledWorkflows":[]},"_links":{"self":[{"href":"https:\/\/twkumc.org\/es\/wp-json\/wp\/v2\/pages\/41194","targetHints":{"allow":["GET"]}}],"collection":[{"href":"https:\/\/twkumc.org\/es\/wp-json\/wp\/v2\/pages"}],"about":[{"href":"https:\/\/twkumc.org\/es\/wp-json\/wp\/v2\/types\/page"}],"author":[{"embeddable":true,"href":"https:\/\/twkumc.org\/es\/wp-json\/wp\/v2\/users\/6"}],"replies":[{"embeddable":true,"href":"https:\/\/twkumc.org\/es\/wp-json\/wp\/v2\/comments?post=41194"}],"version-history":[{"count":39,"href":"https:\/\/twkumc.org\/es\/wp-json\/wp\/v2\/pages\/41194\/revisions"}],"predecessor-version":[{"id":41998,"href":"https:\/\/twkumc.org\/es\/wp-json\/wp\/v2\/pages\/41194\/revisions\/41998"}],"wp:featuredmedia":[{"embeddable":true,"href":"https:\/\/twkumc.org\/es\/wp-json\/wp\/v2\/media\/41269"}],"wp:attachment":[{"href":"https:\/\/twkumc.org\/es\/wp-json\/wp\/v2\/media?parent=41194"}],"wp:term":[{"taxonomy":"post_tag","embeddable":true,"href":"https:\/\/twkumc.org\/es\/wp-json\/wp\/v2\/tags?post=41194"}],"curies":[{"name":"wp","href":"https:\/\/api.w.org\/{rel}","templated":true}]}}