{"id":42,"date":"2025-02-12T14:15:35","date_gmt":"2025-02-12T14:15:35","guid":{"rendered":"https:\/\/twkumc.org\/?page_id=42"},"modified":"2026-03-14T17:13:35","modified_gmt":"2026-03-14T23:13:35","slug":"childrens-ministry","status":"publish","type":"page","link":"https:\/\/twkumc.org\/es\/equip\/childrens-ministry\/","title":{"rendered":"Ministerio de la Infancia"},"content":{"rendered":"<div data-elementor-type=\"wp-page\" data-elementor-id=\"42\" class=\"elementor elementor-42\" data-elementor-post-type=\"page\">\n\t\t\t\t<div class=\"elementor-element elementor-element-138a557e e-con-full e-flex e-con e-parent\" data-id=\"138a557e\" data-element_type=\"container\" data-e-type=\"container\" data-settings=\"{&quot;background_background&quot;:&quot;classic&quot;}\">\n\t\t<div class=\"elementor-element elementor-element-6f72e76 e-con-full e-flex e-con e-child\" data-id=\"6f72e76\" data-element_type=\"container\" data-e-type=\"container\">\n\t\t\t\t<div class=\"elementor-element elementor-element-7bb0e2d1 elementor-invisible elementor-widget elementor-widget-heading\" data-id=\"7bb0e2d1\" data-element_type=\"widget\" data-e-type=\"widget\" data-settings=\"{&quot;_animation&quot;:&quot;fadeIn&quot;}\" data-widget_type=\"heading.default\">\n\t\t\t\t<div class=\"elementor-widget-container\">\n\t\t\t\t\t<h1 class=\"elementor-heading-title elementor-size-default\">Ministerio de la Infancia<\/h1>\t\t\t\t<\/div>\n\t\t\t\t<\/div>\n\t\t<div class=\"elementor-element elementor-element-5d7c2574 e-con-full e-flex e-con e-child\" data-id=\"5d7c2574\" data-element_type=\"container\" data-e-type=\"container\">\n\t\t\t\t<div class=\"elementor-element elementor-element-19389ec9 elementor-tablet-align-left elementor-mobile-align-left elementor-widget__width-auto elementor-align-left elementor-invisible elementor-widget elementor-widget-button\" data-id=\"19389ec9\" data-element_type=\"widget\" data-e-type=\"widget\" data-settings=\"{&quot;_animation&quot;:&quot;fadeIn&quot;,&quot;_animation_delay&quot;:200}\" data-widget_type=\"button.default\">\n\t\t\t\t<div class=\"elementor-widget-container\">\n\t\t\t\t\t\t\t\t\t<div class=\"elementor-button-wrapper\">\n\t\t\t\t\t<a class=\"elementor-button elementor-button-link elementor-size-sm\" href=\"https:\/\/twkumc.org\/es\/resource\/staff-contact-form\/\">\n\t\t\t\t\t\t<span class=\"elementor-button-content-wrapper\">\n\t\t\t\t\t\t\t\t\t<span class=\"elementor-button-text\">P\u00f3ngase en contacto con<\/span>\n\t\t\t\t\t<\/span>\n\t\t\t\t\t<\/a>\n\t\t\t\t<\/div>\n\t\t\t\t\t\t\t\t<\/div>\n\t\t\t\t<\/div>\n\t\t\t\t<div class=\"elementor-element elementor-element-406d183 elementor-tablet-align-left elementor-mobile-align-left elementor-widget__width-auto elementor-align-left elementor-invisible elementor-widget elementor-widget-button\" data-id=\"406d183\" data-element_type=\"widget\" data-e-type=\"widget\" data-settings=\"{&quot;_animation&quot;:&quot;fadeIn&quot;,&quot;_animation_delay&quot;:200}\" data-widget_type=\"button.default\">\n\t\t\t\t<div class=\"elementor-widget-container\">\n\t\t\t\t\t\t\t\t\t<div class=\"elementor-button-wrapper\">\n\t\t\t\t\t<a class=\"elementor-button elementor-button-link elementor-size-sm\" href=\"https:\/\/www.facebook.com\/groups\/1055650432355569\">\n\t\t\t\t\t\t<span class=\"elementor-button-content-wrapper\">\n\t\t\t\t\t\t\t\t\t<span class=\"elementor-button-text\">Facebook<\/span>\n\t\t\t\t\t<\/span>\n\t\t\t\t\t<\/a>\n\t\t\t\t<\/div>\n\t\t\t\t\t\t\t\t<\/div>\n\t\t\t\t<\/div>\n\t\t\t\t<div class=\"elementor-element elementor-element-0533078 elementor-tablet-align-left elementor-mobile-align-left elementor-widget__width-auto elementor-align-left elementor-invisible elementor-widget elementor-widget-button\" data-id=\"0533078\" data-element_type=\"widget\" data-e-type=\"widget\" data-settings=\"{&quot;_animation&quot;:&quot;fadeIn&quot;,&quot;_animation_delay&quot;:200}\" data-widget_type=\"button.default\">\n\t\t\t\t<div class=\"elementor-widget-container\">\n\t\t\t\t\t\t\t\t\t<div class=\"elementor-button-wrapper\">\n\t\t\t\t\t<a class=\"elementor-button elementor-button-link elementor-size-sm\" href=\"https:\/\/ministryleadership.org\/content\/twk-email-list-page\/\">\n\t\t\t\t\t\t<span class=\"elementor-button-content-wrapper\">\n\t\t\t\t\t\t\t\t\t<span class=\"elementor-button-text\">Bolet\u00edn<\/span>\n\t\t\t\t\t<\/span>\n\t\t\t\t\t<\/a>\n\t\t\t\t<\/div>\n\t\t\t\t\t\t\t\t<\/div>\n\t\t\t\t<\/div>\n\t\t\t\t<\/div>\n\t\t\t\t<\/div>\n\t\t\t\t<\/div>\n\t\t<div class=\"elementor-element elementor-element-03d0a29 e-flex e-con-boxed e-con e-parent\" data-id=\"03d0a29\" data-element_type=\"container\" data-e-type=\"container\">\n\t\t\t\t\t<div class=\"e-con-inner\">\n\t\t\t\t<div class=\"elementor-element elementor-element-0adfa41 elementor-widget elementor-widget-posts\" data-id=\"0adfa41\" data-element_type=\"widget\" data-e-type=\"widget\" data-settings=\"{&quot;full_content_row_gap&quot;:{&quot;unit&quot;:&quot;px&quot;,&quot;size&quot;:35,&quot;sizes&quot;:[]}}\" data-widget_type=\"posts.full_content\">\n\t\t\t\t<div class=\"elementor-widget-container\">\n\t\t\t\t\t\t\t<div class=\"elementor-posts-container elementor-posts elementor-posts--skin-full_content elementor-grid\" role=\"list\">\n\t\t\t\t<article class=\"elementor-post elementor-grid-item post-41558 tribe_events type-tribe_events status-publish hentry\" role=\"listitem\">\n\t\t\t\t<div class=\"elementor-post__text\">\n\t\t\t\t<h3 class=\"elementor-post__title\">\n\t\t\t<a href=\"https:\/\/twkumc.org\/es\/event\/the-wonder-summit-reimagining-congregation-worship-and-prayer-with-children\/\" >\n\t\t\t\tLa Cumbre de las Maravillas: Reimaginando el culto y la oraci\u00f3n en congregaci\u00f3n con ni\u00f1os\t\t\t<\/a>\n\t\t<\/h3>\n\t\t\t\t<div class=\"elementor-post__meta-data\">\n\t\t\t\t\t<span class=\"elementor-post-date\">\n\t\t\t24 de febrero de 2026\t\t<\/span>\n\t\t\t\t<\/div>\n\t\t<p>\u00a1El Equipo del Ministerio Infantil de TWK te invita a unirte a nosotros en la Conferencia Wonder Summit del 4 al 6 de noviembre en Lake Junaluska! La Wonder Summit es una reuni\u00f3n metodista unida llena de alegr\u00eda y cuidadosamente organizada para pastores, l\u00edderes de adoraci\u00f3n, l\u00edderes del ministerio infantil, l\u00edderes laicos, padres y cualquier persona que se preocupe por la formaci\u00f3n de la fe de los ni\u00f1os en nuestras congregaciones. Esta conferencia se celebra en colaboraci\u00f3n con metodistas unidos de toda la jurisdicci\u00f3n sureste para crear un espacio en el que reunirse para imaginar, practicar y reflexionar sobre formas significativas de involucrar a los ni\u00f1os como participantes activos en la adoraci\u00f3n y la oraci\u00f3n de la congregaci\u00f3n.<\/p>\n<p>\u00a1Reg\u00edstrese antes del 15 de abril y obtenga el precio especial por inscripci\u00f3n anticipada de $155! Para obtener m\u00e1s informaci\u00f3n y registrarse, visite https:\/\/www.thewondersummit.org.<\/p>\n<p><img fetchpriority=\"high\" decoding=\"async\" class=\"alignnone size-medium wp-image-41559\" src=\"https:\/\/twkumc.org\/wp-content\/uploads\/2026\/02\/The-Wonder-Summit-2-300x251.png\" alt=\"\" width=\"300\" height=\"251\" srcset=\"https:\/\/twkumc.org\/wp-content\/uploads\/2026\/02\/The-Wonder-Summit-2-300x251.png 300w, https:\/\/twkumc.org\/wp-content\/uploads\/2026\/02\/The-Wonder-Summit-2-768x644.png 768w, https:\/\/twkumc.org\/wp-content\/uploads\/2026\/02\/The-Wonder-Summit-2-14x12.png 14w, https:\/\/twkumc.org\/wp-content\/uploads\/2026\/02\/The-Wonder-Summit-2.png 940w\" sizes=\"(max-width: 300px) 100vw, 300px\" \/><\/p>\n\t\t<\/div>\n\t\t\t\t<\/article>\n\t\t\t\t<\/div>\n\t\t\n\t\t\t\t\t\t<\/div>\n\t\t\t\t<\/div>\n\t\t\t\t\t<\/div>\n\t\t\t\t<\/div>\n\t\t<div class=\"elementor-element elementor-element-715f0085 e-con-full e-grid e-con e-parent\" data-id=\"715f0085\" data-element_type=\"container\" data-e-type=\"container\" data-settings=\"{&quot;background_background&quot;:&quot;classic&quot;}\">\n\t\t\t\t<div class=\"elementor-element elementor-element-321f5f62 elementor-cta--skin-cover elementor-cta--valign-bottom elementor-widget__width-initial elementor-bg-transform elementor-bg-transform-zoom-in elementor-invisible elementor-widget elementor-widget-call-to-action\" data-id=\"321f5f62\" data-element_type=\"widget\" data-e-type=\"widget\" data-settings=\"{&quot;_animation&quot;:&quot;fadeInUp&quot;}\" data-widget_type=\"call-to-action.default\">\n\t\t\t\t<div class=\"elementor-widget-container\">\n\t\t\t\t\t\t\t<a class=\"elementor-cta\" href=\"https:\/\/docs.google.com\/spreadsheets\/d\/1G8ZVM_PZ6DnRjrwB5DVQyT1K7SEb-5-MyhpTzeckRVI\/edit?gid=277498240#gid=277498240\">\n\t\t\t\t\t<div class=\"elementor-cta__bg-wrapper\">\n\t\t\t\t<div class=\"elementor-cta__bg elementor-bg\" style=\"background-image: url(https:\/\/twkumc.org\/wp-content\/uploads\/2025\/06\/2025-04-09_Photo_BERetreat2025_Thumbnail-6-scaled-1.jpg);\" role=\"img\" aria-label=\"2025-04-09_Photo_BERetreat2025_Thumbnail-6-scaled\"><\/div>\n\t\t\t\t<div class=\"elementor-cta__bg-overlay\"><\/div>\n\t\t\t<\/div>\n\t\t\t\t\t\t\t<div class=\"elementor-cta__content\">\n\t\t\t\t\n\t\t\t\t\t\t\t\t\t<span class=\"elementor-cta__title elementor-cta__content-item elementor-content-item\">\n\t\t\t\t\t\tCentro de recursos\t\t\t\t\t<\/span>\n\t\t\t\t\n\t\t\t\t\t\t\t\t\t<div class=\"elementor-cta__description elementor-cta__content-item elementor-content-item\">\n\t\t\t\t\t\tRecursos para el Ministerio de la Infancia\t\t\t\t\t<\/div>\n\t\t\t\t\n\t\t\t\t\t\t\t<\/div>\n\t\t\t\t\t\t<\/a>\n\t\t\t\t\t\t<\/div>\n\t\t\t\t<\/div>\n\t\t\t\t<div class=\"elementor-element elementor-element-75739e18 elementor-cta--skin-cover elementor-cta--valign-bottom elementor-widget__width-initial elementor-bg-transform elementor-bg-transform-zoom-in elementor-invisible elementor-widget elementor-widget-call-to-action\" data-id=\"75739e18\" data-element_type=\"widget\" data-e-type=\"widget\" data-settings=\"{&quot;_animation&quot;:&quot;fadeInUp&quot;}\" data-widget_type=\"call-to-action.default\">\n\t\t\t\t<div class=\"elementor-widget-container\">\n\t\t\t\t\t\t\t<div class=\"elementor-cta\">\n\t\t\t\t\t<div class=\"elementor-cta__bg-wrapper\">\n\t\t\t\t<div class=\"elementor-cta__bg elementor-bg\" style=\"background-image: url(https:\/\/twkumc.org\/wp-content\/uploads\/2024\/04\/processed-CF78C58F-ADCE-49B0-91B9-55709F383808.jpeg);\" role=\"img\" aria-label=\"processed-CF78C58F-ADCE-49B0-91B9-55709F383808\"><\/div>\n\t\t\t\t<div class=\"elementor-cta__bg-overlay\"><\/div>\n\t\t\t<\/div>\n\t\t\t\t\t\t\t<div class=\"elementor-cta__content\">\n\t\t\t\t\n\t\t\t\t\t\t\t\t\t<span class=\"elementor-cta__title elementor-cta__content-item elementor-content-item\">\n\t\t\t\t\t\tNotas de retiro\t\t\t\t\t<\/span>\n\t\t\t\t\n\t\t\t\t\t\t\t\t\t<div class=\"elementor-cta__description elementor-cta__content-item elementor-content-item\">\n\t\t\t\t\t\t2024 Retiro del Equipo del Ministerio de Ni\u00f1os\t\t\t\t\t<\/div>\n\t\t\t\t\n\t\t\t\t\t\t\t<\/div>\n\t\t\t\t\t\t<\/div>\n\t\t\t\t\t\t<\/div>\n\t\t\t\t<\/div>\n\t\t\t\t<div class=\"elementor-element elementor-element-2189e485 elementor-cta--skin-cover elementor-cta--valign-bottom elementor-widget__width-initial elementor-bg-transform elementor-bg-transform-zoom-in elementor-invisible elementor-widget elementor-widget-call-to-action\" data-id=\"2189e485\" data-element_type=\"widget\" data-e-type=\"widget\" data-settings=\"{&quot;_animation&quot;:&quot;fadeInUp&quot;}\" data-widget_type=\"call-to-action.default\">\n\t\t\t\t<div class=\"elementor-widget-container\">\n\t\t\t\t\t\t\t<div class=\"elementor-cta\">\n\t\t\t\t\t<div class=\"elementor-cta__bg-wrapper\">\n\t\t\t\t<div class=\"elementor-cta__bg elementor-bg\" style=\"background-image: url(https:\/\/twkumc.org\/wp-content\/uploads\/2024\/04\/processed-038BA049-008B-42D3-B002-6BD5DB702C53.jpeg);\" role=\"img\" aria-label=\"processed-038BA049-008B-42D3-B002-6BD5DB702C53\"><\/div>\n\t\t\t\t<div class=\"elementor-cta__bg-overlay\"><\/div>\n\t\t\t<\/div>\n\t\t\t\t\t\t\t<div class=\"elementor-cta__content\">\n\t\t\t\t\n\t\t\t\t\t\t\t\t\t<span class=\"elementor-cta__title elementor-cta__content-item elementor-content-item\">\n\t\t\t\t\t\tPacto\t\t\t\t\t<\/span>\n\t\t\t\t\n\t\t\t\t\t\t\t\t\t<div class=\"elementor-cta__description elementor-cta__content-item elementor-content-item\">\n\t\t\t\t\t\tPacto del Equipo de Pastoral Infantil\t\t\t\t\t<\/div>\n\t\t\t\t\n\t\t\t\t\t\t\t<\/div>\n\t\t\t\t\t\t<\/div>\n\t\t\t\t\t\t<\/div>\n\t\t\t\t<\/div>\n\t\t\t\t<\/div>\n\t\t<div class=\"elementor-element elementor-element-18ec35c e-flex e-con-boxed e-con e-parent\" data-id=\"18ec35c\" data-element_type=\"container\" data-e-type=\"container\">\n\t\t\t\t\t<div class=\"e-con-inner\">\n\t\t<div class=\"elementor-element elementor-element-0cc6234 e-con-full e-flex e-con e-child\" data-id=\"0cc6234\" data-element_type=\"container\" data-e-type=\"container\">\n\t\t\t\t<div class=\"elementor-element elementor-element-ca53226 elementor-widget elementor-widget-heading\" data-id=\"ca53226\" data-element_type=\"widget\" data-e-type=\"widget\" data-widget_type=\"heading.default\">\n\t\t\t\t<div class=\"elementor-widget-container\">\n\t\t\t\t\t<h2 class=\"elementor-heading-title elementor-size-default\">Conectemos sobre el ministerio infantil<\/h2>\t\t\t\t<\/div>\n\t\t\t\t<\/div>\n\t\t\t\t<div class=\"elementor-element elementor-element-ba9e3b9 elementor-widget elementor-widget-text-editor\" data-id=\"ba9e3b9\" data-element_type=\"widget\" data-e-type=\"widget\" data-widget_type=\"text-editor.default\">\n\t\t\t\t<div class=\"elementor-widget-container\">\n\t\t\t\t\t\t\t\t\t<p data-prosemirror-content-type=\"node\" data-prosemirror-node-name=\"paragraph\" data-prosemirror-node-block=\"true\" data-pm-slice=\"1 1 []\">Los ministros de los ni\u00f1os, los voluntarios laicos del ministerio de los ni\u00f1os, y los pastores est\u00e1n invitados a unirse a nuestro equipo del Ministerio de los Ni\u00f1os de la Conferencia para el caf\u00e9\/cena mientras que construimos conexiones locales con otros que hacen ministerio con los ni\u00f1os, compartimos ideas, y crecemos juntos.<\/p><p data-prosemirror-content-type=\"node\" data-prosemirror-node-name=\"paragraph\" data-prosemirror-node-block=\"true\" data-pm-slice=\"1 1 []\">Tenemos varias oportunidades en torno a la conferencia y nos encantar\u00eda verte all\u00ed. Por favor, \u00a1confirma tu asistencia si puedes hacerlo!\u00a0<\/p>\t\t\t\t\t\t\t\t<\/div>\n\t\t\t\t<\/div>\n\t\t\t\t<div class=\"elementor-element elementor-element-639faa4 elementor-widget elementor-widget-text-editor\" data-id=\"639faa4\" data-element_type=\"widget\" data-e-type=\"widget\" data-widget_type=\"text-editor.default\">\n\t\t\t\t<div class=\"elementor-widget-container\">\n\t\t\t\t\t\t\t\t\t<p><strong>Pr\u00f3ximas oportunidades para reunirse en l\u00ednea o en persona:<\/strong><\/p><ul><li data-prosemirror-content-type=\"node\" data-prosemirror-node-name=\"paragraph\" data-prosemirror-node-block=\"true\" data-pm-slice=\"1 1 []\">30 de septiembre a las 6:30 pm: Advent Check In en Zoom (el enlace se enviar\u00e1 por correo electr\u00f3nico a los que confirmen su asistencia)<\/li><li data-prosemirror-content-type=\"node\" data-prosemirror-node-name=\"paragraph\" data-prosemirror-node-block=\"true\">18 de noviembre a las 6:00 pm: Encuentro de la zona de Murfreesboro en el restaurante mexicano La Siesta, 1608 NW Broad St, Murfreesboro, TN 37129.<\/li><li data-prosemirror-content-type=\"node\" data-prosemirror-node-name=\"paragraph\" data-prosemirror-node-block=\"true\">22 de enero de 2026, a las 6:00 pm: Lluvia de ideas sobre la Cuaresma en Zoom (el enlace se enviar\u00e1 por correo electr\u00f3nico a quienes confirmen su asistencia)<\/li><\/ul>\t\t\t\t\t\t\t\t<\/div>\n\t\t\t\t<\/div>\n\t\t\t\t<div class=\"elementor-element elementor-element-929c915 elementor-align-left elementor-mobile-align-center elementor-tablet-align-center elementor-widget__width-inherit elementor-widget elementor-widget-button\" data-id=\"929c915\" data-element_type=\"widget\" data-e-type=\"widget\" data-widget_type=\"button.default\">\n\t\t\t\t<div class=\"elementor-widget-container\">\n\t\t\t\t\t\t\t\t\t<div class=\"elementor-button-wrapper\">\n\t\t\t\t\t<a class=\"elementor-button elementor-button-link elementor-size-sm\" href=\"https:\/\/forms.gle\/9VvpL7bPmfLdtG4Y7\">\n\t\t\t\t\t\t<span class=\"elementor-button-content-wrapper\">\n\t\t\t\t\t\t\t\t\t<span class=\"elementor-button-text\">RSVP para asistir<\/span>\n\t\t\t\t\t<\/span>\n\t\t\t\t\t<\/a>\n\t\t\t\t<\/div>\n\t\t\t\t\t\t\t\t<\/div>\n\t\t\t\t<\/div>\n\t\t\t\t<\/div>\n\t\t\t\t\t<\/div>\n\t\t\t\t<\/div>\n\t\t\t\t<\/div>","protected":false},"excerpt":{"rendered":"<p>Children&#8217;s Ministry Contact Facebook Newsletter Resource Hub Children&#8217;s Ministry Resources Retreat Notes 2024 Children&#8217;s Ministry Team Retreat Covenant Children&#8217;s Ministry Team Covenant Let&#8217;s Connect About Children&#8217;s Ministry Children\u2019s ministers, children\u2019s [&hellip;]<\/p>\n","protected":false},"author":1,"featured_media":0,"parent":30,"menu_order":0,"comment_status":"closed","ping_status":"closed","template":"","meta":{"_acf_changed":false,"footnotes":""},"tags":[],"class_list":["post-42","page","type-page","status-publish","hentry"],"acf":[],"yoast_head":"<!-- This site is optimized with the Yoast SEO plugin v27.1.1 - https:\/\/yoast.com\/product\/yoast-seo-wordpress\/ -->\n<title>Children&#039;s Ministry - TWKUMC<\/title>\n<meta name=\"robots\" content=\"index, follow, max-snippet:-1, max-image-preview:large, max-video-preview:-1\" \/>\n<link rel=\"canonical\" href=\"https:\/\/twkumc.org\/es\/equip\/childrens-ministry\/\" \/>\n<meta property=\"og:locale\" content=\"es_MX\" \/>\n<meta property=\"og:type\" content=\"article\" \/>\n<meta property=\"og:title\" content=\"Children&#039;s Ministry - TWKUMC\" \/>\n<meta property=\"og:description\" content=\"Children&#8217;s Ministry Contact Facebook Newsletter Resource Hub Children&#8217;s Ministry Resources Retreat Notes 2024 Children&#8217;s Ministry Team Retreat Covenant Children&#8217;s Ministry Team Covenant Let&#8217;s Connect About Children&#8217;s Ministry Children\u2019s ministers, children\u2019s [&hellip;]\" \/>\n<meta property=\"og:url\" content=\"https:\/\/twkumc.org\/es\/equip\/childrens-ministry\/\" \/>\n<meta property=\"og:site_name\" content=\"TWKUMC\" \/>\n<meta property=\"article:modified_time\" content=\"2026-03-14T23:13:35+00:00\" \/>\n<meta name=\"twitter:card\" content=\"summary_large_image\" \/>\n<meta name=\"twitter:label1\" content=\"Tiempo de lectura\" \/>\n\t<meta name=\"twitter:data1\" content=\"2 minutos\" \/>\n<script type=\"application\/ld+json\" class=\"yoast-schema-graph\">{\"@context\":\"https:\/\/schema.org\",\"@graph\":[{\"@type\":\"WebPage\",\"@id\":\"https:\/\/twkumc.org\/equip\/childrens-ministry\/\",\"url\":\"https:\/\/twkumc.org\/equip\/childrens-ministry\/\",\"name\":\"Children's Ministry - TWKUMC\",\"isPartOf\":{\"@id\":\"https:\/\/twkumc.org\/#website\"},\"datePublished\":\"2025-02-12T14:15:35+00:00\",\"dateModified\":\"2026-03-14T23:13:35+00:00\",\"breadcrumb\":{\"@id\":\"https:\/\/twkumc.org\/equip\/childrens-ministry\/#breadcrumb\"},\"inLanguage\":\"es\",\"potentialAction\":[{\"@type\":\"ReadAction\",\"target\":[\"https:\/\/twkumc.org\/equip\/childrens-ministry\/\"]}]},{\"@type\":\"BreadcrumbList\",\"@id\":\"https:\/\/twkumc.org\/equip\/childrens-ministry\/#breadcrumb\",\"itemListElement\":[{\"@type\":\"ListItem\",\"position\":1,\"name\":\"Home\",\"item\":\"https:\/\/twkumc.org\/\"},{\"@type\":\"ListItem\",\"position\":2,\"name\":\"Equip\",\"item\":\"https:\/\/twkumc.org\/equip\/\"},{\"@type\":\"ListItem\",\"position\":3,\"name\":\"Children&#8217;s Ministry\"}]},{\"@type\":\"WebSite\",\"@id\":\"https:\/\/twkumc.org\/#website\",\"url\":\"https:\/\/twkumc.org\/\",\"name\":\"TWKUMC\",\"description\":\"\",\"publisher\":{\"@id\":\"https:\/\/twkumc.org\/#organization\"},\"potentialAction\":[{\"@type\":\"SearchAction\",\"target\":{\"@type\":\"EntryPoint\",\"urlTemplate\":\"https:\/\/twkumc.org\/?s={search_term_string}\"},\"query-input\":{\"@type\":\"PropertyValueSpecification\",\"valueRequired\":true,\"valueName\":\"search_term_string\"}}],\"inLanguage\":\"es\"},{\"@type\":\"Organization\",\"@id\":\"https:\/\/twkumc.org\/#organization\",\"name\":\"TWKUMC\",\"url\":\"https:\/\/twkumc.org\/\",\"logo\":{\"@type\":\"ImageObject\",\"inLanguage\":\"es\",\"@id\":\"https:\/\/twkumc.org\/#\/schema\/logo\/image\/\",\"url\":\"https:\/\/twkumc.org\/wp-content\/uploads\/2025\/02\/TWK-Full_ColorBlack.webp\",\"contentUrl\":\"https:\/\/twkumc.org\/wp-content\/uploads\/2025\/02\/TWK-Full_ColorBlack.webp\",\"width\":2340,\"height\":478,\"caption\":\"TWKUMC\"},\"image\":{\"@id\":\"https:\/\/twkumc.org\/#\/schema\/logo\/image\/\"}}]}<\/script>\n<!-- \/ Yoast SEO plugin. -->","yoast_head_json":{"title":"Ministerio Infantil - TWKUMC","robots":{"index":"index","follow":"follow","max-snippet":"max-snippet:-1","max-image-preview":"max-image-preview:large","max-video-preview":"max-video-preview:-1"},"canonical":"https:\/\/twkumc.org\/es\/equip\/childrens-ministry\/","og_locale":"es_MX","og_type":"article","og_title":"Children's Ministry - TWKUMC","og_description":"Children&#8217;s Ministry Contact Facebook Newsletter Resource Hub Children&#8217;s Ministry Resources Retreat Notes 2024 Children&#8217;s Ministry Team Retreat Covenant Children&#8217;s Ministry Team Covenant Let&#8217;s Connect About Children&#8217;s Ministry Children\u2019s ministers, children\u2019s [&hellip;]","og_url":"https:\/\/twkumc.org\/es\/equip\/childrens-ministry\/","og_site_name":"TWKUMC","article_modified_time":"2026-03-14T23:13:35+00:00","twitter_card":"summary_large_image","twitter_misc":{"Tiempo de lectura":"2 minutos"},"schema":{"@context":"https:\/\/schema.org","@graph":[{"@type":"WebPage","@id":"https:\/\/twkumc.org\/equip\/childrens-ministry\/","url":"https:\/\/twkumc.org\/equip\/childrens-ministry\/","name":"Ministerio Infantil - TWKUMC","isPartOf":{"@id":"https:\/\/twkumc.org\/#website"},"datePublished":"2025-02-12T14:15:35+00:00","dateModified":"2026-03-14T23:13:35+00:00","breadcrumb":{"@id":"https:\/\/twkumc.org\/equip\/childrens-ministry\/#breadcrumb"},"inLanguage":"es","potentialAction":[{"@type":"ReadAction","target":["https:\/\/twkumc.org\/equip\/childrens-ministry\/"]}]},{"@type":"BreadcrumbList","@id":"https:\/\/twkumc.org\/equip\/childrens-ministry\/#breadcrumb","itemListElement":[{"@type":"ListItem","position":1,"name":"Home","item":"https:\/\/twkumc.org\/"},{"@type":"ListItem","position":2,"name":"Equip","item":"https:\/\/twkumc.org\/equip\/"},{"@type":"ListItem","position":3,"name":"Children&#8217;s Ministry"}]},{"@type":"WebSite","@id":"https:\/\/twkumc.org\/#website","url":"https:\/\/twkumc.org\/","name":"TWKUMC","description":"","publisher":{"@id":"https:\/\/twkumc.org\/#organization"},"potentialAction":[{"@type":"SearchAction","target":{"@type":"EntryPoint","urlTemplate":"https:\/\/twkumc.org\/?s={search_term_string}"},"query-input":{"@type":"PropertyValueSpecification","valueRequired":true,"valueName":"search_term_string"}}],"inLanguage":"es"},{"@type":"Organization","@id":"https:\/\/twkumc.org\/#organization","name":"TWKUMC","url":"https:\/\/twkumc.org\/","logo":{"@type":"ImageObject","inLanguage":"es","@id":"https:\/\/twkumc.org\/#\/schema\/logo\/image\/","url":"https:\/\/twkumc.org\/wp-content\/uploads\/2025\/02\/TWK-Full_ColorBlack.webp","contentUrl":"https:\/\/twkumc.org\/wp-content\/uploads\/2025\/02\/TWK-Full_ColorBlack.webp","width":2340,"height":478,"caption":"TWKUMC"},"image":{"@id":"https:\/\/twkumc.org\/#\/schema\/logo\/image\/"}}]}},"publishpress_future_action":{"enabled":false,"date":"2026-04-18 19:43:09","action":"change-status","newStatus":"draft","terms":[],"taxonomy":"post_tag","extraData":[]},"publishpress_future_workflow_manual_trigger":{"enabledWorkflows":[]},"_links":{"self":[{"href":"https:\/\/twkumc.org\/es\/wp-json\/wp\/v2\/pages\/42","targetHints":{"allow":["GET"]}}],"collection":[{"href":"https:\/\/twkumc.org\/es\/wp-json\/wp\/v2\/pages"}],"about":[{"href":"https:\/\/twkumc.org\/es\/wp-json\/wp\/v2\/types\/page"}],"author":[{"embeddable":true,"href":"https:\/\/twkumc.org\/es\/wp-json\/wp\/v2\/users\/1"}],"replies":[{"embeddable":true,"href":"https:\/\/twkumc.org\/es\/wp-json\/wp\/v2\/comments?post=42"}],"version-history":[{"count":22,"href":"https:\/\/twkumc.org\/es\/wp-json\/wp\/v2\/pages\/42\/revisions"}],"predecessor-version":[{"id":42020,"href":"https:\/\/twkumc.org\/es\/wp-json\/wp\/v2\/pages\/42\/revisions\/42020"}],"up":[{"embeddable":true,"href":"https:\/\/twkumc.org\/es\/wp-json\/wp\/v2\/pages\/30"}],"wp:attachment":[{"href":"https:\/\/twkumc.org\/es\/wp-json\/wp\/v2\/media?parent=42"}],"wp:term":[{"taxonomy":"post_tag","embeddable":true,"href":"https:\/\/twkumc.org\/es\/wp-json\/wp\/v2\/tags?post=42"}],"curies":[{"name":"wp","href":"https:\/\/api.w.org\/{rel}","templated":true}]}}