{"id":72,"date":"2025-02-12T14:23:17","date_gmt":"2025-02-12T14:23:17","guid":{"rendered":"https:\/\/twkumc.org\/?page_id=72"},"modified":"2025-12-18T14:32:25","modified_gmt":"2025-12-18T20:32:25","slug":"benefit-information-enrollment-forms","status":"publish","type":"page","link":"https:\/\/twkumc.org\/es\/benefit-information-enrollment-forms\/","title":{"rendered":"Informaci\u00f3n sobre prestaciones y formularios de inscripci\u00f3n"},"content":{"rendered":"<div data-elementor-type=\"wp-page\" data-elementor-id=\"72\" class=\"elementor elementor-72\" data-elementor-post-type=\"page\">\n\t\t\t\t<div class=\"elementor-element elementor-element-e5262c2 e-flex e-con-boxed e-con e-parent\" data-id=\"e5262c2\" data-element_type=\"container\" data-e-type=\"container\">\n\t\t\t\t\t<div class=\"e-con-inner\">\n\t\t\t\t<div class=\"elementor-element elementor-element-5514121 elementor-widget elementor-widget-heading\" data-id=\"5514121\" data-element_type=\"widget\" data-e-type=\"widget\" data-widget_type=\"heading.default\">\n\t\t\t\t<div class=\"elementor-widget-container\">\n\t\t\t\t\t<h2 class=\"elementor-heading-title elementor-size-default\">Informaci\u00f3n sobre prestaciones y formularios de inscripci\u00f3n<\/h2>\t\t\t\t<\/div>\n\t\t\t\t<\/div>\n\t\t\t\t<div class=\"elementor-element elementor-element-b41cb7f elementor-widget elementor-widget-text-editor\" data-id=\"b41cb7f\" data-element_type=\"widget\" data-e-type=\"widget\" data-widget_type=\"text-editor.default\">\n\t\t\t\t<div class=\"elementor-widget-container\">\n\t\t\t\t\t\t\t\t\t<p><strong>\u00bfC\u00f3mo elijo mis planes HealthFlex?<\/strong>\u00a0\u00a0Las necesidades sanitarias de cada persona son diferentes. Lo que funciona para un individuo puede no ser lo mejor para una familia o una persona con circunstancias m\u00e9dicas o econ\u00f3micas diferentes. Con HealthFlex, usted elige los planes HealthFlex que m\u00e1s le convienen. Puede elegir entre 6 planes m\u00e9dicos, 3 planes dentales y 3 planes oftalmol\u00f3gicos diferentes.<\/p><p><strong><a href=\"https:\/\/twkumc.org\/wp-content\/uploads\/2024\/09\/2025-HealthFlex-Plan-Comparison.pdf\" target=\"_blank\" rel=\"noopener\">Comparaci\u00f3n de planes HealthFlex 2026<\/a> <\/strong>Esta comparaci\u00f3n destaca las principales diferencias y similitudes entre los distintos planes m\u00e9dicos, dentales y oftalmol\u00f3gicos ofrecidos por HealthFlex. -\u00a0<em><a href=\"https:\/\/twkumc.org\/wp-content\/uploads\/2025\/12\/2026-Plan-Comparison-Documents-Spanish.pdf\">Versi\u00f3n espa\u00f1ola<\/a><\/em><\/p><p><a href=\"https:\/\/twkumc.org\/wp-content\/uploads\/2025\/09\/2026Plans.png\" target=\"_blank\" rel=\"noopener\">2026 Primas m\u00e9dicas, dentales y oftalmol\u00f3gicas TWK<\/a><\/p><p>Elija sus mejores prestaciones con confianza utilizando <a href=\"https:\/\/start.myalex.com\/healthflex\/tennesseewestkentucky\/\">ALEX<\/a><\/p><p>Para actualizar sus cotizaciones personales actuales o futuras a la pensi\u00f3n, <a href=\"https:\/\/twkumc.org\/wp-content\/uploads\/2025\/12\/Wespath-Contribution-Form.pdf\">rellene este formulario.<\/a><\/p><p>Si acaba de cumplir los requisitos para participar en los beneficios de la Conferencia, consulte estos documentos y p\u00f3ngase en contacto con <strong>clare.wilson@twkumc.org<\/strong> con cualquier pregunta.<\/p>\t\t\t\t\t\t\t\t<\/div>\n\t\t\t\t<\/div>\n\t\t\t\t\t<\/div>\n\t\t\t\t<\/div>\n\t\t\t\t<\/div>","protected":false},"excerpt":{"rendered":"<p>Benefit Information &amp; Enrollment Forms How Do I Choose My HealthFlex Plans?\u00a0\u00a0Everyone\u2019s health care needs are different. What works for one individual may not be the best for a family [&hellip;]<\/p>\n","protected":false},"author":1,"featured_media":0,"parent":0,"menu_order":0,"comment_status":"closed","ping_status":"closed","template":"","meta":{"_acf_changed":false,"footnotes":""},"tags":[],"class_list":["post-72","page","type-page","status-publish","hentry"],"acf":[],"yoast_head":"<!-- This site is optimized with the Yoast SEO plugin v27.1.1 - https:\/\/yoast.com\/product\/yoast-seo-wordpress\/ -->\n<title>Benefit Information &amp; Enrollment Forms - TWKUMC<\/title>\n<meta name=\"robots\" content=\"index, follow, max-snippet:-1, max-image-preview:large, max-video-preview:-1\" \/>\n<link rel=\"canonical\" href=\"https:\/\/twkumc.org\/es\/benefit-information-enrollment-forms\/\" \/>\n<meta property=\"og:locale\" content=\"es_MX\" \/>\n<meta property=\"og:type\" content=\"article\" \/>\n<meta property=\"og:title\" content=\"Benefit Information &amp; Enrollment Forms - TWKUMC\" \/>\n<meta property=\"og:description\" content=\"Benefit Information &amp; Enrollment Forms How Do I Choose My HealthFlex Plans?\u00a0\u00a0Everyone\u2019s health care needs are different. What works for one individual may not be the best for a family [&hellip;]\" \/>\n<meta property=\"og:url\" content=\"https:\/\/twkumc.org\/es\/benefit-information-enrollment-forms\/\" \/>\n<meta property=\"og:site_name\" content=\"TWKUMC\" \/>\n<meta property=\"article:modified_time\" content=\"2025-12-18T20:32:25+00:00\" \/>\n<meta name=\"twitter:card\" content=\"summary_large_image\" \/>\n<meta name=\"twitter:label1\" content=\"Tiempo de lectura\" \/>\n\t<meta name=\"twitter:data1\" content=\"1 minuto\" \/>\n<script type=\"application\/ld+json\" class=\"yoast-schema-graph\">{\"@context\":\"https:\/\/schema.org\",\"@graph\":[{\"@type\":\"WebPage\",\"@id\":\"https:\/\/twkumc.org\/benefit-information-enrollment-forms\/\",\"url\":\"https:\/\/twkumc.org\/benefit-information-enrollment-forms\/\",\"name\":\"Benefit Information &amp; Enrollment Forms - TWKUMC\",\"isPartOf\":{\"@id\":\"https:\/\/twkumc.org\/#website\"},\"datePublished\":\"2025-02-12T14:23:17+00:00\",\"dateModified\":\"2025-12-18T20:32:25+00:00\",\"breadcrumb\":{\"@id\":\"https:\/\/twkumc.org\/benefit-information-enrollment-forms\/#breadcrumb\"},\"inLanguage\":\"es\",\"potentialAction\":[{\"@type\":\"ReadAction\",\"target\":[\"https:\/\/twkumc.org\/benefit-information-enrollment-forms\/\"]}]},{\"@type\":\"BreadcrumbList\",\"@id\":\"https:\/\/twkumc.org\/benefit-information-enrollment-forms\/#breadcrumb\",\"itemListElement\":[{\"@type\":\"ListItem\",\"position\":1,\"name\":\"Home\",\"item\":\"https:\/\/twkumc.org\/\"},{\"@type\":\"ListItem\",\"position\":2,\"name\":\"Benefit Information &amp; Enrollment Forms\"}]},{\"@type\":\"WebSite\",\"@id\":\"https:\/\/twkumc.org\/#website\",\"url\":\"https:\/\/twkumc.org\/\",\"name\":\"TWKUMC\",\"description\":\"\",\"publisher\":{\"@id\":\"https:\/\/twkumc.org\/#organization\"},\"potentialAction\":[{\"@type\":\"SearchAction\",\"target\":{\"@type\":\"EntryPoint\",\"urlTemplate\":\"https:\/\/twkumc.org\/?s={search_term_string}\"},\"query-input\":{\"@type\":\"PropertyValueSpecification\",\"valueRequired\":true,\"valueName\":\"search_term_string\"}}],\"inLanguage\":\"es\"},{\"@type\":\"Organization\",\"@id\":\"https:\/\/twkumc.org\/#organization\",\"name\":\"TWKUMC\",\"url\":\"https:\/\/twkumc.org\/\",\"logo\":{\"@type\":\"ImageObject\",\"inLanguage\":\"es\",\"@id\":\"https:\/\/twkumc.org\/#\/schema\/logo\/image\/\",\"url\":\"https:\/\/twkumc.org\/wp-content\/uploads\/2025\/02\/TWK-Full_ColorBlack.webp\",\"contentUrl\":\"https:\/\/twkumc.org\/wp-content\/uploads\/2025\/02\/TWK-Full_ColorBlack.webp\",\"width\":2340,\"height\":478,\"caption\":\"TWKUMC\"},\"image\":{\"@id\":\"https:\/\/twkumc.org\/#\/schema\/logo\/image\/\"}}]}<\/script>\n<!-- \/ Yoast SEO plugin. -->","yoast_head_json":{"title":"Informaci\u00f3n sobre prestaciones y formularios de inscripci\u00f3n - TWKUMC","robots":{"index":"index","follow":"follow","max-snippet":"max-snippet:-1","max-image-preview":"max-image-preview:large","max-video-preview":"max-video-preview:-1"},"canonical":"https:\/\/twkumc.org\/es\/benefit-information-enrollment-forms\/","og_locale":"es_MX","og_type":"article","og_title":"Benefit Information &amp; Enrollment Forms - TWKUMC","og_description":"Benefit Information &amp; Enrollment Forms How Do I Choose My HealthFlex Plans?\u00a0\u00a0Everyone\u2019s health care needs are different. What works for one individual may not be the best for a family [&hellip;]","og_url":"https:\/\/twkumc.org\/es\/benefit-information-enrollment-forms\/","og_site_name":"TWKUMC","article_modified_time":"2025-12-18T20:32:25+00:00","twitter_card":"summary_large_image","twitter_misc":{"Tiempo de lectura":"1 minuto"},"schema":{"@context":"https:\/\/schema.org","@graph":[{"@type":"WebPage","@id":"https:\/\/twkumc.org\/benefit-information-enrollment-forms\/","url":"https:\/\/twkumc.org\/benefit-information-enrollment-forms\/","name":"Informaci\u00f3n sobre prestaciones y formularios de inscripci\u00f3n - TWKUMC","isPartOf":{"@id":"https:\/\/twkumc.org\/#website"},"datePublished":"2025-02-12T14:23:17+00:00","dateModified":"2025-12-18T20:32:25+00:00","breadcrumb":{"@id":"https:\/\/twkumc.org\/benefit-information-enrollment-forms\/#breadcrumb"},"inLanguage":"es","potentialAction":[{"@type":"ReadAction","target":["https:\/\/twkumc.org\/benefit-information-enrollment-forms\/"]}]},{"@type":"BreadcrumbList","@id":"https:\/\/twkumc.org\/benefit-information-enrollment-forms\/#breadcrumb","itemListElement":[{"@type":"ListItem","position":1,"name":"Home","item":"https:\/\/twkumc.org\/"},{"@type":"ListItem","position":2,"name":"Benefit Information &amp; Enrollment Forms"}]},{"@type":"WebSite","@id":"https:\/\/twkumc.org\/#website","url":"https:\/\/twkumc.org\/","name":"TWKUMC","description":"","publisher":{"@id":"https:\/\/twkumc.org\/#organization"},"potentialAction":[{"@type":"SearchAction","target":{"@type":"EntryPoint","urlTemplate":"https:\/\/twkumc.org\/?s={search_term_string}"},"query-input":{"@type":"PropertyValueSpecification","valueRequired":true,"valueName":"search_term_string"}}],"inLanguage":"es"},{"@type":"Organization","@id":"https:\/\/twkumc.org\/#organization","name":"TWKUMC","url":"https:\/\/twkumc.org\/","logo":{"@type":"ImageObject","inLanguage":"es","@id":"https:\/\/twkumc.org\/#\/schema\/logo\/image\/","url":"https:\/\/twkumc.org\/wp-content\/uploads\/2025\/02\/TWK-Full_ColorBlack.webp","contentUrl":"https:\/\/twkumc.org\/wp-content\/uploads\/2025\/02\/TWK-Full_ColorBlack.webp","width":2340,"height":478,"caption":"TWKUMC"},"image":{"@id":"https:\/\/twkumc.org\/#\/schema\/logo\/image\/"}}]}},"publishpress_future_action":{"enabled":false,"date":"2026-04-24 16:10:03","action":"change-status","newStatus":"draft","terms":[],"taxonomy":"post_tag","extraData":[]},"publishpress_future_workflow_manual_trigger":{"enabledWorkflows":[]},"_links":{"self":[{"href":"https:\/\/twkumc.org\/es\/wp-json\/wp\/v2\/pages\/72","targetHints":{"allow":["GET"]}}],"collection":[{"href":"https:\/\/twkumc.org\/es\/wp-json\/wp\/v2\/pages"}],"about":[{"href":"https:\/\/twkumc.org\/es\/wp-json\/wp\/v2\/types\/page"}],"author":[{"embeddable":true,"href":"https:\/\/twkumc.org\/es\/wp-json\/wp\/v2\/users\/1"}],"replies":[{"embeddable":true,"href":"https:\/\/twkumc.org\/es\/wp-json\/wp\/v2\/comments?post=72"}],"version-history":[{"count":19,"href":"https:\/\/twkumc.org\/es\/wp-json\/wp\/v2\/pages\/72\/revisions"}],"predecessor-version":[{"id":39126,"href":"https:\/\/twkumc.org\/es\/wp-json\/wp\/v2\/pages\/72\/revisions\/39126"}],"wp:attachment":[{"href":"https:\/\/twkumc.org\/es\/wp-json\/wp\/v2\/media?parent=72"}],"wp:term":[{"taxonomy":"post_tag","embeddable":true,"href":"https:\/\/twkumc.org\/es\/wp-json\/wp\/v2\/tags?post=72"}],"curies":[{"name":"wp","href":"https:\/\/api.w.org\/{rel}","templated":true}]}}