{"id":80,"date":"2025-02-12T14:25:37","date_gmt":"2025-02-12T14:25:37","guid":{"rendered":"https:\/\/twkumc.org\/?page_id=80"},"modified":"2025-09-29T10:15:24","modified_gmt":"2025-09-29T16:15:24","slug":"communications","status":"publish","type":"page","link":"https:\/\/twkumc.org\/es\/communications\/","title":{"rendered":"Comunicaciones"},"content":{"rendered":"<div data-elementor-type=\"wp-page\" data-elementor-id=\"80\" class=\"elementor elementor-80\" data-elementor-post-type=\"page\">\n\t\t\t\t<div class=\"elementor-element elementor-element-44df15dd e-flex e-con-boxed e-con e-parent\" data-id=\"44df15dd\" data-element_type=\"container\" data-e-type=\"container\" data-settings=\"{&quot;background_background&quot;:&quot;classic&quot;}\">\n\t\t\t\t\t<div class=\"e-con-inner\">\n\t\t<div class=\"elementor-element elementor-element-197e2bde e-con-full e-flex e-con e-child\" data-id=\"197e2bde\" data-element_type=\"container\" data-e-type=\"container\">\n\t\t\t\t<div class=\"elementor-element elementor-element-51702749 elementor-widget__width-initial elementor-invisible elementor-widget elementor-widget-heading\" data-id=\"51702749\" data-element_type=\"widget\" data-e-type=\"widget\" data-settings=\"{&quot;_animation&quot;:&quot;fadeIn&quot;}\" data-widget_type=\"heading.default\">\n\t\t\t\t<div class=\"elementor-widget-container\">\n\t\t\t\t\t<h1 class=\"elementor-heading-title elementor-size-default\">Comunicaciones<\/h1>\t\t\t\t<\/div>\n\t\t\t\t<\/div>\n\t\t\t\t<div class=\"elementor-element elementor-element-4304f31 elementor-widget elementor-widget-text-editor\" data-id=\"4304f31\" data-element_type=\"widget\" data-e-type=\"widget\" data-widget_type=\"text-editor.default\">\n\t\t\t\t<div class=\"elementor-widget-container\">\n\t\t\t\t\t\t\t\t\t<p>Comunicarse de forma creativa y coherente para conectar y colaborar en hacer disc\u00edpulos de Jesucristo.<\/p>\t\t\t\t\t\t\t\t<\/div>\n\t\t\t\t<\/div>\n\t\t\t\t<\/div>\n\t\t\t\t\t<\/div>\n\t\t\t\t<\/div>\n\t\t<div class=\"elementor-element elementor-element-13acae30 e-flex e-con-boxed e-con e-parent\" data-id=\"13acae30\" data-element_type=\"container\" data-e-type=\"container\" data-settings=\"{&quot;background_background&quot;:&quot;classic&quot;}\">\n\t\t\t\t\t<div class=\"e-con-inner\">\n\t\t<div class=\"elementor-element elementor-element-312d74fc e-con-full e-flex e-con e-child\" data-id=\"312d74fc\" data-element_type=\"container\" data-e-type=\"container\">\n\t\t\t\t<div class=\"elementor-element elementor-element-7c2e0f1d elementor-widget-laptop__width-initial elementor-widget__width-initial elementor-widget elementor-widget-text-editor\" data-id=\"7c2e0f1d\" data-element_type=\"widget\" data-e-type=\"widget\" data-widget_type=\"text-editor.default\">\n\t\t\t\t<div class=\"elementor-widget-container\">\n\t\t\t\t\t\t\t\t\t<p>El Equipo de Comunicaci\u00f3n de la TWK supervisa la estrategia global de comunicaci\u00f3n de la conferencia y se encarga de <a href=\"https:\/\/twkumc.org\/es\/communications\/communications-resources\/\">recursos y pol\u00edticas\/directrices<\/a>\u00a0para equipos de conferencias e iglesias locales.<\/p><p>\u00a0<\/p><p>El equipo desempe\u00f1a una funci\u00f3n de liderazgo, y los equipos ministeriales se encargan de las comunicaciones y las tareas y eventos relacionados con la conexi\u00f3n, como el bolet\u00edn electr\u00f3nico, las redes sociales, el sitio web, la fotograf\u00eda y la videograf\u00eda, <span style=\"letter-spacing: 0px;\">comunicaciones de crisis, la conferencia anual y la investigaci\u00f3n mediante encuestas.<\/span><\/p>\t\t\t\t\t\t\t\t<\/div>\n\t\t\t\t<\/div>\n\t\t\t\t<\/div>\n\t\t\t\t\t<\/div>\n\t\t\t\t<\/div>\n\t\t<div class=\"elementor-element elementor-element-2bca08ff e-flex e-con-boxed e-con e-parent\" data-id=\"2bca08ff\" data-element_type=\"container\" data-e-type=\"container\">\n\t\t\t\t\t<div class=\"e-con-inner\">\n\t\t<div class=\"elementor-element elementor-element-24daf885 e-con-full e-flex e-con e-child\" data-id=\"24daf885\" data-element_type=\"container\" data-e-type=\"container\">\n\t\t\t\t<div class=\"elementor-element elementor-element-7d6f4e61 elementor-widget__width-initial elementor-widget elementor-widget-image\" data-id=\"7d6f4e61\" data-element_type=\"widget\" data-e-type=\"widget\" data-widget_type=\"image.default\">\n\t\t\t\t<div class=\"elementor-widget-container\">\n\t\t\t\t\t\t\t\t\t\t\t\t\t\t\t<img decoding=\"async\" src=\"https:\/\/twkumc.org\/wp-content\/uploads\/2025\/07\/placeholder-1.png\" title=\"\" alt=\"\" loading=\"lazy\" \/>\t\t\t\t\t\t\t\t\t\t\t\t\t\t\t<\/div>\n\t\t\t\t<\/div>\n\t\t<div class=\"elementor-element elementor-element-34ec453f e-con-full e-flex e-con e-child\" data-id=\"34ec453f\" data-element_type=\"container\" data-e-type=\"container\">\n\t\t\t\t<div class=\"elementor-element elementor-element-2a535b8e elementor-widget__width-initial elementor-widget elementor-widget-heading\" data-id=\"2a535b8e\" data-element_type=\"widget\" data-e-type=\"widget\" data-widget_type=\"heading.default\">\n\t\t\t\t<div class=\"elementor-widget-container\">\n\t\t\t\t\t<h2 class=\"elementor-heading-title elementor-size-default\">Brian Sigmon<\/h2>\t\t\t\t<\/div>\n\t\t\t\t<\/div>\n\t\t\t\t<div class=\"elementor-element elementor-element-1689cead elementor-widget elementor-widget-heading\" data-id=\"1689cead\" data-element_type=\"widget\" data-e-type=\"widget\" data-widget_type=\"heading.default\">\n\t\t\t\t<div class=\"elementor-widget-container\">\n\t\t\t\t\t<h2 class=\"elementor-heading-title elementor-size-default\">Presidente del Equipo de Estrategia de Comunicaci\u00f3n<\/h2>\t\t\t\t<\/div>\n\t\t\t\t<\/div>\n\t\t\t\t<\/div>\n\t\t\t\t<\/div>\n\t\t<div class=\"elementor-element elementor-element-1b3b7ef8 e-con-full e-flex e-con e-child\" data-id=\"1b3b7ef8\" data-element_type=\"container\" data-e-type=\"container\">\n\t\t\t\t<div class=\"elementor-element elementor-element-2422a549 elementor-widget__width-initial elementor-widget elementor-widget-image\" data-id=\"2422a549\" data-element_type=\"widget\" data-e-type=\"widget\" data-widget_type=\"image.default\">\n\t\t\t\t<div class=\"elementor-widget-container\">\n\t\t\t\t\t\t\t\t\t\t\t\t\t\t\t<img fetchpriority=\"high\" decoding=\"async\" width=\"300\" height=\"300\" src=\"https:\/\/twkumc.org\/wp-content\/uploads\/2025\/07\/Amy-Hurd-Communications-300x300.jpg\" class=\"attachment-medium size-medium wp-image-25489\" alt=\"\" srcset=\"https:\/\/twkumc.org\/wp-content\/uploads\/2025\/07\/Amy-Hurd-Communications-300x300.jpg 300w, https:\/\/twkumc.org\/wp-content\/uploads\/2025\/07\/Amy-Hurd-Communications-1024x1024.jpg 1024w, https:\/\/twkumc.org\/wp-content\/uploads\/2025\/07\/Amy-Hurd-Communications-150x150.jpg 150w, https:\/\/twkumc.org\/wp-content\/uploads\/2025\/07\/Amy-Hurd-Communications-768x768.jpg 768w, https:\/\/twkumc.org\/wp-content\/uploads\/2025\/07\/Amy-Hurd-Communications-1536x1536.jpg 1536w, https:\/\/twkumc.org\/wp-content\/uploads\/2025\/07\/Amy-Hurd-Communications-2048x2048.jpg 2048w\" sizes=\"(max-width: 300px) 100vw, 300px\" \/>\t\t\t\t\t\t\t\t\t\t\t\t\t\t\t<\/div>\n\t\t\t\t<\/div>\n\t\t<div class=\"elementor-element elementor-element-d66a2e8 e-con-full e-flex e-con e-child\" data-id=\"d66a2e8\" data-element_type=\"container\" data-e-type=\"container\">\n\t\t\t\t<div class=\"elementor-element elementor-element-45820ba7 elementor-widget__width-initial elementor-widget elementor-widget-heading\" data-id=\"45820ba7\" data-element_type=\"widget\" data-e-type=\"widget\" data-widget_type=\"heading.default\">\n\t\t\t\t<div class=\"elementor-widget-container\">\n\t\t\t\t\t<h2 class=\"elementor-heading-title elementor-size-default\">Amy Hurd<\/h2>\t\t\t\t<\/div>\n\t\t\t\t<\/div>\n\t\t\t\t<div class=\"elementor-element elementor-element-5c87bfec elementor-widget elementor-widget-heading\" data-id=\"5c87bfec\" data-element_type=\"widget\" data-e-type=\"widget\" data-widget_type=\"heading.default\">\n\t\t\t\t<div class=\"elementor-widget-container\">\n\t\t\t\t\t<h2 class=\"elementor-heading-title elementor-size-default\">Director de Comunicaci\u00f3n<\/h2>\t\t\t\t<\/div>\n\t\t\t\t<\/div>\n\t\t\t\t<\/div>\n\t\t\t\t<\/div>\n\t\t<div class=\"elementor-element elementor-element-44446463 e-con-full e-flex e-con e-child\" data-id=\"44446463\" data-element_type=\"container\" data-e-type=\"container\">\n\t\t\t\t<div class=\"elementor-element elementor-element-4da37e72 elementor-widget__width-initial elementor-widget elementor-widget-image\" data-id=\"4da37e72\" data-element_type=\"widget\" data-e-type=\"widget\" data-widget_type=\"image.default\">\n\t\t\t\t<div class=\"elementor-widget-container\">\n\t\t\t\t\t\t\t\t\t\t\t\t\t\t\t<img decoding=\"async\" width=\"300\" height=\"300\" src=\"https:\/\/twkumc.org\/wp-content\/uploads\/2025\/07\/Jonathan-Stallings-Communications-300x300.jpg\" class=\"attachment-medium size-medium wp-image-25490\" alt=\"\" srcset=\"https:\/\/twkumc.org\/wp-content\/uploads\/2025\/07\/Jonathan-Stallings-Communications-300x300.jpg 300w, https:\/\/twkumc.org\/wp-content\/uploads\/2025\/07\/Jonathan-Stallings-Communications-1024x1024.jpg 1024w, https:\/\/twkumc.org\/wp-content\/uploads\/2025\/07\/Jonathan-Stallings-Communications-150x150.jpg 150w, https:\/\/twkumc.org\/wp-content\/uploads\/2025\/07\/Jonathan-Stallings-Communications-768x768.jpg 768w, https:\/\/twkumc.org\/wp-content\/uploads\/2025\/07\/Jonathan-Stallings-Communications-1536x1536.jpg 1536w, https:\/\/twkumc.org\/wp-content\/uploads\/2025\/07\/Jonathan-Stallings-Communications-2048x2048.jpg 2048w\" sizes=\"(max-width: 300px) 100vw, 300px\" \/>\t\t\t\t\t\t\t\t\t\t\t\t\t\t\t<\/div>\n\t\t\t\t<\/div>\n\t\t<div class=\"elementor-element elementor-element-1829d71f e-con-full e-flex e-con e-child\" data-id=\"1829d71f\" data-element_type=\"container\" data-e-type=\"container\">\n\t\t\t\t<div class=\"elementor-element elementor-element-4f5b6e0 elementor-widget__width-initial elementor-widget elementor-widget-heading\" data-id=\"4f5b6e0\" data-element_type=\"widget\" data-e-type=\"widget\" data-widget_type=\"heading.default\">\n\t\t\t\t<div class=\"elementor-widget-container\">\n\t\t\t\t\t<h2 class=\"elementor-heading-title elementor-size-default\">Jonathan Stallings<\/h2>\t\t\t\t<\/div>\n\t\t\t\t<\/div>\n\t\t\t\t<div class=\"elementor-element elementor-element-2fe7ab4d elementor-widget elementor-widget-heading\" data-id=\"2fe7ab4d\" data-element_type=\"widget\" data-e-type=\"widget\" data-widget_type=\"heading.default\">\n\t\t\t\t<div class=\"elementor-widget-container\">\n\t\t\t\t\t<h2 class=\"elementor-heading-title elementor-size-default\">Especialista en medios digitales<\/h2>\t\t\t\t<\/div>\n\t\t\t\t<\/div>\n\t\t\t\t<\/div>\n\t\t\t\t<\/div>\n\t\t\t\t\t<\/div>\n\t\t\t\t<\/div>\n\t\t\t\t<\/div>","protected":false},"excerpt":{"rendered":"<p>Communications Communicating creatively and consistently to connect and collaborate in making disciples of Jesus Christ. The TWK Communications Team Strategy Team oversees the conference&#8217;s overall communications strategy and provides resources [&hellip;]<\/p>\n","protected":false},"author":1,"featured_media":0,"parent":0,"menu_order":0,"comment_status":"closed","ping_status":"closed","template":"","meta":{"_acf_changed":false,"footnotes":""},"tags":[],"class_list":["post-80","page","type-page","status-publish","hentry"],"acf":[],"yoast_head":"<!-- This site is optimized with the Yoast SEO plugin v27.1.1 - https:\/\/yoast.com\/product\/yoast-seo-wordpress\/ -->\n<title>Communications - TWKUMC<\/title>\n<meta name=\"robots\" content=\"index, follow, max-snippet:-1, max-image-preview:large, max-video-preview:-1\" \/>\n<link rel=\"canonical\" href=\"https:\/\/twkumc.org\/es\/communications\/\" \/>\n<meta property=\"og:locale\" content=\"es_MX\" \/>\n<meta property=\"og:type\" content=\"article\" \/>\n<meta property=\"og:title\" content=\"Communications - TWKUMC\" \/>\n<meta property=\"og:description\" content=\"Communications Communicating creatively and consistently to connect and collaborate in making disciples of Jesus Christ. The TWK Communications Team Strategy Team oversees the conference&#8217;s overall communications strategy and provides resources [&hellip;]\" \/>\n<meta property=\"og:url\" content=\"https:\/\/twkumc.org\/es\/communications\/\" \/>\n<meta property=\"og:site_name\" content=\"TWKUMC\" \/>\n<meta property=\"article:modified_time\" content=\"2025-09-29T16:15:24+00:00\" \/>\n<meta property=\"og:image\" content=\"https:\/\/twkumc.org\/wp-content\/uploads\/2025\/07\/placeholder-1.png\" \/>\n<meta name=\"twitter:card\" content=\"summary_large_image\" \/>\n<meta name=\"twitter:label1\" content=\"Tiempo de lectura\" \/>\n\t<meta name=\"twitter:data1\" content=\"1 minuto\" \/>\n<script type=\"application\/ld+json\" class=\"yoast-schema-graph\">{\"@context\":\"https:\/\/schema.org\",\"@graph\":[{\"@type\":\"WebPage\",\"@id\":\"https:\/\/twkumc.org\/communications\/\",\"url\":\"https:\/\/twkumc.org\/communications\/\",\"name\":\"Communications - TWKUMC\",\"isPartOf\":{\"@id\":\"https:\/\/twkumc.org\/#website\"},\"primaryImageOfPage\":{\"@id\":\"https:\/\/twkumc.org\/communications\/#primaryimage\"},\"image\":{\"@id\":\"https:\/\/twkumc.org\/communications\/#primaryimage\"},\"thumbnailUrl\":\"https:\/\/twkumc.org\/wp-content\/uploads\/2025\/07\/placeholder-1.png\",\"datePublished\":\"2025-02-12T14:25:37+00:00\",\"dateModified\":\"2025-09-29T16:15:24+00:00\",\"breadcrumb\":{\"@id\":\"https:\/\/twkumc.org\/communications\/#breadcrumb\"},\"inLanguage\":\"es\",\"potentialAction\":[{\"@type\":\"ReadAction\",\"target\":[\"https:\/\/twkumc.org\/communications\/\"]}]},{\"@type\":\"ImageObject\",\"inLanguage\":\"es\",\"@id\":\"https:\/\/twkumc.org\/communications\/#primaryimage\",\"url\":\"https:\/\/twkumc.org\/wp-content\/uploads\/2025\/07\/placeholder-1.png\",\"contentUrl\":\"https:\/\/twkumc.org\/wp-content\/uploads\/2025\/07\/placeholder-1.png\"},{\"@type\":\"BreadcrumbList\",\"@id\":\"https:\/\/twkumc.org\/communications\/#breadcrumb\",\"itemListElement\":[{\"@type\":\"ListItem\",\"position\":1,\"name\":\"Home\",\"item\":\"https:\/\/twkumc.org\/\"},{\"@type\":\"ListItem\",\"position\":2,\"name\":\"Communications\"}]},{\"@type\":\"WebSite\",\"@id\":\"https:\/\/twkumc.org\/#website\",\"url\":\"https:\/\/twkumc.org\/\",\"name\":\"TWKUMC\",\"description\":\"\",\"publisher\":{\"@id\":\"https:\/\/twkumc.org\/#organization\"},\"potentialAction\":[{\"@type\":\"SearchAction\",\"target\":{\"@type\":\"EntryPoint\",\"urlTemplate\":\"https:\/\/twkumc.org\/?s={search_term_string}\"},\"query-input\":{\"@type\":\"PropertyValueSpecification\",\"valueRequired\":true,\"valueName\":\"search_term_string\"}}],\"inLanguage\":\"es\"},{\"@type\":\"Organization\",\"@id\":\"https:\/\/twkumc.org\/#organization\",\"name\":\"TWKUMC\",\"url\":\"https:\/\/twkumc.org\/\",\"logo\":{\"@type\":\"ImageObject\",\"inLanguage\":\"es\",\"@id\":\"https:\/\/twkumc.org\/#\/schema\/logo\/image\/\",\"url\":\"https:\/\/twkumc.org\/wp-content\/uploads\/2025\/02\/TWK-Full_ColorBlack.webp\",\"contentUrl\":\"https:\/\/twkumc.org\/wp-content\/uploads\/2025\/02\/TWK-Full_ColorBlack.webp\",\"width\":2340,\"height\":478,\"caption\":\"TWKUMC\"},\"image\":{\"@id\":\"https:\/\/twkumc.org\/#\/schema\/logo\/image\/\"}}]}<\/script>\n<!-- \/ Yoast SEO plugin. -->","yoast_head_json":{"title":"Comunicaciones - TWKUMC","robots":{"index":"index","follow":"follow","max-snippet":"max-snippet:-1","max-image-preview":"max-image-preview:large","max-video-preview":"max-video-preview:-1"},"canonical":"https:\/\/twkumc.org\/es\/communications\/","og_locale":"es_MX","og_type":"article","og_title":"Communications - TWKUMC","og_description":"Communications Communicating creatively and consistently to connect and collaborate in making disciples of Jesus Christ. The TWK Communications Team Strategy Team oversees the conference&#8217;s overall communications strategy and provides resources [&hellip;]","og_url":"https:\/\/twkumc.org\/es\/communications\/","og_site_name":"TWKUMC","article_modified_time":"2025-09-29T16:15:24+00:00","og_image":[{"url":"https:\/\/twkumc.org\/wp-content\/uploads\/2025\/07\/placeholder-1.png","type":"","width":"","height":""}],"twitter_card":"summary_large_image","twitter_misc":{"Tiempo de lectura":"1 minuto"},"schema":{"@context":"https:\/\/schema.org","@graph":[{"@type":"WebPage","@id":"https:\/\/twkumc.org\/communications\/","url":"https:\/\/twkumc.org\/communications\/","name":"Comunicaciones - TWKUMC","isPartOf":{"@id":"https:\/\/twkumc.org\/#website"},"primaryImageOfPage":{"@id":"https:\/\/twkumc.org\/communications\/#primaryimage"},"image":{"@id":"https:\/\/twkumc.org\/communications\/#primaryimage"},"thumbnailUrl":"https:\/\/twkumc.org\/wp-content\/uploads\/2025\/07\/placeholder-1.png","datePublished":"2025-02-12T14:25:37+00:00","dateModified":"2025-09-29T16:15:24+00:00","breadcrumb":{"@id":"https:\/\/twkumc.org\/communications\/#breadcrumb"},"inLanguage":"es","potentialAction":[{"@type":"ReadAction","target":["https:\/\/twkumc.org\/communications\/"]}]},{"@type":"ImageObject","inLanguage":"es","@id":"https:\/\/twkumc.org\/communications\/#primaryimage","url":"https:\/\/twkumc.org\/wp-content\/uploads\/2025\/07\/placeholder-1.png","contentUrl":"https:\/\/twkumc.org\/wp-content\/uploads\/2025\/07\/placeholder-1.png"},{"@type":"BreadcrumbList","@id":"https:\/\/twkumc.org\/communications\/#breadcrumb","itemListElement":[{"@type":"ListItem","position":1,"name":"Home","item":"https:\/\/twkumc.org\/"},{"@type":"ListItem","position":2,"name":"Communications"}]},{"@type":"WebSite","@id":"https:\/\/twkumc.org\/#website","url":"https:\/\/twkumc.org\/","name":"TWKUMC","description":"","publisher":{"@id":"https:\/\/twkumc.org\/#organization"},"potentialAction":[{"@type":"SearchAction","target":{"@type":"EntryPoint","urlTemplate":"https:\/\/twkumc.org\/?s={search_term_string}"},"query-input":{"@type":"PropertyValueSpecification","valueRequired":true,"valueName":"search_term_string"}}],"inLanguage":"es"},{"@type":"Organization","@id":"https:\/\/twkumc.org\/#organization","name":"TWKUMC","url":"https:\/\/twkumc.org\/","logo":{"@type":"ImageObject","inLanguage":"es","@id":"https:\/\/twkumc.org\/#\/schema\/logo\/image\/","url":"https:\/\/twkumc.org\/wp-content\/uploads\/2025\/02\/TWK-Full_ColorBlack.webp","contentUrl":"https:\/\/twkumc.org\/wp-content\/uploads\/2025\/02\/TWK-Full_ColorBlack.webp","width":2340,"height":478,"caption":"TWKUMC"},"image":{"@id":"https:\/\/twkumc.org\/#\/schema\/logo\/image\/"}}]}},"publishpress_future_action":{"enabled":false,"date":"2026-04-14 12:37:49","action":"change-status","newStatus":"draft","terms":[],"taxonomy":"post_tag","extraData":[]},"publishpress_future_workflow_manual_trigger":{"enabledWorkflows":[]},"_links":{"self":[{"href":"https:\/\/twkumc.org\/es\/wp-json\/wp\/v2\/pages\/80","targetHints":{"allow":["GET"]}}],"collection":[{"href":"https:\/\/twkumc.org\/es\/wp-json\/wp\/v2\/pages"}],"about":[{"href":"https:\/\/twkumc.org\/es\/wp-json\/wp\/v2\/types\/page"}],"author":[{"embeddable":true,"href":"https:\/\/twkumc.org\/es\/wp-json\/wp\/v2\/users\/1"}],"replies":[{"embeddable":true,"href":"https:\/\/twkumc.org\/es\/wp-json\/wp\/v2\/comments?post=80"}],"version-history":[{"count":46,"href":"https:\/\/twkumc.org\/es\/wp-json\/wp\/v2\/pages\/80\/revisions"}],"predecessor-version":[{"id":36126,"href":"https:\/\/twkumc.org\/es\/wp-json\/wp\/v2\/pages\/80\/revisions\/36126"}],"wp:attachment":[{"href":"https:\/\/twkumc.org\/es\/wp-json\/wp\/v2\/media?parent=80"}],"wp:term":[{"taxonomy":"post_tag","embeddable":true,"href":"https:\/\/twkumc.org\/es\/wp-json\/wp\/v2\/tags?post=80"}],"curies":[{"name":"wp","href":"https:\/\/api.w.org\/{rel}","templated":true}]}}