{"id":92,"date":"2025-02-12T14:28:38","date_gmt":"2025-02-12T14:28:38","guid":{"rendered":"https:\/\/twkumc.org\/?page_id=92"},"modified":"2025-12-08T11:12:10","modified_gmt":"2025-12-08T17:12:10","slug":"journals","status":"publish","type":"page","link":"https:\/\/twkumc.org\/es\/annualconference\/journals\/","title":{"rendered":"Revistas anuales de conferencias"},"content":{"rendered":"<div data-elementor-type=\"wp-page\" data-elementor-id=\"92\" class=\"elementor elementor-92\" data-elementor-post-type=\"page\">\n\t\t\t\t<div class=\"elementor-element elementor-element-5dbe6f1 e-grid e-con-boxed e-con e-parent\" data-id=\"5dbe6f1\" data-element_type=\"container\" data-e-type=\"container\">\n\t\t\t\t\t<div class=\"e-con-inner\">\n\t\t<div class=\"elementor-element elementor-element-d1fdb50 e-con-full e-transform e-flex elementor-invisible e-con e-child\" data-id=\"d1fdb50\" data-element_type=\"container\" data-e-type=\"container\" data-settings=\"{&quot;animation&quot;:&quot;fadeInUp&quot;,&quot;_transform_scale_effect_hover&quot;:{&quot;unit&quot;:&quot;px&quot;,&quot;size&quot;:0.98,&quot;sizes&quot;:[]},&quot;_transform_scale_effect_hover_widescreen&quot;:{&quot;unit&quot;:&quot;px&quot;,&quot;size&quot;:&quot;&quot;,&quot;sizes&quot;:[]},&quot;_transform_scale_effect_hover_laptop&quot;:{&quot;unit&quot;:&quot;px&quot;,&quot;size&quot;:&quot;&quot;,&quot;sizes&quot;:[]},&quot;_transform_scale_effect_hover_tablet&quot;:{&quot;unit&quot;:&quot;px&quot;,&quot;size&quot;:&quot;&quot;,&quot;sizes&quot;:[]},&quot;_transform_scale_effect_hover_mobile&quot;:{&quot;unit&quot;:&quot;px&quot;,&quot;size&quot;:&quot;&quot;,&quot;sizes&quot;:[]}}\">\n\t\t\t\t<div class=\"elementor-element elementor-element-291db63 elementor-cta--layout-image-left elementor-cta--skin-classic elementor-animated-content elementor-widget elementor-widget-call-to-action\" data-id=\"291db63\" data-element_type=\"widget\" data-e-type=\"widget\" data-widget_type=\"call-to-action.default\">\n\t\t\t\t<div class=\"elementor-widget-container\">\n\t\t\t\t\t\t\t<div class=\"elementor-cta\">\n\t\t\t\t\t<div class=\"elementor-cta__bg-wrapper\">\n\t\t\t\t<div class=\"elementor-cta__bg elementor-bg\" style=\"background-image: url(https:\/\/twkumc.org\/wp-content\/uploads\/2025\/12\/TWK-AC-Journal-2025-pdf-1-791x1024.jpg);\" role=\"img\" aria-label=\"TWK-AC-Journal-2025-pdf\"><\/div>\n\t\t\t\t<div class=\"elementor-cta__bg-overlay\"><\/div>\n\t\t\t<\/div>\n\t\t\t\t\t\t\t<div class=\"elementor-cta__content\">\n\t\t\t\t\n\t\t\t\t\t\t\t\t\t<h2 class=\"elementor-cta__title elementor-cta__content-item elementor-content-item\">\n\t\t\t\t\t\t2025 Diario\t\t\t\t\t<\/h2>\n\t\t\t\t\n\t\t\t\t\t\t\t\t\t<div class=\"elementor-cta__description elementor-cta__content-item elementor-content-item\">\n\t\t\t\t\t\tIncluye las actas de la Conferencia Anual de TWKUMC de junio de 2025 celebrada en Memphis, TN, as\u00ed como listas de l\u00edderes y registros del clero.\t\t\t\t\t<\/div>\n\t\t\t\t\n\t\t\t\t\t\t\t\t\t<div class=\"elementor-cta__button-wrapper elementor-cta__content-item elementor-content-item\">\n\t\t\t\t\t<a class=\"elementor-cta__button elementor-button elementor-size-\" href=\"https:\/\/twkumc.org\/wp-content\/uploads\/2025\/12\/TWK-AC-Journal-2025.pdf\" target=\"_blank\">\n\t\t\t\t\t\tLeer aqu\u00ed\t\t\t\t\t<\/a>\n\t\t\t\t\t<\/div>\n\t\t\t\t\t\t\t<\/div>\n\t\t\t\t\t\t<\/div>\n\t\t\t\t\t\t<\/div>\n\t\t\t\t<\/div>\n\t\t\t\t<\/div>\n\t\t<div class=\"elementor-element elementor-element-116bae5 e-con-full e-transform e-flex elementor-invisible e-con e-child\" data-id=\"116bae5\" data-element_type=\"container\" data-e-type=\"container\" data-settings=\"{&quot;animation&quot;:&quot;fadeInUp&quot;,&quot;_transform_scale_effect_hover&quot;:{&quot;unit&quot;:&quot;px&quot;,&quot;size&quot;:0.98,&quot;sizes&quot;:[]},&quot;_transform_scale_effect_hover_widescreen&quot;:{&quot;unit&quot;:&quot;px&quot;,&quot;size&quot;:&quot;&quot;,&quot;sizes&quot;:[]},&quot;_transform_scale_effect_hover_laptop&quot;:{&quot;unit&quot;:&quot;px&quot;,&quot;size&quot;:&quot;&quot;,&quot;sizes&quot;:[]},&quot;_transform_scale_effect_hover_tablet&quot;:{&quot;unit&quot;:&quot;px&quot;,&quot;size&quot;:&quot;&quot;,&quot;sizes&quot;:[]},&quot;_transform_scale_effect_hover_mobile&quot;:{&quot;unit&quot;:&quot;px&quot;,&quot;size&quot;:&quot;&quot;,&quot;sizes&quot;:[]}}\">\n\t\t\t\t<div class=\"elementor-element elementor-element-d911dd4 elementor-cta--layout-image-left elementor-cta--skin-classic elementor-animated-content elementor-widget elementor-widget-call-to-action\" data-id=\"d911dd4\" data-element_type=\"widget\" data-e-type=\"widget\" data-widget_type=\"call-to-action.default\">\n\t\t\t\t<div class=\"elementor-widget-container\">\n\t\t\t\t\t\t\t<div class=\"elementor-cta\">\n\t\t\t\t\t<div class=\"elementor-cta__bg-wrapper\">\n\t\t\t\t<div class=\"elementor-cta__bg elementor-bg\" style=\"background-image: url(https:\/\/twkumc.org\/wp-content\/uploads\/2024\/12\/Journal_2024-2ndproof-pdf-791x1024.jpg);\" role=\"img\" aria-label=\"Journal_2024-2ndproof-pdf\"><\/div>\n\t\t\t\t<div class=\"elementor-cta__bg-overlay\"><\/div>\n\t\t\t<\/div>\n\t\t\t\t\t\t\t<div class=\"elementor-cta__content\">\n\t\t\t\t\n\t\t\t\t\t\t\t\t\t<h2 class=\"elementor-cta__title elementor-cta__content-item elementor-content-item\">\n\t\t\t\t\t\tDiario 2024\t\t\t\t\t<\/h2>\n\t\t\t\t\n\t\t\t\t\t\t\t\t\t<div class=\"elementor-cta__description elementor-cta__content-item elementor-content-item\">\n\t\t\t\t\t\tIncluye actas de la Conferencia Anual de la TWKUMC de junio de 2024 celebrada en Murfreesboro, TN, as\u00ed como listas de l\u00edderes y registros del clero.\t\t\t\t\t<\/div>\n\t\t\t\t\n\t\t\t\t\t\t\t\t\t<div class=\"elementor-cta__button-wrapper elementor-cta__content-item elementor-content-item\">\n\t\t\t\t\t<a class=\"elementor-cta__button elementor-button elementor-size-\" href=\"https:\/\/twkumc.org\/wp-content\/uploads\/2025\/06\/Journal_2024-2ndproof.pdf\" target=\"_blank\">\n\t\t\t\t\t\tLeer aqu\u00ed\t\t\t\t\t<\/a>\n\t\t\t\t\t<\/div>\n\t\t\t\t\t\t\t<\/div>\n\t\t\t\t\t\t<\/div>\n\t\t\t\t\t\t<\/div>\n\t\t\t\t<\/div>\n\t\t\t\t<\/div>\n\t\t<div class=\"elementor-element elementor-element-3dc058e e-con-full e-transform e-flex elementor-invisible e-con e-child\" data-id=\"3dc058e\" data-element_type=\"container\" data-e-type=\"container\" data-settings=\"{&quot;animation&quot;:&quot;fadeInUp&quot;,&quot;animation_delay&quot;:100,&quot;_transform_scale_effect_hover&quot;:{&quot;unit&quot;:&quot;px&quot;,&quot;size&quot;:0.98,&quot;sizes&quot;:[]},&quot;_transform_scale_effect_hover_widescreen&quot;:{&quot;unit&quot;:&quot;px&quot;,&quot;size&quot;:&quot;&quot;,&quot;sizes&quot;:[]},&quot;_transform_scale_effect_hover_laptop&quot;:{&quot;unit&quot;:&quot;px&quot;,&quot;size&quot;:&quot;&quot;,&quot;sizes&quot;:[]},&quot;_transform_scale_effect_hover_tablet&quot;:{&quot;unit&quot;:&quot;px&quot;,&quot;size&quot;:&quot;&quot;,&quot;sizes&quot;:[]},&quot;_transform_scale_effect_hover_mobile&quot;:{&quot;unit&quot;:&quot;px&quot;,&quot;size&quot;:&quot;&quot;,&quot;sizes&quot;:[]}}\">\n\t\t\t\t<div class=\"elementor-element elementor-element-a6369ed elementor-cta--layout-image-left elementor-cta--skin-classic elementor-animated-content elementor-widget elementor-widget-call-to-action\" data-id=\"a6369ed\" data-element_type=\"widget\" data-e-type=\"widget\" data-widget_type=\"call-to-action.default\">\n\t\t\t\t<div class=\"elementor-widget-container\">\n\t\t\t\t\t\t\t<div class=\"elementor-cta\">\n\t\t\t\t\t\t\t<div class=\"elementor-cta__content\">\n\t\t\t\t\n\t\t\t\t\t\t\t\t\t<h2 class=\"elementor-cta__title elementor-cta__content-item elementor-content-item\">\n\t\t\t\t\t\tDiario 2023\t\t\t\t\t<\/h2>\n\t\t\t\t\n\t\t\t\t\t\t\t\t\t<div class=\"elementor-cta__description elementor-cta__content-item elementor-content-item\">\n\t\t\t\t\t\tIncluye actas de la Conferencia Anual de TWKUMC de junio de 2023, listas de l\u00edderes y registros del clero.<\/p>\n\n<p>Tambi\u00e9n incluye una adenda con actas y documentos de la Sesi\u00f3n Extraordinaria de noviembre de 2023 (desafiliaciones).\t\t\t\t\t<\/div>\n\t\t\t\t\n\t\t\t\t\t\t\t\t\t<div class=\"elementor-cta__button-wrapper elementor-cta__content-item elementor-content-item\">\n\t\t\t\t\t<a class=\"elementor-cta__button elementor-button elementor-size-\" href=\"https:\/\/twkumc.org\/wp-content\/uploads\/2024\/04\/Journal-2023-with-Adendum.pdf\" target=\"_blank\">\n\t\t\t\t\t\tLeer aqu\u00ed\t\t\t\t\t<\/a>\n\t\t\t\t\t<\/div>\n\t\t\t\t\t\t\t<\/div>\n\t\t\t\t\t\t<\/div>\n\t\t\t\t\t\t<\/div>\n\t\t\t\t<\/div>\n\t\t\t\t<\/div>\n\t\t<div class=\"elementor-element elementor-element-6466a92 e-con-full e-transform e-flex elementor-invisible e-con e-child\" data-id=\"6466a92\" data-element_type=\"container\" data-e-type=\"container\" data-settings=\"{&quot;animation&quot;:&quot;fadeInUp&quot;,&quot;animation_delay&quot;:200,&quot;_transform_scale_effect_hover&quot;:{&quot;unit&quot;:&quot;px&quot;,&quot;size&quot;:0.98,&quot;sizes&quot;:[]},&quot;_transform_scale_effect_hover_widescreen&quot;:{&quot;unit&quot;:&quot;px&quot;,&quot;size&quot;:&quot;&quot;,&quot;sizes&quot;:[]},&quot;_transform_scale_effect_hover_laptop&quot;:{&quot;unit&quot;:&quot;px&quot;,&quot;size&quot;:&quot;&quot;,&quot;sizes&quot;:[]},&quot;_transform_scale_effect_hover_tablet&quot;:{&quot;unit&quot;:&quot;px&quot;,&quot;size&quot;:&quot;&quot;,&quot;sizes&quot;:[]},&quot;_transform_scale_effect_hover_mobile&quot;:{&quot;unit&quot;:&quot;px&quot;,&quot;size&quot;:&quot;&quot;,&quot;sizes&quot;:[]}}\">\n\t\t\t\t<div class=\"elementor-element elementor-element-99b3bd8 elementor-cta--layout-image-left elementor-cta--skin-classic elementor-animated-content elementor-widget elementor-widget-call-to-action\" data-id=\"99b3bd8\" data-element_type=\"widget\" data-e-type=\"widget\" data-widget_type=\"call-to-action.default\">\n\t\t\t\t<div class=\"elementor-widget-container\">\n\t\t\t\t\t\t\t<div class=\"elementor-cta\">\n\t\t\t\t\t\t\t<div class=\"elementor-cta__content\">\n\t\t\t\t\n\t\t\t\t\t\t\t\t\t<h2 class=\"elementor-cta__title elementor-cta__content-item elementor-content-item\">\n\t\t\t\t\t\tDiario 2022\t\t\t\t\t<\/h2>\n\t\t\t\t\n\t\t\t\t\t\t\t\t\t<div class=\"elementor-cta__description elementor-cta__content-item elementor-content-item\">\n\t\t\t\t\t\tIncluye actas de la Conferencia Anual inaugural de TWKUMC de junio de 2022, listas de l\u00edderes y registros del clero. <\/p>\n\n<p>Tambi\u00e9n incluye una adenda con actas y documentos de la Sesi\u00f3n Extraordinaria de mayo de 2023 (desafiliaciones).\t\t\t\t\t<\/div>\n\t\t\t\t\n\t\t\t\t\t\t\t\t\t<div class=\"elementor-cta__button-wrapper elementor-cta__content-item elementor-content-item\">\n\t\t\t\t\t<a class=\"elementor-cta__button elementor-button elementor-size-\" href=\"https:\/\/twkumc.org\/wp-content\/uploads\/2024\/03\/2022-AC-Journal-Addendum.pdf\" target=\"_blank\">\n\t\t\t\t\t\tLeer aqu\u00ed\t\t\t\t\t<\/a>\n\t\t\t\t\t<\/div>\n\t\t\t\t\t\t\t<\/div>\n\t\t\t\t\t\t<\/div>\n\t\t\t\t\t\t<\/div>\n\t\t\t\t<\/div>\n\t\t\t\t<\/div>\n\t\t<div class=\"elementor-element elementor-element-77cdea5 e-con-full e-flex e-con e-child\" data-id=\"77cdea5\" data-element_type=\"container\" data-e-type=\"container\">\n\t\t\t\t<\/div>\n\t\t<div class=\"elementor-element elementor-element-548ebe8 e-con-full e-flex e-con e-child\" data-id=\"548ebe8\" data-element_type=\"container\" data-e-type=\"container\">\n\t\t\t\t<\/div>\n\t\t\t\t\t<\/div>\n\t\t\t\t<\/div>\n\t\t<div class=\"elementor-element elementor-element-203fd3c e-flex e-con-boxed e-con e-parent\" data-id=\"203fd3c\" data-element_type=\"container\" data-e-type=\"container\">\n\t\t\t\t\t<div class=\"e-con-inner\">\n\t\t\t\t<div class=\"elementor-element elementor-element-ce0bebb elementor-invisible elementor-widget elementor-widget-heading\" data-id=\"ce0bebb\" data-element_type=\"widget\" data-e-type=\"widget\" data-settings=\"{&quot;_animation&quot;:&quot;fadeInUp&quot;}\" data-widget_type=\"heading.default\">\n\t\t\t\t<div class=\"elementor-widget-container\">\n\t\t\t\t\t<h2 class=\"elementor-heading-title elementor-size-default\">Documentos de la reuni\u00f3n de organizaci\u00f3n de TWK<\/h2>\t\t\t\t<\/div>\n\t\t\t\t<\/div>\n\t\t\t\t<div class=\"elementor-element elementor-element-fb4b5f0 elementor-invisible elementor-widget elementor-widget-text-editor\" data-id=\"fb4b5f0\" data-element_type=\"widget\" data-e-type=\"widget\" data-settings=\"{&quot;_animation&quot;:&quot;fadeInUp&quot;,&quot;_animation_delay&quot;:100}\" data-widget_type=\"text-editor.default\">\n\t\t\t\t<div class=\"elementor-widget-container\">\n\t\t\t\t\t\t\t\t\t<p>Los miembros de las conferencias anuales de Tennessee y Memphis se reunieron en l\u00ednea el 4 de diciembre de 2021 para celebrar una reuni\u00f3n de organizaci\u00f3n. En esa reuni\u00f3n, se confirm\u00f3 toda la documentaci\u00f3n para el lanzamiento de la Conferencia de Tennessee-Western Kentucky el 1 de enero de 2022.<\/p><p><a href=\"https:\/\/twkumc.org\/wp-content\/uploads\/2022\/07\/TWK-Organizational-Meeting-12-04-2021.pdf\">Actas de la reuni\u00f3n organizativa de Tennessee-Western Kentucky<\/a><\/p><p><a href=\"https:\/\/twkumc.org\/wp-content\/uploads\/2022\/03\/Legacy-Trustees-Report-to-TWK-Organizational-Meeting-12.4.21.pdf\">Orden del d\u00eda consensuado 12\/04\/2021<\/a><\/p><p><a href=\"https:\/\/twkumc.org\/wp-content\/uploads\/2025\/08\/Approved-Submissions-TWK-Organizational-Meeting-12.4.21.pdf\">Propuestas aprobadas<\/a><\/p>\t\t\t\t\t\t\t\t<\/div>\n\t\t\t\t<\/div>\n\t\t\t\t\t<\/div>\n\t\t\t\t<\/div>\n\t\t<div class=\"elementor-element elementor-element-9d580ec e-flex e-con-boxed e-con e-parent\" data-id=\"9d580ec\" data-element_type=\"container\" data-e-type=\"container\">\n\t\t\t\t\t<div class=\"e-con-inner\">\n\t\t\t\t<div class=\"elementor-element elementor-element-fc306cd elementor-invisible elementor-widget elementor-widget-heading\" data-id=\"fc306cd\" data-element_type=\"widget\" data-e-type=\"widget\" data-settings=\"{&quot;_animation&quot;:&quot;fadeInUp&quot;}\" data-widget_type=\"heading.default\">\n\t\t\t\t<div class=\"elementor-widget-container\">\n\t\t\t\t\t<h2 class=\"elementor-heading-title elementor-size-default\">Revistas de la Conferencia Anual del Legado 2015-2021<\/h2>\t\t\t\t<\/div>\n\t\t\t\t<\/div>\n\t\t\t\t<div class=\"elementor-element elementor-element-be81eb7 elementor-invisible elementor-widget elementor-widget-text-editor\" data-id=\"be81eb7\" data-element_type=\"widget\" data-e-type=\"widget\" data-settings=\"{&quot;_animation&quot;:&quot;fadeInUp&quot;}\" data-widget_type=\"text-editor.default\">\n\t\t\t\t<div class=\"elementor-widget-container\">\n\t\t\t\t\t\t\t\t\t<p>Los Diarios Anuales de las Conferencias de Legacy Memphis y Tennessee de 2015 a 2021 pueden consultarse en nuestra p\u00e1gina web <a href=\"https:\/\/twkumc.org\/es\/resources\/\">Centro de recursos <\/a>buscando \"<em>Revistas anuales de conferencias<\/em>\u201c.\u00a0<\/p>\t\t\t\t\t\t\t\t<\/div>\n\t\t\t\t<\/div>\n\t\t\t\t\t<\/div>\n\t\t\t\t<\/div>\n\t\t<div class=\"elementor-element elementor-element-06a468c e-flex e-con-boxed e-con e-parent\" data-id=\"06a468c\" data-element_type=\"container\" data-e-type=\"container\">\n\t\t\t\t\t<div class=\"e-con-inner\">\n\t\t\t\t<div class=\"elementor-element elementor-element-9039e7e elementor-invisible elementor-widget elementor-widget-heading\" data-id=\"9039e7e\" data-element_type=\"widget\" data-e-type=\"widget\" data-settings=\"{&quot;_animation&quot;:&quot;fadeInUp&quot;}\" data-widget_type=\"heading.default\">\n\t\t\t\t<div class=\"elementor-widget-container\">\n\t\t\t\t\t<h2 class=\"elementor-heading-title elementor-size-default\">\u00bfBusca algo de antes de 2015?<\/h2>\t\t\t\t<\/div>\n\t\t\t\t<\/div>\n\t\t\t\t<div class=\"elementor-element elementor-element-2adcdaa elementor-invisible elementor-widget elementor-widget-text-editor\" data-id=\"2adcdaa\" data-element_type=\"widget\" data-e-type=\"widget\" data-settings=\"{&quot;_animation&quot;:&quot;fadeInUp&quot;,&quot;_animation_delay&quot;:100}\" data-widget_type=\"text-editor.default\">\n\t\t\t\t<div class=\"elementor-widget-container\">\n\t\t\t\t\t\t\t\t\t<p><strong>Revistas hist\u00f3ricas<\/strong> de a\u00f1os anteriores est\u00e1n disponibles en los archivos de la conferencia alojados en el Centro del Patrimonio John Abernathy Smith. P\u00f3ngase en contacto con <a href=\"https:\/\/twkumc.org\/es\/about-us\/archives-history\/\">Archivos e Historia<\/a> aqu\u00ed.<\/p>\t\t\t\t\t\t\t\t<\/div>\n\t\t\t\t<\/div>\n\t\t\t\t\t<\/div>\n\t\t\t\t<\/div>\n\t\t\t\t<\/div>","protected":false},"excerpt":{"rendered":"<p>2025 Journal Includes proceedings from the June 2025 TWKUMC Annual Conference held in Memphis, TN, as well as leadership listings and clergy records. Read Here 2024 Journal Includes proceedings from [&hellip;]<\/p>\n","protected":false},"author":1,"featured_media":0,"parent":24518,"menu_order":0,"comment_status":"closed","ping_status":"closed","template":"","meta":{"_acf_changed":false,"footnotes":""},"tags":[],"class_list":["post-92","page","type-page","status-publish","hentry"],"acf":[],"yoast_head":"<!-- This site is optimized with the Yoast SEO plugin v27.1.1 - https:\/\/yoast.com\/product\/yoast-seo-wordpress\/ -->\n<title>Annual Conference Journals - TWKUMC<\/title>\n<meta name=\"robots\" content=\"index, follow, max-snippet:-1, max-image-preview:large, max-video-preview:-1\" \/>\n<link rel=\"canonical\" href=\"https:\/\/twkumc.org\/es\/annualconference\/journals\/\" \/>\n<meta property=\"og:locale\" content=\"es_MX\" \/>\n<meta property=\"og:type\" content=\"article\" \/>\n<meta property=\"og:title\" content=\"Annual Conference Journals - TWKUMC\" \/>\n<meta property=\"og:description\" content=\"2025 Journal Includes proceedings from the June 2025 TWKUMC Annual Conference held in Memphis, TN, as well as leadership listings and clergy records. Read Here 2024 Journal Includes proceedings from [&hellip;]\" \/>\n<meta property=\"og:url\" content=\"https:\/\/twkumc.org\/es\/annualconference\/journals\/\" \/>\n<meta property=\"og:site_name\" content=\"TWKUMC\" \/>\n<meta property=\"article:modified_time\" content=\"2025-12-08T17:12:10+00:00\" \/>\n<meta name=\"twitter:card\" content=\"summary_large_image\" \/>\n<meta name=\"twitter:label1\" content=\"Tiempo de lectura\" \/>\n\t<meta name=\"twitter:data1\" content=\"2 minutos\" \/>\n<script type=\"application\/ld+json\" class=\"yoast-schema-graph\">{\"@context\":\"https:\/\/schema.org\",\"@graph\":[{\"@type\":\"WebPage\",\"@id\":\"https:\/\/twkumc.org\/annualconference\/journals\/\",\"url\":\"https:\/\/twkumc.org\/annualconference\/journals\/\",\"name\":\"Annual Conference Journals - TWKUMC\",\"isPartOf\":{\"@id\":\"https:\/\/twkumc.org\/#website\"},\"datePublished\":\"2025-02-12T14:28:38+00:00\",\"dateModified\":\"2025-12-08T17:12:10+00:00\",\"breadcrumb\":{\"@id\":\"https:\/\/twkumc.org\/annualconference\/journals\/#breadcrumb\"},\"inLanguage\":\"es\",\"potentialAction\":[{\"@type\":\"ReadAction\",\"target\":[\"https:\/\/twkumc.org\/annualconference\/journals\/\"]}]},{\"@type\":\"BreadcrumbList\",\"@id\":\"https:\/\/twkumc.org\/annualconference\/journals\/#breadcrumb\",\"itemListElement\":[{\"@type\":\"ListItem\",\"position\":1,\"name\":\"Home\",\"item\":\"https:\/\/twkumc.org\/\"},{\"@type\":\"ListItem\",\"position\":2,\"name\":\"Annual Conference\",\"item\":\"https:\/\/twkumc.org\/annualconference\/\"},{\"@type\":\"ListItem\",\"position\":3,\"name\":\"Annual Conference Journals\"}]},{\"@type\":\"WebSite\",\"@id\":\"https:\/\/twkumc.org\/#website\",\"url\":\"https:\/\/twkumc.org\/\",\"name\":\"TWKUMC\",\"description\":\"\",\"publisher\":{\"@id\":\"https:\/\/twkumc.org\/#organization\"},\"potentialAction\":[{\"@type\":\"SearchAction\",\"target\":{\"@type\":\"EntryPoint\",\"urlTemplate\":\"https:\/\/twkumc.org\/?s={search_term_string}\"},\"query-input\":{\"@type\":\"PropertyValueSpecification\",\"valueRequired\":true,\"valueName\":\"search_term_string\"}}],\"inLanguage\":\"es\"},{\"@type\":\"Organization\",\"@id\":\"https:\/\/twkumc.org\/#organization\",\"name\":\"TWKUMC\",\"url\":\"https:\/\/twkumc.org\/\",\"logo\":{\"@type\":\"ImageObject\",\"inLanguage\":\"es\",\"@id\":\"https:\/\/twkumc.org\/#\/schema\/logo\/image\/\",\"url\":\"https:\/\/twkumc.org\/wp-content\/uploads\/2025\/02\/TWK-Full_ColorBlack.webp\",\"contentUrl\":\"https:\/\/twkumc.org\/wp-content\/uploads\/2025\/02\/TWK-Full_ColorBlack.webp\",\"width\":2340,\"height\":478,\"caption\":\"TWKUMC\"},\"image\":{\"@id\":\"https:\/\/twkumc.org\/#\/schema\/logo\/image\/\"}}]}<\/script>\n<!-- \/ Yoast SEO plugin. -->","yoast_head_json":{"title":"Revistas anuales de conferencias - TWKUMC","robots":{"index":"index","follow":"follow","max-snippet":"max-snippet:-1","max-image-preview":"max-image-preview:large","max-video-preview":"max-video-preview:-1"},"canonical":"https:\/\/twkumc.org\/es\/annualconference\/journals\/","og_locale":"es_MX","og_type":"article","og_title":"Annual Conference Journals - TWKUMC","og_description":"2025 Journal Includes proceedings from the June 2025 TWKUMC Annual Conference held in Memphis, TN, as well as leadership listings and clergy records. Read Here 2024 Journal Includes proceedings from [&hellip;]","og_url":"https:\/\/twkumc.org\/es\/annualconference\/journals\/","og_site_name":"TWKUMC","article_modified_time":"2025-12-08T17:12:10+00:00","twitter_card":"summary_large_image","twitter_misc":{"Tiempo de lectura":"2 minutos"},"schema":{"@context":"https:\/\/schema.org","@graph":[{"@type":"WebPage","@id":"https:\/\/twkumc.org\/annualconference\/journals\/","url":"https:\/\/twkumc.org\/annualconference\/journals\/","name":"Revistas anuales de conferencias - TWKUMC","isPartOf":{"@id":"https:\/\/twkumc.org\/#website"},"datePublished":"2025-02-12T14:28:38+00:00","dateModified":"2025-12-08T17:12:10+00:00","breadcrumb":{"@id":"https:\/\/twkumc.org\/annualconference\/journals\/#breadcrumb"},"inLanguage":"es","potentialAction":[{"@type":"ReadAction","target":["https:\/\/twkumc.org\/annualconference\/journals\/"]}]},{"@type":"BreadcrumbList","@id":"https:\/\/twkumc.org\/annualconference\/journals\/#breadcrumb","itemListElement":[{"@type":"ListItem","position":1,"name":"Home","item":"https:\/\/twkumc.org\/"},{"@type":"ListItem","position":2,"name":"Annual Conference","item":"https:\/\/twkumc.org\/annualconference\/"},{"@type":"ListItem","position":3,"name":"Annual Conference Journals"}]},{"@type":"WebSite","@id":"https:\/\/twkumc.org\/#website","url":"https:\/\/twkumc.org\/","name":"TWKUMC","description":"","publisher":{"@id":"https:\/\/twkumc.org\/#organization"},"potentialAction":[{"@type":"SearchAction","target":{"@type":"EntryPoint","urlTemplate":"https:\/\/twkumc.org\/?s={search_term_string}"},"query-input":{"@type":"PropertyValueSpecification","valueRequired":true,"valueName":"search_term_string"}}],"inLanguage":"es"},{"@type":"Organization","@id":"https:\/\/twkumc.org\/#organization","name":"TWKUMC","url":"https:\/\/twkumc.org\/","logo":{"@type":"ImageObject","inLanguage":"es","@id":"https:\/\/twkumc.org\/#\/schema\/logo\/image\/","url":"https:\/\/twkumc.org\/wp-content\/uploads\/2025\/02\/TWK-Full_ColorBlack.webp","contentUrl":"https:\/\/twkumc.org\/wp-content\/uploads\/2025\/02\/TWK-Full_ColorBlack.webp","width":2340,"height":478,"caption":"TWKUMC"},"image":{"@id":"https:\/\/twkumc.org\/#\/schema\/logo\/image\/"}}]}},"publishpress_future_action":{"enabled":false,"date":"2026-04-18 21:06:01","action":"change-status","newStatus":"draft","terms":[],"taxonomy":"post_tag","extraData":[]},"publishpress_future_workflow_manual_trigger":{"enabledWorkflows":[]},"_links":{"self":[{"href":"https:\/\/twkumc.org\/es\/wp-json\/wp\/v2\/pages\/92","targetHints":{"allow":["GET"]}}],"collection":[{"href":"https:\/\/twkumc.org\/es\/wp-json\/wp\/v2\/pages"}],"about":[{"href":"https:\/\/twkumc.org\/es\/wp-json\/wp\/v2\/types\/page"}],"author":[{"embeddable":true,"href":"https:\/\/twkumc.org\/es\/wp-json\/wp\/v2\/users\/1"}],"replies":[{"embeddable":true,"href":"https:\/\/twkumc.org\/es\/wp-json\/wp\/v2\/comments?post=92"}],"version-history":[{"count":22,"href":"https:\/\/twkumc.org\/es\/wp-json\/wp\/v2\/pages\/92\/revisions"}],"predecessor-version":[{"id":38896,"href":"https:\/\/twkumc.org\/es\/wp-json\/wp\/v2\/pages\/92\/revisions\/38896"}],"up":[{"embeddable":true,"href":"https:\/\/twkumc.org\/es\/wp-json\/wp\/v2\/pages\/24518"}],"wp:attachment":[{"href":"https:\/\/twkumc.org\/es\/wp-json\/wp\/v2\/media?parent=92"}],"wp:term":[{"taxonomy":"post_tag","embeddable":true,"href":"https:\/\/twkumc.org\/es\/wp-json\/wp\/v2\/tags?post=92"}],"curies":[{"name":"wp","href":"https:\/\/api.w.org\/{rel}","templated":true}]}}